{"id":69,"date":"2024-09-02T03:59:33","date_gmt":"2024-09-02T03:59:33","guid":{"rendered":"https:\/\/kukirin-scooter-parts.com\/?page_id=69"},"modified":"2024-09-02T08:23:12","modified_gmt":"2024-09-02T08:23:12","slug":"warranty-policy","status":"publish","type":"page","link":"https:\/\/kukirin-scooter-parts.com\/sv\/warranty-policy\/","title":{"rendered":"Garantipolicy"},"content":{"rendered":"<div data-elementor-type=\"wp-page\" data-elementor-id=\"69\" class=\"elementor elementor-69\" data-elementor-post-type=\"page\">\n\t\t\t\t<div class=\"elementor-element elementor-element-438fa0d e-flex e-con-boxed e-con e-parent\" data-id=\"438fa0d\" data-element_type=\"container\" data-e-type=\"container\">\n\t\t\t\t\t<div class=\"e-con-inner\">\n\t\t\t\t<div class=\"elementor-element elementor-element-339e41b elementor-widget elementor-widget-text-editor\" data-id=\"339e41b\" data-element_type=\"widget\" data-e-type=\"widget\" data-widget_type=\"text-editor.default\">\n\t\t\t\t<div class=\"elementor-widget-container\">\n\t\t\t\t\t\t\t\t\t<p>Batteri<\/p><p>KuKirin Scooter Parts erbjuder 6 m\u00e5naders garanti med batteri \uff0c om det fastst\u00e4lls att batteriet \u00e4r defekt, skickar vi ers\u00e4ttaren \/ ers\u00e4ttarna utan kostnad.<\/p><p>Alla garantianspr\u00e5k f\u00f6r batterier och batteripaket omfattas av f\u00f6ljande villkor och begr\u00e4nsningar:<\/p><p>Villkor och begr\u00e4nsningar<\/p><p>1. Batteriet ska vara av r\u00e4tt storlek, konstruktion och kapacitet f\u00f6r applikationen. Om du inte anv\u00e4nder r\u00e4tt batteri f\u00f6r applikationen upph\u00f6r alla garantier att g\u00e4lla.<br \/>2. Batteriet skall hanteras, f\u00f6rvaras och installeras p\u00e5 ett korrekt s\u00e4tt. Slutlig installation skall ske senast tv\u00e5 m\u00e5nader fr\u00e5n mottagningsdatum.<br \/>3. Batteriet skall drivas tillsammans med ett str\u00f6mbegr\u00e4nsat laddningssystem med konstant sp\u00e4nning och i \u00f6vrigt drivas och underh\u00e5llas i enlighet med instruktionerna.<br \/>4. Anv\u00e4ndaren ska till\u00e5ta unders\u00f6kning av batteriet av en representant f\u00f6r KuKirin Scooter Parts genom att skicka tillbaka batterierna till oss f\u00f6r unders\u00f6kning av garantianspr\u00e5k.<br \/>5. Endast den \u00e5terst\u00e5ende oanv\u00e4nda delen av originalbatteriets garanti ska g\u00e4lla f\u00f6r ers\u00e4ttningsbatteriet.<br \/>6. Garantin upph\u00f6r att g\u00e4lla om batteriet uts\u00e4tts f\u00f6r felaktig anv\u00e4ndning, missbruk eller synlig fysisk skada, eller om batteriet blir oanv\u00e4ndbart p\u00e5 grund av brand, vrak, \u00f6versv\u00e4mning, frysning eller andra naturkatastrofer.<br \/>7. De ovan angivna garantierna ers\u00e4tter alla andra garantier, uttryckta eller underf\u00f6rst\u00e5dda, inklusive, utan begr\u00e4nsning, n\u00e5gon underf\u00f6rst\u00e5dd garanti f\u00f6r s\u00e4ljbarhet eller l\u00e4mplighet. Under inga omst\u00e4ndigheter ska KuKirin Scooter Parts vara ansvarig f\u00f6r eventuella oavsiktliga KuKirin Scooter Parts.com ska inte vara ansvarig f\u00f6r n\u00e5gra defekter i eller n\u00e5got avtalsbrott som r\u00f6r kvaliteten eller prestandan hos ovanst\u00e5ende utrustning enligt n\u00e5gon teori om lag.<br \/>8. Dessa begr\u00e4nsade garantier g\u00e4ller f\u00f6r den ursprungliga k\u00f6paren (anv\u00e4ndaren) och kan inte \u00f6verl\u00e5tas.<br \/>9. Anv\u00e4ndaren ska omedelbart meddela KuKirin Scooter Parts i h\u00e4ndelse av en p\u00e5st\u00e5dd defekt.<\/p><p>F\u00f6r att l\u00e4mna in en garantians\u00f6kan f\u00f6r ett batteri, v\u00e4nligen skicka ett e-postmeddelande till info@kukirin-scooter-parts.com med f\u00f6ljande information:<\/p><p>Namn<br \/>Adress<br \/>Best\u00e4llningsnummer<br \/>Datumkod st\u00e4mplad p\u00e5 batteriet<\/p><p>\u00d6vriga artiklar<\/p><p>KuKirin Scooter Parts erbjuder 12 m\u00e5naders garanti f\u00f6r andra artiklar utom batteri<br \/>Alla garantianspr\u00e5k f\u00f6r andra butiksartiklar omfattas av f\u00f6ljande villkor och begr\u00e4nsningar:<\/p><p>Villkor och begr\u00e4nsningar<\/p><p>1. Anv\u00e4ndaren ska till\u00e5ta att en representant f\u00f6r KuKirin Scooter Parts unders\u00f6ker f\u00f6rem\u00e5let.<br \/>2. Endast den \u00e5terst\u00e5ende oanv\u00e4nda delen av den ursprungliga artikelns garanti ska g\u00e4lla f\u00f6r ers\u00e4ttningsartikeln.<br \/>3. Garantin upph\u00f6r att g\u00e4lla om produkten uts\u00e4tts f\u00f6r felaktig anv\u00e4ndning, missbruk eller synlig fysisk skada, eller om den blir obrukbar p\u00e5 grund av brand, vrak, \u00f6versv\u00e4mning, frysning eller andra naturkatastrofer.<br \/>4. De ovan angivna garantierna ers\u00e4tter alla andra garantier, uttryckliga eller underf\u00f6rst\u00e5dda, inklusive, utan begr\u00e4nsning, alla underf\u00f6rst\u00e5dda garantier f\u00f6r s\u00e4ljbarhet eller l\u00e4mplighet. Under inga omst\u00e4ndigheter ska KuKirin Scooter Parts vara ansvarig f\u00f6r tillf\u00e4lliga skador eller f\u00f6ljdskador eller f\u00f6rluster. Som anges h\u00e4ri ska KuKirin Scooter Parts inte vara ansvarig f\u00f6r n\u00e5gra defekter i, eller n\u00e5got avtalsbrott som r\u00f6r kvaliteten eller prestandan hos ovanst\u00e5ende utrustning enligt n\u00e5gon teori om lag.<br \/>5. Denna begr\u00e4nsade garanti g\u00e4ller f\u00f6r den ursprungliga k\u00f6paren (anv\u00e4ndaren) och kan inte \u00f6verl\u00e5tas.<br \/>6. Anv\u00e4ndaren ska omedelbart meddela KuKirin Scooter Parts i h\u00e4ndelse av en p\u00e5st\u00e5dd defekt.<br \/>7. Alla andra underf\u00f6rst\u00e5dda garantier f\u00f6r dessa delar, inklusive, men inte begr\u00e4nsat till, s\u00e4ljbarhet och l\u00e4mplighet f\u00f6r ett visst \u00e4ndam\u00e5l, fr\u00e5ns\u00e4gs h\u00e4rmed. Under inga omst\u00e4ndigheter ska KuKirin Scooter Parts vara ansvarig f\u00f6r tillf\u00e4lliga skador eller f\u00f6ljdskador eller f\u00f6rluster. Som anges h\u00e4ri ska KuKirin Scooter Parts inte vara ansvarig f\u00f6r n\u00e5gra defekter i eller n\u00e5got avtalsbrott som r\u00f6r kvaliteten eller prestandan hos ovanst\u00e5ende utrustning enligt n\u00e5gon teori om lag.<\/p><p><b>F\u00f6rfarande<\/b><\/p><p>F\u00f6r att l\u00e4mna in ett garantianspr\u00e5k, v\u00e4nligen skicka ett e-postmeddelande till info@kukirin-scooter-parts.com med information om de problem du upplever med din vara.<\/p>\t\t\t\t\t\t\t\t<\/div>\n\t\t\t\t<\/div>\n\t\t\t\t\t<\/div>\n\t\t\t\t<\/div>\n\t\t\t\t<\/div>","protected":false},"excerpt":{"rendered":"<p>Battery KuKirin Scooter Parts offer 6-month warranty with battery\uff0cif determines the battery to be defective, we will ship the replacement(s) without charge. All battery and battery pack warranty claims are subject to the following conditions and limitations: Conditions and Limitations 1. The battery shall be the proper size, design, and capacity for the application. Failure &#8230; <a title=\"Garantipolicy\" class=\"read-more\" href=\"https:\/\/kukirin-scooter-parts.com\/sv\/warranty-policy\/\" aria-label=\"L\u00e4s mer om Warranty Policy\">L\u00e4s mer<\/a><\/p>","protected":false},"author":1,"featured_media":0,"parent":0,"menu_order":0,"comment_status":"closed","ping_status":"closed","template":"","meta":{"footnotes":""},"class_list":["post-69","page","type-page","status-publish"],"_links":{"self":[{"href":"https:\/\/kukirin-scooter-parts.com\/sv\/wp-json\/wp\/v2\/pages\/69","targetHints":{"allow":["GET"]}}],"collection":[{"href":"https:\/\/kukirin-scooter-parts.com\/sv\/wp-json\/wp\/v2\/pages"}],"about":[{"href":"https:\/\/kukirin-scooter-parts.com\/sv\/wp-json\/wp\/v2\/types\/page"}],"author":[{"embeddable":true,"href":"https:\/\/kukirin-scooter-parts.com\/sv\/wp-json\/wp\/v2\/users\/1"}],"replies":[{"embeddable":true,"href":"https:\/\/kukirin-scooter-parts.com\/sv\/wp-json\/wp\/v2\/comments?post=69"}],"version-history":[{"count":4,"href":"https:\/\/kukirin-scooter-parts.com\/sv\/wp-json\/wp\/v2\/pages\/69\/revisions"}],"predecessor-version":[{"id":104,"href":"https:\/\/kukirin-scooter-parts.com\/sv\/wp-json\/wp\/v2\/pages\/69\/revisions\/104"}],"wp:attachment":[{"href":"https:\/\/kukirin-scooter-parts.com\/sv\/wp-json\/wp\/v2\/media?parent=69"}],"curies":[{"name":"wp","href":"https:\/\/api.w.org\/{rel}","templated":true}]}}