{"id":67,"date":"2024-09-02T03:57:53","date_gmt":"2024-09-02T03:57:53","guid":{"rendered":"https:\/\/kukirin-scooter-parts.com\/?page_id=67"},"modified":"2024-09-27T10:18:13","modified_gmt":"2024-09-27T10:18:13","slug":"shipping-delivery","status":"publish","type":"page","link":"https:\/\/kukirin-scooter-parts.com\/sv\/shipping-delivery\/","title":{"rendered":"Frakt &amp; leverans"},"content":{"rendered":"<div data-elementor-type=\"wp-page\" data-elementor-id=\"67\" class=\"elementor elementor-67\" data-elementor-post-type=\"page\">\n\t\t\t\t<div class=\"elementor-element elementor-element-df66abb e-flex e-con-boxed e-con e-parent\" data-id=\"df66abb\" data-element_type=\"container\" data-e-type=\"container\">\n\t\t\t\t\t<div class=\"e-con-inner\">\n\t\t\t\t<div class=\"elementor-element elementor-element-3920418 elementor-widget elementor-widget-text-editor\" data-id=\"3920418\" data-element_type=\"widget\" data-e-type=\"widget\" data-widget_type=\"text-editor.default\">\n\t\t\t\t<div class=\"elementor-widget-container\">\n\t\t\t\t\t\t\t\t\t<p>Leveransmetoder<br \/>Vi arbetar med DPD, UPS och GLS-fraktbolag f\u00f6r v\u00e5ra leveranser. Vi skickar leveransinformationen till v\u00e5ra kunder via e-post s\u00e5 snart leveransen har p\u00e5b\u00f6rjats, inklusive leveransdatum, sp\u00e5rningsnummer och sp\u00e5rningssida.<\/p><p>Frakt fr\u00e5n<br \/>De lokala lagren i Polen.<\/p><p>Frakt till<br \/>Alla EU-l\u00e4nder utom Cypern, Malta och vissa avl\u00e4gsna \u00f6ar.<\/p><p>Leveranstid<\/p><p>Fr\u00e5n Polen till \u00d6sterrike, Belgien, Bulgarien, Kroatien, Tjeckien, Danmark, Estland, Finland, Frankrike, Tyskland, Grekland, Ungern, Irland, Italien, Lettland, Litauen, Luxemburg, Nederl\u00e4nderna, Polen, Portugal, Rum\u00e4nien, Slovakien, Slovenien, Spanien, Sverige tar 5-7 arbetsdagar (Denna leveranstid \u00e4r en uppskattning och kan f\u00f6rsenas under europeiska helgdagar.)<\/p><p>Anm\u00e4rkning\uff1a<\/p><p>Scooter delar produkter inventering uppdateras ofta, vi har inget s\u00e4tt att uppdatera inventeringen av varje delprodukt i tid, om du bryr dig om allvarligt ankomsttiden, v\u00e4nligen kontakta oss innan du g\u00f6r en best\u00e4llning om det finns inventering och sedan best\u00e4mma om du vill best\u00e4lla<\/p><p>Fraktkostnad<\/p><p>Orderv\u00e4rde \u00f6ver 35 \u20ac fri frakt. F\u00f6r orderv\u00e4rde under 35 \u20ac debiteras en fraktavgift p\u00e5 10 \u20ac per order. Importskatter betalas n\u00e4r varorna skickas till Polen-lagret, du beh\u00f6ver inte betala tullavgifter.<\/p>\t\t\t\t\t\t\t\t<\/div>\n\t\t\t\t<\/div>\n\t\t\t\t\t<\/div>\n\t\t\t\t<\/div>\n\t\t\t\t<\/div>","protected":false},"excerpt":{"rendered":"<p>Shipping methodsWe work with DPD, UPS and GLS shipping companies for our deliveries. We\u2019ll send the shipping information to our customers by emails as soon as the shipping is started, including the shipping date, the tracking number and the tracking site. Shipping fromThe local warehouses in Poland. Shipping toAll EU countries, except for Cyprus, Malta &#8230; <a title=\"Shipping &amp; Delivery\" class=\"read-more\" href=\"https:\/\/kukirin-scooter-parts.com\/sv\/shipping-delivery\/\" aria-label=\"L\u00e4s mer om Shipping &amp; Delivery\">L\u00e4s mer<\/a><\/p>","protected":false},"author":1,"featured_media":0,"parent":0,"menu_order":0,"comment_status":"closed","ping_status":"closed","template":"","meta":{"footnotes":""},"class_list":["post-67","page","type-page","status-publish"],"_links":{"self":[{"href":"https:\/\/kukirin-scooter-parts.com\/sv\/wp-json\/wp\/v2\/pages\/67","targetHints":{"allow":["GET"]}}],"collection":[{"href":"https:\/\/kukirin-scooter-parts.com\/sv\/wp-json\/wp\/v2\/pages"}],"about":[{"href":"https:\/\/kukirin-scooter-parts.com\/sv\/wp-json\/wp\/v2\/types\/page"}],"author":[{"embeddable":true,"href":"https:\/\/kukirin-scooter-parts.com\/sv\/wp-json\/wp\/v2\/users\/1"}],"replies":[{"embeddable":true,"href":"https:\/\/kukirin-scooter-parts.com\/sv\/wp-json\/wp\/v2\/comments?post=67"}],"version-history":[{"count":10,"href":"https:\/\/kukirin-scooter-parts.com\/sv\/wp-json\/wp\/v2\/pages\/67\/revisions"}],"predecessor-version":[{"id":539,"href":"https:\/\/kukirin-scooter-parts.com\/sv\/wp-json\/wp\/v2\/pages\/67\/revisions\/539"}],"wp:attachment":[{"href":"https:\/\/kukirin-scooter-parts.com\/sv\/wp-json\/wp\/v2\/media?parent=67"}],"curies":[{"name":"wp","href":"https:\/\/api.w.org\/{rel}","templated":true}]}}