{"id":65,"date":"2024-09-02T03:55:17","date_gmt":"2024-09-02T03:55:17","guid":{"rendered":"https:\/\/kukirin-scooter-parts.com\/?page_id=65"},"modified":"2024-09-02T07:28:52","modified_gmt":"2024-09-02T07:28:52","slug":"terms-of-service","status":"publish","type":"page","link":"https:\/\/kukirin-scooter-parts.com\/sv\/terms-of-service\/","title":{"rendered":"Villkor f\u00f6r tj\u00e4nsten"},"content":{"rendered":"<div data-elementor-type=\"wp-page\" data-elementor-id=\"65\" class=\"elementor elementor-65\" data-elementor-post-type=\"page\">\n\t\t\t\t<div class=\"elementor-element elementor-element-9797c62 e-flex e-con-boxed e-con e-parent\" data-id=\"9797c62\" data-element_type=\"container\" data-e-type=\"container\">\n\t\t\t\t\t<div class=\"e-con-inner\">\n\t\t\t\t<div class=\"elementor-element elementor-element-53fff2a elementor-widget elementor-widget-text-editor\" data-id=\"53fff2a\" data-element_type=\"widget\" data-e-type=\"widget\" data-widget_type=\"text-editor.default\">\n\t\t\t\t<div class=\"elementor-widget-container\">\n\t\t\t\t\t\t\t\t\t<p>V\u00e4lkommen till kukirin-scooter-parts.com! Dessa anv\u00e4ndarvillkor beskriver de villkor som g\u00e4ller f\u00f6r din \u00e5tkomst till och anv\u00e4ndning av webbplatsen p\u00e5 kukirin-scooter.com. Detta uttalande \u00e4r ett juridiskt bindande avtal mellan dig som anv\u00e4ndare av webbplatsen (kallas \"du\", \"medlem\", \"kund\" eller \"anv\u00e4ndare\" nedan) och kukirin-scooter.com (kallas \"vi\", \"v\u00e5r\", \"oss\" eller \"KuKirin\", \"webbplats\" nedan), L\u00e4s dessa villkor noggrant innan du best\u00e4ller n\u00e5gra produkter fr\u00e5n v\u00e5r webbplats.<\/p><h2><strong><b>Anv\u00e4ndaravtal<\/b><\/strong><\/h2><p>Genom att g\u00e5 in p\u00e5, surfa p\u00e5 eller anv\u00e4nda den h\u00e4r webbplatsen samtycker du till att vara bunden av webbplatsens anv\u00e4ndarvillkor och alla till\u00e4mpliga lagar och f\u00f6rordningar, samtidigt som du samtycker till att du \u00e4r ansvarig f\u00f6r att f\u00f6lja alla till\u00e4mpliga lokala lagar. Om du inte samtycker till n\u00e5got av dessa villkor \u00e4r du f\u00f6rbjuden att anv\u00e4nda eller f\u00e5 tillg\u00e5ng till denna webbplats. Materialet p\u00e5 denna webbplats \u00e4r skyddat av g\u00e4llande upphovsr\u00e4tts- och varum\u00e4rkeslagar. V\u00e5ra produkter och tj\u00e4nster riktar sig fr\u00e4mst till vuxna. Om du \u00e4r minder\u00e5rig ska du garantera att du bes\u00f6ker webbplatsen under \u00f6verinseende av en f\u00f6r\u00e4lder eller v\u00e5rdnadshavare.<\/p><h3><strong><b>1. Villkor f\u00f6r avtal\u00a0<\/b><\/strong><\/h3><p>1.1 Som ett villkor f\u00f6r din \u00e5tkomst till och anv\u00e4ndning av Webbplatsen eller Tj\u00e4nsterna samtycker du till att du kommer att f\u00f6lja alla till\u00e4mpliga lagar och f\u00f6rordningar n\u00e4r du anv\u00e4nder Webbplatsen eller Tj\u00e4nsterna.\u00a0<\/p><p>1.2 Du samtycker till att anv\u00e4nda webbplatsen eller tj\u00e4nsterna enbart f\u00f6r dina egna privata och interna syften. Du samtycker till att (a) du inte kommer att kopiera, reproducera, ladda ner, \u00e5terpublicera, s\u00e4lja, distribuera eller \u00e5terf\u00f6rs\u00e4lja n\u00e5gra tj\u00e4nster eller n\u00e5gon information, text, bilder, grafik, videoklipp, ljud, kataloger, filer, databaser eller listor, etc. som finns tillg\u00e4ngliga p\u00e5 eller via webbplatsen (\"webbplatsinneh\u00e5llet\"), och (b) du inte kommer att kopiera, reproducera, ladda ner, sammanst\u00e4lla eller p\u00e5 annat s\u00e4tt anv\u00e4nda n\u00e5got webbplatsinneh\u00e5ll i syfte att driva ett f\u00f6retag som konkurrerar med KuKirin eller p\u00e5 annat s\u00e4tt kommersiellt utnyttja webbplatsinneh\u00e5llet. Systematisk h\u00e4mtning av webbplatsinneh\u00e5ll fr\u00e5n webbplatsen f\u00f6r att skapa eller sammanst\u00e4lla, direkt eller indirekt, en samling, sammanst\u00e4llning, databas eller katalog (oavsett om det sker genom robotar, spindlar, automatiska enheter eller manuella processer) utan skriftligt tillst\u00e5nd fr\u00e5n KuKirin \u00e4r f\u00f6rbjudet. Anv\u00e4ndning av inneh\u00e5ll eller material p\u00e5 webbplatsen f\u00f6r n\u00e5got \u00e4ndam\u00e5l som inte uttryckligen till\u00e5ts i villkoren \u00e4r f\u00f6rbjudet.<br \/>\u00a0<\/p><p>1.3 Du m\u00e5ste l\u00e4sa KuKirins integritetspolicy som reglerar skyddet och anv\u00e4ndningen av personlig information om anv\u00e4ndare som KuKirin och v\u00e5ra dotterbolag har i sin besittning. Du samtycker till anv\u00e4ndningen av din personliga information om dig i enlighet med sekretesspolicyn.\u00a0<\/p><p>1.4 KuKirin kan till\u00e5ta Anv\u00e4ndare att f\u00e5 tillg\u00e5ng till inneh\u00e5ll, produkter eller tj\u00e4nster som erbjuds av tredje part genom hyperl\u00e4nkar (i form av ordl\u00e4nkar, banners, kanaler eller annat), API eller p\u00e5 annat s\u00e4tt till s\u00e5dana tredje parters webbplatser. Du uppmanas att l\u00e4sa s\u00e5dana webbplatsers villkor och\/eller integritetspolicy innan du anv\u00e4nder Webbplatsen. Du bekr\u00e4ftar att KuKirin inte har n\u00e5gon kontroll \u00f6ver s\u00e5dana tredje parters webbplatser, inte \u00f6vervakar s\u00e5dana webbplatser och inte ska vara ansvarig eller skadest\u00e5ndsskyldig gentemot n\u00e5gon f\u00f6r s\u00e5dana webbplatser, eller n\u00e5got inneh\u00e5ll, produkter eller tj\u00e4nster som g\u00f6rs tillg\u00e4ngliga p\u00e5 s\u00e5dana webbplatser.<\/p><p>1.5 Du samtycker till att inte vidta n\u00e5gra \u00e5tg\u00e4rder f\u00f6r att undergr\u00e4va integriteten i KuKirins och\/eller n\u00e5gon annan anv\u00e4ndares datorsystem eller n\u00e4tverk eller f\u00f6r att f\u00e5 obeh\u00f6rig \u00e5tkomst till s\u00e5dana datorsystem eller n\u00e4tverk.\u00a0<\/p><p>1.6 Du samtycker till att inte vidta n\u00e5gra \u00e5tg\u00e4rder som kan undergr\u00e4va integriteten i KuKirins feedback-system, s\u00e5som att l\u00e4mna positiv feedback f\u00f6r dig sj\u00e4lv med hj\u00e4lp av sekund\u00e4ra medlems-ID eller genom tredje part eller genom att l\u00e4mna ogrundad negativ feedback f\u00f6r en annan anv\u00e4ndare.<\/p><h3><strong><b>2. Anv\u00e4ndarens ansvarsomr\u00e5den\u00a0<\/b><\/strong><\/h3><p>2.1 Anv\u00e4ndaren m\u00e5ste vara registrerad p\u00e5 webbplatsen f\u00f6r att anv\u00e4nda vissa tj\u00e4nster. F\u00f6rutom med KuKirins godk\u00e4nnande, f\u00e5r en Anv\u00e4ndare endast registrera ett anv\u00e4ndarkonto p\u00e5 Webbplatsen. KuKirin kan avbryta eller avsluta en anv\u00e4ndares konto om KuKirin har sk\u00e4l att misst\u00e4nka att anv\u00e4ndaren samtidigt har registrerat eller kontrollerat tv\u00e5 eller flera anv\u00e4ndarkonton. Vidare kan KuKirin avvisa anv\u00e4ndarens ans\u00f6kan om registrering av vilken anledning som helst.\u00a0<\/p><p>2.2 Vid registrering p\u00e5 Webbplatsen ska KuKirin tilldela ett konto och utf\u00e4rda ett anv\u00e4ndar-ID och l\u00f6senord (det senare ska v\u00e4ljas av en registrerad Anv\u00e4ndare under registreringen) till varje registrerad Anv\u00e4ndare. Ett konto kan ha ett webbaserat e-postkonto med begr\u00e4nsat lagringsutrymme f\u00f6r att anv\u00e4ndaren ska kunna skicka eller ta emot e-post. N\u00e4r du blir en KuKirin-anv\u00e4ndare samtycker du till att KuKirin lagrar och anv\u00e4nder din information i enlighet med sekretesspolicyn.\u00a0<\/p><p>2.3 En upps\u00e4ttning anv\u00e4ndar-ID och l\u00f6senord \u00e4r unika f\u00f6r ett enda konto. Varje anv\u00e4ndare ska vara ensam ansvarig f\u00f6r att uppr\u00e4tth\u00e5lla sekretessen och s\u00e4kerheten f\u00f6r ditt anv\u00e4ndar-ID och l\u00f6senord och f\u00f6r alla aktiviteter som sker under ditt konto. Ingen anv\u00e4ndare f\u00e5r dela, tilldela eller till\u00e5ta anv\u00e4ndning av ditt anv\u00e4ndarkonto, ID eller l\u00f6senord av en annan person utanf\u00f6r anv\u00e4ndarens egen aff\u00e4rsenhet. Anv\u00e4ndaren samtycker till att meddela KuKirin omedelbart om du blir medveten om n\u00e5gon obeh\u00f6rig anv\u00e4ndning av ditt l\u00f6senord eller ditt konto eller n\u00e5got annat brott mot s\u00e4kerheten f\u00f6r ditt konto.\u00a0<\/p><p>2.4 Anv\u00e4ndaren samtycker till att alla aktiviteter som sker under ditt konto (inklusive men inte begr\u00e4nsat till att publicera f\u00f6retags- eller produktinformation, klicka f\u00f6r att acceptera ytterligare avtal eller regler, prenumerera p\u00e5 eller betala f\u00f6r tj\u00e4nster, skicka e-postmeddelanden med e-postkontot) ska anses ha godk\u00e4nts av anv\u00e4ndaren.\u00a0<\/p><p>2.5 Anv\u00e4ndaren medger att delning av ditt konto med andra personer, eller att till\u00e5ta flera anv\u00e4ndare att anv\u00e4nda ditt konto (kollektivt, \"flera anv\u00e4ndningsomr\u00e5den\"), kan orsaka irreparabel skada f\u00f6r KuKirin eller andra anv\u00e4ndare av webbplatsen. Anv\u00e4ndaren ska ers\u00e4tta KuKirin, v\u00e5ra dotterbolag, styrelseledam\u00f6ter, anst\u00e4llda, agenter och representanter f\u00f6r alla f\u00f6rluster eller skador (inklusive men inte begr\u00e4nsat till utebliven vinst) som uppst\u00e5r till f\u00f6ljd av flera anv\u00e4ndningar av ditt konto. Anv\u00e4ndaren samtycker ocks\u00e5 till att om ditt konto anv\u00e4nds flera g\u00e5nger eller om anv\u00e4ndaren inte uppr\u00e4tth\u00e5ller s\u00e4kerheten f\u00f6r ditt konto, ska KuKirin inte vara ansvarig f\u00f6r n\u00e5gon f\u00f6rlust eller skada som uppst\u00e5r till f\u00f6ljd av ett s\u00e5dant brott och ska ha r\u00e4tt att st\u00e4nga av eller avsluta anv\u00e4ndarens konto utan ansvar gentemot anv\u00e4ndaren.\u00a0<\/p><p>2.6 Anv\u00e4ndaren garanterar att den information som du har l\u00e4mnat n\u00e4r du registrerade ditt KuKirin-konto \u00e4r korrekt, sanningsenlig, laglig och giltig och tillh\u00f6r enbart dig. Anv\u00e4ndare \u00e4r ensamt ansvariga f\u00f6r riktigheten i de uppgifter som de l\u00e4mnar till KuKirin, och KuKirin kommer inte att h\u00e5llas ansvarig och kommer inte att erbjuda n\u00e5gon ers\u00e4ttning f\u00f6r eventuella fall av felaktig information.\u00a0<\/p><p>2.7 Anv\u00e4ndaren ska ha m\u00f6jlighet att avbryta best\u00e4llningen endast n\u00e4r f\u00f6re leverans genom att kontakta v\u00e5rt supportcenter. Och KuKirin f\u00f6rbeh\u00e5ller sig r\u00e4tten att annullera best\u00e4llningen f\u00f6r driftstrategi med f\u00f6reg\u00e5ende meddelande till anv\u00e4ndarkontot. N\u00e4r best\u00e4llningen har skickats kan best\u00e4llningen dock inte annulleras, \u00e4ndras eller \u00e5terbetalas. Vid mottagandet av paketet tr\u00e4der v\u00e5r returpolicy i kraft.\u00a0<\/p><p>2.8 Anv\u00e4ndaren ska ha m\u00f6jlighet att prenumerera p\u00e5 eller avbryta prenumerationen p\u00e5 nyhetsbrevet vid registreringen.\u00a0<\/p><p>2.9 Anv\u00e4ndaren f\u00f6rst\u00e5r och samtycker till att KuKirin ska ha r\u00e4tt att tillf\u00e4lligt eller permanent avsluta alla eller delar av tj\u00e4nsterna n\u00e4r som helst i enlighet med sina egna aff\u00e4rsbehov (inklusive men inte begr\u00e4nsat till fall som att bryta mot KuKirins villkor, oacceptabla och orimliga kommentarer eller beteenden mot KuKirins varum\u00e4rkesimage).\u00a0\u00a0<\/p><p>2.10 Om du har n\u00e5gra fr\u00e5gor eller klagom\u00e5l ang\u00e5ende v\u00e5r tj\u00e4nst, v\u00e4nligen maila oss direkt p\u00e5 Kontakta oss. Du har ocks\u00e5 r\u00e4tt att l\u00e4mna in ett klagom\u00e5l till officiella myndigheter. Vi skulle dock uppskatta att f\u00e5 m\u00f6jlighet att hantera dina fr\u00e5gor innan du v\u00e4nder dig till tredje part, s\u00e5 kontakta oss i f\u00f6rsta hand.<\/p><h3><strong><b>3. Villkor f\u00f6r anv\u00e4ndning\u00a0<\/b><\/strong><\/h3><p>3.1 Licens<\/p><p>Anv\u00e4ndning Tillst\u00e5nd beviljas f\u00f6r att tillf\u00e4lligt ladda ner en kopia av materialet (information eller programvara) fr\u00e5n webbplatsen kukirin-scooter.com f\u00f6r personlig och icke-kommersiell tillf\u00e4llig visning endast. Detta \u00e4r beviljandet av en licens, inte en \u00f6verf\u00f6ring av titel och under denna licens kan du inte \u00e4ndra eller kopiera materialet, anv\u00e4nda materialet f\u00f6r n\u00e5got kommersiellt syfte eller f\u00f6r n\u00e5gon offentlig visning (kommersiell eller icke-kommersiell) f\u00f6rs\u00f6ka dekompilera eller omv\u00e4nda ingenj\u00f6rsprogramvara som finns p\u00e5 kukirin-scooter.com-webbplatsen, ta bort upphovsr\u00e4tt eller andra \u00e4gander\u00e4ttsnoteringar fr\u00e5n materialet, eller \u00f6verf\u00f6ra materialet till en annan person eller \"spegla\" materialet p\u00e5 n\u00e5gon annan server. Denna licens ska automatiskt upph\u00f6ra om du bryter mot n\u00e5gon av dessa begr\u00e4nsningar och kan s\u00e4gas upp av kukirin-scooter.com n\u00e4r som helst. N\u00e4r du avslutar din visning av dessa material eller vid upps\u00e4gning av denna licens m\u00e5ste du f\u00f6rst\u00f6ra allt nedladdat material i din besittning, oavsett om det \u00e4r i elektroniskt eller tryckt format.\u00a0<\/p><p>3.2 Ansvarsfriskrivning<\/p><p>Materialet p\u00e5 kukirin-scooter.com-webbplatsen tillhandah\u00e5lls \"som det \u00e4r\". kukirin-scooter.com ger inga garantier, uttryckta eller underf\u00f6rst\u00e5dda, och h\u00e4rmed fr\u00e5ns\u00e4ger sig och f\u00f6rnekar alla andra garantier, inklusive utan begr\u00e4nsning, underf\u00f6rst\u00e5dda garantier eller villkor f\u00f6r s\u00e4ljbarhet, l\u00e4mplighet f\u00f6r ett visst syfte eller icke-intr\u00e5ng i immateriella r\u00e4ttigheter.\u00a0<\/p><p>3.3 Begr\u00e4nsningar<\/p><p>Under inga omst\u00e4ndigheter ska kukirin-scooter.com eller dess leverant\u00f6rer vara ansvariga f\u00f6r skador (inklusive, utan begr\u00e4nsning, skador f\u00f6r f\u00f6rlust av data eller vinst eller p\u00e5 grund av avbrott i verksamheten) som uppst\u00e5r p\u00e5 grund av anv\u00e4ndning eller of\u00f6rm\u00e5ga att anv\u00e4nda materialet p\u00e5 kukirin-scooter.com, \u00e4ven om kukirin-scooter.com eller en auktoriserad representant f\u00f6r kukirin-scooter.com har meddelats muntligt eller skriftligt om m\u00f6jligheten till s\u00e5dan skada. Eftersom vissa jurisdiktioner inte till\u00e5ter begr\u00e4nsningar av underf\u00f6rst\u00e5dda garantier eller begr\u00e4nsningar av ansvar f\u00f6r f\u00f6ljdskador eller of\u00f6rutsedda skador, kanske dessa begr\u00e4nsningar inte g\u00e4ller f\u00f6r dig.<\/p><p>3.4 Revideringar &amp; Errata<\/p><p>Materialet som visas p\u00e5 kukirin-scooter.com-webbplatsen kan inneh\u00e5lla tekniska, typografiska eller fotografiska fel. Och kukirin-scooter.com garanterar inte att n\u00e5got av materialen p\u00e5 dess webbplats \u00e4r korrekt, fullst\u00e4ndigt eller aktuellt. Dessutom kan kukirin-scooter.com g\u00f6ra \u00e4ndringar i materialet p\u00e5 sin webbplats n\u00e4r som helst utan f\u00f6reg\u00e5ende meddelande. Dessutom g\u00f6r kukirin-scooter.com inte n\u00e5got \u00e5tagande att uppdatera materialet.<\/p><p>3,5 L\u00e4nkar<\/p><p>Webbplatsen kukirin-scooter.com har inte granskat alla webbplatser som \u00e4r l\u00e4nkade till dess Internet-webbplats och ansvarar inte f\u00f6r inneh\u00e5llet p\u00e5 n\u00e5gon s\u00e5dan l\u00e4nkad webbplats. Inf\u00f6randet av s\u00e5dana l\u00e4nkar inneb\u00e4r inte att kukirin-scooter.com st\u00f6der webbplatsen. Anv\u00e4ndning av en s\u00e5dan l\u00e4nkad webbplats sker p\u00e5 anv\u00e4ndarens egen risk.<\/p><p>3.6 \u00c4ndringar av webbplatsens anv\u00e4ndarvillkor<\/p><p>Webbplatsen kukirin-scooter.com kan revidera dessa anv\u00e4ndarvillkor f\u00f6r sin webbplats n\u00e4r som helst utan f\u00f6reg\u00e5ende meddelande. Genom att anv\u00e4nda denna webbplats samtycker du till att vara bunden av den aktuella versionen av dessa anv\u00e4ndarvillkor eller andra kr\u00e4nkningar av r\u00e4ttigheter. Vidare garanterar kukirin-scooter.com inte eller g\u00f6r n\u00e5gra utf\u00e4stelser om noggrannheten, sannolika resultat eller tillf\u00f6rlitligheten f\u00f6r anv\u00e4ndningen av materialet p\u00e5 sin webbplats eller p\u00e5 annat s\u00e4tt relaterat till s\u00e5dant material eller p\u00e5 n\u00e5gon annan webbplats som \u00e4r l\u00e4nkad till denna webbplats.<\/p><h3>\u00a0<\/h3><h3>4. Till\u00e4mplig lag<\/h3><p>Dessa anv\u00e4ndarvillkor och eventuella separata avtal genom vilka vi tillhandah\u00e5ller dig ska styras av och tolkas i enlighet med lagarna i Storbritannien.<\/p>\t\t\t\t\t\t\t\t<\/div>\n\t\t\t\t<\/div>\n\t\t\t\t\t<\/div>\n\t\t\t\t<\/div>\n\t\t\t\t<\/div>","protected":false},"excerpt":{"rendered":"<p>Welcome to kukirin-scooter-parts.com! These Terms of Use describe the terms and conditions applicable to your access and use of the website at kukirin-scooter.com. This statement is a legally binding agreement between you as the user(s) of the Site (referred to as \u201cyou\u201d, \u201cMember\u201d, &#8220;Customer&#8221; or \u201cUser\u201d hereinafter) and the kukirin-scooter.com (referred to as \u201cwe\u201d, \u201cour\u201d, &#8230; <a title=\"Villkor f\u00f6r tj\u00e4nsten\" class=\"read-more\" href=\"https:\/\/kukirin-scooter-parts.com\/sv\/terms-of-service\/\" aria-label=\"L\u00e4s mer om Terms of Service\">L\u00e4s mer<\/a><\/p>","protected":false},"author":1,"featured_media":0,"parent":0,"menu_order":0,"comment_status":"closed","ping_status":"closed","template":"","meta":{"footnotes":""},"class_list":["post-65","page","type-page","status-publish"],"_links":{"self":[{"href":"https:\/\/kukirin-scooter-parts.com\/sv\/wp-json\/wp\/v2\/pages\/65","targetHints":{"allow":["GET"]}}],"collection":[{"href":"https:\/\/kukirin-scooter-parts.com\/sv\/wp-json\/wp\/v2\/pages"}],"about":[{"href":"https:\/\/kukirin-scooter-parts.com\/sv\/wp-json\/wp\/v2\/types\/page"}],"author":[{"embeddable":true,"href":"https:\/\/kukirin-scooter-parts.com\/sv\/wp-json\/wp\/v2\/users\/1"}],"replies":[{"embeddable":true,"href":"https:\/\/kukirin-scooter-parts.com\/sv\/wp-json\/wp\/v2\/comments?post=65"}],"version-history":[{"count":4,"href":"https:\/\/kukirin-scooter-parts.com\/sv\/wp-json\/wp\/v2\/pages\/65\/revisions"}],"predecessor-version":[{"id":95,"href":"https:\/\/kukirin-scooter-parts.com\/sv\/wp-json\/wp\/v2\/pages\/65\/revisions\/95"}],"wp:attachment":[{"href":"https:\/\/kukirin-scooter-parts.com\/sv\/wp-json\/wp\/v2\/media?parent=65"}],"curies":[{"name":"wp","href":"https:\/\/api.w.org\/{rel}","templated":true}]}}