{"id":3,"date":"2024-08-28T09:48:00","date_gmt":"2024-08-28T09:48:00","guid":{"rendered":"http:\/\/kukirin-scooter-parts.com\/?page_id=3"},"modified":"2024-09-02T07:25:46","modified_gmt":"2024-09-02T07:25:46","slug":"privacy-policy","status":"publish","type":"page","link":"https:\/\/kukirin-scooter-parts.com\/sv\/privacy-policy\/","title":{"rendered":"Integritetspolicy"},"content":{"rendered":"<div data-elementor-type=\"wp-page\" data-elementor-id=\"3\" class=\"elementor elementor-3\" data-elementor-post-type=\"page\">\n\t\t\t\t<div class=\"elementor-element elementor-element-250f5984 e-flex e-con-boxed e-con e-parent\" data-id=\"250f5984\" data-element_type=\"container\" data-e-type=\"container\">\n\t\t\t\t\t<div class=\"e-con-inner\">\n\t\t\t\t<div class=\"elementor-element elementor-element-2760fd46 elementor-widget elementor-widget-text-editor\" data-id=\"2760fd46\" data-element_type=\"widget\" data-e-type=\"widget\" data-widget_type=\"text-editor.default\">\n\t\t\t\t<div class=\"elementor-widget-container\">\n\t\t\t\t\t\t\t\t\t<p><\/p>\n<p>H\u00e4r \u00e4r kukirin-scooter-parts.com (nedan kallad \"vi\", \"oss\" eller \"KuKirin\", \"webbplats\"), vi \u00e4r engagerade i att skydda och respektera integriteten f\u00f6r dina personuppgifter. Denna integritetspolicy f\u00f6rklarar hur dina uppgifter samlas in, anv\u00e4nds, \u00f6verf\u00f6rs och l\u00e4mnas ut av KuKirin. Den g\u00e4ller f\u00f6r uppgifter som samlas in n\u00e4r du anv\u00e4nder v\u00e5ra webbplatser, n\u00e4r du interagerar med oss via sociala medier, e-post eller telefon, eller n\u00e4r du deltar i v\u00e5ra t\u00e4vlingar eller evenemang. Den t\u00e4cker:<\/p>\n<h2 class=\"wp-block-heading\"><strong>1. V\u00e5rt \u00e5tagande gentemot dig\u00a0<\/strong><br \/><strong>2. Hur vi skyddar dina uppgifter\u00a0\u00a0<\/strong><br \/><strong>3. Personuppgifter som vi samlar in\u00a0<\/strong><br \/><strong>4. Hur vi samlar in dina uppgifter\u00a0<\/strong><br \/><strong>5. Hur vi anv\u00e4nder dina uppgifter\u00a0<\/strong><br \/><strong>6. Om kakor\u00a0<\/strong><br \/><strong>7. Hur vi delar dina uppgifter\u00a0<\/strong><br \/><strong>8. Dina r\u00e4ttigheter till dina personuppgifter\u00a0<\/strong><br \/><strong>9. \u00c4ndringar av denna integritetspolicy<\/strong><\/h2>\n<h3>1. V\u00e5rt \u00e5tagande gentemot dig<\/h3>\n<h2 class=\"wp-block-heading\">Vi tar skyddet av dina personuppgifter p\u00e5 allvar och kommer att behandla dina personuppgifter p\u00e5 ett r\u00e4ttvist, lagligt och \u00f6ppet s\u00e4tt. I denna integritetspolicy beskrivs de personuppgifter vi samlar in om dig och hur de anv\u00e4nds. Vi kommer endast att samla in och anv\u00e4nda dina personuppgifter f\u00f6r f\u00f6ljande \u00e4ndam\u00e5l:<\/h2>\n<ul>\n<li>F\u00f6rb\u00e4ttra v\u00e5ra tj\u00e4nster;<\/li>\n<li>Uppfylla v\u00e5ra juridiska skyldigheter.<\/li>\n<\/ul>\n<h3>2. Hur vi skyddar dina uppgifter<\/h3>\n<p>Vi har l\u00e4mpliga organisatoriska skydds\u00e5tg\u00e4rder och s\u00e4kerhets\u00e5tg\u00e4rder p\u00e5 plats f\u00f6r att skydda dina uppgifter fr\u00e5n att oavsiktligt g\u00e5 f\u00f6rlorade, anv\u00e4ndas eller n\u00e5s p\u00e5 ett obeh\u00f6rigt s\u00e4tt, \u00e4ndras eller avsl\u00f6jas. Kommunikationen mellan din webbl\u00e4sare och v\u00e5r webbplats anv\u00e4nder en s\u00e4ker krypterad anslutning n\u00e4r dina personuppgifter \u00e4r inblandade. Vi krypterar dina uppgifter och lagrar dem p\u00e5 s\u00e4kra servrar som \u00e4r dolda bakom en brandv\u00e4gg. Vi kr\u00e4ver att alla tredje parter som \u00e4r kontrakterade f\u00f6r att behandla dina personuppgifter f\u00f6r v\u00e5r r\u00e4kning har s\u00e4kerhets\u00e5tg\u00e4rder p\u00e5 plats f\u00f6r att skydda dina uppgifter och f\u00f6r att behandla s\u00e5dana uppgifter i enlighet med lagen. Om det mot f\u00f6rmodan skulle intr\u00e4ffa en personuppgiftsincident kommer vi att meddela dig och eventuella till\u00e4mpliga myndigheter n\u00e4r vi \u00e4r skyldiga att g\u00f6ra det enligt lag.<\/p>\n<h3>3. Personuppgifter som vi samlar in\u00a0<\/h3>\n<p>3.1 E-postadress, inklusive den e-postadress som tillhandah\u00e5lls via godk\u00e4nda tredje parter som \u00e4r associerade.<\/p>\n<p>3.2 Fraktinformation, inklusive namn, land och telefonnummer. N\u00e4r vi beh\u00f6ver lagra information som \u00e4r relaterad till en best\u00e4llning, matar vi in den i v\u00e5r databas genom SSL-kryptering. V\u00e5r webbplats \u00e4r utformad f\u00f6r en allm\u00e4n publik, men vi samlar inte medvetet in n\u00e5gra uppgifter fr\u00e5n barn, som inte har till\u00e5telse att anv\u00e4nda eller skicka in uppgifter till webbplatsen.<\/p>\n<h3>4. Hur vi samlar in dina uppgifter<\/h3>\n<p>Vi kan samla in personuppgifter om dig p\u00e5 f\u00f6ljande s\u00e4tt:\u00a0<\/p>\n<h2 class=\"wp-block-heading\">4.1 Direkta interaktioner: Du kan ge oss dina identitets-, kontakt-, finans-, transaktions-, profil-, marknadsf\u00f6rings- och kommunikationsuppgifter genom att fylla i formul\u00e4r, ange information online eller korrespondera med oss via post, telefon, e-post, telefon eller p\u00e5 annat s\u00e4tt. Detta inkluderar personuppgifter som du tillhandah\u00e5ller, till exempel n\u00e4r du:<\/h2>\n<ul>\n<li>Skapa ett konto p\u00e5 v\u00e5r webbplats;\u00a0<\/li>\n<li>Prenumerera p\u00e5 v\u00e5rt nyhetsbrev, v\u00e5ra diskussionsforum och v\u00e5ra sociala medier;<\/li>\n<li>Genomf\u00f6ra en frivillig marknadsunders\u00f6kning;<\/li>\n<li>Kontakta oss med en fr\u00e5ga eller f\u00f6r att rapportera ett problem (via telefon, e-post, sociala medier eller meddelandetj\u00e4nst);<\/li>\n<li>N\u00e4r du loggar in p\u00e5 v\u00e5r webbplats via sociala medier.<\/li>\n<\/ul>\n<p>4.2 Indirekta interaktioner: N\u00e4r du interagerar med v\u00e5r webbplats kan vi automatiskt samla in tekniska data med hj\u00e4lp av cookies, serverloggar och andra liknande tekniker. Se Om cookies f\u00f6r ytterligare information.<\/p>\n<h2 class=\"wp-block-heading\">4.3 Tredje parter: Vi kan ta emot personuppgifter om dig fr\u00e5n olika tredje parter, inklusive:\u00a0<\/h2>\n<ul>\n<li>Associerade tredje parter, inklusive analysleverant\u00f6rer som Google;\u00a0<\/li>\n<li>Affiliaten\u00e4tverk genom vilka du har f\u00e5tt tillg\u00e5ng till v\u00e5r webbplats;<\/li>\n<li>Sociala medieplattformar n\u00e4r du loggar in p\u00e5 v\u00e5r webbplats med hj\u00e4lp av s\u00e5dana sociala medieplattformar.<\/li>\n<\/ul>\n<h3>5. Hur vi anv\u00e4nder dina uppgifter<\/h3>\n<p>Vi kommer endast att samla in och behandla dina personuppgifter om vi har en r\u00e4ttslig grund f\u00f6r att g\u00f6ra det. Som personuppgiftsansvarig varierar den r\u00e4ttsliga grunden f\u00f6r v\u00e5r insamling och anv\u00e4ndning av dina personuppgifter beroende p\u00e5 hur och i vilket syfte vi samlade in dem. Vi kommer endast att samla in och behandla dina personuppgifter om vi har en r\u00e4ttslig grund f\u00f6r att g\u00f6ra det. Som personuppgiftsansvarig varierar den r\u00e4ttsliga grunden f\u00f6r v\u00e5r insamling och anv\u00e4ndning av dina personuppgifter beroende p\u00e5 hur och f\u00f6r vilket syfte vi samlade in dem. Vi kommer endast att samla in personuppgifter fr\u00e5n dig n\u00e4r:<\/p>\n<p>5.1 Vi har ditt samtycke till att g\u00f6ra det<\/p>\n<p>5.2 Vi beh\u00f6ver dina personuppgifter f\u00f6r att fullg\u00f6ra ett avtal med dig. Exempelvis f\u00f6r att behandla en betalning fr\u00e5n dig, fullg\u00f6ra din best\u00e4llning eller tillhandah\u00e5lla kundsupport i samband med en best\u00e4llning<\/p>\n<p>5.3 Behandlingen sker f\u00f6r att tillgodose v\u00e5ra ber\u00e4ttigade intressen och dina r\u00e4ttigheter v\u00e4ger inte tyngre<\/p>\n<p>5.4 Vi har en r\u00e4ttslig skyldighet att samla in eller l\u00e4mna ut personuppgifter fr\u00e5n dig. Dina personuppgifter anv\u00e4nds av KuKirin f\u00f6r att st\u00f6dja en rad olika aktiviteter. Dessa listas i tabellen nedan tillsammans med de typer av uppgifter som anv\u00e4nds och de r\u00e4ttsliga grunder som vi f\u00f6rlitar oss p\u00e5 n\u00e4r vi behandlar dem, inklusive i f\u00f6rekommande fall v\u00e5ra legitima intressen. T\u00e4nk p\u00e5 att vi kan behandla dina personuppgifter med st\u00f6d av mer \u00e4n en r\u00e4ttslig grund, beroende p\u00e5 den specifika verksamheten. Kontakta oss om du beh\u00f6ver information om den specifika r\u00e4ttsliga grund som vi f\u00f6rlitar oss p\u00e5 f\u00f6r att behandla dina personuppgifter d\u00e4r mer \u00e4n en grund har angetts i tabellen nedan.\u00a0<\/p>\n<p>5.5 F\u00f6r att skapa ett konto och registrera dig som ny kund (antingen direkt eller via sociala medier).\u00a0<\/p>\n<p>5.6 F\u00f6r att hantera v\u00e5r relation med dig, inklusive att f\u00f6rse dig med information, produkter och tj\u00e4nster som du beg\u00e4r fr\u00e5n oss; meddela dig om \u00e4ndringar i v\u00e5ra tj\u00e4nster, villkor eller integritetspolicy; be dig att l\u00e4mna en recension eller delta i en unders\u00f6kning.\u00a0<\/p>\n<p>5.7 F\u00f6r att g\u00f6ra det m\u00f6jligt f\u00f6r dig att delta i en t\u00e4vling, ett evenemang, en unders\u00f6kning eller f\u00e5 en bel\u00f6ning.\u00a0<\/p>\n<p>5.8 F\u00f6r att administrera, skydda och f\u00f6rb\u00e4ttra v\u00e5r verksamhet och v\u00e5r webbplats\/app, inklusive fels\u00f6kning, dataanalys, testning, systemunderh\u00e5ll, support, dataanalys, rapportering och hosting av data; st\u00e4lla in standardalternativ f\u00f6r dig, t.ex. spr\u00e5k och valuta.\u00a0\u00a0<\/p>\n<p>5.9 F\u00f6r att leverera relevant webbplatsinneh\u00e5ll, online-annonser och information till dig; och m\u00e4ta effektiviteten av den tillhandah\u00e5llna annonseringen.\u00a0<\/p>\n<p>5.10 F\u00f6r att anv\u00e4nda dataanalys f\u00f6r att: f\u00f6rb\u00e4ttra v\u00e5r webbplats, v\u00e5ra produkter, tj\u00e4nster, marknadsf\u00f6ring, kundrelationer och upplevelser; och f\u00f6r marknadsunders\u00f6kningar, statistik och enk\u00e4ter.\u00a0<\/p>\n<p>5.11 F\u00f6r att rekommendera produkter, tj\u00e4nster, rabatter och erbjudanden som kan vara av intresse f\u00f6r dig, inklusive att skicka dig s\u00e5dan information via e-post, post eller SMS.\u00a0<\/p>\n<p>5.12 F\u00f6r att informera eller p\u00e5minna dig via e-post om n\u00e5gon uppgift som utf\u00f6rts via v\u00e5r webbplats som f\u00f6rblir oavslutad, till exempel ofullst\u00e4ndiga best\u00e4llningar eller \u00f6vergivna korgar kommer endast att anv\u00e4nda dina personuppgifter f\u00f6r de \u00e4ndam\u00e5l f\u00f6r vilka vi samlade in dem, s\u00e5vida vi inte rimligen anser att vi beh\u00f6ver anv\u00e4nda dem av en annan anledning och att den anledningen \u00e4r f\u00f6renlig med det ursprungliga syftet. Om vi vill anv\u00e4nda dina personuppgifter f\u00f6r ett orelaterat \u00e4ndam\u00e5l kommer vi att meddela dig och f\u00f6rklara den r\u00e4ttsliga grund som till\u00e5ter oss att g\u00f6ra det. Vi kan komma att behandla personuppgifter utan ditt samtycke, i enlighet med ovanst\u00e5ende regler, om detta kr\u00e4vs eller till\u00e5ts enligt lag. Vi kommer inte att beh\u00e5lla dina personuppgifter l\u00e4ngre \u00e4n vad som \u00e4r n\u00f6dv\u00e4ndigt f\u00f6r det eller de \u00e4ndam\u00e5l f\u00f6r vilka de tillhandah\u00f6lls och f\u00f6r att uppfylla v\u00e5ra r\u00e4ttsliga skyldigheter. Ytterligare information om hur l\u00e4nge vi lagrar uppgifter finns tillg\u00e4nglig p\u00e5 beg\u00e4ran.\u00a0<\/p>\n<h3>6. Om cookies\u00a0<\/h3>\n<p>Vi anv\u00e4nder \"cookies\" f\u00f6r att lagra specifik information om dig och sp\u00e5ra dina bes\u00f6k p\u00e5 webbplatsen, antingen via en dator eller via en mobil enhet. Det \u00e4r inte ovanligt att webbplatser anv\u00e4nder cookies f\u00f6r att f\u00f6rb\u00e4ttra identifieringen av sina bes\u00f6kare. En \"cookie\" \u00e4r en liten m\u00e4ngd data som skickas till din webbl\u00e4sare och lagras p\u00e5 din dators eller mobila enhets h\u00e5rddisk. Om du inte avaktiverar eller raderar cookien kommer v\u00e5ra webbservrar att meddelas om ditt bes\u00f6k p\u00e5 webbplatsen varje g\u00e5ng du anv\u00e4nder samma webbl\u00e4sare eller mobila enhet f\u00f6r att komma \u00e5t webbplatsen, och vi kan i v\u00e5r tur f\u00e5 k\u00e4nnedom om ditt bes\u00f6k och m\u00f6nstret f\u00f6r din anv\u00e4ndning.\u00a0\u00a0<\/p>\n<p>Med hj\u00e4lp av cookies kan vi komma ih\u00e5g din information s\u00e5 att du inte beh\u00f6ver ange den p\u00e5 nytt varje g\u00e5ng du anv\u00e4nder webbplatsen. Dessutom anv\u00e4nder vi cookies f\u00f6r att hantera s\u00e4kerheten p\u00e5 v\u00e5r webbplats, samla in information om anv\u00e4ndarnas anv\u00e4ndning, unders\u00f6ka bes\u00f6ksm\u00f6nster och genomf\u00f6ra intressebaserad annonsering, f\u00f6r att hj\u00e4lpa v\u00e5ra partners att sp\u00e5ra anv\u00e4ndarnas bes\u00f6k p\u00e5 webbplatsen samt sp\u00e5ra framsteg och deltagande i kampanjer. F\u00f6r dessa ytterligare syften som anges ovan kan du avg\u00f6ra om och hur en cookie ska accepteras genom att konfigurera sekretessinst\u00e4llningen i den webbl\u00e4sare du anv\u00e4nder f\u00f6r att komma \u00e5t webbplatsen eller sekretessinst\u00e4llningen i din mobila enhet. Om du justerar sekretessinst\u00e4llningen i webbl\u00e4saren kommer din mobila enhet att forts\u00e4tta samla in data om du inte justerar sekretessinst\u00e4llningen f\u00f6r enheten och vice versa. Vissa funktioner p\u00e5 webbplatsen \u00e4r beroende av cookies.\u00a0<\/p>\n<p>T\u00e4nk p\u00e5 att om du v\u00e4ljer att blockera cookies kanske du inte kan logga in eller anv\u00e4nda dessa funktioner, och inst\u00e4llningar som \u00e4r beroende av cookies kan g\u00e5 f\u00f6rlorade.  Vi anv\u00e4nder en rad olika verktyg f\u00f6r analys och riktad annonsering f\u00f6r att visa relevant webbplatsinneh\u00e5ll p\u00e5 v\u00e5r webbplats och onlineannonser p\u00e5 andra webbplatser och appar (enligt beskrivningen ovan) f\u00f6r dig, leverera relevant inneh\u00e5ll till dig i marknadsf\u00f6ringskommunikation (i f\u00f6rekommande fall) och f\u00f6r att m\u00e4ta effektiviteten i den annonsering som tillhandah\u00e5lls.\u00a0<\/p>\n<p>Vi anv\u00e4nder t.ex. verktyg som Google Analytics f\u00f6r att analysera Googles intressebaserade annonseringsdata och\/eller tredje parts m\u00e5lgruppsdata (t.ex. \u00e5lder, civilst\u00e5nd, livsh\u00e4ndelse, k\u00f6n och intressen) f\u00f6r att rikta och f\u00f6rb\u00e4ttra v\u00e5ra marknadsf\u00f6ringskampanjer, marknadsf\u00f6ringsstrategier och webbplatsinneh\u00e5ll. Vi kan ocks\u00e5 anv\u00e4nda verktyg som tillhandah\u00e5lls av andra tredje parter, t.ex. Facebook. V\u00e5r webbplats kan inneh\u00e5lla l\u00e4nkar till och fr\u00e5n webbplatser som tillh\u00f6r v\u00e5ra partnern\u00e4tverk, annons\u00f6rer och dotterbolag, eller till sociala medieplattformar. Om du f\u00f6ljer en l\u00e4nk till n\u00e5gon av dessa webbplatser, observera att dessa webbplatser har sina egna integritetspolicyer och att vi inte accepterar n\u00e5got ansvar f\u00f6r dessa policyer. Kontrollera dessa policyer innan du l\u00e4mnar n\u00e5gra personuppgifter till deras webbplatser.\u00a0<\/p>\n<h3>7. Hur vi delar dina uppgifter\u00a0<\/h3>\n<p>Vi s\u00e4ljer inte, hyr ut, byter, licensierar eller p\u00e5 annat s\u00e4tt avsl\u00f6jar eller delar din personliga eller finansiella information till n\u00e5gon, f\u00f6rutom i f\u00f6ljande specifika situationer:\u00a0\u00a0\u00a0\u00a0\u00a0<\/p>\n<p>7.1 Tj\u00e4nsteleverant\u00f6rer fr\u00e5n tredje part: Som de flesta onlinehandlare anv\u00e4nder vi ibland tredjepartsleverant\u00f6rer f\u00f6r att utf\u00f6ra specifika funktioner f\u00f6r v\u00e5r r\u00e4kning. All information som l\u00e4mnas ut till dem \u00e4r enbart f\u00f6r att hj\u00e4lpa dem att tillhandah\u00e5lla tj\u00e4nster. Vi l\u00e4mnar till exempel ut ditt namn, din leveransadress och ditt telefonnummer till samarbetspartners som DHL f\u00f6r att garantera leverans av dina best\u00e4llningar, och vi kan anv\u00e4nda relevant kundinformation f\u00f6r att \u00f6vervaka kvaliteten p\u00e5 den tredje partens tj\u00e4nst.\u00a0<\/p>\n<p>7.2 R\u00e4ttslig skyldighet att l\u00e4mna ut information: Vi kan vara skyldiga att l\u00e4mna ut information om vi st\u00e4ms, delges ett domstolsbeslut eller beg\u00e4rs av brottsbek\u00e4mpande tj\u00e4nstem\u00e4n som genomf\u00f6r utredningar, eller om vi p\u00e5 annat s\u00e4tt \u00e4r skyldiga enligt lag att l\u00e4mna ut s\u00e5dan information. Vi kommer ocks\u00e5 att l\u00e4mna ut personuppgifter n\u00e4r det \u00e4r n\u00f6dv\u00e4ndigt f\u00f6r att skydda v\u00e5ra juridiska r\u00e4ttigheter eller verkst\u00e4lla v\u00e5ra anv\u00e4ndarvillkor och andra avtal. Vi kan t.ex. dela information f\u00f6r att minska risken f\u00f6r bedr\u00e4geri eller f\u00f6r att f\u00f6rhindra bedr\u00e4geri av anv\u00e4ndare som f\u00f6rs\u00f6ker beg\u00e5 bedr\u00e4geri eller annan olaglig aktivitet p\u00e5 v\u00e5r webbplats.\u00a0<\/p>\n<p>7.3 Sammanslagning och\/eller f\u00f6rs\u00e4ljning av tillg\u00e5ngar: Vi s\u00e4ljer, byter eller hyr normalt inte ut personuppgifter till andra f\u00f6retag inom ramen f\u00f6r v\u00e5r verksamhet. Det \u00e4r dock m\u00f6jligt att vi kan f\u00f6rv\u00e4rva, g\u00e5 samman med eller f\u00f6rv\u00e4rvas av ett annat f\u00f6retag, eller att vi kan avyttra vissa eller alla v\u00e5ra tillg\u00e5ngar, i vilket fall din personliga information kan l\u00e4mnas ut till ett annat f\u00f6retag, med f\u00f6rbeh\u00e5ll f\u00f6r den g\u00e4llande sekretesspolicyn.\u00a0<\/p>\n<p>7.4 Icke-personligt identifierbar information: Vi kan dela information som inte identifierar dig eller n\u00e5gon annan anv\u00e4ndare, t.ex. antalet dagliga bes\u00f6kare p\u00e5 en viss sida eller storleken p\u00e5 en best\u00e4llning som gjorts ett visst datum, med tredje part, t.ex. reklampartners.<\/p>\n<h3>8. Dina r\u00e4ttigheter till dina personuppgifter\u00a0\u00a0<\/h3>\n<p>Du har flera r\u00e4ttigheter enligt dataskyddslagstiftningen. Detta inkluderar, under vissa omst\u00e4ndigheter, r\u00e4tten att:<\/p>\n<p>8.1 Beg\u00e4ra tillg\u00e5ng till dina personuppgifter<\/p>\n<p>8.2 Beg\u00e4ra r\u00e4ttelse av dina personuppgifter<\/p>\n<p>8.3 Beg\u00e4ra radering av dina personuppgifter<\/p>\n<p>8.4 Beg\u00e4ra begr\u00e4nsning av behandlingen av dina personuppgifter<\/p>\n<p>8.5 Beg\u00e4ra \u00f6verf\u00f6ring av dina personuppgifter<\/p>\n<p>8.6 Inv\u00e4nda mot behandlingen av dina personuppgifter<\/p>\n<p>8.7 Inv\u00e4ndning mot automatiserat beslutsfattande<\/p>\n<h3>9. \u00c4ndringar av denna integritetspolicy<\/h3>\n<p>Fr\u00e5n tid till annan kan vi komma att \u00e4ndra denna integritetspolicy. Om det sker n\u00e5gra betydande f\u00f6r\u00e4ndringar kommer vi att publicera uppdateringar p\u00e5 v\u00e5r webbplats och i v\u00e5ra applikationer eller meddela dig via e-post. Och denna sekretesspolicy uppdaterades senast den 4 september 2024.<\/p>\t\t\t\t\t\t\t\t<\/div>\n\t\t\t\t<\/div>\n\t\t\t\t\t<\/div>\n\t\t\t\t<\/div>\n\t\t\t\t<\/div>","protected":false},"excerpt":{"rendered":"<p>Here is kukirin-scooter-parts.com (hereinafter referred to as \u201cwe\u201d, \u201cus\u201d or \u201cKuKirin\u201d, &#8220;Site&#8221;), we are committed to protecting and respecting the privacy of your personal data. This privacy policy explains how your data is collected, used, transferred, and disclosed by KuKirin. It applies to data collected when you use our websites when you interact with us &#8230; <a title=\"Integritetspolicy\" class=\"read-more\" href=\"https:\/\/kukirin-scooter-parts.com\/sv\/privacy-policy\/\" aria-label=\"L\u00e4s mer om Privacy Policy\">L\u00e4s mer<\/a><\/p>","protected":false},"author":1,"featured_media":0,"parent":0,"menu_order":0,"comment_status":"closed","ping_status":"open","template":"","meta":{"footnotes":""},"class_list":["post-3","page","type-page","status-publish"],"_links":{"self":[{"href":"https:\/\/kukirin-scooter-parts.com\/sv\/wp-json\/wp\/v2\/pages\/3","targetHints":{"allow":["GET"]}}],"collection":[{"href":"https:\/\/kukirin-scooter-parts.com\/sv\/wp-json\/wp\/v2\/pages"}],"about":[{"href":"https:\/\/kukirin-scooter-parts.com\/sv\/wp-json\/wp\/v2\/types\/page"}],"author":[{"embeddable":true,"href":"https:\/\/kukirin-scooter-parts.com\/sv\/wp-json\/wp\/v2\/users\/1"}],"replies":[{"embeddable":true,"href":"https:\/\/kukirin-scooter-parts.com\/sv\/wp-json\/wp\/v2\/comments?post=3"}],"version-history":[{"count":4,"href":"https:\/\/kukirin-scooter-parts.com\/sv\/wp-json\/wp\/v2\/pages\/3\/revisions"}],"predecessor-version":[{"id":92,"href":"https:\/\/kukirin-scooter-parts.com\/sv\/wp-json\/wp\/v2\/pages\/3\/revisions\/92"}],"wp:attachment":[{"href":"https:\/\/kukirin-scooter-parts.com\/sv\/wp-json\/wp\/v2\/media?parent=3"}],"curies":[{"name":"wp","href":"https:\/\/api.w.org\/{rel}","templated":true}]}}