{"id":11,"date":"2024-09-02T07:47:47","date_gmt":"2024-09-02T07:47:47","guid":{"rendered":"https:\/\/kukirin-scooter-parts.com\/?page_id=11"},"modified":"2024-09-02T07:47:48","modified_gmt":"2024-09-02T07:47:48","slug":"refund_returns","status":"publish","type":"page","link":"https:\/\/kukirin-scooter-parts.com\/sv\/refund_returns\/","title":{"rendered":"Policy f\u00f6r \u00e5terbetalning och returer"},"content":{"rendered":"<div data-elementor-type=\"wp-page\" data-elementor-id=\"11\" class=\"elementor elementor-11\" data-elementor-post-type=\"page\">\n\t\t\t\t<div class=\"elementor-element elementor-element-7db694f0 e-flex e-con-boxed e-con e-parent\" data-id=\"7db694f0\" data-element_type=\"container\" data-e-type=\"container\">\n\t\t\t\t\t<div class=\"e-con-inner\">\n\t\t\t\t<div class=\"elementor-element elementor-element-17ba640e elementor-widget elementor-widget-text-editor\" data-id=\"17ba640e\" data-element_type=\"widget\" data-e-type=\"widget\" data-widget_type=\"text-editor.default\">\n\t\t\t\t<div class=\"elementor-widget-container\">\n\t\t\t\t\t\t\t\t\t\n<p>Om du beg\u00e4r \u00e5terbetalning eller retur efter att ha gjort en best\u00e4llning, v\u00e4nligen se f\u00f6ljande retur- och \u00e5terbetalningspolicy.(till\u00e4mpningsomr\u00e5de Denna policy g\u00e4ller alla produkter som k\u00f6pts p\u00e5 v\u00e5r webbplats).<\/p>\n<ul>\n<li>Villkor f\u00f6r retur och \u00e5terbetalning<\/li>\n<\/ul>\n<p>Skadade eller defekta produkter: Om du f\u00e5r en produkt som \u00e4r skadad eller defekt, v\u00e4nligen kontakta oss inom 5 dagar efter mottagandet av produkten.<br \/>Felaktig produkt: Om den produkt du f\u00e5tt inte \u00f6verensst\u00e4mmer med din best\u00e4llning, v\u00e4nligen kontakta oss inom 5 dagar efter mottagandet av produkten f\u00f6r att ordna en retur eller ers\u00e4ttning.<\/p>\n<ul>\n<li>Situationer som inte ber\u00e4ttigar till retur eller \u00e5terbetalning F\u00f6ljande situationer ber\u00e4ttigar inte till retur eller \u00e5terbetalning:<\/li>\n<\/ul>\n<p>Scooterdelar tillh\u00f6r specialvaror, st\u00f6der inte retur och utbyte om det inte finns n\u00e5got kvalitetsproblem<\/p>\n<ul>\n<li>Returprocess<\/li>\n<\/ul>\n<p>Om du f\u00e5r en produkt med ett kvalitetsproblem eller f\u00e5r en felaktig produkt, v\u00e4nligen kontakta oss direkt och informera oss om ditt ordernummer.<br \/>Avgifter f\u00f6r returfrakt: Vi kommer att t\u00e4cka returfraktkostnaderna f\u00f6r produkter som returneras p\u00e5 grund av kvalitetsproblem.<\/p>\n<ul>\n<li>\u00c5terbetalningsprocess<\/li>\n<\/ul>\n<p>Metod f\u00f6r \u00e5terbetalning: \u00c5terbetalningar kommer att utf\u00e4rdas till din ursprungliga betalningsmetod och slutf\u00f6ras inom 3-5 dagar.<br \/>N\u00e4r \u00e5terbetalningsprocessen startar tar det 5-7 dagar att f\u00e5 tillbaka pengarna, beroende p\u00e5 din bank.<\/p>\n<ul>\n<li>Avbest\u00e4llning (produkten har skickats ut):<\/li>\n<\/ul>\n<p>Vi st\u00f6der inte avbest\u00e4llningar och returer f\u00f6r levererade produkter f\u00f6r scooterdelar.<\/p>\n<ul>\n<li>Avbest\u00e4llning av f\u00f6rbest\u00e4llningar:<\/li>\n<\/ul>\n<p>F\u00f6r alla f\u00f6rbest\u00e4llningar g\u00e4ller att om du av personliga sk\u00e4l avbest\u00e4ller din best\u00e4llning innan den har skickats, kommer du att vara ansvarig f\u00f6r transaktionsavgiften.<\/p>\n<ul>\n<li>F\u00f6r produkt som inte k\u00f6pts fr\u00e5n kukirin-escooter.com:<\/li>\n<\/ul>\n<p>F\u00f6r produkter som inte har k\u00f6pts p\u00e5 denna webbplats kan vi inte tillhandah\u00e5lla en l\u00f6sning, v\u00e4nligen kontakta din leverant\u00f6r direkt.<\/p>\n<ul>\n<li>Beh\u00f6ver du hj\u00e4lp?<\/li>\n<\/ul>\n<p>Om du har n\u00e5gra fr\u00e5gor eller beh\u00f6ver ytterligare hj\u00e4lp, v\u00e4nligen kontakta oss: info@kukirin-scooter-parts.com<\/p>\n<ul>\n<li>Policyuppdateringar<\/li>\n<\/ul>\n<p>Vi f\u00f6rbeh\u00e5ller oss r\u00e4tten att n\u00e4r som helst uppdatera denna policy. V\u00e4nligen kontrollera den senaste versionen av retur- och \u00e5terbetalningspolicyn innan du g\u00f6r ett k\u00f6p.<\/p>\n\t\t\t\t\t\t\t\t<\/div>\n\t\t\t\t<\/div>\n\t\t\t\t\t<\/div>\n\t\t\t\t<\/div>\n\t\t\t\t<\/div>","protected":false},"excerpt":{"rendered":"<p>If you request refund or return after placing an order, please refer to the following return and refund policy.(scope of Application This policy applies to all products purchased on our website.) Return and Refund Conditions Damaged or Defective Products: If you receive a product that is damaged or defective, please contact us within 5 days &#8230; <a title=\"Policy f\u00f6r \u00e5terbetalning och returer\" class=\"read-more\" href=\"https:\/\/kukirin-scooter-parts.com\/sv\/refund_returns\/\" aria-label=\"L\u00e4s mer om Refund and Returns Policy\">L\u00e4s mer<\/a><\/p>","protected":false},"author":1,"featured_media":0,"parent":0,"menu_order":0,"comment_status":"closed","ping_status":"closed","template":"","meta":{"footnotes":""},"class_list":["post-11","page","type-page","status-publish"],"_links":{"self":[{"href":"https:\/\/kukirin-scooter-parts.com\/sv\/wp-json\/wp\/v2\/pages\/11","targetHints":{"allow":["GET"]}}],"collection":[{"href":"https:\/\/kukirin-scooter-parts.com\/sv\/wp-json\/wp\/v2\/pages"}],"about":[{"href":"https:\/\/kukirin-scooter-parts.com\/sv\/wp-json\/wp\/v2\/types\/page"}],"author":[{"embeddable":true,"href":"https:\/\/kukirin-scooter-parts.com\/sv\/wp-json\/wp\/v2\/users\/1"}],"replies":[{"embeddable":true,"href":"https:\/\/kukirin-scooter-parts.com\/sv\/wp-json\/wp\/v2\/comments?post=11"}],"version-history":[{"count":4,"href":"https:\/\/kukirin-scooter-parts.com\/sv\/wp-json\/wp\/v2\/pages\/11\/revisions"}],"predecessor-version":[{"id":99,"href":"https:\/\/kukirin-scooter-parts.com\/sv\/wp-json\/wp\/v2\/pages\/11\/revisions\/99"}],"wp:attachment":[{"href":"https:\/\/kukirin-scooter-parts.com\/sv\/wp-json\/wp\/v2\/media?parent=11"}],"curies":[{"name":"wp","href":"https:\/\/api.w.org\/{rel}","templated":true}]}}