{"id":69,"date":"2024-09-02T03:59:33","date_gmt":"2024-09-02T03:59:33","guid":{"rendered":"https:\/\/kukirin-scooter-parts.com\/?page_id=69"},"modified":"2024-09-02T08:23:12","modified_gmt":"2024-09-02T08:23:12","slug":"warranty-policy","status":"publish","type":"page","link":"https:\/\/kukirin-scooter-parts.com\/sl\/warranty-policy\/","title":{"rendered":"Garancijska politika"},"content":{"rendered":"<div data-elementor-type=\"wp-page\" data-elementor-id=\"69\" class=\"elementor elementor-69\" data-elementor-post-type=\"page\">\n\t\t\t\t<div class=\"elementor-element elementor-element-438fa0d e-flex e-con-boxed e-con e-parent\" data-id=\"438fa0d\" data-element_type=\"container\" data-e-type=\"container\">\n\t\t\t\t\t<div class=\"e-con-inner\">\n\t\t\t\t<div class=\"elementor-element elementor-element-339e41b elementor-widget elementor-widget-text-editor\" data-id=\"339e41b\" data-element_type=\"widget\" data-e-type=\"widget\" data-widget_type=\"text-editor.default\">\n\t\t\t\t<div class=\"elementor-widget-container\">\n\t\t\t\t\t\t\t\t\t<p>Baterija<\/p><p>KuKirin Scooter Parts ponujajo 6-mese\u010dno garancijo z baterijo, \u010de ugotovimo, da je baterija okvarjena, bomo brezpla\u010dno poslali nadomestne dele.<\/p><p>Za vse garancijske zahtevke za baterije in pakete baterij veljajo naslednji pogoji in omejitve:<\/p><p>Pogoji in omejitve<\/p><p>1. Baterija mora biti ustrezne velikosti, oblike in zmogljivosti za uporabo. \u010ce ne boste uporabili ustrezne baterije za uporabo, bodo vse garancije razveljavljene.<br \/>2. Z baterijo je treba pravilno ravnati, jo shranjevati in namestiti. Kon\u010dna namestitev se opravi najpozneje v dveh mesecih od datuma prejema.<br \/>3. Baterija mora delovati v povezavi s sistemom za polnjenje s konstantno napetostjo z omejenim tokom, sicer pa mora delovati in biti vzdr\u017eevana v skladu z navodili.<br \/>4. Uporabnik mora predstavniku podjetja KuKirin Scooter Parts dovoliti pregled baterije tako, da nam baterije po\u0161lje nazaj v pregled zaradi garancijskega zahtevka.<br \/>5. Za nadomestno baterijo velja le preostali neizkori\u0161\u010deni del garancije originalne baterije.<br \/>6. Ta garancija preneha veljati, \u010de je baterija predmet napa\u010dne uporabe, zlorabe ali vidnih fizi\u010dnih po\u0161kodb ali \u010de postane neuporabna zaradi po\u017eara, razbitin, poplave, zmrzali ali drugih vi\u0161jih sil.<br \/>7. Zgoraj navedene garancije nadome\u0161\u010dajo vse druge garancije, izrecne ali implicitne, vklju\u010dno, brez omejitev, z vsemi implicitnimi garancijami o primernosti za prodajo ali ustreznosti. Podjetje KuKirin Scooter Parts.com v nobenem primeru ne odgovarja za kakr\u0161ne koli naklju\u010dne KuKirin Scooter Parts.com ne odgovarja za kakr\u0161ne koli napake ali kr\u0161itve pogodb v zvezi s kakovostjo ali delovanjem zgoraj navedene opreme na podlagi katere koli pravne teorije.<br \/>8. Te omejene garancije veljajo za prvotnega kupca (uporabnika) in niso prenosljive.<br \/>9. Uporabnik mora v primeru domnevne napake takoj obvestiti podjetje KuKirin Scooter Parts.<\/p><p>\u010ce \u017eelite vlo\u017eiti garancijski zahtevek za katero koli baterijo, nam po\u0161ljite e-po\u0161to na naslov info@kukirin-scooter-parts.com z naslednjimi podatki:<\/p><p>Ime<br \/>Naslov<br \/>\u0160tevilka naro\u010dila<br \/>Datumska koda, vtisnjena na bateriji<\/p><p>Drugi predmeti<\/p><p>KuKirin Scooter Parts ponujajo 12-mese\u010dno garancijo za druge predmete, razen baterije<br \/>Za vse garancijske zahtevke za druge izdelke v trgovini veljajo naslednji pogoji in omejitve:<\/p><p>Pogoji in omejitve<\/p><p>1. Uporabnik mora predstavniku podjetja KuKirin Scooter Parts dovoliti pregled izdelka.<br \/>2. Za nadomestni izdelek velja le preostali neizkori\u0161\u010deni del garancije originalnega izdelka.<br \/>3. Ta garancija preneha veljati, \u010de je izdelek predmet napa\u010dne uporabe, zlorabe ali vidnih fizi\u010dnih po\u0161kodb ali \u010de postane neuporaben zaradi po\u017eara, razbitin, poplave, zmrzali ali drugih vi\u0161jih sil.<br \/>4. Zgoraj navedene garancije nadome\u0161\u010dajo vse druge garancije, izrecne ali implicitne, med drugim tudi kakr\u0161no koli implicitno garancijo o primernosti za prodajo ali ustreznosti. Podjetje KuKirin Scooter Parts v nobenem primeru ne odgovarja za kakr\u0161no koli naklju\u010dno ali posledi\u010dno \u0161kodo ali izgubo. Kot je navedeno v tem dokumentu, podjetje KuKirin Scooter Parts ni odgovorno za kakr\u0161ne koli napake ali kr\u0161itve pogodb v zvezi s kakovostjo ali delovanjem zgoraj navedene opreme na podlagi katere koli pravne teorije.<br \/>5. Ta omejena garancija velja za prvotnega kupca (uporabnika) in ni prenosljiva.<br \/>6. Uporabnik mora v primeru domnevne napake takoj obvestiti podjetje KuKirin Scooter Parts.<br \/>7. Vse druge implicitne garancije za te dele, med drugim tudi garancije o primernosti za prodajo in ustreznosti za dolo\u010den namen, se zavra\u010dajo. 8. Podjetje KuKirin Scooter Parts v nobenem primeru ne odgovarja za kakr\u0161no koli naklju\u010dno ali posledi\u010dno \u0161kodo ali izgubo. Kot je navedeno v tem dokumentu, podjetje KuKirin Scooter Parts ni odgovorno za kakr\u0161ne koli napake ali kr\u0161itve pogodb v zvezi s kakovostjo ali delovanjem zgoraj navedene opreme na podlagi katere koli pravne teorije.<\/p><p><b>Postopek<\/b><\/p><p>\u010ce \u017eelite vlo\u017eiti garancijski zahtevek, nam po\u0161ljite e-po\u0161tno sporo\u010dilo na naslov info@kukirin-scooter-parts.com s podrobnostmi o te\u017eavah, ki jih imate s svojim izdelkom.<\/p>\t\t\t\t\t\t\t\t<\/div>\n\t\t\t\t<\/div>\n\t\t\t\t\t<\/div>\n\t\t\t\t<\/div>\n\t\t\t\t<\/div>","protected":false},"excerpt":{"rendered":"<p>Battery KuKirin Scooter Parts offer 6-month warranty with battery\uff0cif determines the battery to be defective, we will ship the replacement(s) without charge. All battery and battery pack warranty claims are subject to the following conditions and limitations: Conditions and Limitations 1. The battery shall be the proper size, design, and capacity for the application. Failure &#8230; <a title=\"Garancijska politika\" class=\"read-more\" href=\"https:\/\/kukirin-scooter-parts.com\/sl\/warranty-policy\/\" aria-label=\"Read more about Warranty Policy\">Read more<\/a><\/p>","protected":false},"author":1,"featured_media":0,"parent":0,"menu_order":0,"comment_status":"closed","ping_status":"closed","template":"","meta":{"footnotes":""},"class_list":["post-69","page","type-page","status-publish"],"_links":{"self":[{"href":"https:\/\/kukirin-scooter-parts.com\/sl\/wp-json\/wp\/v2\/pages\/69","targetHints":{"allow":["GET"]}}],"collection":[{"href":"https:\/\/kukirin-scooter-parts.com\/sl\/wp-json\/wp\/v2\/pages"}],"about":[{"href":"https:\/\/kukirin-scooter-parts.com\/sl\/wp-json\/wp\/v2\/types\/page"}],"author":[{"embeddable":true,"href":"https:\/\/kukirin-scooter-parts.com\/sl\/wp-json\/wp\/v2\/users\/1"}],"replies":[{"embeddable":true,"href":"https:\/\/kukirin-scooter-parts.com\/sl\/wp-json\/wp\/v2\/comments?post=69"}],"version-history":[{"count":4,"href":"https:\/\/kukirin-scooter-parts.com\/sl\/wp-json\/wp\/v2\/pages\/69\/revisions"}],"predecessor-version":[{"id":104,"href":"https:\/\/kukirin-scooter-parts.com\/sl\/wp-json\/wp\/v2\/pages\/69\/revisions\/104"}],"wp:attachment":[{"href":"https:\/\/kukirin-scooter-parts.com\/sl\/wp-json\/wp\/v2\/media?parent=69"}],"curies":[{"name":"wp","href":"https:\/\/api.w.org\/{rel}","templated":true}]}}