{"id":67,"date":"2024-09-02T03:57:53","date_gmt":"2024-09-02T03:57:53","guid":{"rendered":"https:\/\/kukirin-scooter-parts.com\/?page_id=67"},"modified":"2024-09-27T10:18:13","modified_gmt":"2024-09-27T10:18:13","slug":"shipping-delivery","status":"publish","type":"page","link":"https:\/\/kukirin-scooter-parts.com\/sl\/shipping-delivery\/","title":{"rendered":"Dostava in po\u0161iljanje"},"content":{"rendered":"<div data-elementor-type=\"wp-page\" data-elementor-id=\"67\" class=\"elementor elementor-67\" data-elementor-post-type=\"page\">\n\t\t\t\t<div class=\"elementor-element elementor-element-df66abb e-flex e-con-boxed e-con e-parent\" data-id=\"df66abb\" data-element_type=\"container\" data-e-type=\"container\">\n\t\t\t\t\t<div class=\"e-con-inner\">\n\t\t\t\t<div class=\"elementor-element elementor-element-3920418 elementor-widget elementor-widget-text-editor\" data-id=\"3920418\" data-element_type=\"widget\" data-e-type=\"widget\" data-widget_type=\"text-editor.default\">\n\t\t\t\t<div class=\"elementor-widget-container\">\n\t\t\t\t\t\t\t\t\t<p>Na\u010dini po\u0161iljanja<br \/>Pri dostavi sodelujemo z ladjarji DPD, UPS in GLS. Takoj po za\u010detku po\u0161iljanja bomo strankam po e-po\u0161ti poslali informacije o po\u0161iljanju, vklju\u010dno z datumom po\u0161iljanja, \u0161tevilko za sledenje in spletno stranjo za sledenje.<\/p><p>Dostava od<br \/>Lokalna skladi\u0161\u010da na Poljskem.<\/p><p>Dostava v<br \/>Vse dr\u017eave EU, razen Cipra, Malte in nekaterih oddaljenih otokov.<\/p><p>\u010cas po\u0161iljanja<\/p><p>Iz Poljske v Avstrijo, Belgijo, Bolgarijo, \u010ce\u0161ko, Dansko, Estonijo, Finsko, Francijo, Gr\u010dijo, Irsko, Italijo, Hrva\u0161ko, Latvijo, Litvo, Luksemburg, Mad\u017earsko, Nem\u010dijo, Nizozemsko, Poljsko, Portugalsko, Romunijo, Slova\u0161ko, Slovenijo, \u0160panijo, \u0160vedsko bo dostava trajala 5-7 delovnih dni\uff08Ta \u010das dostave je ocenjen in se lahko med evropskimi prazniki zavle\u010de).<\/p><p>Opomba\uff1a<\/p><p>Inventar izdelkov Scooter deli se pogosto posodablja, nimamo mo\u017enosti, da bi pravo\u010dasno posodobili inventar vsakega izdelka delov, \u010de vam ni vseeno za resen \u010das prihoda, se pred oddajo naro\u010dila obrnite na nas, ali obstaja inventar, in se nato odlo\u010dite, ali \u017eelite naro\u010diti<\/p><p>Stro\u0161ki dostave<\/p><p>Vrednost naro\u010dila nad 35 EUR je brezpla\u010dna.Za vrednost naro\u010dila pod 35 EUR se zara\u010duna po\u0161tnina v vi\u0161ini 10 EUR na naro\u010dilo. Uvozni davki se pla\u010dajo ob odpremi blaga v poljsko skladi\u0161\u010de, carine vam ni treba pla\u010dati.<\/p>\t\t\t\t\t\t\t\t<\/div>\n\t\t\t\t<\/div>\n\t\t\t\t\t<\/div>\n\t\t\t\t<\/div>\n\t\t\t\t<\/div>","protected":false},"excerpt":{"rendered":"<p>Shipping methodsWe work with DPD, UPS and GLS shipping companies for our deliveries. We\u2019ll send the shipping information to our customers by emails as soon as the shipping is started, including the shipping date, the tracking number and the tracking site. Shipping fromThe local warehouses in Poland. Shipping toAll EU countries, except for Cyprus, Malta &#8230; <a title=\"Shipping &amp; Delivery\" class=\"read-more\" href=\"https:\/\/kukirin-scooter-parts.com\/sl\/shipping-delivery\/\" aria-label=\"Read more about Shipping &amp; Delivery\">Read more<\/a><\/p>","protected":false},"author":1,"featured_media":0,"parent":0,"menu_order":0,"comment_status":"closed","ping_status":"closed","template":"","meta":{"footnotes":""},"class_list":["post-67","page","type-page","status-publish"],"_links":{"self":[{"href":"https:\/\/kukirin-scooter-parts.com\/sl\/wp-json\/wp\/v2\/pages\/67","targetHints":{"allow":["GET"]}}],"collection":[{"href":"https:\/\/kukirin-scooter-parts.com\/sl\/wp-json\/wp\/v2\/pages"}],"about":[{"href":"https:\/\/kukirin-scooter-parts.com\/sl\/wp-json\/wp\/v2\/types\/page"}],"author":[{"embeddable":true,"href":"https:\/\/kukirin-scooter-parts.com\/sl\/wp-json\/wp\/v2\/users\/1"}],"replies":[{"embeddable":true,"href":"https:\/\/kukirin-scooter-parts.com\/sl\/wp-json\/wp\/v2\/comments?post=67"}],"version-history":[{"count":10,"href":"https:\/\/kukirin-scooter-parts.com\/sl\/wp-json\/wp\/v2\/pages\/67\/revisions"}],"predecessor-version":[{"id":539,"href":"https:\/\/kukirin-scooter-parts.com\/sl\/wp-json\/wp\/v2\/pages\/67\/revisions\/539"}],"wp:attachment":[{"href":"https:\/\/kukirin-scooter-parts.com\/sl\/wp-json\/wp\/v2\/media?parent=67"}],"curies":[{"name":"wp","href":"https:\/\/api.w.org\/{rel}","templated":true}]}}