{"id":65,"date":"2024-09-02T03:55:17","date_gmt":"2024-09-02T03:55:17","guid":{"rendered":"https:\/\/kukirin-scooter-parts.com\/?page_id=65"},"modified":"2024-09-02T07:28:52","modified_gmt":"2024-09-02T07:28:52","slug":"terms-of-service","status":"publish","type":"page","link":"https:\/\/kukirin-scooter-parts.com\/sl\/terms-of-service\/","title":{"rendered":"Pogoji uporabe storitev"},"content":{"rendered":"<div data-elementor-type=\"wp-page\" data-elementor-id=\"65\" class=\"elementor elementor-65\" data-elementor-post-type=\"page\">\n\t\t\t\t<div class=\"elementor-element elementor-element-9797c62 e-flex e-con-boxed e-con e-parent\" data-id=\"9797c62\" data-element_type=\"container\" data-e-type=\"container\">\n\t\t\t\t\t<div class=\"e-con-inner\">\n\t\t\t\t<div class=\"elementor-element elementor-element-53fff2a elementor-widget elementor-widget-text-editor\" data-id=\"53fff2a\" data-element_type=\"widget\" data-e-type=\"widget\" data-widget_type=\"text-editor.default\">\n\t\t\t\t<div class=\"elementor-widget-container\">\n\t\t\t\t\t\t\t\t\t<p>Dobrodo\u0161li na kukirin-scooter-parts.com! Ti pogoji uporabe opisujejo pogoje, ki veljajo za va\u0161 dostop do spletnega mesta kukirin-scooter.com in njegovo uporabo. Ta izjava je pravno zavezujo\u010d sporazum med vami kot uporabnikom(-i) spletnega mesta (v nadaljnjem besedilu \"vi\", \"\u010dlan\", \"stranka\" ali \"uporabnik\") in kukirin-scooter.com (v nadaljnjem besedilu \"mi\", \"na\u0161\", \"nas\" ali \"KuKirin\", \"spletno mesto\"), Pred naro\u010dilom izdelkov z na\u0161ega spletnega mesta natan\u010dno preberite te pogoje.<\/p><h2><strong><b>Uporabni\u0161ka pogodba<\/b><\/strong><\/h2><p>Z dostopom, brskanjem ali uporabo tega spletnega mesta se strinjate, da vas zavezujejo pogoji uporabe tega spletnega mesta ter vsi veljavni zakoni in predpisi, hkrati pa se strinjate, da ste odgovorni za skladnost z vsemi veljavnimi lokalnimi zakoni. \u010ce se ne strinjate s katerim koli od teh pogojev, vam je prepovedana uporaba ali dostop do tega spletnega mesta. Gradiva, ki jih vsebuje to spletno mesto, so za\u0161\u010ditena z veljavnimi zakoni o avtorskih pravicah in blagovnih znamkah. Na\u0161i izdelki in storitve so namenjeni predvsem odraslim. \u010ce ste mladoletna oseba, zagotovite, da spletno mesto obiskujete pod nadzorom star\u0161ev ali zakonitih skrbnikov.<\/p><h3><strong><b>1. Pogoj sporazuma\u00a0<\/b><\/strong><\/h3><p>1.1 Kot pogoj za dostop do spletnega mesta ali storitev in njihovo uporabo se strinjate, da boste pri uporabi spletnega mesta ali storitev ravnali v skladu z vsemi veljavnimi zakoni in predpisi.\u00a0<\/p><p>1.2 Strinjate se, da boste spletno mesto ali storitve uporabljali izklju\u010dno v zasebne in notranje namene. Strinjate se, da (a) ne boste kopirali, reproducirali, prena\u0161ali, ponovno objavljali, prodajali, distribuirali ali preprodajali nobenih storitev ali kakr\u0161nih koli informacij, besedil, slik, grafik, video posnetkov, zvoka, imenikov, datotek, baz podatkov ali seznamov itd., ki so na voljo na spletnem mestu ali prek njega (\"vsebina spletnega mesta\"), in (b) ne boste kopirali, reproducirali, prena\u0161ali, sestavljali ali druga\u010de uporabljali vsebine spletnega mesta za namene poslovanja, ki konkurira podjetju KuKirin ali druga\u010de komercialno izkori\u0161\u010dali vsebine spletnega mesta. Brez pisnega dovoljenja dru\u017ebe KuKirin je prepovedano sistemati\u010dno pridobivanje vsebine spletnega mesta s spletnega mesta za neposredno ali posredno ustvarjanje ali sestavljanje zbirke, kompilacije, zbirke podatkov ali imenika (z roboti, pajki, samodejnimi napravami ali ro\u010dnimi postopki). Uporaba katere koli vsebine ali gradiva na spletnem mestu za kakr\u0161en koli namen, ki ni izrecno dovoljen v teh pogojih, je prepovedana.<br \/>\u00a0<\/p><p>1.3 Prebrati morate KuKirinovo politiko zasebnosti, ki ureja za\u0161\u010dito in uporabo osebnih podatkov o uporabnikih, s katerimi razpolagajo KuKirin in na\u0161e povezane dru\u017ebe. Strinjate se z uporabo va\u0161ih osebnih podatkov o vas v skladu s Politiko zasebnosti.\u00a0<\/p><p>1.4 KuKirin lahko uporabnikom omogo\u010di dostop do vsebin, izdelkov ali storitev, ki jih ponujajo tretje osebe, prek hiperpovezav (v obliki besednih povezav, pasic, kanalov ali kako druga\u010de), API ali kako druga\u010de do spletnih strani teh tretjih oseb. Opozarjamo vas, da pred uporabo spletnega mesta preberete pogoje in dolo\u010dila in\/ali politike zasebnosti takih spletnih mest. Zavedate se, da KuKirin nima nadzora nad spletnimi mesti takih tretjih oseb, ne spremlja tak\u0161nih spletnih mest in ne odgovarja nikomur za tak\u0161na spletna mesta ali kakr\u0161no koli vsebino, izdelke ali storitve, ki so na voljo na tak\u0161nih spletnih mestih.<\/p><p>1.5 Strinjate se, da ne boste izvajali nobenih dejanj, ki bi ogrozila celovitost ra\u010dunalni\u0161kih sistemov ali omre\u017eij dru\u017ebe KuKirin in\/ali katerega koli drugega uporabnika, niti ne boste pridobili nepoobla\u0161\u010denega dostopa do teh ra\u010dunalni\u0161kih sistemov ali omre\u017eij.\u00a0<\/p><p>1.6 Strinjate se, da ne boste izvajali dejanj, ki bi lahko ogrozila celovitost sistema povratnih informacij dru\u017ebe KuKirin, kot je na primer pu\u0161\u010danje pozitivnih povratnih informacij zase z uporabo sekundarnih ID-jev \u010dlanov ali prek tretjih oseb ali pu\u0161\u010danje neutemeljenih negativnih povratnih informacij za drugega uporabnika.<\/p><h3><strong><b>2. Odgovornosti uporabnika\u00a0<\/b><\/strong><\/h3><p>2.1 Za uporabo nekaterih storitev mora biti uporabnik registriran na spletnem mestu. Razen z odobritvijo dru\u017ebe KuKirin lahko en uporabnik na spletnem mestu registrira le en uporabni\u0161ki ra\u010dun. Dru\u017eba KuKirin lahko prekli\u010de ali ukine uporabni\u0161ki ra\u010dun, \u010de ima razloge za sum, da je uporabnik hkrati registriral ali nadzoroval dva ali ve\u010d uporabni\u0161kih ra\u010dunov. Poleg tega lahko KuKirin iz kakr\u0161nega koli razloga zavrne uporabnikovo vlogo za registracijo.\u00a0<\/p><p>2.2 Ob registraciji na spletnem mestu KuKirin vsakemu registriranemu uporabniku dodeli ra\u010dun ter mu izda uporabni\u0161ko ime in geslo (slednje izbere registrirani uporabnik ob registraciji). Ra\u010dun ima lahko spletni e-po\u0161tni ra\u010dun z omejenim pomnilni\u0161kim prostorom, ki uporabniku omogo\u010da po\u0161iljanje ali prejemanje e-po\u0161te. Ko postanete uporabnik dru\u017ebe KuKirin, se strinjate, da dru\u017ebi KuKirin dovolite shranjevanje in uporabo va\u0161ih podatkov v skladu s Politiko zasebnosti.\u00a0<\/p><p>2.3 Sklop uporabni\u0161kega imena in gesla je edinstven za posamezen ra\u010dun. Vsak uporabnik je izklju\u010dno odgovoren za ohranjanje zaupnosti in varnosti svojega uporabni\u0161kega ID in gesla ter za vse dejavnosti, ki se izvajajo pod njegovim ra\u010dunom. Noben uporabnik ne sme deliti, dodeliti ali dovoliti uporabe svojega uporabni\u0161kega ra\u010duna, ID ali gesla drugi osebi zunaj lastnega poslovnega subjekta. Uporabnik se strinja, da bo dru\u017ebo KuKirin nemudoma obvestil, \u010de izve za kakr\u0161no koli nepoobla\u0161\u010deno uporabo svojega gesla ali ra\u010duna ali kakr\u0161no koli drugo kr\u0161itev varnosti svojega ra\u010duna.\u00a0<\/p><p>2.4 Uporabnik se strinja, da se vse dejavnosti, ki se izvajajo v njegovem ra\u010dunu (med drugim vklju\u010dno z objavo kakr\u0161nih koli informacij o podjetju ali izdelku, klikom na sprejem dodatnih pogodb ali pravil, naro\u010danjem ali pla\u010devanjem kakr\u0161nih koli storitev, po\u0161iljanjem e-po\u0161tnih sporo\u010dil z uporabo e-po\u0161tnega ra\u010duna), \u0161tejejo za avtorizirane s strani uporabnika.\u00a0<\/p><p>2.5 Uporabnik se zaveda, da lahko souporaba njegovega ra\u010duna z drugimi osebami ali omogo\u010danje uporabe njegovega ra\u010duna ve\u010d uporabnikom (skupaj \"ve\u010dkratna uporaba\") povzro\u010di nepopravljivo \u0161kodo dru\u017ebi KuKirin ali drugim uporabnikom spletnega mesta. Uporabnik bo dru\u017ebi KuKirin, na\u0161im povezanim dru\u017ebam, direktorjem, zaposlenim, zastopnikom in predstavnikom povrnil \u0161kodo (med drugim izgubo dobi\u010dka), ki jo utrpijo zaradi ve\u010dkratne uporabe va\u0161ega ra\u010duna. Uporabnik se tudi strinja, da v primeru ve\u010dkratne uporabe njegovega ra\u010duna ali \u010de uporabnik ne poskrbi za varnost svojega ra\u010duna, KuKirin ni odgovoren za nobeno izgubo ali \u0161kodo, ki bi nastala zaradi tak\u0161ne kr\u0161itve, in ima pravico za\u010dasno ali trajno ukiniti uporabnikov ra\u010dun, ne da bi bil za to odgovoren.\u00a0<\/p><p>2.6 Uporabnik jam\u010di, da so podatki, ki jih je navedel ob registraciji ra\u010duna KuKirin, to\u010dni, resni\u010dni, zakoniti in veljavni ter da pripadajo izklju\u010dno njemu. Uporabniki so izklju\u010dno odgovorni za to\u010dnost podatkov, ki jih posredujejo dru\u017ebi KuKirin, dru\u017eba KuKirin pa ne bo odgovorna in ne bo ponudila od\u0161kodnine za primere nepravilnih podatkov\u00a0<\/p><p>2.7 Uporabnik ima mo\u017enost preklicati naro\u010dilo le pred odpremo, in sicer tako, da se obrne na na\u0161 center za podporo. KuKirin si pridr\u017euje pravico, da prekli\u010de naro\u010dilo za strategijo delovanja s predhodnim obvestilom na uporabni\u0161ki ra\u010dun. Vendar pa naro\u010dila po odpremi ni mogo\u010de preklicati, spremeniti ali povrniti. Po prejemu paketa za\u010dne veljati na\u0161 pravilnik o vra\u010dilu.\u00a0<\/p><p>2.8 Uporabnik mora upo\u0161tevati, da ima ob registraciji mo\u017enost naro\u010diti ali preklicati naro\u010dnino na novice.\u00a0<\/p><p>2.9 Uporabnik razume in se strinja, da ima KuKirin pravico kadar koli za\u010dasno ali trajno prekiniti vse ali del storitev v skladu s svojimi poslovnimi potrebami (med drugim v primerih, kot so kr\u0161itev pogojev poslovanja KuKirina, nesprejemljivi in nerazumni komentarji ali vedenje do podobe blagovne znamke KuKirin).\u00a0\u00a0<\/p><p>2.10 \u010ce imate kakr\u0161ne koli pomisleke ali prito\u017ebe v zvezi z na\u0161imi storitvami, nam pi\u0161ite neposredno na naslov Kontakt. Prav tako imate pravico do prito\u017ebe pri uradnih organih. Vendar bi bili veseli, \u010de bi lahko va\u0161e pomisleke obravnavali, preden se obrnete na tretje osebe, zato se najprej obrnite na nas.<\/p><h3><strong><b>3. Pogoji uporabe\u00a0<\/b><\/strong><\/h3><p>3.1 Licenca<\/p><p>Uporaba Dovoljenje je odobreno za za\u010dasni prenos ene kopije gradiva (informacij ali programske opreme) s spletne strani kukirin-scooter.com samo za osebni in nekomercialni prehodni ogled. To je podelitev licence in ne prenos lastninske pravice, v skladu s to licenco pa gradiva ne smete spreminjati ali kopirati, uporabljati gradiva v komercialne namene ali za kakr\u0161no koli javno predstavitev (komercialno ali nekomercialno), posku\u0161ati dekompilirati ali izvajati povratnega in\u017eeniringa katere koli programske opreme na spletnem mestu kukirin-scooter.com, odstranjevati avtorskih pravic ali drugih lastni\u0161kih zaznamkov iz gradiva, prena\u0161ati gradiva na drugo osebo ali \"zrcaliti\" gradivo na katerem koli drugem stre\u017eniku. Ta licenca samodejno preneha veljati, \u010de kr\u0161ite katero koli od teh omejitev, in jo lahko spletna stran kukirin-scooter.com kadar koli prekine. Po prenehanju gledanja teh gradiv ali po prenehanju veljavnosti te licence morate uni\u010diti vsa prenesena gradiva, ki jih imate v elektronski ali tiskani obliki.\u00a0<\/p><p>3.2 Zavrnitev odgovornosti<\/p><p>Gradivo na spletni strani kukirin-scooter.com je na voljo \"tako, kot je\". kukirin-scooter.com ne daje nobenih jamstev, izrecnih ali implicitnih, in s tem zavra\u010da in zanika vsa druga jamstva, vklju\u010dno z, brez omejitev, implicitnimi jamstvi ali pogoji o primernosti za prodajo, primernosti za dolo\u010den namen ali neporu\u0161itvi intelektualne lastnine.\u00a0<\/p><p>3.3 Omejitve<\/p><p>Dru\u017eba kukirin-scooter.com ali njeni dobavitelji v nobenem primeru ne odgovarjajo za kakr\u0161no koli \u0161kodo (med drugim za \u0161kodo zaradi izgube podatkov ali dobi\u010dka ali zaradi prekinitve poslovanja), ki bi nastala zaradi uporabe ali nezmo\u017enosti uporabe gradiva na kukirin-scooter.com, tudi \u010de je bila dru\u017eba kukirin-scooter.com ali njen poobla\u0161\u010deni zastopnik ustno ali pisno obve\u0161\u010den o mo\u017enosti tak\u0161ne \u0161kode. Ker nekatere jurisdikcije ne dovoljujejo omejitev implicitnih jamstev ali omejitev odgovornosti za posledi\u010dno ali naklju\u010dno \u0161kodo, te omejitve za vas morda ne bodo veljale.<\/p><p>3.4 Spremembe in napake<\/p><p>Gradivo na spletni strani kukirin-scooter.com lahko vsebuje tehni\u010dne, tipografske ali fotografske napake. Vendar pa kukirin-scooter.com ne jam\u010di, da je katero koli gradivo na njegovi spletni strani to\u010dno, popolno ali aktualno. Prav tako lahko kukirin-scooter.com kadar koli in brez predhodnega obvestila spremeni gradiva na svojem spletnem mestu. Poleg tega se kukirin-scooter.com ne zavezuje k posodabljanju gradiv.<\/p><p>3.5 Povezave<\/p><p>Spletna stran kukirin-scooter.com ni pregledala vseh spletnih strani, povezanih z njeno spletno stranjo, in ni odgovorna za vsebino nobene od teh povezanih spletnih strani. Vklju\u010ditev katere koli take povezave ne pomeni, da spletna stran kukirin-scooter.com podpira to spletno stran. Uporabnik je odgovoren za uporabo katere koli spletne strani, do katere se nana\u0161ajo povezave, na lastno odgovornost.<\/p><p>3.6 Spremembe pogojev uporabe spletnega mesta<\/p><p>Spletna stran kukirin-scooter.com lahko kadar koli in brez predhodnega obvestila spremeni te pogoje uporabe svoje spletne strani. Z uporabo tega spletnega mesta se strinjate, da vas zavezuje takrat veljavna razli\u010dica teh pogojev uporabe ali drugih kr\u0161itev pravic. Poleg tega kukirin-scooter.com ne jam\u010di in ne daje nobenih zagotovil glede to\u010dnosti, verjetnih rezultatov ali zanesljivosti uporabe gradiv na svoji spletni strani ali kako druga\u010de v zvezi s temi gradivi ali na kateri koli drugi spletni strani, povezani s to spletno stranjo.<\/p><h3>\u00a0<\/h3><h3>4. Pristojno pravo<\/h3><p>Te Pogoje uporabe storitev in vse lo\u010dene pogodbe, s katerimi vam zagotavljamo storitve, urejajo in razlagajo zakoni Zdru\u017eenega kraljestva.<\/p>\t\t\t\t\t\t\t\t<\/div>\n\t\t\t\t<\/div>\n\t\t\t\t\t<\/div>\n\t\t\t\t<\/div>\n\t\t\t\t<\/div>","protected":false},"excerpt":{"rendered":"<p>Welcome to kukirin-scooter-parts.com! These Terms of Use describe the terms and conditions applicable to your access and use of the website at kukirin-scooter.com. This statement is a legally binding agreement between you as the user(s) of the Site (referred to as \u201cyou\u201d, \u201cMember\u201d, &#8220;Customer&#8221; or \u201cUser\u201d hereinafter) and the kukirin-scooter.com (referred to as \u201cwe\u201d, \u201cour\u201d, &#8230; <a title=\"Pogoji uporabe storitev\" class=\"read-more\" href=\"https:\/\/kukirin-scooter-parts.com\/sl\/terms-of-service\/\" aria-label=\"Read more about Terms of Service\">Read more<\/a><\/p>","protected":false},"author":1,"featured_media":0,"parent":0,"menu_order":0,"comment_status":"closed","ping_status":"closed","template":"","meta":{"footnotes":""},"class_list":["post-65","page","type-page","status-publish"],"_links":{"self":[{"href":"https:\/\/kukirin-scooter-parts.com\/sl\/wp-json\/wp\/v2\/pages\/65","targetHints":{"allow":["GET"]}}],"collection":[{"href":"https:\/\/kukirin-scooter-parts.com\/sl\/wp-json\/wp\/v2\/pages"}],"about":[{"href":"https:\/\/kukirin-scooter-parts.com\/sl\/wp-json\/wp\/v2\/types\/page"}],"author":[{"embeddable":true,"href":"https:\/\/kukirin-scooter-parts.com\/sl\/wp-json\/wp\/v2\/users\/1"}],"replies":[{"embeddable":true,"href":"https:\/\/kukirin-scooter-parts.com\/sl\/wp-json\/wp\/v2\/comments?post=65"}],"version-history":[{"count":4,"href":"https:\/\/kukirin-scooter-parts.com\/sl\/wp-json\/wp\/v2\/pages\/65\/revisions"}],"predecessor-version":[{"id":95,"href":"https:\/\/kukirin-scooter-parts.com\/sl\/wp-json\/wp\/v2\/pages\/65\/revisions\/95"}],"wp:attachment":[{"href":"https:\/\/kukirin-scooter-parts.com\/sl\/wp-json\/wp\/v2\/media?parent=65"}],"curies":[{"name":"wp","href":"https:\/\/api.w.org\/{rel}","templated":true}]}}