{"id":61,"date":"2024-09-02T03:53:01","date_gmt":"2024-09-02T03:53:01","guid":{"rendered":"https:\/\/kukirin-scooter-parts.com\/?page_id=61"},"modified":"2024-09-02T07:13:39","modified_gmt":"2024-09-02T07:13:39","slug":"about-us","status":"publish","type":"page","link":"https:\/\/kukirin-scooter-parts.com\/sl\/about-us\/","title":{"rendered":"O nas"},"content":{"rendered":"<div data-elementor-type=\"wp-page\" data-elementor-id=\"61\" class=\"elementor elementor-61\" data-elementor-post-type=\"page\">\n\t\t\t\t<div class=\"elementor-element elementor-element-7594f32 e-flex e-con-boxed e-con e-parent\" data-id=\"7594f32\" data-element_type=\"container\" data-e-type=\"container\">\n\t\t\t\t\t<div class=\"e-con-inner\">\n\t\t\t\t<div class=\"elementor-element elementor-element-5c8e2ed elementor-widget elementor-widget-text-editor\" data-id=\"5c8e2ed\" data-element_type=\"widget\" data-e-type=\"widget\" data-widget_type=\"text-editor.default\">\n\t\t\t\t<div class=\"elementor-widget-container\">\n\t\t\t\t\t\t\t\t\t<p>kukirin-scooter-parts.com, va\u0161 zanesljiv vir uradnih rezervnih delov in dodatne opreme za skuterje Kukirin. Prizadevamo si, da bi vam pomagali, da bi va\u0161 skuter Kukirin deloval kar najbolje z visokokakovostnimi originalnimi sestavnimi deli.<\/p>\n<p>Kot specializirana spletna trgovina vemo, kako pomembno je, da svoje vozilo vzdr\u017eujete z deli, ki so izdelani posebej zanj. Zato ponujamo samo uradne dele Kukirin, s \u010dimer zagotavljamo, da vse, kar kupite pri nas, izpolnjuje natan\u010dne standarde, ki jih je dolo\u010dil proizvajalec izvora - tovarna Kukirin.<\/p>\n<p>Na\u0161 cilj je poskrbeti, da bo va\u0161e nakupovanje potekalo \u010dim bolj gladko, saj vam ponujamo vrhunske storitve za stranke, hitro dostavo in \u0161iroko paleto izdelkov. Kot uradni vir delov za skuterje Kukirin, ne glede na to, ali \u017eelite zamenjati del ali ga nadgraditi, vam ponujamo vse, kar potrebujete, da bo va\u0161 skuter Kukirin v vrhunskem stanju.<\/p>\n<p>Hvala, ker ste izbrali KuKirin. Tu smo, da podpremo va\u0161o vo\u017enjo, ne glede na to, kam vas bo pripeljala.<\/p>\t\t\t\t\t\t\t\t<\/div>\n\t\t\t\t<\/div>\n\t\t\t\t\t<\/div>\n\t\t\t\t<\/div>\n\t\t\t\t<\/div>","protected":false},"excerpt":{"rendered":"<p>kukirin-scooter-parts.com, your trusted source for official Kukirin scooter spare parts and accessories. We\u2019re all about helping you keep your Kukirin scooter running at its best with high-quality, original components. As a dedicated online store, we know how important it is to maintain your ride with parts that are made specifically for it. That\u2019s why we &#8230; <a title=\"O nas\" class=\"read-more\" href=\"https:\/\/kukirin-scooter-parts.com\/sl\/about-us\/\" aria-label=\"Read more about About Us\">Read more<\/a><\/p>","protected":false},"author":1,"featured_media":0,"parent":0,"menu_order":0,"comment_status":"closed","ping_status":"closed","template":"","meta":{"footnotes":""},"class_list":["post-61","page","type-page","status-publish"],"_links":{"self":[{"href":"https:\/\/kukirin-scooter-parts.com\/sl\/wp-json\/wp\/v2\/pages\/61","targetHints":{"allow":["GET"]}}],"collection":[{"href":"https:\/\/kukirin-scooter-parts.com\/sl\/wp-json\/wp\/v2\/pages"}],"about":[{"href":"https:\/\/kukirin-scooter-parts.com\/sl\/wp-json\/wp\/v2\/types\/page"}],"author":[{"embeddable":true,"href":"https:\/\/kukirin-scooter-parts.com\/sl\/wp-json\/wp\/v2\/users\/1"}],"replies":[{"embeddable":true,"href":"https:\/\/kukirin-scooter-parts.com\/sl\/wp-json\/wp\/v2\/comments?post=61"}],"version-history":[{"count":7,"href":"https:\/\/kukirin-scooter-parts.com\/sl\/wp-json\/wp\/v2\/pages\/61\/revisions"}],"predecessor-version":[{"id":83,"href":"https:\/\/kukirin-scooter-parts.com\/sl\/wp-json\/wp\/v2\/pages\/61\/revisions\/83"}],"wp:attachment":[{"href":"https:\/\/kukirin-scooter-parts.com\/sl\/wp-json\/wp\/v2\/media?parent=61"}],"curies":[{"name":"wp","href":"https:\/\/api.w.org\/{rel}","templated":true}]}}