{"id":3,"date":"2024-08-28T09:48:00","date_gmt":"2024-08-28T09:48:00","guid":{"rendered":"http:\/\/kukirin-scooter-parts.com\/?page_id=3"},"modified":"2024-09-02T07:25:46","modified_gmt":"2024-09-02T07:25:46","slug":"privacy-policy","status":"publish","type":"page","link":"https:\/\/kukirin-scooter-parts.com\/sl\/privacy-policy\/","title":{"rendered":"Pravilnik o zasebnosti"},"content":{"rendered":"<div data-elementor-type=\"wp-page\" data-elementor-id=\"3\" class=\"elementor elementor-3\" data-elementor-post-type=\"page\">\n\t\t\t\t<div class=\"elementor-element elementor-element-250f5984 e-flex e-con-boxed e-con e-parent\" data-id=\"250f5984\" data-element_type=\"container\" data-e-type=\"container\">\n\t\t\t\t\t<div class=\"e-con-inner\">\n\t\t\t\t<div class=\"elementor-element elementor-element-2760fd46 elementor-widget elementor-widget-text-editor\" data-id=\"2760fd46\" data-element_type=\"widget\" data-e-type=\"widget\" data-widget_type=\"text-editor.default\">\n\t\t\t\t<div class=\"elementor-widget-container\">\n\t\t\t\t\t\t\t\t\t<p><\/p>\n<p>Tukaj je kukirin-scooter-parts.com (v nadaljevanju \"mi\", \"nas\" ali \"KuKirin\", \"stran\"), smo zavezani k varovanju in spo\u0161tovanju zasebnosti va\u0161ih osebnih podatkov. Ta pravilnik o zasebnosti pojasnjuje, kako podjetje KuKirin zbira, uporablja, prena\u0161a in razkriva va\u0161e podatke. Velja za podatke, ki jih zberemo, ko uporabljate na\u0161a spletna mesta, ko z nami komunicirate prek dru\u017eabnih medijev, e-po\u0161te ali telefona ali ko sodelujete na na\u0161ih tekmovanjih ali dogodkih. Zajema:<\/p>\n<h2 class=\"wp-block-heading\"><strong>1. Na\u0161a zaveza do vas\u00a0<\/strong><br \/><strong>2. Kako varujemo va\u0161e podatke\u00a0\u00a0<\/strong><br \/><strong>3. Osebni podatki, ki jih zbiramo\u00a0<\/strong><br \/><strong>4. Kako zbiramo va\u0161e podatke\u00a0<\/strong><br \/><strong>5. Kako uporabljamo va\u0161e podatke\u00a0<\/strong><br \/><strong>6. O pi\u0161kotkih\u00a0<\/strong><br \/><strong>7. Kako delimo va\u0161e podatke\u00a0<\/strong><br \/><strong>8. Va\u0161e pravice do osebnih podatkov\u00a0<\/strong><br \/><strong>9. Spremembe tega pravilnika o zasebnosti<\/strong><\/h2>\n<h3>1. Na\u0161a zaveza do vas<\/h3>\n<h2 class=\"wp-block-heading\">Varovanje va\u0161ih osebnih podatkov jemljemo resno in va\u0161e osebne podatke obdelujemo po\u0161teno, zakonito in pregledno. Ta pravilnik o zasebnosti opisuje osebne podatke, ki jih zbiramo o vas, in na\u010din njihove uporabe. Va\u0161e osebne podatke bomo zbirali in uporabljali samo za naslednje namene:<\/h2>\n<ul>\n<li>Izbolj\u0161anje na\u0161ih storitev;<\/li>\n<li>izpolnjevanje na\u0161ih zakonskih obveznosti.<\/li>\n<\/ul>\n<h3>2. Kako varujemo va\u0161e podatke<\/h3>\n<p>Imamo ustrezne organizacijske za\u0161\u010ditne in varnostne ukrepe za za\u0161\u010dito va\u0161ih podatkov pred nenamerno izgubo, uporabo ali nepoobla\u0161\u010denim dostopom, spreminjanjem ali razkritjem. Komunikacija med va\u0161im brskalnikom in na\u0161im spletnim mestom uporablja varno \u0161ifrirano povezavo, kadar gre za va\u0161e osebne podatke. Va\u0161e podatke \u0161ifriramo in hranimo v varnih stre\u017enikih, skritih za po\u017earnim zidom. Od vseh tretjih oseb, ki v na\u0161em imenu pogodbeno obdelujejo va\u0161e osebne podatke, zahtevamo, da imajo vzpostavljene varnostne ukrepe za za\u0161\u010dito va\u0161ih podatkov in da te podatke obravnavajo v skladu z zakonom. V nesre\u010dnem primeru kr\u0161itve varstva osebnih podatkov bomo obvestili vas in vse veljavne predpise, ko bomo to morali storiti po zakonu.<\/p>\n<h3>3. Osebni podatki, ki jih zbiramo\u00a0<\/h3>\n<p>3.1 E-po\u0161tni naslov, vklju\u010dno z e-naslovom, posredovanim prek povezanih odobrenih tretjih oseb.<\/p>\n<p>3.2 Podatki o dostavi, vklju\u010dno z imenom, dr\u017eavo in telefonsko \u0161tevilko. Kadar moramo shraniti podatke, povezane z naro\u010dilom, jih v na\u0161o podatkovno zbirko vnesemo s \u0161ifriranjem SSL. \u010ceprav je na\u0161e spletno mesto namenjeno splo\u0161nemu ob\u010dinstvu, zavestno ne bomo zbirali podatkov od otrok, ki jih ne smejo uporabljati ali posredovati na spletno mesto.<\/p>\n<h3>4. Kako zbiramo va\u0161e podatke<\/h3>\n<p>Va\u0161e osebne podatke lahko zbiramo na naslednje na\u010dine:\u00a0<\/p>\n<h2 class=\"wp-block-heading\">4.1 Neposredne interakcije: Podatke o identiteti, stikih, financah, transakcijah, profilu, tr\u017eenju in komunikacijah nam lahko posredujete tako, da izpolnite obrazce, vnesete informacije na spletu ali si z nami dopisujete po po\u0161ti, telefonu, elektronski po\u0161ti, telefonu ali kako druga\u010de. To vklju\u010duje osebne podatke, ki jih posredujete, ko na primer:<\/h2>\n<ul>\n<li>Ustvarite ra\u010dun na na\u0161em spletnem mestu;\u00a0<\/li>\n<li>Naro\u010dite se na na\u0161e glasilo, forume za razpravo in dru\u017eabne medije;<\/li>\n<li>Izpolnite prostovoljno raziskavo trga;<\/li>\n<li>Kontaktirajte nas z vpra\u0161anjem ali prijavite te\u017eavo (po telefonu, e-po\u0161ti, dru\u017eabnih medijih ali storitvi sporo\u010danja);<\/li>\n<li>ko se prijavite na na\u0161e spletno mesto prek dru\u017eabnih omre\u017eij.<\/li>\n<\/ul>\n<p>4.2 Posredne interakcije: Pri interakciji z na\u0161im spletnim mestom lahko samodejno zbiramo tehni\u010dne podatke z uporabo pi\u0161kotkov, stre\u017eni\u0161kih dnevnikov in drugih podobnih tehnologij. Za ve\u010d podrobnosti glejte poglavje O pi\u0161kotkih.<\/p>\n<h2 class=\"wp-block-heading\">4.3 Tretje osebe: Va\u0161e osebne podatke lahko prejmemo od razli\u010dnih tretjih oseb, vklju\u010dno z:\u00a0<\/h2>\n<ul>\n<li>povezane tretje osebe, vklju\u010dno s ponudniki analiti\u010dnih storitev, kot je Google;\u00a0<\/li>\n<li>partnerske mre\u017ee, prek katerih ste dostopali do na\u0161ega spletnega mesta;<\/li>\n<li>platforme dru\u017eabnih medijev, ko se na na\u0161e spletno mesto prijavite prek teh platform dru\u017eabnih medijev.<\/li>\n<\/ul>\n<h3>5. Kako uporabljamo va\u0161e podatke<\/h3>\n<p>Va\u0161e osebne podatke bomo zbirali in obdelovali le, \u010de imamo za to pravno podlago. Pravna podlaga za zbiranje in uporabo va\u0161ih osebnih podatkov se pri nas kot upravljavcu podatkov razlikuje glede na na\u010din in namen, za katerega smo jih zbrali. Va\u0161e osebne podatke bomo zbirali in obdelovali le, \u010de imamo za to pravno podlago. Pravna podlaga za zbiranje in uporabo va\u0161ih osebnih podatkov se pri nas kot upravljavcu podatkov razlikuje glede na na\u010din in namen, za katerega smo jih zbrali. Va\u0161e osebne podatke bomo zbirali le, \u010de:<\/p>\n<p>5.1 Za to imamo va\u0161e soglasje.<\/p>\n<p>5.2 Va\u0161e osebne podatke potrebujemo za izvajanje pogodbe z vami. Na primer za obdelavo va\u0161ega pla\u010dila, izpolnitev va\u0161ega naro\u010dila ali zagotavljanje podpore strankam v zvezi z naro\u010dilom.<\/p>\n<p>5.3 Obdelava je v na\u0161em zakonitem interesu in nad njo ne prevladajo va\u0161e pravice.<\/p>\n<p>5.4 Zakonsko smo zavezani k zbiranju ali razkrivanju va\u0161ih osebnih podatkov. Dru\u017eba KuKirin va\u0161e osebne podatke uporablja za podporo razli\u010dnih dejavnosti. Te so navedene v spodnji preglednici skupaj z vrstami uporabljenih podatkov in pravnimi podlagami, na katere se opiramo pri njihovi obdelavi, vklju\u010dno z na\u0161imi zakonitimi interesi, kadar je to primerno. Upo\u0161tevajte, da lahko va\u0161e osebne podatke obdelujemo na ve\u010d zakonskih podlagah, odvisno od posamezne dejavnosti. \u010ce potrebujete podrobnosti o posamezni pravni podlagi, na katero se opiramo pri obdelavi va\u0161ih osebnih podatkov, \u010de je v spodnji preglednici navedenih ve\u010d kot ena podlaga, se obrnite na nas.\u00a0<\/p>\n<p>5.5 \u010ce \u017eelite ustvariti ra\u010dun in se registrirati kot nova stranka (neposredno ali prek dru\u017ebenih medijev).\u00a0<\/p>\n<p>5.6 Za upravljanje na\u0161ega odnosa z vami, vklju\u010dno z zagotavljanjem vseh informacij, izdelkov in storitev, ki jih zahtevate od nas; obve\u0161\u010danje o spremembah na\u0161ih storitev, pogojev ali pravilnika o zasebnosti; pro\u0161njo, da pustite mnenje ali sodelujete v anketi.\u00a0<\/p>\n<p>5.7 Da bi vam omogo\u010dili sodelovanje v tekmovanju, dogodku, anketi ali prejeli nagrado.\u00a0<\/p>\n<p>5.8 Za upravljanje, za\u0161\u010dito in izbolj\u0161anje na\u0161ega poslovanja in na\u0161ega spletnega mesta\/aplikacije, vklju\u010dno z odpravljanjem te\u017eav, analizo podatkov, testiranjem, vzdr\u017eevanjem sistema, podporo, analizo podatkov, poro\u010danjem in gostovanjem podatkov; nastavljanje privzetih mo\u017enosti za vas, kot sta jezik in valuta.\u00a0\u00a0<\/p>\n<p>5.9 Za zagotavljanje ustrezne vsebine spletnega mesta, spletnih oglasov in informacij za vas ter za merjenje u\u010dinkovitosti ogla\u0161evanja.\u00a0<\/p>\n<p>5.10 Za uporabo podatkovne analitike za: izbolj\u0161anje na\u0161ega spletnega mesta, izdelkov, storitev, tr\u017eenja, odnosov s strankami in izku\u0161enj ter za tr\u017ene raziskave, statisti\u010dne namene in raziskave.\u00a0<\/p>\n<p>5.11 Za priporo\u010danje izdelkov, storitev, popustov in ponudb, ki bi vas lahko zanimali, vklju\u010dno s po\u0161iljanjem tak\u0161nih informacij po e-po\u0161ti, po\u0161ti ali SMS.\u00a0<\/p>\n<p>5.12 Da vas po e-po\u0161ti obvestimo ali opomnimo na kakr\u0161no koli nalogo, opravljeno prek na\u0161ega spletnega mesta, ki ostaja nedokon\u010dana, kot so nedokon\u010dana naro\u010dila ali zapu\u0161\u010dene ko\u0161arice.Va\u0161e osebne podatke bomo uporabili samo za namene, za katere smo jih zbrali, razen \u010de upravi\u010deno menimo, da jih moramo uporabiti za drug namen in da je ta namen zdru\u017eljiv s prvotnim namenom. \u010ce \u017eelimo va\u0161e osebne podatke uporabiti za nepovezan namen, vas bomo o tem obvestili in pojasnili pravno podlago, ki nam to omogo\u010da. Osebne podatke lahko v skladu z zgornjimi pravili obdelujemo brez va\u0161e privolitve, \u010de to zahteva ali dovoljuje zakon. Va\u0161e osebne podatke bomo hranili najve\u010d toliko \u010dasa, kolikor je potrebno za namen(e), za katerega(e) so bili posredovani, in za izpolnjevanje na\u0161ih zakonskih obveznosti. Dodatne podrobnosti o obdobjih, v katerih hranimo podatke, so na voljo na zahtevo.\u00a0<\/p>\n<h3>6. O pi\u0161kotkih\u00a0<\/h3>\n<p>Pi\u0161kotke uporabljamo za shranjevanje dolo\u010denih informacij o vas in spremljanje va\u0161ih obiskov spletnega mesta prek ra\u010dunalnika ali mobilne naprave. Ni neobi\u010dajno, da spletna mesta uporabljajo pi\u0161kotke za izbolj\u0161anje identifikacije svojih obiskovalcev. \"Pi\u0161kotek\" je majhna koli\u010dina podatkov, ki se po\u0161lje v va\u0161 brskalnik in shrani na trdem disku va\u0161ega ra\u010dunalnika ali mobilne naprave. \u010ce pi\u0161kotka ne deaktivirate ali izbri\u0161ete, bodo na\u0161i spletni stre\u017eniki ob vsaki uporabi istega brskalnika ali mobilne naprave za dostop do spletnega mesta obve\u0161\u010deni o va\u0161em obisku spletnega mesta, mi pa bomo morda poznali va\u0161 obisk in vzorec va\u0161e uporabe.\u00a0\u00a0<\/p>\n<p>Pi\u0161kotki nam omogo\u010dajo, da si zapomnimo va\u0161e podatke, tako da vam jih ni treba ponovno vna\u0161ati ob vsaki uporabi spletnega mesta. Poleg tega uporabljamo pi\u0161kotke za upravljanje varnosti na\u0161ega spletnega mesta, zbiranje informacij o uporabi s strani uporabnikov, raziskovanje vzorcev obiskovanja in izvajanje ogla\u0161evanja na podlagi interesov; za pomo\u010d na\u0161im partnerjem pri sledenju obiskov uporabnikov na spletnem mestu ter za spremljanje napredka in sodelovanja pri promocijah. Za te dodatne namene, opredeljene zgoraj, lahko dolo\u010dite, ali in kako bo pi\u0161kotek sprejet, tako da konfigurirate nastavitev zasebnosti brskalnika, ki ga uporabljate za dostop do spletnega mesta, ali nastavitev zasebnosti svoje mobilne naprave. \u010ce prilagodite nastavitev zasebnosti v brskalniku, bo va\u0161a mobilna naprava \u0161e naprej zbirala podatke, razen \u010de prilagodite nastavitev zasebnosti naprave in obratno. Nekatere funkcije spletnega mesta so odvisne od pi\u0161kotkov.\u00a0<\/p>\n<p>Zavedajte se, da se v primeru blokiranja pi\u0161kotkov morda ne boste mogli prijaviti ali uporabljati teh funkcij, nastavitve, ki so odvisne od pi\u0161kotkov, pa bodo morda izgubljene.  Uporabljamo vrsto analiti\u010dnih in ciljno usmerjenih ogla\u0161evalskih orodij, da vam prika\u017eemo ustrezno vsebino spletnega mesta na na\u0161em spletnem mestu in spletne oglase na drugih spletnih mestih in aplikacijah (kot je opisano zgoraj), da vam posredujemo ustrezno vsebino v tr\u017enih sporo\u010dilih (kjer je to primerno) in da merimo u\u010dinkovitost zagotovljenega ogla\u0161evanja.\u00a0<\/p>\n<p>Na primer, orodja, kot je Google Analytics, uporabljamo za analizo Googlovih podatkov o ogla\u0161evanju na podlagi interesov in\/ali podatkov o ob\u010dinstvu tretjih oseb (kot so starost, zakonski stan, \u017eivljenjski dogodki, spol in interesi), da bi ciljno usmerili in izbolj\u0161ali svoje tr\u017eenjske kampanje, tr\u017eenjske strategije in vsebino spletnega mesta. Uporabljamo lahko tudi orodja, ki jih zagotavljajo druge tretje osebe, na primer Facebook. Na\u0161e spletno mesto lahko vklju\u010duje povezave do spletnih mest na\u0161ih partnerskih omre\u017eij, ogla\u0161evalcev in pridru\u017eenih podjetij ali do platform dru\u017eabnih medijev ter povezave z njih. \u010ce sledite povezavi na katero koli od teh spletnih mest, upo\u0161tevajte, da imajo ta spletna mesta lastne politike zasebnosti in da za te politike ne prevzemamo nobene odgovornosti. Preden na njihova spletna mesta posredujete kakr\u0161ne koli osebne podatke, preverite te politike.\u00a0<\/p>\n<h3>7. Kako delimo va\u0161e podatke\u00a0<\/h3>\n<p>Va\u0161ih osebnih ali finan\u010dnih podatkov ne prodajamo, ne dajemo v najem, ne trgujemo z njimi, ne dajemo licenc ali jih kako druga\u010de razkrivamo ali delimo z drugimi, razen v naslednjih posebnih primerih:\u00a0\u00a0\u00a0\u00a0\u00a0<\/p>\n<p>7.1 Tretji ponudniki storitev: Tako kot ve\u010dina spletnih trgovcev tudi mi v\u010dasih uporabljamo tretje ponudnike storitev, ki v na\u0161em imenu opravljajo dolo\u010dene funkcije. Vse informacije, ki jim jih razkrijemo, so namenjene izklju\u010dno za pomo\u010d pri zagotavljanju storitev. Partnerjem, kot je DHL, na primer posredujemo va\u0161e ime, naslov za po\u0161iljanje in telefonsko \u0161tevilko, da bi zagotovili dostavo va\u0161ih naro\u010dil, pri \u010demer lahko ustrezne podatke o stranki uporabimo za spremljanje kakovosti storitve tretje osebe.\u00a0<\/p>\n<p>7.2 Zakonska zahteva za razkritje informacij: Od nas se lahko zahteva, da razkrijemo informacije, \u010de smo prejeli sodni poziv, sodno odredbo ali zahtevo organov pregona, ki opravljajo preiskave, ali \u010de smo po zakonu kako druga\u010de dol\u017eni razkriti tak\u0161ne informacije. Osebne podatke bomo razkrili tudi, \u010de bo to potrebno za za\u0161\u010dito na\u0161ih zakonskih pravic ali uveljavljanje na\u0161ih Pogojev uporabe in drugih pogodb. Informacije lahko na primer posredujemo za zmanj\u0161anje tveganja goljufij ali za prepre\u010devanje goljufij s strani uporabnikov, ki posku\u0161ajo goljufati ali izvajati druge nezakonite dejavnosti na na\u0161em spletnem mestu.\u00a0<\/p>\n<p>7.3 Zdru\u017eitev in\/ali prodaja sredstev: Pri svojem poslovanju osebnih podatkov obi\u010dajno ne prodajamo, izmenjujemo ali dajemo v najem drugim podjetjem. Vendar je mogo\u010de, da nas prevzame, se zdru\u017eimo z drugim podjetjem ali da nas prevzame drugo podjetje, ali da prodamo del ali vsa na\u0161a sredstva, pri \u010demer se lahko va\u0161i osebni podatki razkrijejo drugemu podjetju v skladu z veljavnim pravilnikom o zasebnosti.\u00a0<\/p>\n<p>7.4 Podatki, ki jih ni mogo\u010de osebno prepoznati: Informacije, ki ne omogo\u010dajo identifikacije vas ali katerega koli uporabnika, na primer \u0161tevilo dnevnih obiskovalcev dolo\u010dene strani ali velikost naro\u010dila, oddanega na dolo\u010den datum, lahko delimo s tretjimi osebami, kot so ogla\u0161evalski partnerji.<\/p>\n<h3>8. Va\u0161e pravice do osebnih podatkov\u00a0\u00a0<\/h3>\n<p>V skladu z zakonodajo o varstvu podatkov imate ve\u010d pravic. V dolo\u010denih okoli\u0161\u010dinah je med njimi pravica do:<\/p>\n<p>8.1 Zahteva za dostop do va\u0161ih osebnih podatkov<\/p>\n<p>8.2 Zahtevajte popravek svojih osebnih podatkov<\/p>\n<p>8.3 Zahtevajte izbris svojih osebnih podatkov<\/p>\n<p>8.4 Zahtevajte omejitev obdelave va\u0161ih osebnih podatkov<\/p>\n<p>8.5 Zahtevajte prenos svojih osebnih podatkov.<\/p>\n<p>8.6 Ugovarjanje obdelavi va\u0161ih osebnih podatkov<\/p>\n<p>8.7 Ugovarjanje avtomatiziranemu sprejemanju odlo\u010ditev<\/p>\n<h3>9. Spremembe tega pravilnika o zasebnosti<\/h3>\n<p>Ob\u010dasno lahko spremenimo ta pravilnik o zasebnosti. \u010ce pride do bistvenih sprememb, bomo posodobitve objavili na na\u0161em spletnem mestu in aplikacijah ali vas o tem obvestili po e-po\u0161ti. Ta pravilnik o zasebnosti je bil nazadnje posodobljen 4. septembra 2024.<\/p>\t\t\t\t\t\t\t\t<\/div>\n\t\t\t\t<\/div>\n\t\t\t\t\t<\/div>\n\t\t\t\t<\/div>\n\t\t\t\t<\/div>","protected":false},"excerpt":{"rendered":"<p>Here is kukirin-scooter-parts.com (hereinafter referred to as \u201cwe\u201d, \u201cus\u201d or \u201cKuKirin\u201d, &#8220;Site&#8221;), we are committed to protecting and respecting the privacy of your personal data. This privacy policy explains how your data is collected, used, transferred, and disclosed by KuKirin. It applies to data collected when you use our websites when you interact with us &#8230; <a title=\"Pravilnik o zasebnosti\" class=\"read-more\" href=\"https:\/\/kukirin-scooter-parts.com\/sl\/privacy-policy\/\" aria-label=\"Read more about Privacy Policy\">Read more<\/a><\/p>","protected":false},"author":1,"featured_media":0,"parent":0,"menu_order":0,"comment_status":"closed","ping_status":"open","template":"","meta":{"footnotes":""},"class_list":["post-3","page","type-page","status-publish"],"_links":{"self":[{"href":"https:\/\/kukirin-scooter-parts.com\/sl\/wp-json\/wp\/v2\/pages\/3","targetHints":{"allow":["GET"]}}],"collection":[{"href":"https:\/\/kukirin-scooter-parts.com\/sl\/wp-json\/wp\/v2\/pages"}],"about":[{"href":"https:\/\/kukirin-scooter-parts.com\/sl\/wp-json\/wp\/v2\/types\/page"}],"author":[{"embeddable":true,"href":"https:\/\/kukirin-scooter-parts.com\/sl\/wp-json\/wp\/v2\/users\/1"}],"replies":[{"embeddable":true,"href":"https:\/\/kukirin-scooter-parts.com\/sl\/wp-json\/wp\/v2\/comments?post=3"}],"version-history":[{"count":4,"href":"https:\/\/kukirin-scooter-parts.com\/sl\/wp-json\/wp\/v2\/pages\/3\/revisions"}],"predecessor-version":[{"id":92,"href":"https:\/\/kukirin-scooter-parts.com\/sl\/wp-json\/wp\/v2\/pages\/3\/revisions\/92"}],"wp:attachment":[{"href":"https:\/\/kukirin-scooter-parts.com\/sl\/wp-json\/wp\/v2\/media?parent=3"}],"curies":[{"name":"wp","href":"https:\/\/api.w.org\/{rel}","templated":true}]}}