{"id":11,"date":"2024-09-02T07:47:47","date_gmt":"2024-09-02T07:47:47","guid":{"rendered":"https:\/\/kukirin-scooter-parts.com\/?page_id=11"},"modified":"2024-09-02T07:47:48","modified_gmt":"2024-09-02T07:47:48","slug":"refund_returns","status":"publish","type":"page","link":"https:\/\/kukirin-scooter-parts.com\/sl\/refund_returns\/","title":{"rendered":"Pravilnik o vra\u010dilu in vra\u010dilih"},"content":{"rendered":"<div data-elementor-type=\"wp-page\" data-elementor-id=\"11\" class=\"elementor elementor-11\" data-elementor-post-type=\"page\">\n\t\t\t\t<div class=\"elementor-element elementor-element-7db694f0 e-flex e-con-boxed e-con e-parent\" data-id=\"7db694f0\" data-element_type=\"container\" data-e-type=\"container\">\n\t\t\t\t\t<div class=\"e-con-inner\">\n\t\t\t\t<div class=\"elementor-element elementor-element-17ba640e elementor-widget elementor-widget-text-editor\" data-id=\"17ba640e\" data-element_type=\"widget\" data-e-type=\"widget\" data-widget_type=\"text-editor.default\">\n\t\t\t\t<div class=\"elementor-widget-container\">\n\t\t\t\t\t\t\t\t\t\n<p>\u010ce po oddaji naro\u010dila zahtevate povra\u010dilo ali vra\u010dilo, glejte naslednji pravilnik o vra\u010dilu in povra\u010dilu (podro\u010dje uporabe Ta pravilnik velja za vse izdelke, kupljene na na\u0161i spletni strani).<\/p>\n<ul>\n<li>Pogoji vra\u010dila in povra\u010dila<\/li>\n<\/ul>\n<p>Po\u0161kodovani ali pomanjkljivi izdelki: \u010ce prejmete izdelek, ki je po\u0161kodovan ali ima napako, nas kontaktirajte v 5 dneh po prejemu izdelka.<br \/>Nepravilen izdelek: \u010ce izdelek, ki ste ga prejeli, ne ustreza va\u0161emu naro\u010dilu, nas kontaktirajte v 5 dneh po prejemu izdelka, da se dogovorimo za vra\u010dilo ali zamenjavo.<\/p>\n<ul>\n<li>Situacije, ki niso upravi\u010dene do vra\u010dila ali povra\u010dila Naslednje situacije niso upravi\u010dene do vra\u010dila ali povra\u010dila:<\/li>\n<\/ul>\n<p>Deli skuterja spadajo med posebno blago, ne podpirajo vra\u010dila in zamenjave, \u010de ni te\u017eav s kakovostjo<\/p>\n<ul>\n<li>Postopek vra\u010danja<\/li>\n<\/ul>\n<p>\u010ce prejmete izdelek s te\u017eavami s kakovostjo ali napa\u010den izdelek, se obrnite neposredno na nas in nam sporo\u010dite \u0161tevilko naro\u010dila.<br \/>Pristojbine za vra\u010dilo po\u0161iljke: Za izdelke, vrnjene zaradi te\u017eav s kakovostjo, krijemo stro\u0161ke povratne dostave.<\/p>\n<ul>\n<li>Postopek vra\u010dila<\/li>\n<\/ul>\n<p>Na\u010din vra\u010dila: Vra\u010dila bodo izdana na va\u0161 prvotni na\u010din pla\u010dila in bodo izvedena v 3-5 dneh.<br \/>Ko se postopek vra\u010dila za\u010dne, bo trajalo od 5 do 7 dni, odvisno od va\u0161e banke.<\/p>\n<ul>\n<li>Preklic (izdelek je odpremljen):<\/li>\n<\/ul>\n<p>Ne podpiramo preklicev naro\u010dil in vra\u010dil za poslane dele izdelkov za skuterje.<\/p>\n<ul>\n<li>Odpovedi prednaro\u010dil:<\/li>\n<\/ul>\n<p>\u010ce iz osebnih razlogov prekli\u010dete naro\u010dilo pred odpremo, boste za vsa prednaro\u010dila pla\u010dali pristojbino za transakcijo.<\/p>\n<ul>\n<li>Za izdelek, ki ni bil kupljen pri kukirin-escooter.com:<\/li>\n<\/ul>\n<p>Za izdelke, ki niso kupljeni na tem spletnem mestu, ne moremo zagotoviti re\u0161itve, zato se obrnite neposredno na svojega dobavitelja.<\/p>\n<ul>\n<li>Potrebujete pomo\u010d?<\/li>\n<\/ul>\n<p>\u010ce imate kakr\u0161na koli vpra\u0161anja ali potrebujete dodatno pomo\u010d, se obrnite na nas: info@kukirin-scooter-parts.com<\/p>\n<ul>\n<li>Posodobitve politik<\/li>\n<\/ul>\n<p>Pridr\u017eujemo si pravico, da ta pravilnik kadar koli posodobimo. Pred nakupom preverite najnovej\u0161o razli\u010dico pravilnika o vra\u010dilu in povra\u010dilu.<\/p>\n\t\t\t\t\t\t\t\t<\/div>\n\t\t\t\t<\/div>\n\t\t\t\t\t<\/div>\n\t\t\t\t<\/div>\n\t\t\t\t<\/div>","protected":false},"excerpt":{"rendered":"<p>If you request refund or return after placing an order, please refer to the following return and refund policy.(scope of Application This policy applies to all products purchased on our website.) Return and Refund Conditions Damaged or Defective Products: If you receive a product that is damaged or defective, please contact us within 5 days &#8230; <a title=\"Pravilnik o vra\u010dilu in vra\u010dilih\" class=\"read-more\" href=\"https:\/\/kukirin-scooter-parts.com\/sl\/refund_returns\/\" aria-label=\"Read more about Refund and Returns Policy\">Read more<\/a><\/p>","protected":false},"author":1,"featured_media":0,"parent":0,"menu_order":0,"comment_status":"closed","ping_status":"closed","template":"","meta":{"footnotes":""},"class_list":["post-11","page","type-page","status-publish"],"_links":{"self":[{"href":"https:\/\/kukirin-scooter-parts.com\/sl\/wp-json\/wp\/v2\/pages\/11","targetHints":{"allow":["GET"]}}],"collection":[{"href":"https:\/\/kukirin-scooter-parts.com\/sl\/wp-json\/wp\/v2\/pages"}],"about":[{"href":"https:\/\/kukirin-scooter-parts.com\/sl\/wp-json\/wp\/v2\/types\/page"}],"author":[{"embeddable":true,"href":"https:\/\/kukirin-scooter-parts.com\/sl\/wp-json\/wp\/v2\/users\/1"}],"replies":[{"embeddable":true,"href":"https:\/\/kukirin-scooter-parts.com\/sl\/wp-json\/wp\/v2\/comments?post=11"}],"version-history":[{"count":4,"href":"https:\/\/kukirin-scooter-parts.com\/sl\/wp-json\/wp\/v2\/pages\/11\/revisions"}],"predecessor-version":[{"id":99,"href":"https:\/\/kukirin-scooter-parts.com\/sl\/wp-json\/wp\/v2\/pages\/11\/revisions\/99"}],"wp:attachment":[{"href":"https:\/\/kukirin-scooter-parts.com\/sl\/wp-json\/wp\/v2\/media?parent=11"}],"curies":[{"name":"wp","href":"https:\/\/api.w.org\/{rel}","templated":true}]}}