{"id":678,"date":"2024-10-15T09:30:00","date_gmt":"2024-10-15T09:30:00","guid":{"rendered":"https:\/\/kukirin-scooter-parts.com\/?post_type=product&#038;p=678"},"modified":"2025-01-22T08:33:52","modified_gmt":"2025-01-22T08:33:52","slug":"kukirin-g2-master-headset","status":"publish","type":"product","link":"https:\/\/kukirin-scooter-parts.com\/sk\/produkt\/kukirin-g2-master-headset\/","title":{"rendered":"N\u00e1hlavn\u00e1 s\u00faprava KuKirin G2 Master"},"content":{"rendered":"","protected":false},"excerpt":{"rendered":"","protected":false},"featured_media":585,"comment_status":"open","ping_status":"closed","template":"","meta":[],"product_brand":[],"product_cat":[27],"product_tag":[37],"class_list":{"0":"post-678","1":"product","2":"type-product","3":"status-publish","4":"has-post-thumbnail","6":"product_cat-g2-master-parts","7":"product_tag-g2-master-parts","9":"first","10":"instock","11":"shipping-taxable","12":"purchasable","13":"product-type-simple"},"_links":{"self":[{"href":"https:\/\/kukirin-scooter-parts.com\/sk\/wp-json\/wp\/v2\/product\/678","targetHints":{"allow":["GET"]}}],"collection":[{"href":"https:\/\/kukirin-scooter-parts.com\/sk\/wp-json\/wp\/v2\/product"}],"about":[{"href":"https:\/\/kukirin-scooter-parts.com\/sk\/wp-json\/wp\/v2\/types\/product"}],"replies":[{"embeddable":true,"href":"https:\/\/kukirin-scooter-parts.com\/sk\/wp-json\/wp\/v2\/comments?post=678"}],"wp:featuredmedia":[{"embeddable":true,"href":"https:\/\/kukirin-scooter-parts.com\/sk\/wp-json\/wp\/v2\/media\/585"}],"wp:attachment":[{"href":"https:\/\/kukirin-scooter-parts.com\/sk\/wp-json\/wp\/v2\/media?parent=678"}],"wp:term":[{"taxonomy":"product_brand","embeddable":true,"href":"https:\/\/kukirin-scooter-parts.com\/sk\/wp-json\/wp\/v2\/product_brand?post=678"},{"taxonomy":"product_cat","embeddable":true,"href":"https:\/\/kukirin-scooter-parts.com\/sk\/wp-json\/wp\/v2\/product_cat?post=678"},{"taxonomy":"product_tag","embeddable":true,"href":"https:\/\/kukirin-scooter-parts.com\/sk\/wp-json\/wp\/v2\/product_tag?post=678"}],"curies":[{"name":"wp","href":"https:\/\/api.w.org\/{rel}","templated":true}]}}