{"id":1075,"date":"2024-12-19T09:50:50","date_gmt":"2024-12-19T09:50:50","guid":{"rendered":"https:\/\/kukirin-scooter-parts.com\/?post_type=product&#038;p=1075"},"modified":"2025-01-17T07:17:26","modified_gmt":"2025-01-17T07:17:26","slug":"kukirin-g3-pro-headset","status":"publish","type":"product","link":"https:\/\/kukirin-scooter-parts.com\/sk\/produkt\/kukirin-g3-pro-headset\/","title":{"rendered":"N\u00e1hlavn\u00e1 s\u00faprava KuKirin G3 Pro"},"content":{"rendered":"","protected":false},"excerpt":{"rendered":"","protected":false},"featured_media":966,"comment_status":"open","ping_status":"closed","template":"","meta":[],"product_brand":[],"product_cat":[29],"product_tag":[43],"class_list":{"0":"post-1075","1":"product","2":"type-product","3":"status-publish","4":"has-post-thumbnail","6":"product_cat-g3-pro-parts","7":"product_tag-g3-pro-parts","9":"first","10":"instock","11":"shipping-taxable","12":"purchasable","13":"product-type-simple"},"_links":{"self":[{"href":"https:\/\/kukirin-scooter-parts.com\/sk\/wp-json\/wp\/v2\/product\/1075","targetHints":{"allow":["GET"]}}],"collection":[{"href":"https:\/\/kukirin-scooter-parts.com\/sk\/wp-json\/wp\/v2\/product"}],"about":[{"href":"https:\/\/kukirin-scooter-parts.com\/sk\/wp-json\/wp\/v2\/types\/product"}],"replies":[{"embeddable":true,"href":"https:\/\/kukirin-scooter-parts.com\/sk\/wp-json\/wp\/v2\/comments?post=1075"}],"wp:featuredmedia":[{"embeddable":true,"href":"https:\/\/kukirin-scooter-parts.com\/sk\/wp-json\/wp\/v2\/media\/966"}],"wp:attachment":[{"href":"https:\/\/kukirin-scooter-parts.com\/sk\/wp-json\/wp\/v2\/media?parent=1075"}],"wp:term":[{"taxonomy":"product_brand","embeddable":true,"href":"https:\/\/kukirin-scooter-parts.com\/sk\/wp-json\/wp\/v2\/product_brand?post=1075"},{"taxonomy":"product_cat","embeddable":true,"href":"https:\/\/kukirin-scooter-parts.com\/sk\/wp-json\/wp\/v2\/product_cat?post=1075"},{"taxonomy":"product_tag","embeddable":true,"href":"https:\/\/kukirin-scooter-parts.com\/sk\/wp-json\/wp\/v2\/product_tag?post=1075"}],"curies":[{"name":"wp","href":"https:\/\/api.w.org\/{rel}","templated":true}]}}