{"id":69,"date":"2024-09-02T03:59:33","date_gmt":"2024-09-02T03:59:33","guid":{"rendered":"https:\/\/kukirin-scooter-parts.com\/?page_id=69"},"modified":"2024-09-02T08:23:12","modified_gmt":"2024-09-02T08:23:12","slug":"warranty-policy","status":"publish","type":"page","link":"https:\/\/kukirin-scooter-parts.com\/sk\/warranty-policy\/","title":{"rendered":"Z\u00e1ru\u010dn\u00e1 politika"},"content":{"rendered":"<div data-elementor-type=\"wp-page\" data-elementor-id=\"69\" class=\"elementor elementor-69\" data-elementor-post-type=\"page\">\n\t\t\t\t<div class=\"elementor-element elementor-element-438fa0d e-flex e-con-boxed e-con e-parent\" data-id=\"438fa0d\" data-element_type=\"container\" data-e-type=\"container\">\n\t\t\t\t\t<div class=\"e-con-inner\">\n\t\t\t\t<div class=\"elementor-element elementor-element-339e41b elementor-widget elementor-widget-text-editor\" data-id=\"339e41b\" data-element_type=\"widget\" data-e-type=\"widget\" data-widget_type=\"text-editor.default\">\n\t\t\t\t<div class=\"elementor-widget-container\">\n\t\t\t\t\t\t\t\t\t<p>Bat\u00e9ria<\/p><p>KuKirin Scooter diely pon\u00fakaj\u00fa 6-mesa\u010dn\u00fa z\u00e1ruku s bat\u00e9riou, ak zist\u00ed, \u017ee bat\u00e9ria je chybn\u00e1, po\u0161leme n\u00e1hradn\u00e9 diely bez poplatku.<\/p><p>V\u0161etky n\u00e1roky na z\u00e1ruku na bat\u00e9rie a akumul\u00e1tory podliehaj\u00fa nasleduj\u00facim podmienkam a obmedzeniam:<\/p><p>Podmienky a obmedzenia<\/p><p>1. Bat\u00e9ria mus\u00ed ma\u0165 spr\u00e1vnu ve\u013ekos\u0165, kon\u0161trukciu a kapacitu pre dan\u00fa aplik\u00e1ciu. Nepou\u017eitie spr\u00e1vnej bat\u00e9rie pre dan\u00fa aplik\u00e1ciu bude ma\u0165 za n\u00e1sledok stratu platnosti v\u0161etk\u00fdch z\u00e1ruk.<br \/>2. S bat\u00e9riou sa mus\u00ed spr\u00e1vne manipulova\u0165, mus\u00ed sa spr\u00e1vne skladova\u0165 a in\u0161talova\u0165. Kone\u010dn\u00e1 in\u0161tal\u00e1cia mus\u00ed by\u0165 dokon\u010den\u00e1 najnesk\u00f4r do dvoch mesiacov od d\u00e1tumu prijatia.<br \/>3. Bat\u00e9ria mus\u00ed by\u0165 prev\u00e1dzkovan\u00e1 v spojen\u00ed so syst\u00e9mom nab\u00edjania s obmedzen\u00fdm pr\u00fadom a kon\u0161tantn\u00fdm nap\u00e4t\u00edm a inak prev\u00e1dzkovan\u00e1 a udr\u017eiavan\u00e1 v s\u00falade s pokynmi.<br \/>4. Pou\u017e\u00edvate\u013e umo\u017en\u00ed presk\u00famanie bat\u00e9rie z\u00e1stupcom spolo\u010dnosti KuKirin Scooter Parts t\u00fdm, \u017ee n\u00e1m bat\u00e9rie po\u0161le sp\u00e4\u0165 na presk\u00famanie z\u00e1ru\u010dnej reklam\u00e1cie.<br \/>5. Na n\u00e1hradn\u00fa bat\u00e9riu sa vz\u0165ahuje len zost\u00e1vaj\u00faca nevyu\u017eit\u00e1 \u010das\u0165 z\u00e1ruky p\u00f4vodnej bat\u00e9rie.<br \/>6. T\u00e1to z\u00e1ruka str\u00e1ca platnos\u0165, ak je bat\u00e9ria predmetom nespr\u00e1vneho pou\u017e\u00edvania, zneu\u017e\u00edvania alebo vidite\u013en\u00e9ho fyzick\u00e9ho po\u0161kodenia, alebo ak sa bat\u00e9ria stane nepou\u017eite\u013enou v d\u00f4sledku po\u017eiaru, vraku, z\u00e1plavy, zamrznutia alebo in\u00fdch z\u00e1sahov vy\u0161\u0161ej moci.<br \/>7. Vy\u0161\u0161ie uveden\u00e9 z\u00e1ruky nahr\u00e1dzaj\u00fa v\u0161etky ostatn\u00e9 z\u00e1ruky, v\u00fdslovn\u00e9 alebo predpokladan\u00e9, vr\u00e1tane, bez obmedzenia, akejko\u013evek predpokladanej z\u00e1ruky predajnosti alebo vhodnosti. Spolo\u010dnos\u0165 KuKirin Scooter Parts.com v \u017eiadnom pr\u00edpade nezodpoved\u00e1 za ak\u00e9ko\u013evek n\u00e1hodn\u00e9 KuKirin Scooter Parts.com nezodpoved\u00e1 za \u017eiadne vady alebo ak\u00e9ko\u013evek poru\u0161enie zml\u00fav t\u00fdkaj\u00facich sa kvality alebo v\u00fdkonu vy\u0161\u0161ie uveden\u00e9ho zariadenia na z\u00e1klade \u017eiadnej pr\u00e1vnej te\u00f3rie.<br \/>8. Tieto obmedzen\u00e9 z\u00e1ruky sa vz\u0165ahuj\u00fa na p\u00f4vodn\u00e9ho kupuj\u00faceho (pou\u017e\u00edvate\u013ea) a s\u00fa neprenosn\u00e9.<br \/>9. Pou\u017e\u00edvate\u013e je povinn\u00fd bezodkladne informova\u0165 spolo\u010dnos\u0165 KuKirin Scooter Parts v pr\u00edpade \u00fadajnej z\u00e1vady.<\/p><p>Ak chcete poda\u0165 z\u00e1ru\u010dn\u00fa reklam\u00e1ciu na ak\u00fako\u013evek bat\u00e9riu, po\u0161lite n\u00e1m e-mail na adresu info@kukirin-scooter-parts.com a uve\u010fte nasleduj\u00face inform\u00e1cie:<\/p><p>N\u00e1zov<br \/>Adresa<br \/>Objedn\u00e1vacie \u010d\u00edslo<br \/>D\u00e1tumov\u00fd k\u00f3d vyrazen\u00fd na bat\u00e9rii<\/p><p>Ostatn\u00e9 polo\u017eky<\/p><p>KuKirin Scooter Parts pon\u00faka 12-mesa\u010dn\u00fa z\u00e1ruku na ostatn\u00e9 polo\u017eky okrem bat\u00e9rie<br \/>V\u0161etky z\u00e1ru\u010dn\u00e9 n\u00e1roky na ostatn\u00e9 polo\u017eky v obchode podliehaj\u00fa nasleduj\u00facim podmienkam a obmedzeniam:<\/p><p>Podmienky a obmedzenia<\/p><p>1. Pou\u017e\u00edvate\u013e mus\u00ed umo\u017eni\u0165 presk\u00famanie polo\u017eky z\u00e1stupcom spolo\u010dnosti KuKirin Scooter Parts.<br \/>2. Na n\u00e1hradn\u00fa polo\u017eku sa vz\u0165ahuje len zost\u00e1vaj\u00faca nevyu\u017eit\u00e1 \u010das\u0165 z\u00e1ruky p\u00f4vodnej polo\u017eky.<br \/>3. T\u00e1to z\u00e1ruka str\u00e1ca platnos\u0165, ak je v\u00fdrobok predmetom nespr\u00e1vneho pou\u017e\u00edvania, zneu\u017e\u00edvania alebo vidite\u013en\u00e9ho fyzick\u00e9ho po\u0161kodenia, alebo ak sa stane nepou\u017eite\u013en\u00fdm v d\u00f4sledku po\u017eiaru, vraku, povodne, mrazu alebo in\u00fdch z\u00e1sahov vy\u0161\u0161ej moci.<br \/>4. Vy\u0161\u0161ie uveden\u00e9 z\u00e1ruky nahr\u00e1dzaj\u00fa v\u0161etky ostatn\u00e9 z\u00e1ruky, v\u00fdslovn\u00e9 alebo predpokladan\u00e9, vr\u00e1tane, bez obmedzenia, akejko\u013evek predpokladanej z\u00e1ruky predajnosti alebo vhodnosti. Spolo\u010dnos\u0165 KuKirin Scooter Parts v \u017eiadnom pr\u00edpade nezodpoved\u00e1 za \u017eiadne n\u00e1hodn\u00e9 alebo n\u00e1sledn\u00e9 \u0161kody alebo straty. Ako je uveden\u00e9 v tomto dokumente, spolo\u010dnos\u0165 KuKirin Scooter Parts nenesie zodpovednos\u0165 za \u017eiadne vady alebo poru\u0161enie zml\u00fav t\u00fdkaj\u00facich sa kvality alebo v\u00fdkonu vy\u0161\u0161ie uveden\u00e9ho zariadenia na z\u00e1klade \u017eiadnej pr\u00e1vnej te\u00f3rie.<br \/>5. T\u00e1to obmedzen\u00e1 z\u00e1ruka sa vz\u0165ahuje na p\u00f4vodn\u00e9ho kupuj\u00faceho (pou\u017e\u00edvate\u013ea) a je neprenosn\u00e1.<br \/>6. Pou\u017e\u00edvate\u013e je povinn\u00fd bezodkladne informova\u0165 spolo\u010dnos\u0165 KuKirin Scooter Parts v pr\u00edpade \u00fadajnej z\u00e1vady.<br \/>7. T\u00fdmto sa odmietaj\u00fa ak\u00e9ko\u013evek in\u00e9 predpokladan\u00e9 z\u00e1ruky na tieto diely vr\u00e1tane, okrem in\u00e9ho, predajnosti a vhodnosti na konkr\u00e9tny \u00fa\u010del. 8. Spolo\u010dnos\u0165 KuKirin Scooter Parts v \u017eiadnom pr\u00edpade nenesie zodpovednos\u0165 za ak\u00e9ko\u013evek n\u00e1hodn\u00e9 alebo n\u00e1sledn\u00e9 \u0161kody alebo straty. Ako je uveden\u00e9 v tomto dokumente, spolo\u010dnos\u0165 KuKirin Scooter Parts nenesie zodpovednos\u0165 za \u017eiadne vady alebo poru\u0161enie zml\u00fav t\u00fdkaj\u00facich sa kvality alebo v\u00fdkonu vy\u0161\u0161ie uveden\u00e9ho zariadenia na z\u00e1klade \u017eiadnej pr\u00e1vnej te\u00f3rie.<\/p><p><b>Postup<\/b><\/p><p>Ak chcete poda\u0165 z\u00e1ru\u010dn\u00fa reklam\u00e1ciu, po\u0161lite n\u00e1m e-mail na adresu info@kukirin-scooter-parts.com s podrobnos\u0165ami o probl\u00e9moch, ktor\u00e9 sa vyskytli s va\u0161\u00edm produktom.<\/p>\t\t\t\t\t\t\t\t<\/div>\n\t\t\t\t<\/div>\n\t\t\t\t\t<\/div>\n\t\t\t\t<\/div>\n\t\t\t\t<\/div>","protected":false},"excerpt":{"rendered":"<p>Battery KuKirin Scooter Parts offer 6-month warranty with battery\uff0cif determines the battery to be defective, we will ship the replacement(s) without charge. All battery and battery pack warranty claims are subject to the following conditions and limitations: Conditions and Limitations 1. The battery shall be the proper size, design, and capacity for the application. Failure &#8230; <a title=\"Z\u00e1ru\u010dn\u00e1 politika\" class=\"read-more\" href=\"https:\/\/kukirin-scooter-parts.com\/sk\/warranty-policy\/\" aria-label=\"Pre\u010d\u00edtajte si viac o Warranty Policy\">\u010c\u00edta\u0165 viac<\/a><\/p>","protected":false},"author":1,"featured_media":0,"parent":0,"menu_order":0,"comment_status":"closed","ping_status":"closed","template":"","meta":{"footnotes":""},"class_list":["post-69","page","type-page","status-publish"],"_links":{"self":[{"href":"https:\/\/kukirin-scooter-parts.com\/sk\/wp-json\/wp\/v2\/pages\/69","targetHints":{"allow":["GET"]}}],"collection":[{"href":"https:\/\/kukirin-scooter-parts.com\/sk\/wp-json\/wp\/v2\/pages"}],"about":[{"href":"https:\/\/kukirin-scooter-parts.com\/sk\/wp-json\/wp\/v2\/types\/page"}],"author":[{"embeddable":true,"href":"https:\/\/kukirin-scooter-parts.com\/sk\/wp-json\/wp\/v2\/users\/1"}],"replies":[{"embeddable":true,"href":"https:\/\/kukirin-scooter-parts.com\/sk\/wp-json\/wp\/v2\/comments?post=69"}],"version-history":[{"count":4,"href":"https:\/\/kukirin-scooter-parts.com\/sk\/wp-json\/wp\/v2\/pages\/69\/revisions"}],"predecessor-version":[{"id":104,"href":"https:\/\/kukirin-scooter-parts.com\/sk\/wp-json\/wp\/v2\/pages\/69\/revisions\/104"}],"wp:attachment":[{"href":"https:\/\/kukirin-scooter-parts.com\/sk\/wp-json\/wp\/v2\/media?parent=69"}],"curies":[{"name":"wp","href":"https:\/\/api.w.org\/{rel}","templated":true}]}}