{"id":67,"date":"2024-09-02T03:57:53","date_gmt":"2024-09-02T03:57:53","guid":{"rendered":"https:\/\/kukirin-scooter-parts.com\/?page_id=67"},"modified":"2024-09-27T10:18:13","modified_gmt":"2024-09-27T10:18:13","slug":"shipping-delivery","status":"publish","type":"page","link":"https:\/\/kukirin-scooter-parts.com\/sk\/shipping-delivery\/","title":{"rendered":"Preprava a doru\u010denie"},"content":{"rendered":"<div data-elementor-type=\"wp-page\" data-elementor-id=\"67\" class=\"elementor elementor-67\" data-elementor-post-type=\"page\">\n\t\t\t\t<div class=\"elementor-element elementor-element-df66abb e-flex e-con-boxed e-con e-parent\" data-id=\"df66abb\" data-element_type=\"container\" data-e-type=\"container\">\n\t\t\t\t\t<div class=\"e-con-inner\">\n\t\t\t\t<div class=\"elementor-element elementor-element-3920418 elementor-widget elementor-widget-text-editor\" data-id=\"3920418\" data-element_type=\"widget\" data-e-type=\"widget\" data-widget_type=\"text-editor.default\">\n\t\t\t\t<div class=\"elementor-widget-container\">\n\t\t\t\t\t\t\t\t\t<p>Sp\u00f4soby prepravy<br \/>Pri doru\u010dovan\u00ed spolupracujeme s prepravn\u00fdmi spolo\u010dnos\u0165ami DPD, UPS a GLS. Inform\u00e1cie o preprave za\u0161leme na\u0161im z\u00e1kazn\u00edkom e-mailom hne\u010f po za\u010dat\u00ed prepravy, vr\u00e1tane d\u00e1tumu prepravy, \u010d\u00edsla z\u00e1sielky a miesta sledovania.<\/p><p>Preprava od<br \/>Miestne sklady v Po\u013esku.<\/p><p>Preprava do<br \/>V\u0161etky krajiny E\u00da okrem Cypru, Malty a niektor\u00fdch vzdialen\u00fdch ostrovov.<\/p><p>\u010cas prepravy<\/p><p>Z Po\u013eska do Rak\u00faska, Belgicka, Bulharska, Chorv\u00e1tska, \u010ceska, D\u00e1nska, Est\u00f3nska, F\u00ednska, Franc\u00fazska, Nemecka, Gr\u00e9cka, Ma\u010farska, \u00cdrska, Talianska, Loty\u0161ska, Litvy, Luxemburska, Holandska, Po\u013eska, Portugalska, Rumunska, Slovenska, Slovinska, \u0160panielska, \u0160v\u00e9dska bude trva\u0165 5-7 pracovn\u00fdch dn\u00ed\uff08Tento \u010das doru\u010denia je odhadovan\u00fd a po\u010das eur\u00f3pskych sviatkov sa m\u00f4\u017ee oneskori\u0165).<\/p><p>Pozn\u00e1mka\uff1a<\/p><p>Invent\u00e1r v\u00fdrobkov z dielov sk\u00fatrov sa \u010dasto aktualizuje, nem\u00e1me mo\u017enos\u0165 v\u010das aktualizova\u0165 invent\u00e1r ka\u017ed\u00e9ho v\u00fdrobku z dielov, ak v\u00e1m z\u00e1le\u017e\u00ed na v\u00e1\u017enom \u010dase pr\u00edchodu, kontaktujte n\u00e1s pred zadan\u00edm objedn\u00e1vky, \u010di je invent\u00e1r, a potom sa rozhodnite, \u010di si objedn\u00e1te<\/p><p>N\u00e1klady na dopravu<\/p><p>Pri objedn\u00e1vkach v hodnote nad 35 EUR je doprava zdarma.Pri objedn\u00e1vkach v hodnote do 35 EUR sa \u00fa\u010dtuje po\u0161tovn\u00e9 vo v\u00fd\u0161ke 10 EUR za objedn\u00e1vku. Dovozn\u00e9 dane sa platia pri odoslan\u00ed tovaru do po\u013esk\u00e9ho skladu, clo plati\u0165 nemus\u00edte.<\/p>\t\t\t\t\t\t\t\t<\/div>\n\t\t\t\t<\/div>\n\t\t\t\t\t<\/div>\n\t\t\t\t<\/div>\n\t\t\t\t<\/div>","protected":false},"excerpt":{"rendered":"<p>Shipping methodsWe work with DPD, UPS and GLS shipping companies for our deliveries. We\u2019ll send the shipping information to our customers by emails as soon as the shipping is started, including the shipping date, the tracking number and the tracking site. Shipping fromThe local warehouses in Poland. Shipping toAll EU countries, except for Cyprus, Malta &#8230; <a title=\"Shipping &amp; Delivery\" class=\"read-more\" href=\"https:\/\/kukirin-scooter-parts.com\/sk\/shipping-delivery\/\" aria-label=\"Pre\u010d\u00edtajte si viac o Shipping &amp; Delivery\">\u010c\u00edta\u0165 viac<\/a><\/p>","protected":false},"author":1,"featured_media":0,"parent":0,"menu_order":0,"comment_status":"closed","ping_status":"closed","template":"","meta":{"footnotes":""},"class_list":["post-67","page","type-page","status-publish"],"_links":{"self":[{"href":"https:\/\/kukirin-scooter-parts.com\/sk\/wp-json\/wp\/v2\/pages\/67","targetHints":{"allow":["GET"]}}],"collection":[{"href":"https:\/\/kukirin-scooter-parts.com\/sk\/wp-json\/wp\/v2\/pages"}],"about":[{"href":"https:\/\/kukirin-scooter-parts.com\/sk\/wp-json\/wp\/v2\/types\/page"}],"author":[{"embeddable":true,"href":"https:\/\/kukirin-scooter-parts.com\/sk\/wp-json\/wp\/v2\/users\/1"}],"replies":[{"embeddable":true,"href":"https:\/\/kukirin-scooter-parts.com\/sk\/wp-json\/wp\/v2\/comments?post=67"}],"version-history":[{"count":10,"href":"https:\/\/kukirin-scooter-parts.com\/sk\/wp-json\/wp\/v2\/pages\/67\/revisions"}],"predecessor-version":[{"id":539,"href":"https:\/\/kukirin-scooter-parts.com\/sk\/wp-json\/wp\/v2\/pages\/67\/revisions\/539"}],"wp:attachment":[{"href":"https:\/\/kukirin-scooter-parts.com\/sk\/wp-json\/wp\/v2\/media?parent=67"}],"curies":[{"name":"wp","href":"https:\/\/api.w.org\/{rel}","templated":true}]}}