{"id":65,"date":"2024-09-02T03:55:17","date_gmt":"2024-09-02T03:55:17","guid":{"rendered":"https:\/\/kukirin-scooter-parts.com\/?page_id=65"},"modified":"2024-09-02T07:28:52","modified_gmt":"2024-09-02T07:28:52","slug":"terms-of-service","status":"publish","type":"page","link":"https:\/\/kukirin-scooter-parts.com\/sk\/terms-of-service\/","title":{"rendered":"Podmienky slu\u017eby"},"content":{"rendered":"<div data-elementor-type=\"wp-page\" data-elementor-id=\"65\" class=\"elementor elementor-65\" data-elementor-post-type=\"page\">\n\t\t\t\t<div class=\"elementor-element elementor-element-9797c62 e-flex e-con-boxed e-con e-parent\" data-id=\"9797c62\" data-element_type=\"container\" data-e-type=\"container\">\n\t\t\t\t\t<div class=\"e-con-inner\">\n\t\t\t\t<div class=\"elementor-element elementor-element-53fff2a elementor-widget elementor-widget-text-editor\" data-id=\"53fff2a\" data-element_type=\"widget\" data-e-type=\"widget\" data-widget_type=\"text-editor.default\">\n\t\t\t\t<div class=\"elementor-widget-container\">\n\t\t\t\t\t\t\t\t\t<p>Vitajte na str\u00e1nke kukirin-scooter-parts.com! Tieto podmienky pou\u017e\u00edvania opisuj\u00fa podmienky, ktor\u00e9 sa vz\u0165ahuj\u00fa na v\u00e1\u0161 pr\u00edstup a pou\u017e\u00edvanie webovej str\u00e1nky kukirin-scooter.com. Toto vyhl\u00e1senie je pr\u00e1vne z\u00e1v\u00e4znou dohodou medzi vami ako pou\u017e\u00edvate\u013eom (pou\u017e\u00edvate\u013emi) str\u00e1nky (\u010falej len \"vy\", \"\u010dlen\", \"z\u00e1kazn\u00edk\" alebo \"pou\u017e\u00edvate\u013e\") a kukirin-scooter.com (\u010falej len \"my\", \"n\u00e1\u0161\", \"n\u00e1s\" alebo \"KuKirin\", \"str\u00e1nka\"), Pred objednan\u00edm ak\u00fdchko\u013evek v\u00fdrobkov z na\u0161ej str\u00e1nky si pozorne pre\u010d\u00edtajte tieto podmienky.<\/p><h2><strong><b>Zmluva s pou\u017e\u00edvate\u013eom<\/b><\/strong><\/h2><p>Pr\u00edstupom na t\u00fato webov\u00fa lokalitu, jej prehliadan\u00edm alebo pou\u017e\u00edvan\u00edm vyjadrujete svoj s\u00fahlas s podmienkami pou\u017e\u00edvania tejto webovej lokality a v\u0161etk\u00fdmi platn\u00fdmi z\u00e1konmi a predpismi, pri\u010dom s\u00fahlas\u00edte s t\u00fdm, \u017ee ste zodpovedn\u00ed za dodr\u017eiavanie platn\u00fdch miestnych z\u00e1konov. Ak nes\u00fahlas\u00edte s ktorouko\u013evek z t\u00fdchto podmienok, m\u00e1te zak\u00e1zan\u00e9 pou\u017e\u00edva\u0165 t\u00fato webov\u00fa lokalitu alebo na \u0148u pristupova\u0165. Materi\u00e1ly obsiahnut\u00e9 na tejto webovej lokalite s\u00fa chr\u00e1nen\u00e9 platn\u00fdmi z\u00e1konmi o autorsk\u00fdch pr\u00e1vach a ochrann\u00fdch zn\u00e1mkach. Na\u0161e produkty a slu\u017eby s\u00fa ur\u010den\u00e9 najm\u00e4 dospel\u00fdm. Ak ste neplnolet\u00e1 osoba, zaru\u010dte sa, \u017ee t\u00fato lokalitu nav\u0161tevujete pod doh\u013eadom rodi\u010da alebo z\u00e1konn\u00e9ho z\u00e1stupcu.<\/p><h3><strong><b>1. Podmienka dohody\u00a0<\/b><\/strong><\/h3><p>1.1 Podmienkou v\u00e1\u0161ho pr\u00edstupu na str\u00e1nku alebo slu\u017eby a ich pou\u017e\u00edvania je, \u017ee s\u00fahlas\u00edte s t\u00fdm, \u017ee pri pou\u017e\u00edvan\u00ed str\u00e1nky alebo slu\u017eieb budete dodr\u017eiava\u0165 v\u0161etky platn\u00e9 z\u00e1kony a predpisy.\u00a0<\/p><p>1.2 S\u00fahlas\u00edte s t\u00fdm, \u017ee budete pou\u017e\u00edva\u0165 Webov\u00fa lokalitu alebo Slu\u017eby v\u00fdlu\u010dne na svoje s\u00fakromn\u00e9 a intern\u00e9 \u00fa\u010dely. S\u00fahlas\u00edte s t\u00fdm, \u017ee (a) nebudete kop\u00edrova\u0165, reprodukova\u0165, s\u0165ahova\u0165, op\u00e4tovne publikova\u0165, pred\u00e1va\u0165, distribuova\u0165 ani \u010falej pred\u00e1va\u0165 \u017eiadne Slu\u017eby ani \u017eiadne inform\u00e1cie, text, obr\u00e1zky, grafiku, videoklipy, zvuk, adres\u00e1re, s\u00fabory, datab\u00e1zy alebo zoznamy at\u010f. dostupn\u00e9 na Str\u00e1nke alebo prostredn\u00edctvom Str\u00e1nky (\u010falej len \"Obsah Str\u00e1nky\") a (b) nebudete kop\u00edrova\u0165, reprodukova\u0165, s\u0165ahova\u0165, zostavova\u0165 ani inak pou\u017e\u00edva\u0165 \u017eiadny Obsah Str\u00e1nky na \u00fa\u010dely prev\u00e1dzkovania podniku, ktor\u00fd konkuruje spolo\u010dnosti KuKirin, ani inak komer\u010dne vyu\u017e\u00edva\u0165 Obsah Str\u00e1nky. Systematick\u00e9 z\u00edskavanie obsahu str\u00e1nok zo str\u00e1nok s cie\u013eom vytvori\u0165 alebo zostavi\u0165, priamo alebo nepriamo, zbierku, kompil\u00e1ciu, datab\u00e1zu alebo adres\u00e1r (\u010di u\u017e prostredn\u00edctvom robotov, pav\u00fakov, automatick\u00fdch zariaden\u00ed alebo manu\u00e1lnych procesov) bez p\u00edsomn\u00e9ho povolenia spolo\u010dnosti KuKirin je zak\u00e1zan\u00e9. Pou\u017e\u00edvanie ak\u00e9hoko\u013evek obsahu alebo materi\u00e1lov na Str\u00e1nke na ak\u00fdko\u013evek \u00fa\u010del, ktor\u00fd nie je v\u00fdslovne povolen\u00fd v Podmienkach, je zak\u00e1zan\u00e9.<br \/>\u00a0<\/p><p>1.3 Mus\u00edte si pre\u010d\u00edta\u0165 Z\u00e1sady ochrany osobn\u00fdch \u00fadajov spolo\u010dnosti KuKirin, ktor\u00e9 upravuj\u00fa ochranu a pou\u017e\u00edvanie osobn\u00fdch \u00fadajov o pou\u017e\u00edvate\u013eoch v dr\u017ebe spolo\u010dnosti KuKirin a na\u0161ich pridru\u017een\u00fdch spolo\u010dnost\u00ed. S\u00fahlas\u00edte s pou\u017e\u00edvan\u00edm va\u0161ich osobn\u00fdch \u00fadajov o v\u00e1s v s\u00falade so Z\u00e1sadami ochrany osobn\u00fdch \u00fadajov.\u00a0<\/p><p>1.4 Spolo\u010dnos\u0165 KuKirin m\u00f4\u017ee pou\u017e\u00edvate\u013eom umo\u017eni\u0165 pr\u00edstup k obsahu, produktom alebo slu\u017eb\u00e1m pon\u00fakan\u00fdm tret\u00edmi stranami prostredn\u00edctvom hypertextov\u00fdch odkazov (vo forme slovn\u00fdch odkazov, bannerov, kan\u00e1lov alebo inak), API alebo in\u00fdm sp\u00f4sobom na webov\u00e9 str\u00e1nky t\u00fdchto tret\u00edch str\u00e1n. Upozor\u0148ujeme v\u00e1s, aby ste si pred pou\u017e\u00edvan\u00edm str\u00e1nky pre\u010d\u00edtali zmluvn\u00e9 podmienky a\/alebo z\u00e1sady ochrany osobn\u00fdch \u00fadajov tak\u00fdchto webov\u00fdch str\u00e1nok. Beriete na vedomie, \u017ee spolo\u010dnos\u0165 KuKirin nem\u00e1 kontrolu nad webov\u00fdmi str\u00e1nkami tak\u00fdchto tret\u00edch str\u00e1n, nesleduje tak\u00e9to webov\u00e9 str\u00e1nky a nenesie vo\u010di nikomu zodpovednos\u0165 za tak\u00e9to webov\u00e9 str\u00e1nky ani za ak\u00fdko\u013evek obsah, produkty alebo slu\u017eby spr\u00edstupnen\u00e9 na tak\u00fdchto webov\u00fdch str\u00e1nkach.<\/p><p>1.5 S\u00fahlas\u00edte s t\u00fdm, \u017ee nebudete podnika\u0165 \u017eiadne kroky na naru\u0161enie integrity po\u010d\u00edta\u010dov\u00fdch syst\u00e9mov alebo siet\u00ed spolo\u010dnosti KuKirin a\/alebo in\u00fdch pou\u017e\u00edvate\u013eov, ani nebudete z\u00edskava\u0165 neopr\u00e1vnen\u00fd pr\u00edstup do t\u00fdchto po\u010d\u00edta\u010dov\u00fdch syst\u00e9mov alebo siet\u00ed.\u00a0<\/p><p>1.6 S\u00fahlas\u00edte s t\u00fdm, \u017ee nebudete podnika\u0165 \u017eiadne kroky, ktor\u00e9 by mohli naru\u0161i\u0165 integritu syst\u00e9mu sp\u00e4tnej v\u00e4zby spolo\u010dnosti KuKirin, ako napr\u00edklad zanech\u00e1vanie pozit\u00edvnej sp\u00e4tnej v\u00e4zby pre seba s pou\u017eit\u00edm sekund\u00e1rnych \u010dlensk\u00fdch ID alebo prostredn\u00edctvom tret\u00edch str\u00e1n alebo zanech\u00e1vanie nepodlo\u017eenej negat\u00edvnej sp\u00e4tnej v\u00e4zby pre in\u00e9ho pou\u017e\u00edvate\u013ea.<\/p><h3><strong><b>2. Zodpovednos\u0165 pou\u017e\u00edvate\u013ea\u00a0<\/b><\/strong><\/h3><p>2.1 Pou\u017e\u00edvate\u013e mus\u00ed by\u0165 zaregistrovan\u00fd na Str\u00e1nke, aby mohol pou\u017e\u00edva\u0165 niektor\u00e9 Slu\u017eby. S v\u00fdnimkou pr\u00edpadu, ke\u010f to spolo\u010dnos\u0165 KuKirin schv\u00e1li, m\u00f4\u017ee jeden Pou\u017e\u00edvate\u013e zaregistrova\u0165 na Str\u00e1nke len jeden pou\u017e\u00edvate\u013esk\u00fd \u00fa\u010det. Spolo\u010dnos\u0165 KuKirin m\u00f4\u017ee zru\u0161i\u0165 alebo zru\u0161i\u0165 \u00fa\u010det Pou\u017e\u00edvate\u013ea, ak m\u00e1 d\u00f4vodn\u00e9 podozrenie, \u017ee Pou\u017e\u00edvate\u013e s\u00fabe\u017ene zaregistroval alebo ovl\u00e1da dva alebo viac pou\u017e\u00edvate\u013esk\u00fdch \u00fa\u010dtov. Spolo\u010dnos\u0165 KuKirin m\u00f4\u017ee \u010falej z ak\u00e9hoko\u013evek d\u00f4vodu zamietnu\u0165 \u017eiados\u0165 Pou\u017e\u00edvate\u013ea o registr\u00e1ciu.\u00a0<\/p><p>2.2 Po registr\u00e1cii na Str\u00e1nke spolo\u010dnos\u0165 KuKirin pridel\u00ed ka\u017ed\u00e9mu registrovan\u00e9mu Pou\u017e\u00edvate\u013eovi \u00fa\u010det a vyd\u00e1 mu ID pou\u017e\u00edvate\u013ea a heslo (toto heslo si registrovan\u00fd Pou\u017e\u00edvate\u013e zvol\u00ed po\u010das registr\u00e1cie). \u00da\u010det m\u00f4\u017ee ma\u0165 webov\u00e9 e-mailov\u00e9 konto s obmedzen\u00fdm \u00falo\u017en\u00fdm priestorom, ktor\u00e9 pou\u017e\u00edvate\u013eovi umo\u017e\u0148uje odosiela\u0165 alebo prij\u00edma\u0165 e-maily. Ke\u010f sa stanete Pou\u017e\u00edvate\u013eom KuKirin, s\u00fahlas\u00edte s t\u00fdm, \u017ee povo\u013eujete spolo\u010dnosti KuKirin uchov\u00e1va\u0165 a pou\u017e\u00edva\u0165 va\u0161e inform\u00e1cie v s\u00falade so z\u00e1sadami ochrany osobn\u00fdch \u00fadajov.\u00a0<\/p><p>2.3 S\u00fabor ID pou\u017e\u00edvate\u013ea a hesla je jedine\u010dn\u00fd pre jeden \u00fa\u010det. Ka\u017ed\u00fd pou\u017e\u00edvate\u013e je v\u00fdlu\u010dne zodpovedn\u00fd za zachovanie d\u00f4vernosti a bezpe\u010dnosti svojho pou\u017e\u00edvate\u013esk\u00e9ho ID a hesla a za v\u0161etky \u010dinnosti, ktor\u00e9 sa uskuto\u010d\u0148uj\u00fa v r\u00e1mci jeho \u00fa\u010dtu. \u017diadny pou\u017e\u00edvate\u013e nesmie zdie\u013ea\u0165, pride\u013eova\u0165 ani povo\u013eova\u0165 pou\u017e\u00edvanie svojho pou\u017e\u00edvate\u013esk\u00e9ho \u00fa\u010dtu, ID alebo hesla inej osobe mimo vlastn\u00e9ho podnikate\u013esk\u00e9ho subjektu. Pou\u017e\u00edvate\u013e sa zav\u00e4zuje okam\u017eite informova\u0165 spolo\u010dnos\u0165 KuKirin, ak sa dozvie o akomko\u013evek neopr\u00e1vnenom pou\u017eit\u00ed svojho hesla alebo svojho \u00fa\u010dtu alebo o akomko\u013evek inom poru\u0161en\u00ed bezpe\u010dnosti svojho \u00fa\u010dtu.\u00a0<\/p><p>2.4 Pou\u017e\u00edvate\u013e s\u00fahlas\u00ed s t\u00fdm, \u017ee v\u0161etky \u010dinnosti, ktor\u00e9 sa uskuto\u010dnia v r\u00e1mci jeho konta (okrem in\u00e9ho vr\u00e1tane zverejnenia ak\u00fdchko\u013evek inform\u00e1ci\u00ed o spolo\u010dnosti alebo produkte, kliknutia na prijatie ak\u00fdchko\u013evek dodato\u010dn\u00fdch zml\u00fav alebo pravidiel, prihl\u00e1senia sa na odber ak\u00fdchko\u013evek slu\u017eieb alebo uskuto\u010dnenia akejko\u013evek platby za ne, odosielania e-mailov prostredn\u00edctvom e-mailov\u00e9ho konta), sa bud\u00fa pova\u017eova\u0165 za autorizovan\u00e9 pou\u017e\u00edvate\u013eom.\u00a0<\/p><p>2.5 Pou\u017e\u00edvate\u013e berie na vedomie, \u017ee zdie\u013eanie jeho \u00fa\u010dtu s in\u00fdmi osobami alebo umo\u017enenie pou\u017e\u00edvania jeho \u00fa\u010dtu viacer\u00fdmi pou\u017e\u00edvate\u013emi (\u010falej len \"viacn\u00e1sobn\u00e9 pou\u017e\u00edvanie\") m\u00f4\u017ee sp\u00f4sobi\u0165 nenapravite\u013en\u00fa \u0161kodu spolo\u010dnosti KuKirin alebo in\u00fdm Pou\u017e\u00edvate\u013eom str\u00e1nky. Pou\u017e\u00edvate\u013e od\u0161kodn\u00ed spolo\u010dnos\u0165 KuKirin, na\u0161e pridru\u017een\u00e9 spolo\u010dnosti, riadite\u013eov, zamestnancov, agentov a z\u00e1stupcov za ak\u00fako\u013evek stratu alebo \u0161kodu (okrem in\u00e9ho vr\u00e1tane u\u0161l\u00e9ho zisku), ktor\u00e1 vznikne v d\u00f4sledku viacn\u00e1sobn\u00e9ho pou\u017e\u00edvania v\u00e1\u0161ho \u00fa\u010dtu. Pou\u017e\u00edvate\u013e tie\u017e s\u00fahlas\u00ed s t\u00fdm, \u017ee v pr\u00edpade viacn\u00e1sobn\u00e9ho pou\u017eitia \u00fa\u010dtu alebo nezabezpe\u010denia \u00fa\u010dtu pou\u017e\u00edvate\u013eom, spolo\u010dnos\u0165 KuKirin nezodpoved\u00e1 za \u017eiadnu stratu alebo \u0161kodu vypl\u00fdvaj\u00facu z tak\u00e9hoto poru\u0161enia a m\u00e1 pr\u00e1vo pozastavi\u0165 alebo zru\u0161i\u0165 \u00fa\u010det pou\u017e\u00edvate\u013ea bez toho, aby vo\u010di nemu niesla zodpovednos\u0165.\u00a0<\/p><p>2.6 Pou\u017e\u00edvate\u013e zaru\u010duje, \u017ee inform\u00e1cie, ktor\u00e9 poskytol pri registr\u00e1cii svojho \u00fa\u010dtu KuKirin, s\u00fa presn\u00e9, pravdiv\u00e9, leg\u00e1lne a platn\u00e9 a patria v\u00fdlu\u010dne v\u00e1m. Pou\u017e\u00edvatelia s\u00fa v\u00fdlu\u010dne zodpovedn\u00ed za spr\u00e1vnos\u0165 \u00fadajov, ktor\u00e9 poskytli spolo\u010dnosti KuKirin, a spolo\u010dnos\u0165 KuKirin nenesie zodpovednos\u0165 a neposkytuje \u017eiadnu n\u00e1hradu za pr\u00edpady nespr\u00e1vnych inform\u00e1ci\u00ed\u00a0<\/p><p>2.7 Pou\u017e\u00edvate\u013e m\u00e1 mo\u017enos\u0165 zru\u0161i\u0165 objedn\u00e1vku len pred odoslan\u00edm tovaru kontaktovan\u00edm n\u00e1\u0161ho centra podpory. A spolo\u010dnos\u0165 KuKirin si vyhradzuje pr\u00e1vo zru\u0161i\u0165 objedn\u00e1vku pre strat\u00e9giu prev\u00e1dzky s predch\u00e1dzaj\u00facim ozn\u00e1men\u00edm na \u00fa\u010det pou\u017e\u00edvate\u013ea. Po odoslan\u00ed objedn\u00e1vky v\u0161ak objedn\u00e1vku nemo\u017eno zru\u0161i\u0165, zmeni\u0165 ani vr\u00e1ti\u0165 peniaze. Po prijat\u00ed bal\u00edka vstupuj\u00fa do platnosti na\u0161e z\u00e1sady vr\u00e1tenia tovaru.\u00a0<\/p><p>2.8 Pou\u017e\u00edvate\u013e mus\u00ed ma\u0165 pri registr\u00e1cii mo\u017enos\u0165 prihl\u00e1si\u0165 sa k odberu noviniek alebo ho zru\u0161i\u0165.\u00a0<\/p><p>2.9 Pou\u017e\u00edvate\u013e berie na vedomie a s\u00fahlas\u00ed s t\u00fdm, \u017ee spolo\u010dnos\u0165 KuKirin m\u00e1 pr\u00e1vo kedyko\u013evek do\u010dasne alebo trvalo ukon\u010di\u0165 v\u0161etky slu\u017eby alebo ich \u010das\u0165 v s\u00falade s vlastn\u00fdmi obchodn\u00fdmi potrebami (okrem in\u00e9ho vr\u00e1tane pr\u00edpadov, ako je poru\u0161ovanie podmienok spolo\u010dnosti KuKirin, neprijate\u013en\u00e9 a neprimeran\u00e9 koment\u00e1re alebo spr\u00e1vanie vo\u010di imid\u017eu zna\u010dky KuKirin).\u00a0\u00a0<\/p><p>2.10 Ak m\u00e1te ak\u00e9ko\u013evek obavy alebo s\u0165a\u017enosti t\u00fdkaj\u00face sa na\u0161ich slu\u017eieb, po\u0161lite n\u00e1m e-mail priamo na adresu Kontakt. M\u00e1te tie\u017e pr\u00e1vo poda\u0165 s\u0165a\u017enos\u0165 ofici\u00e1lnym org\u00e1nom. Ocenili by sme v\u0161ak mo\u017enos\u0165 rie\u0161i\u0165 va\u0161e obavy sk\u00f4r, ako sa obr\u00e1tite na tretie strany, preto n\u00e1s v prvom rade kontaktujte.<\/p><h3><strong><b>3. Podmienky pou\u017e\u00edvania\u00a0<\/b><\/strong><\/h3><p>3.1 Licencia<\/p><p>Pou\u017e\u00edvanie Povolenie je udelen\u00e9 na do\u010dasn\u00e9 stiahnutie jednej k\u00f3pie materi\u00e1lov (inform\u00e1ci\u00ed alebo softv\u00e9ru) z webovej str\u00e1nky kukirin-scooter.com len na osobn\u00e9 a nekomer\u010dn\u00e9 prechodn\u00e9 prezeranie. Ide o udelenie licencie, nie o prevod vlastn\u00edckeho pr\u00e1va, a na z\u00e1klade tejto licencie nem\u00f4\u017eete materi\u00e1ly upravova\u0165 ani kop\u00edrova\u0165, pou\u017e\u00edva\u0165 materi\u00e1ly na ak\u00e9ko\u013evek komer\u010dn\u00e9 \u00fa\u010dely alebo na ak\u00e9ko\u013evek verejn\u00e9 vystavovanie (komer\u010dn\u00e9 alebo nekomer\u010dn\u00e9), pok\u00fa\u0161a\u0165 sa dekompilova\u0165 alebo sp\u00e4tne analyzova\u0165 ak\u00fdko\u013evek softv\u00e9r obsiahnut\u00fd na webovej lokalite kukirin-scooter.com, odstra\u0148ova\u0165 z materi\u00e1lov ak\u00e9ko\u013evek autorsk\u00e9 pr\u00e1va alebo in\u00e9 vlastn\u00edcke ozna\u010denia, pren\u00e1\u0161a\u0165 materi\u00e1ly na in\u00fa osobu alebo \"zrkadli\u0165\" materi\u00e1ly na inom serveri. T\u00e1to licencia automaticky zanik\u00e1, ak poru\u0161\u00edte ktor\u00e9ko\u013evek z t\u00fdchto obmedzen\u00ed, a m\u00f4\u017ee by\u0165 kedyko\u013evek ukon\u010den\u00e1 zo strany kukirin-scooter.com. Po ukon\u010den\u00ed prezerania t\u00fdchto materi\u00e1lov alebo po ukon\u010den\u00ed platnosti tejto licencie mus\u00edte zni\u010di\u0165 v\u0161etky stiahnut\u00e9 materi\u00e1ly, ktor\u00e9 m\u00e1te v elektronickej alebo tla\u010denej podobe.\u00a0<\/p><p>3.2 Zrieknutie sa zodpovednosti<\/p><p>Materi\u00e1ly na webovej lokalite kukirin-scooter.com s\u00fa poskytovan\u00e9 \"tak, ako s\u00fa\". kukirin-scooter.com neposkytuje \u017eiadne z\u00e1ruky, v\u00fdslovn\u00e9 ani implicitn\u00e9, a t\u00fdmto sa zrieka a popiera v\u0161etky ostatn\u00e9 z\u00e1ruky, vr\u00e1tane, ale bez obmedzenia, implicitn\u00fdch z\u00e1ruk alebo podmienok predajnosti, vhodnosti na konkr\u00e9tny \u00fa\u010del alebo neporu\u0161ovania du\u0161evn\u00e9ho vlastn\u00edctva.\u00a0<\/p><p>3.3 Obmedzenia<\/p><p>Spolo\u010dnos\u0165 kukirin-scooter.com ani jej dod\u00e1vatelia v \u017eiadnom pr\u00edpade nenes\u00fa zodpovednos\u0165 za ak\u00e9ko\u013evek \u0161kody (vr\u00e1tane, ale bez obmedzenia, \u0161k\u00f4d sp\u00f4soben\u00fdch stratou \u00fadajov alebo zisku alebo v d\u00f4sledku preru\u0161enia \u010dinnosti) vypl\u00fdvaj\u00face z pou\u017e\u00edvania alebo nemo\u017enosti pou\u017e\u00edva\u0165 materi\u00e1ly na str\u00e1nke kukirin-scooter.com, a to ani v pr\u00edpade, \u017ee spolo\u010dnos\u0165 kukirin-scooter.com alebo autorizovan\u00fd z\u00e1stupca spolo\u010dnosti kukirin-scooter.com boli \u00fastne alebo p\u00edsomne informovan\u00ed o mo\u017enosti vzniku tak\u00fdchto \u0161k\u00f4d. Ke\u010f\u017ee niektor\u00e9 jurisdikcie nepovo\u013euj\u00fa obmedzenia implicitn\u00fdch z\u00e1ruk alebo obmedzenia zodpovednosti za n\u00e1sledn\u00e9 alebo n\u00e1hodn\u00e9 \u0161kody, tieto obmedzenia sa na v\u00e1s nemusia vz\u0165ahova\u0165.<\/p><p>3.4 Rev\u00edzie a chyby<\/p><p>Materi\u00e1ly na webovej str\u00e1nke kukirin-scooter.com m\u00f4\u017eu obsahova\u0165 technick\u00e9, typografick\u00e9 alebo fotografick\u00e9 chyby. A kukirin-scooter.com nezaru\u010duje, \u017ee ak\u00e9ko\u013evek materi\u00e1ly na jeho webovej str\u00e1nke s\u00fa presn\u00e9, \u00fapln\u00e9 alebo aktu\u00e1lne. Takisto m\u00f4\u017ee kukirin-scooter.com kedyko\u013evek a bez predch\u00e1dzaj\u00faceho upozornenia vykona\u0165 zmeny v materi\u00e1loch obsiahnut\u00fdch na svojej webovej lokalite. Okrem toho sa kukirin-scooter.com nezav\u00e4zuje aktualizova\u0165 materi\u00e1ly.<\/p><p>3.5 Odkazy<\/p><p>Webov\u00e1 str\u00e1nka kukirin-scooter.com nepresk\u00famala v\u0161etky webov\u00e9 str\u00e1nky, na ktor\u00e9 odkazuje jej internetov\u00e1 str\u00e1nka, a nezodpoved\u00e1 za obsah \u017eiadnej z tak\u00fdchto odkazovan\u00fdch webov\u00fdch str\u00e1nok. Zahrnutie ak\u00fdchko\u013evek tak\u00fdchto odkazov neznamen\u00e1, \u017ee spolo\u010dnos\u0165 kukirin-scooter.com dan\u00fa webov\u00fa str\u00e1nku podporuje. Pou\u017e\u00edvanie akejko\u013evek takejto prepojenej webovej str\u00e1nky je na vlastn\u00e9 riziko pou\u017e\u00edvate\u013ea.<\/p><p>3.6 \u00dapravy podmienok pou\u017e\u00edvania webovej str\u00e1nky<\/p><p>Webov\u00e1 str\u00e1nka kukirin-scooter.com m\u00f4\u017ee kedyko\u013evek zmeni\u0165 tieto podmienky pou\u017e\u00edvania svojej webovej str\u00e1nky bez predch\u00e1dzaj\u00faceho upozornenia. Pou\u017e\u00edvan\u00edm tejto webovej lokality s\u00fahlas\u00edte s t\u00fdm, \u017ee sa budete riadi\u0165 aktu\u00e1lnou verziou t\u00fdchto podmienok pou\u017e\u00edvania alebo in\u00fdm poru\u0161en\u00edm pr\u00e1v. Okrem toho kukirin-scooter.com nezaru\u010duje ani nerob\u00ed \u017eiadne vyhl\u00e1senia t\u00fdkaj\u00face sa presnosti, pravdepodobn\u00fdch v\u00fdsledkov alebo spo\u013eahlivosti pou\u017e\u00edvania materi\u00e1lov na svojich internetov\u00fdch str\u00e1nkach alebo inak s\u00favisiacich s t\u00fdmito materi\u00e1lmi alebo na ak\u00fdchko\u013evek in\u00fdch internetov\u00fdch str\u00e1nkach, na ktor\u00e9 sa odkazuje na t\u00fdchto str\u00e1nkach.<\/p><h3>\u00a0<\/h3><h3>4. Rozhodn\u00e9 pr\u00e1vo<\/h3><p>Tieto Podmienky slu\u017eby a v\u0161etky samostatn\u00e9 zmluvy, na z\u00e1klade ktor\u00fdch v\u00e1m poskytujeme slu\u017eby, sa riadia a vykladaj\u00fa v s\u00falade so z\u00e1konmi Spojen\u00e9ho kr\u00e1\u013eovstva.<\/p>\t\t\t\t\t\t\t\t<\/div>\n\t\t\t\t<\/div>\n\t\t\t\t\t<\/div>\n\t\t\t\t<\/div>\n\t\t\t\t<\/div>","protected":false},"excerpt":{"rendered":"<p>Welcome to kukirin-scooter-parts.com! These Terms of Use describe the terms and conditions applicable to your access and use of the website at kukirin-scooter.com. This statement is a legally binding agreement between you as the user(s) of the Site (referred to as \u201cyou\u201d, \u201cMember\u201d, &#8220;Customer&#8221; or \u201cUser\u201d hereinafter) and the kukirin-scooter.com (referred to as \u201cwe\u201d, \u201cour\u201d, &#8230; <a title=\"Podmienky slu\u017eby\" class=\"read-more\" href=\"https:\/\/kukirin-scooter-parts.com\/sk\/terms-of-service\/\" aria-label=\"Pre\u010d\u00edtajte si viac o Terms of Service\">\u010c\u00edta\u0165 viac<\/a><\/p>","protected":false},"author":1,"featured_media":0,"parent":0,"menu_order":0,"comment_status":"closed","ping_status":"closed","template":"","meta":{"footnotes":""},"class_list":["post-65","page","type-page","status-publish"],"_links":{"self":[{"href":"https:\/\/kukirin-scooter-parts.com\/sk\/wp-json\/wp\/v2\/pages\/65","targetHints":{"allow":["GET"]}}],"collection":[{"href":"https:\/\/kukirin-scooter-parts.com\/sk\/wp-json\/wp\/v2\/pages"}],"about":[{"href":"https:\/\/kukirin-scooter-parts.com\/sk\/wp-json\/wp\/v2\/types\/page"}],"author":[{"embeddable":true,"href":"https:\/\/kukirin-scooter-parts.com\/sk\/wp-json\/wp\/v2\/users\/1"}],"replies":[{"embeddable":true,"href":"https:\/\/kukirin-scooter-parts.com\/sk\/wp-json\/wp\/v2\/comments?post=65"}],"version-history":[{"count":4,"href":"https:\/\/kukirin-scooter-parts.com\/sk\/wp-json\/wp\/v2\/pages\/65\/revisions"}],"predecessor-version":[{"id":95,"href":"https:\/\/kukirin-scooter-parts.com\/sk\/wp-json\/wp\/v2\/pages\/65\/revisions\/95"}],"wp:attachment":[{"href":"https:\/\/kukirin-scooter-parts.com\/sk\/wp-json\/wp\/v2\/media?parent=65"}],"curies":[{"name":"wp","href":"https:\/\/api.w.org\/{rel}","templated":true}]}}