{"id":61,"date":"2024-09-02T03:53:01","date_gmt":"2024-09-02T03:53:01","guid":{"rendered":"https:\/\/kukirin-scooter-parts.com\/?page_id=61"},"modified":"2024-09-02T07:13:39","modified_gmt":"2024-09-02T07:13:39","slug":"about-us","status":"publish","type":"page","link":"https:\/\/kukirin-scooter-parts.com\/sk\/about-us\/","title":{"rendered":"O n\u00e1s"},"content":{"rendered":"<div data-elementor-type=\"wp-page\" data-elementor-id=\"61\" class=\"elementor elementor-61\" data-elementor-post-type=\"page\">\n\t\t\t\t<div class=\"elementor-element elementor-element-7594f32 e-flex e-con-boxed e-con e-parent\" data-id=\"7594f32\" data-element_type=\"container\" data-e-type=\"container\">\n\t\t\t\t\t<div class=\"e-con-inner\">\n\t\t\t\t<div class=\"elementor-element elementor-element-5c8e2ed elementor-widget elementor-widget-text-editor\" data-id=\"5c8e2ed\" data-element_type=\"widget\" data-e-type=\"widget\" data-widget_type=\"text-editor.default\">\n\t\t\t\t<div class=\"elementor-widget-container\">\n\t\t\t\t\t\t\t\t\t<p>kukirin-scooter-parts.com, v\u00e1\u0161 d\u00f4veryhodn\u00fd zdroj ofici\u00e1lnych n\u00e1hradn\u00fdch dielov a pr\u00edslu\u0161enstva pre sk\u00fatre Kukirin. Na\u0161\u00edm cie\u013eom je pom\u00f4c\u0165 v\u00e1m udr\u017ea\u0165 v\u00e1\u0161 sk\u00fater Kukirin v \u010do najlep\u0161om stave v\u010faka kvalitn\u00fdm a origin\u00e1lnym komponentom.<\/p>\n<p>Ako \u0161pecializovan\u00fd internetov\u00fd obchod vieme, ak\u00e9 d\u00f4le\u017eit\u00e9 je udr\u017eiava\u0165 va\u0161u jazdu pomocou dielov, ktor\u00e9 s\u00fa pre \u0148u \u0161peci\u00e1lne vyroben\u00e9. Preto pon\u00fakame len ofici\u00e1lne diely Kukirin, \u010d\u00edm zabezpe\u010dujeme, \u017ee v\u0161etko, \u010do si u n\u00e1s k\u00fapite, sp\u013a\u0148a presn\u00e9 normy stanoven\u00e9 v\u00fdrobcom - tov\u00e1r\u0148ou Kukirin.<\/p>\n<p>Na\u0161\u00edm cie\u013eom je zabezpe\u010di\u0165, aby va\u0161e nakupovanie prebehlo \u010do najhlad\u0161ie, a pon\u00faknu\u0165 v\u00e1m prvotriedny z\u00e1kazn\u00edcky servis, r\u00fdchlu dopravu a \u0161irok\u00fd sortiment produktov. Ako ofici\u00e1lny zdroj dielov na sk\u00fatre Kukirin, \u010di u\u017e chcete vymeni\u0165 diel alebo vykona\u0165 moderniz\u00e1ciu, m\u00e1me pre v\u00e1s v\u0161etko, \u010do potrebujete, aby ste udr\u017eali svoj sk\u00fater Kukirin v \u0161pi\u010dkovej kond\u00edcii.<\/p>\n<p>\u010eakujeme, \u017ee ste si vybrali spolo\u010dnos\u0165 KuKirin. Sme tu, aby sme podporili va\u0161u jazdu, nech u\u017e v\u00e1s zavedie kamko\u013evek.<\/p>\t\t\t\t\t\t\t\t<\/div>\n\t\t\t\t<\/div>\n\t\t\t\t\t<\/div>\n\t\t\t\t<\/div>\n\t\t\t\t<\/div>","protected":false},"excerpt":{"rendered":"<p>kukirin-scooter-parts.com, your trusted source for official Kukirin scooter spare parts and accessories. We\u2019re all about helping you keep your Kukirin scooter running at its best with high-quality, original components. As a dedicated online store, we know how important it is to maintain your ride with parts that are made specifically for it. That\u2019s why we &#8230; <a title=\"O n\u00e1s\" class=\"read-more\" href=\"https:\/\/kukirin-scooter-parts.com\/sk\/about-us\/\" aria-label=\"Pre\u010d\u00edtajte si viac o About Us\">\u010c\u00edta\u0165 viac<\/a><\/p>","protected":false},"author":1,"featured_media":0,"parent":0,"menu_order":0,"comment_status":"closed","ping_status":"closed","template":"","meta":{"footnotes":""},"class_list":["post-61","page","type-page","status-publish"],"_links":{"self":[{"href":"https:\/\/kukirin-scooter-parts.com\/sk\/wp-json\/wp\/v2\/pages\/61","targetHints":{"allow":["GET"]}}],"collection":[{"href":"https:\/\/kukirin-scooter-parts.com\/sk\/wp-json\/wp\/v2\/pages"}],"about":[{"href":"https:\/\/kukirin-scooter-parts.com\/sk\/wp-json\/wp\/v2\/types\/page"}],"author":[{"embeddable":true,"href":"https:\/\/kukirin-scooter-parts.com\/sk\/wp-json\/wp\/v2\/users\/1"}],"replies":[{"embeddable":true,"href":"https:\/\/kukirin-scooter-parts.com\/sk\/wp-json\/wp\/v2\/comments?post=61"}],"version-history":[{"count":7,"href":"https:\/\/kukirin-scooter-parts.com\/sk\/wp-json\/wp\/v2\/pages\/61\/revisions"}],"predecessor-version":[{"id":83,"href":"https:\/\/kukirin-scooter-parts.com\/sk\/wp-json\/wp\/v2\/pages\/61\/revisions\/83"}],"wp:attachment":[{"href":"https:\/\/kukirin-scooter-parts.com\/sk\/wp-json\/wp\/v2\/media?parent=61"}],"curies":[{"name":"wp","href":"https:\/\/api.w.org\/{rel}","templated":true}]}}