{"id":3,"date":"2024-08-28T09:48:00","date_gmt":"2024-08-28T09:48:00","guid":{"rendered":"http:\/\/kukirin-scooter-parts.com\/?page_id=3"},"modified":"2024-09-02T07:25:46","modified_gmt":"2024-09-02T07:25:46","slug":"privacy-policy","status":"publish","type":"page","link":"https:\/\/kukirin-scooter-parts.com\/sk\/privacy-policy\/","title":{"rendered":"Z\u00e1sady ochrany osobn\u00fdch \u00fadajov"},"content":{"rendered":"<div data-elementor-type=\"wp-page\" data-elementor-id=\"3\" class=\"elementor elementor-3\" data-elementor-post-type=\"page\">\n\t\t\t\t<div class=\"elementor-element elementor-element-250f5984 e-flex e-con-boxed e-con e-parent\" data-id=\"250f5984\" data-element_type=\"container\" data-e-type=\"container\">\n\t\t\t\t\t<div class=\"e-con-inner\">\n\t\t\t\t<div class=\"elementor-element elementor-element-2760fd46 elementor-widget elementor-widget-text-editor\" data-id=\"2760fd46\" data-element_type=\"widget\" data-e-type=\"widget\" data-widget_type=\"text-editor.default\">\n\t\t\t\t<div class=\"elementor-widget-container\">\n\t\t\t\t\t\t\t\t\t<p><\/p>\n<p>Tu je kukirin-scooter-parts.com (\u010falej len \"my\", \"n\u00e1s\" alebo \"KuKirin\", \"str\u00e1nky\"), sme sa zaviazali chr\u00e1ni\u0165 a re\u0161pektova\u0165 s\u00fakromie va\u0161ich osobn\u00fdch \u00fadajov. Tieto z\u00e1sady ochrany osobn\u00fdch \u00fadajov vysvet\u013euj\u00fa, ako spolo\u010dnos\u0165 KuKirin zhroma\u017e\u010fuje, pou\u017e\u00edva, pren\u00e1\u0161a a zverej\u0148uje va\u0161e \u00fadaje. Vz\u0165ahuje sa na \u00fadaje, ktor\u00e9 zhroma\u017e\u010fujete pri pou\u017e\u00edvan\u00ed na\u0161ich webov\u00fdch str\u00e1nok, ke\u010f s nami komunikujete prostredn\u00edctvom soci\u00e1lnych m\u00e9di\u00ed, e-mailu alebo telef\u00f3nu, alebo ke\u010f sa z\u00fa\u010dast\u0148ujete na na\u0161ich s\u00fa\u0165a\u017eiach alebo podujatiach. Vz\u0165ahuje sa na:<\/p>\n<h2 class=\"wp-block-heading\"><strong>1. N\u00e1\u0161 z\u00e1v\u00e4zok vo\u010di v\u00e1m\u00a0<\/strong><br \/><strong>2. Ako zabezpe\u010dujeme va\u0161e \u00fadaje\u00a0\u00a0<\/strong><br \/><strong>3. Osobn\u00e9 \u00fadaje, ktor\u00e9 zhroma\u017e\u010fujeme\u00a0<\/strong><br \/><strong>4. Ako zhroma\u017e\u010fujeme va\u0161e \u00fadaje\u00a0<\/strong><br \/><strong>5. Ako pou\u017e\u00edvame va\u0161e \u00fadaje\u00a0<\/strong><br \/><strong>6. O s\u00faboroch cookie\u00a0<\/strong><br \/><strong>7. Ako zdie\u013eame va\u0161e \u00fadaje\u00a0<\/strong><br \/><strong>8. Va\u0161e pr\u00e1va na va\u0161e osobn\u00e9 \u00fadaje\u00a0<\/strong><br \/><strong>9. Zmeny t\u00fdchto z\u00e1sad ochrany osobn\u00fdch \u00fadajov<\/strong><\/h2>\n<h3>1. N\u00e1\u0161 z\u00e1v\u00e4zok vo\u010di v\u00e1m<\/h3>\n<h2 class=\"wp-block-heading\">Ochranu va\u0161ich osobn\u00fdch \u00fadajov berieme v\u00e1\u017ene a va\u0161e osobn\u00e9 \u00fadaje budeme sprac\u00fava\u0165 spravodlivo, z\u00e1konne a transparentne. Tieto z\u00e1sady ochrany osobn\u00fdch \u00fadajov opisuj\u00fa osobn\u00e9 \u00fadaje, ktor\u00e9 o v\u00e1s zhroma\u017e\u010fujeme, a sp\u00f4sob ich pou\u017eitia. Va\u0161e osobn\u00e9 \u00fadaje budeme zhroma\u017e\u010fova\u0165 a pou\u017e\u00edva\u0165 len na tieto \u00fa\u010dely:<\/h2>\n<ul>\n<li>Zlep\u0161i\u0165 na\u0161e slu\u017eby;<\/li>\n<li>plnenie na\u0161ich z\u00e1konn\u00fdch povinnost\u00ed.<\/li>\n<\/ul>\n<h3>2. Ako zabezpe\u010dujeme va\u0161e \u00fadaje<\/h3>\n<p>M\u00e1me zaveden\u00e9 primeran\u00e9 organiza\u010dn\u00e9 z\u00e1ruky a bezpe\u010dnostn\u00e9 opatrenia na ochranu va\u0161ich \u00fadajov pred n\u00e1hodnou stratou, pou\u017eit\u00edm alebo pr\u00edstupom k nim neopr\u00e1vnen\u00fdm sp\u00f4sobom, zmenou alebo zverejnen\u00edm. Komunik\u00e1cia medzi va\u0161\u00edm prehliada\u010dom a na\u0161ou webovou str\u00e1nkou vyu\u017e\u00edva zabezpe\u010den\u00e9 \u0161ifrovan\u00e9 spojenie v\u0161ade tam, kde ide o va\u0161e osobn\u00e9 \u00fadaje. Va\u0161e \u00fadaje \u0161ifrujeme a uklad\u00e1me ich na zabezpe\u010den\u00fdch serveroch ukryt\u00fdch za firewallom. Vy\u017eadujeme, aby ka\u017ed\u00e1 tretia strana, ktor\u00e1 je zmluvne poveren\u00e1 sprac\u00favan\u00edm va\u0161ich osobn\u00fdch \u00fadajov v na\u0161om mene, mala zaveden\u00e9 bezpe\u010dnostn\u00e9 opatrenia na ochranu va\u0161ich \u00fadajov a aby s t\u00fdmito \u00fadajmi zaobch\u00e1dzala v s\u00falade so z\u00e1konom. V ne\u0161\u0165astnom pr\u00edpade poru\u0161enia ochrany osobn\u00fdch \u00fadajov v\u00e1s budeme informova\u0165 a ozn\u00e1mime to aj v\u0161etk\u00fdm platn\u00fdm predpisom, ke\u010f n\u00e1m to z\u00e1kon uklad\u00e1.<\/p>\n<h3>3. Osobn\u00e9 \u00fadaje, ktor\u00e9 zhroma\u017e\u010fujeme\u00a0<\/h3>\n<p>3.1 E-mailov\u00e1 adresa vr\u00e1tane e-mailovej adresy poskytnutej prostredn\u00edctvom schv\u00e1len\u00fdch pridru\u017een\u00fdch tret\u00edch str\u00e1n.<\/p>\n<p>3.2 Inform\u00e1cie o preprave vr\u00e1tane n\u00e1zvu, krajiny a telef\u00f3nneho \u010d\u00edsla. Ke\u010f potrebujeme ulo\u017ei\u0165 inform\u00e1cie s\u00favisiace s objedn\u00e1vkou, zad\u00e1vame ich do na\u0161ej datab\u00e1zy prostredn\u00edctvom \u0161ifrovania SSL. Hoci je na\u0161a webov\u00e1 lokalita ur\u010den\u00e1 pre \u0161irok\u00fa verejnos\u0165, vedome nezhroma\u017e\u010fujeme \u017eiadne \u00fadaje od det\u00ed, ktor\u00e9 ich nesm\u00fa pou\u017e\u00edva\u0165 ani odosiela\u0165 na webov\u00fa lokalitu.<\/p>\n<h3>4. Ako zhroma\u017e\u010fujeme va\u0161e \u00fadaje<\/h3>\n<p>Va\u0161e osobn\u00e9 \u00fadaje m\u00f4\u017eeme zhroma\u017e\u010fova\u0165 nasleduj\u00facimi sp\u00f4sobmi:\u00a0<\/p>\n<h2 class=\"wp-block-heading\">4.1 Priame interakcie: M\u00f4\u017eete n\u00e1m poskytn\u00fa\u0165 svoje identifika\u010dn\u00e9, kontaktn\u00e9, finan\u010dn\u00e9, transak\u010dn\u00e9, profilov\u00e9, marketingov\u00e9 a komunika\u010dn\u00e9 \u00fadaje vyplnen\u00edm formul\u00e1rov, zadan\u00edm inform\u00e1ci\u00ed online alebo kore\u0161pondenciou s nami po\u0161tou, telefonicky, e-mailom, telefonicky alebo in\u00fdm sp\u00f4sobom. Patria sem osobn\u00e9 \u00fadaje, ktor\u00e9 poskytnete napr:<\/h2>\n<ul>\n<li>Vytvorte si konto na na\u0161ej webovej str\u00e1nke;\u00a0<\/li>\n<li>Prihl\u00e1ste sa na odber n\u00e1\u0161ho informa\u010dn\u00e9ho bulletinu, diskusn\u00fdch f\u00f3r a soci\u00e1lnych siet\u00ed;<\/li>\n<li>Vypl\u0148te dobrovo\u013en\u00fd prieskum trhu;<\/li>\n<li>Kontaktujte n\u00e1s s ot\u00e1zkou alebo nahl\u00e1ste probl\u00e9m (telefonicky, e-mailom, prostredn\u00edctvom soci\u00e1lnych m\u00e9di\u00ed alebo slu\u017eby zasielania spr\u00e1v);<\/li>\n<li>Ke\u010f sa prihl\u00e1site na na\u0161u webov\u00fa str\u00e1nku prostredn\u00edctvom soci\u00e1lnych m\u00e9di\u00ed.<\/li>\n<\/ul>\n<p>4.2 Nepriame interakcie: Pri interakcii s na\u0161ou webovou str\u00e1nkou m\u00f4\u017eeme automaticky zhroma\u017e\u010fova\u0165 technick\u00e9 \u00fadaje pomocou s\u00faborov cookie, protokolov servera a in\u00fdch podobn\u00fdch technol\u00f3gi\u00ed. \u010eal\u0161ie podrobnosti n\u00e1jdete v \u010dasti O s\u00faboroch cookie.<\/p>\n<h2 class=\"wp-block-heading\">4.3 Tretie strany: Osobn\u00e9 \u00fadaje o v\u00e1s m\u00f4\u017eeme z\u00edska\u0165 od r\u00f4znych tret\u00edch str\u00e1n vr\u00e1tane:\u00a0<\/h2>\n<ul>\n<li>pridru\u017een\u00e9 tretie strany vr\u00e1tane poskytovate\u013eov analytick\u00fdch slu\u017eieb, ako je napr\u00edklad spolo\u010dnos\u0165 Google;\u00a0<\/li>\n<li>partnersk\u00e9 siete, prostredn\u00edctvom ktor\u00fdch ste sa dostali na na\u0161u webov\u00fa str\u00e1nku;<\/li>\n<li>platformy soci\u00e1lnych m\u00e9di\u00ed, ke\u010f sa prihl\u00e1site na na\u0161u webov\u00fa lokalitu pomocou t\u00fdchto platforiem soci\u00e1lnych m\u00e9di\u00ed.<\/li>\n<\/ul>\n<h3>5. Ako pou\u017e\u00edvame va\u0161e \u00fadaje<\/h3>\n<p>Va\u0161e osobn\u00e9 \u00fadaje budeme zhroma\u017e\u010fova\u0165 a sprac\u00fava\u0165 len vtedy, ak na to m\u00e1me pr\u00e1vny z\u00e1klad. Ako spr\u00e1vca \u00fadajov sa pr\u00e1vny z\u00e1klad pre na\u0161e zhroma\u017e\u010fovanie a pou\u017e\u00edvanie va\u0161ich osobn\u00fdch \u00fadajov l\u00ed\u0161i v z\u00e1vislosti od sp\u00f4sobu a \u00fa\u010delu, na ktor\u00fd sme ich z\u00edskali. Va\u0161e osobn\u00e9 \u00fadaje budeme zhroma\u017e\u010fova\u0165 a sprac\u00fava\u0165 len vtedy, ak na to m\u00e1me pr\u00e1vny z\u00e1klad. Pr\u00e1vny z\u00e1klad pre na\u0161e zhroma\u017e\u010fovanie a pou\u017e\u00edvanie va\u0161ich osobn\u00fdch \u00fadajov sa ako u prev\u00e1dzkovate\u013ea \u00fadajov l\u00ed\u0161i v z\u00e1vislosti od sp\u00f4sobu a \u00fa\u010delu, na ktor\u00fd sme ich z\u00edskali. Osobn\u00e9 \u00fadaje od v\u00e1s budeme zhroma\u017e\u010fova\u0165 len vtedy, ke\u010f:<\/p>\n<p>5.1 M\u00e1me na to v\u00e1\u0161 s\u00fahlas<\/p>\n<p>5.2 Va\u0161e osobn\u00e9 \u00fadaje potrebujeme na plnenie zmluvy s vami. Napr\u00edklad na spracovanie va\u0161ej platby, vybavenie va\u0161ej objedn\u00e1vky alebo poskytnutie z\u00e1kazn\u00edckej podpory s\u00favisiacej s objedn\u00e1vkou.<\/p>\n<p>5.3 Spracovanie je v na\u0161om opr\u00e1vnenom z\u00e1ujme a nepreva\u017euj\u00fa nad n\u00edm va\u0161e pr\u00e1va<\/p>\n<p>5.4 M\u00e1me z\u00e1konn\u00fa povinnos\u0165 zhroma\u017e\u010fova\u0165 alebo zverej\u0148ova\u0165 va\u0161e osobn\u00e9 \u00fadaje. Spolo\u010dnos\u0165 KuKirin pou\u017e\u00edva va\u0161e osobn\u00e9 \u00fadaje na podporu r\u00f4znych \u010dinnost\u00ed. Tie s\u00fa uveden\u00e9 v nasleduj\u00facej tabu\u013eke spolu s typmi pou\u017e\u00edvan\u00fdch \u00fadajov a pr\u00e1vnymi z\u00e1kladmi, o ktor\u00e9 sa pri ich sprac\u00favan\u00ed opierame, pr\u00edpadne vr\u00e1tane na\u0161ich opr\u00e1vnen\u00fdch z\u00e1ujmov. Upozor\u0148ujeme, \u017ee va\u0161e osobn\u00e9 \u00fadaje m\u00f4\u017eeme sprac\u00fava\u0165 na viac ako jednom z\u00e1konnom z\u00e1klade v z\u00e1vislosti od konkr\u00e9tnej \u010dinnosti. Ak potrebujete podrobn\u00e9 inform\u00e1cie o konkr\u00e9tnom pr\u00e1vnom z\u00e1klade, na ktor\u00fd sa spoliehame pri sprac\u00favan\u00ed va\u0161ich osobn\u00fdch \u00fadajov v pr\u00edpade, \u017ee v tabu\u013eke ni\u017e\u0161ie je uveden\u00fdch viac ako jeden d\u00f4vod, kontaktujte n\u00e1s.\u00a0<\/p>\n<p>5.5 Vytvori\u0165 si \u00fa\u010det a zaregistrova\u0165 sa ako nov\u00fd z\u00e1kazn\u00edk (bu\u010f priamo, alebo prostredn\u00edctvom soci\u00e1lnych m\u00e9di\u00ed).\u00a0<\/p>\n<p>5.6 Spravova\u0165 n\u00e1\u0161 vz\u0165ah s vami vr\u00e1tane poskytovania inform\u00e1ci\u00ed, produktov a slu\u017eieb, ktor\u00e9 od n\u00e1s po\u017eadujete; informova\u0165 v\u00e1s o zmen\u00e1ch na\u0161ich slu\u017eieb, podmienok alebo z\u00e1sad ochrany osobn\u00fdch \u00fadajov; po\u017eiada\u0165 v\u00e1s, aby ste zanechali recenziu alebo sa z\u00fa\u010dastnili prieskumu.\u00a0<\/p>\n<p>5.7 Aby ste sa mohli z\u00fa\u010dastni\u0165 s\u00fa\u0165a\u017ee, podujatia, prieskumu alebo z\u00edska\u0165 odmenu.\u00a0<\/p>\n<p>5.8 Na spr\u00e1vu, ochranu a zlep\u0161ovanie n\u00e1\u0161ho podnikania a na\u0161ej webovej str\u00e1nky\/aplik\u00e1cie vr\u00e1tane rie\u0161enia probl\u00e9mov, anal\u00fdzy \u00fadajov, testovania, \u00fadr\u017eby syst\u00e9mu, podpory, anal\u00fdzy \u00fadajov, pod\u00e1vania spr\u00e1v a hos\u0165ovania \u00fadajov; nastavenie predvolen\u00fdch mo\u017enost\u00ed pre v\u00e1s, napr\u00edklad jazyka a meny.\u00a0\u00a0<\/p>\n<p>5.9 Poskytova\u0165 v\u00e1m relevantn\u00fd obsah webov\u00fdch str\u00e1nok, online reklamy a inform\u00e1cie a mera\u0165 \u00fa\u010dinnos\u0165 poskytovanej reklamy.\u00a0<\/p>\n<p>5.10 Pou\u017e\u00edvanie anal\u00fdzy \u00fadajov na: zlep\u0161enie na\u0161ej webovej str\u00e1nky, produktov, slu\u017eieb, marketingu, vz\u0165ahov so z\u00e1kazn\u00edkmi a sk\u00fasenost\u00ed; a na \u00fa\u010dely prieskumu trhu, \u0161tatistiky a prieskumu.\u00a0<\/p>\n<p>5.11 Odpor\u00fa\u010danie produktov, slu\u017eieb, zliav a pon\u00fak, ktor\u00e9 by v\u00e1s mohli zauj\u00edma\u0165, vr\u00e1tane zasielania tak\u00fdchto inform\u00e1ci\u00ed e-mailom, po\u0161tou alebo SMS.\u00a0<\/p>\n<p>5.12 Aby sme v\u00e1s informovali alebo v\u00e1m e-mailom pripomenuli ak\u00fako\u013evek \u00falohu vykonan\u00fa prostredn\u00edctvom na\u0161ej webovej lokality, ktor\u00e1 zostala nedokon\u010den\u00e1, ako napr\u00edklad nedokon\u010den\u00e9 objedn\u00e1vky alebo opusten\u00e9 ko\u0161\u00edky, pou\u017eijeme va\u0161e osobn\u00e9 \u00fadaje len na \u00fa\u010dely, na ktor\u00e9 sme ich zhroma\u017edili, pokia\u013e sa od\u00f4vodnene nedomnievame, \u017ee ich mus\u00edme pou\u017ei\u0165 na in\u00fd \u00fa\u010del a tento \u00fa\u010del je zlu\u010dite\u013en\u00fd s p\u00f4vodn\u00fdm \u00fa\u010delom. Ak chceme va\u0161e osobn\u00e9 \u00fadaje pou\u017ei\u0165 na nes\u00favisiaci \u00fa\u010del, ozn\u00e1mime v\u00e1m to a vysvetl\u00edme pr\u00e1vny z\u00e1klad, ktor\u00fd n\u00e1m to umo\u017e\u0148uje. Osobn\u00e9 \u00fadaje m\u00f4\u017eeme sprac\u00fava\u0165 bez v\u00e1\u0161ho s\u00fahlasu v s\u00falade s vy\u0161\u0161ie uveden\u00fdmi pravidlami, ak to vy\u017eaduje alebo povo\u013euje z\u00e1kon. Va\u0161e osobn\u00e9 \u00fadaje nebudeme uchov\u00e1va\u0165 dlh\u0161ie, ako je potrebn\u00e9 na \u00fa\u010del(-y), na ktor\u00fd boli poskytnut\u00e9, a na splnenie na\u0161ich z\u00e1konn\u00fdch povinnost\u00ed. \u010eal\u0161ie podrobnosti o obdobiach, po\u010das ktor\u00fdch uchov\u00e1vame \u00fadaje, s\u00fa k dispoz\u00edcii na po\u017eiadanie.\u00a0<\/p>\n<h3>6. O s\u00faboroch cookie\u00a0<\/h3>\n<p>S\u00fabory cookie pou\u017e\u00edvame na ukladanie \u0161pecifick\u00fdch inform\u00e1ci\u00ed o v\u00e1s a na sledovanie va\u0161ich n\u00e1v\u0161tev na str\u00e1nke, a to bu\u010f prostredn\u00edctvom po\u010d\u00edta\u010da, alebo mobiln\u00e9ho zariadenia. Nie je nezvy\u010dajn\u00e9, \u017ee webov\u00e9 str\u00e1nky pou\u017e\u00edvaj\u00fa s\u00fabory cookie na zlep\u0161enie identifik\u00e1cie svojich n\u00e1v\u0161tevn\u00edkov \"cookie\" je mal\u00e9 mno\u017estvo \u00fadajov, ktor\u00e9 sa odosiela do v\u00e1\u0161ho prehliada\u010da a uklad\u00e1 sa na pevn\u00fd disk v\u00e1\u0161ho po\u010d\u00edta\u010da alebo mobiln\u00e9ho zariadenia. Ak s\u00fabor cookie nedeaktivujete alebo nevyma\u017eete, zaka\u017ed\u00fdm, ke\u010f pou\u017eijete ten ist\u00fd prehliada\u010d alebo mobiln\u00e9 zariadenie na pr\u00edstup na lokalitu, na\u0161e webov\u00e9 servery bud\u00fa informovan\u00e9 o va\u0161ej n\u00e1v\u0161teve lokality a my zase m\u00f4\u017eeme ma\u0165 vedomos\u0165 o va\u0161ej n\u00e1v\u0161teve a vzore v\u00e1\u0161ho pou\u017e\u00edvania.\u00a0\u00a0<\/p>\n<p>S\u00fabory cookie n\u00e1m umo\u017enia zapam\u00e4ta\u0165 si va\u0161e \u00fadaje, aby ste ich nemuseli pri ka\u017edom pou\u017eit\u00ed str\u00e1nky zad\u00e1va\u0165 znova. Okrem toho pou\u017e\u00edvame s\u00fabory cookie na spr\u00e1vu bezpe\u010dnosti na\u0161ej lokality, zhroma\u017e\u010fovanie inform\u00e1ci\u00ed o pou\u017e\u00edvan\u00ed pou\u017e\u00edvate\u013emi; v\u00fdskum n\u00e1v\u0161tevn\u00fdch vzorcov a vykon\u00e1vanie z\u00e1ujmovej reklamy; na pomoc na\u0161im partnerom pri sledovan\u00ed n\u00e1v\u0161tev pou\u017e\u00edvate\u013eov na lokalite a sledovan\u00ed priebehu a \u00fa\u010dasti na propaga\u010dn\u00fdch akci\u00e1ch. Na tieto \u010fal\u0161ie vy\u0161\u0161ie uveden\u00e9 \u00fa\u010dely m\u00f4\u017eete ur\u010di\u0165, \u010di a ako sa bude s\u00fabor cookie prij\u00edma\u0165, konfigur\u00e1ciou nastavenia ochrany osobn\u00fdch \u00fadajov v prehliada\u010di, ktor\u00fd pou\u017e\u00edvate na pr\u00edstup na lokalitu, alebo nastaven\u00edm ochrany osobn\u00fdch \u00fadajov vo va\u0161om mobilnom zariaden\u00ed. Ak uprav\u00edte nastavenie ochrany osobn\u00fdch \u00fadajov v prehliada\u010di, va\u0161e mobiln\u00e9 zariadenie bude pokra\u010dova\u0165 v zhroma\u017e\u010fovan\u00ed \u00fadajov, pokia\u013e neuprav\u00edte nastavenie ochrany osobn\u00fdch \u00fadajov zariadenia a naopak. Niektor\u00e9 funkcie Webovej lokality z\u00e1visia od s\u00faborov cookie.\u00a0<\/p>\n<p>Upozor\u0148ujeme, \u017ee ak sa rozhodnete zablokova\u0165 s\u00fabory cookie, mo\u017eno sa nebudete m\u00f4c\u0165 prihl\u00e1si\u0165 alebo pou\u017e\u00edva\u0165 tieto funkcie a predvo\u013eby z\u00e1visl\u00e9 od s\u00faborov cookie sa m\u00f4\u017eu strati\u0165.  Pou\u017e\u00edvame cel\u00fd rad analytick\u00fdch a cielen\u00fdch reklamn\u00fdch n\u00e1strojov, aby sme v\u00e1m mohli zobrazova\u0165 relevantn\u00fd obsah webovej str\u00e1nky na na\u0161ej webovej str\u00e1nke a online reklamy na in\u00fdch webov\u00fdch str\u00e1nkach a v aplik\u00e1ci\u00e1ch (ako je op\u00edsan\u00e9 vy\u0161\u0161ie), poskytova\u0165 v\u00e1m relevantn\u00fd obsah v marketingovej komunik\u00e1cii (v pr\u00edpade potreby) a mera\u0165 \u00fa\u010dinnos\u0165 poskytovanej reklamy.\u00a0<\/p>\n<p>Pou\u017e\u00edvame napr\u00edklad n\u00e1stroje, ako je Google Analytics, na anal\u00fdzu reklamn\u00fdch \u00fadajov spolo\u010dnosti Google zalo\u017een\u00fdch na z\u00e1ujmoch a\/alebo \u00fadajov o publiku tret\u00edch str\u00e1n (ako je vek, rodinn\u00fd stav, \u017eivotn\u00e1 udalos\u0165, pohlavie a z\u00e1ujmy) na zacielenie a zlep\u0161enie na\u0161ich marketingov\u00fdch kampan\u00ed, marketingov\u00fdch strat\u00e9gi\u00ed a obsahu webov\u00fdch str\u00e1nok. M\u00f4\u017eeme tie\u017e pou\u017e\u00edva\u0165 n\u00e1stroje poskytovan\u00e9 in\u00fdmi tret\u00edmi stranami, napr\u00edklad spolo\u010dnos\u0165ou Facebook. Na\u0161a webov\u00e1 lokalita m\u00f4\u017ee obsahova\u0165 odkazy na webov\u00e9 lokality a z webov\u00fdch lokal\u00edt na\u0161ich partnersk\u00fdch siet\u00ed, inzerentov a pridru\u017een\u00fdch spolo\u010dnost\u00ed alebo na platformy soci\u00e1lnych m\u00e9di\u00ed. Ak prejdete na odkaz na niektor\u00fa z t\u00fdchto webov\u00fdch lokal\u00edt, upozor\u0148ujeme, \u017ee tieto webov\u00e9 lokality maj\u00fa svoje vlastn\u00e9 z\u00e1sady ochrany osobn\u00fdch \u00fadajov a \u017ee za tieto z\u00e1sady nenesieme \u017eiadnu zodpovednos\u0165. Pred odoslan\u00edm ak\u00fdchko\u013evek osobn\u00fdch \u00fadajov na ich webov\u00e9 str\u00e1nky si tieto z\u00e1sady skontrolujte.\u00a0<\/p>\n<h3>7. Ako zdie\u013eame va\u0161e \u00fadaje\u00a0<\/h3>\n<p>Va\u0161e osobn\u00e9 alebo finan\u010dn\u00e9 \u00fadaje nikomu nepred\u00e1vame, neprenaj\u00edmame, nevymie\u0148ame, nelicencujeme ani inak neposkytujeme, s v\u00fdnimkou nasleduj\u00facich \u0161pecifick\u00fdch situ\u00e1ci\u00ed:\u00a0\u00a0\u00a0\u00a0\u00a0<\/p>\n<p>7.1 Poskytovatelia slu\u017eieb tret\u00edch str\u00e1n: Podobne ako v\u00e4\u010d\u0161ina online obchodn\u00edkov, aj my niekedy vyu\u017e\u00edvame slu\u017eby tret\u00edch str\u00e1n, ktor\u00e9 v na\u0161om mene vykon\u00e1vaj\u00fa \u0161pecifick\u00e9 funkcie. V\u0161etky inform\u00e1cie, ktor\u00e9 im poskytujeme, sl\u00fa\u017eia v\u00fdlu\u010dne na pomoc pri poskytovan\u00ed slu\u017eieb. Napr\u00edklad partnerom, ako je DHL, poskytujeme va\u0161e meno, adresu prepravy a telef\u00f3nne \u010d\u00edslo, aby sme mohli zaru\u010di\u0165 doru\u010denie va\u0161ich objedn\u00e1vok, a m\u00f4\u017eeme pou\u017ei\u0165 pr\u00edslu\u0161n\u00e9 inform\u00e1cie o z\u00e1kazn\u00edkovi, aby sme mohli monitorova\u0165 kvalitu slu\u017eieb tretej strany.\u00a0<\/p>\n<p>7.2 Z\u00e1konn\u00e1 povinnos\u0165 zverej\u0148ova\u0165 inform\u00e1cie: M\u00f4\u017eeme by\u0165 povinn\u00ed poskytn\u00fa\u0165 inform\u00e1cie, ak sme predvolan\u00ed, ak n\u00e1m bol doru\u010den\u00fd s\u00fadny pr\u00edkaz alebo ak n\u00e1s o to po\u017eiadaj\u00fa org\u00e1ny \u010dinn\u00e9 v trestnom konan\u00ed, ktor\u00e9 ved\u00fa vy\u0161etrovanie, alebo ak sme inak povinn\u00ed poskytn\u00fa\u0165 tak\u00e9to inform\u00e1cie zo z\u00e1kona. Osobn\u00e9 \u00fadaje zverejn\u00edme aj v pr\u00edpade, \u017ee je to potrebn\u00e9 na ochranu na\u0161ich z\u00e1konn\u00fdch pr\u00e1v alebo na presadzovanie na\u0161ich podmienok pou\u017e\u00edvania a in\u00fdch doh\u00f4d. Napr\u00edklad m\u00f4\u017eeme zdie\u013ea\u0165 inform\u00e1cie, aby sme zn\u00ed\u017eili riziko podvodu alebo zabr\u00e1nili podvodom zo strany pou\u017e\u00edvate\u013eov, ktor\u00ed sa pok\u00fa\u0161aj\u00fa o podvod alebo in\u00fa nez\u00e1konn\u00fa \u010dinnos\u0165 na na\u0161ich str\u00e1nkach.\u00a0<\/p>\n<p>7.3 Zl\u00fa\u010denie a\/alebo predaj akt\u00edv: V r\u00e1mci n\u00e1\u0161ho podnikania zvy\u010dajne nepred\u00e1vame, neobchodujeme ani neprenaj\u00edmame osobn\u00e9 \u00fadaje in\u00fdm spolo\u010dnostiam. Je v\u0161ak mo\u017en\u00e9, \u017ee n\u00e1s nadobudne, zl\u00fa\u010di sa s nami alebo n\u00e1s nadobudne in\u00e1 spolo\u010dnos\u0165, alebo \u017ee sa zbav\u00edme niektor\u00fdch alebo v\u0161etk\u00fdch na\u0161ich akt\u00edv, a v takom pr\u00edpade m\u00f4\u017eu by\u0165 va\u0161e osobn\u00e9 \u00fadaje poskytnut\u00e9 inej spolo\u010dnosti, pri\u010dom sa bud\u00fa riadi\u0165 platn\u00fdmi z\u00e1sadami ochrany osobn\u00fdch \u00fadajov.\u00a0<\/p>\n<p>7.4 Inform\u00e1cie, ktor\u00e9 nie s\u00fa osobne identifikovate\u013en\u00e9: Inform\u00e1cie, ktor\u00e9 neidentifikuj\u00fa v\u00e1s ani \u017eiadneho pou\u017e\u00edvate\u013ea, ako napr\u00edklad po\u010det denn\u00fdch n\u00e1v\u0161tevn\u00edkov konkr\u00e9tnej str\u00e1nky alebo ve\u013ekos\u0165 objedn\u00e1vky zadanej v ur\u010dit\u00fd de\u0148, m\u00f4\u017eeme zdie\u013ea\u0165 s tret\u00edmi stranami, napr\u00edklad s reklamn\u00fdmi partnermi.<\/p>\n<h3>8. Va\u0161e pr\u00e1va na va\u0161e osobn\u00e9 \u00fadaje\u00a0\u00a0<\/h3>\n<p>Pod\u013ea pr\u00e1vnych predpisov o ochrane osobn\u00fdch \u00fadajov m\u00e1te nieko\u013eko pr\u00e1v. Medzi ne patr\u00ed za ur\u010dit\u00fdch okolnost\u00ed pr\u00e1vo na:<\/p>\n<p>8.1 \u017diados\u0165 o pr\u00edstup k va\u0161im osobn\u00fdm \u00fadajom<\/p>\n<p>8.2 \u017diados\u0165 o opravu va\u0161ich osobn\u00fdch \u00fadajov<\/p>\n<p>8.3 \u017diados\u0165 o vymazanie va\u0161ich osobn\u00fdch \u00fadajov<\/p>\n<p>8.4 \u017diados\u0165 o obmedzenie sprac\u00favania va\u0161ich osobn\u00fdch \u00fadajov<\/p>\n<p>8.5 \u017diados\u0165 o prenos va\u0161ich osobn\u00fdch \u00fadajov<\/p>\n<p>8.6 Namieta\u0165 proti spracovaniu va\u0161ich osobn\u00fdch \u00fadajov<\/p>\n<p>8.7 N\u00e1mietka proti automatizovan\u00e9mu rozhodovaniu<\/p>\n<h3>9. Zmeny t\u00fdchto z\u00e1sad ochrany osobn\u00fdch \u00fadajov<\/h3>\n<p>Z \u010dasu na \u010das m\u00f4\u017eeme tieto z\u00e1sady ochrany osobn\u00fdch \u00fadajov zmeni\u0165. Ak d\u00f4jde k v\u00fdznamn\u00fdm zmen\u00e1m, aktualiz\u00e1cie zverejn\u00edme na na\u0161ej webovej lokalite a v aplik\u00e1ci\u00e1ch alebo v\u00e1s o nich budeme informova\u0165 e-mailom. A tieto z\u00e1sady ochrany osobn\u00fdch \u00fadajov boli naposledy aktualizovan\u00e9 4. septembra 2024.<\/p>\t\t\t\t\t\t\t\t<\/div>\n\t\t\t\t<\/div>\n\t\t\t\t\t<\/div>\n\t\t\t\t<\/div>\n\t\t\t\t<\/div>","protected":false},"excerpt":{"rendered":"<p>Here is kukirin-scooter-parts.com (hereinafter referred to as \u201cwe\u201d, \u201cus\u201d or \u201cKuKirin\u201d, &#8220;Site&#8221;), we are committed to protecting and respecting the privacy of your personal data. This privacy policy explains how your data is collected, used, transferred, and disclosed by KuKirin. It applies to data collected when you use our websites when you interact with us &#8230; <a title=\"Z\u00e1sady ochrany osobn\u00fdch \u00fadajov\" class=\"read-more\" href=\"https:\/\/kukirin-scooter-parts.com\/sk\/privacy-policy\/\" aria-label=\"Pre\u010d\u00edtajte si viac o Privacy Policy\">\u010c\u00edta\u0165 viac<\/a><\/p>","protected":false},"author":1,"featured_media":0,"parent":0,"menu_order":0,"comment_status":"closed","ping_status":"open","template":"","meta":{"footnotes":""},"class_list":["post-3","page","type-page","status-publish"],"_links":{"self":[{"href":"https:\/\/kukirin-scooter-parts.com\/sk\/wp-json\/wp\/v2\/pages\/3","targetHints":{"allow":["GET"]}}],"collection":[{"href":"https:\/\/kukirin-scooter-parts.com\/sk\/wp-json\/wp\/v2\/pages"}],"about":[{"href":"https:\/\/kukirin-scooter-parts.com\/sk\/wp-json\/wp\/v2\/types\/page"}],"author":[{"embeddable":true,"href":"https:\/\/kukirin-scooter-parts.com\/sk\/wp-json\/wp\/v2\/users\/1"}],"replies":[{"embeddable":true,"href":"https:\/\/kukirin-scooter-parts.com\/sk\/wp-json\/wp\/v2\/comments?post=3"}],"version-history":[{"count":4,"href":"https:\/\/kukirin-scooter-parts.com\/sk\/wp-json\/wp\/v2\/pages\/3\/revisions"}],"predecessor-version":[{"id":92,"href":"https:\/\/kukirin-scooter-parts.com\/sk\/wp-json\/wp\/v2\/pages\/3\/revisions\/92"}],"wp:attachment":[{"href":"https:\/\/kukirin-scooter-parts.com\/sk\/wp-json\/wp\/v2\/media?parent=3"}],"curies":[{"name":"wp","href":"https:\/\/api.w.org\/{rel}","templated":true}]}}