{"id":11,"date":"2024-09-02T07:47:47","date_gmt":"2024-09-02T07:47:47","guid":{"rendered":"https:\/\/kukirin-scooter-parts.com\/?page_id=11"},"modified":"2024-09-02T07:47:48","modified_gmt":"2024-09-02T07:47:48","slug":"refund_returns","status":"publish","type":"page","link":"https:\/\/kukirin-scooter-parts.com\/sk\/refund_returns\/","title":{"rendered":"Z\u00e1sady vr\u00e1tenia pe\u0148az\u00ed a vr\u00e1tenia tovaru"},"content":{"rendered":"<div data-elementor-type=\"wp-page\" data-elementor-id=\"11\" class=\"elementor elementor-11\" data-elementor-post-type=\"page\">\n\t\t\t\t<div class=\"elementor-element elementor-element-7db694f0 e-flex e-con-boxed e-con e-parent\" data-id=\"7db694f0\" data-element_type=\"container\" data-e-type=\"container\">\n\t\t\t\t\t<div class=\"e-con-inner\">\n\t\t\t\t<div class=\"elementor-element elementor-element-17ba640e elementor-widget elementor-widget-text-editor\" data-id=\"17ba640e\" data-element_type=\"widget\" data-e-type=\"widget\" data-widget_type=\"text-editor.default\">\n\t\t\t\t<div class=\"elementor-widget-container\">\n\t\t\t\t\t\t\t\t\t\n<p>Ak po zadan\u00ed objedn\u00e1vky po\u017eiadate o vr\u00e1tenie pe\u0148az\u00ed alebo vr\u00e1tenie tovaru, pozrite si nasleduj\u00face z\u00e1sady vr\u00e1tenia pe\u0148az\u00ed (rozsah p\u00f4sobnosti Tieto z\u00e1sady sa vz\u0165ahuj\u00fa na v\u0161etky produkty zak\u00fapen\u00e9 na na\u0161ej webovej str\u00e1nke).<\/p>\n<ul>\n<li>Podmienky vr\u00e1tenia a refund\u00e1cie<\/li>\n<\/ul>\n<p>Po\u0161koden\u00e9 alebo chybn\u00e9 v\u00fdrobky: Ak dostanete po\u0161koden\u00fd alebo chybn\u00fd v\u00fdrobok, kontaktujte n\u00e1s do 5 dn\u00ed od prijatia v\u00fdrobku.<br \/>Nespr\u00e1vny produkt: Ak v\u00fdrobok, ktor\u00fd ste dostali, nezodpoved\u00e1 va\u0161ej objedn\u00e1vke, kontaktujte n\u00e1s do 5 dn\u00ed od prijatia v\u00fdrobku a dohodnite sa na jeho vr\u00e1ten\u00ed alebo v\u00fdmene.<\/p>\n<ul>\n<li>Situ\u00e1cie, ktor\u00e9 nie s\u00fa opr\u00e1vnen\u00e9 na vr\u00e1tenie alebo refund\u00e1ciu Nasleduj\u00face situ\u00e1cie nie s\u00fa opr\u00e1vnen\u00e9 na vr\u00e1tenie alebo refund\u00e1ciu:<\/li>\n<\/ul>\n<p>\u010casti sk\u00fatra patria k \u0161peci\u00e1lnemu tovaru, nepodporuj\u00fa vr\u00e1tenie a v\u00fdmenu, ak nie je probl\u00e9m s kvalitou<\/p>\n<ul>\n<li>Proces vr\u00e1tenia<\/li>\n<\/ul>\n<p>Ak dostanete v\u00fdrobok s probl\u00e9mom s kvalitou alebo nespr\u00e1vny v\u00fdrobok, kontaktujte n\u00e1s priamo a ozn\u00e1mte n\u00e1m \u010d\u00edslo svojej objedn\u00e1vky.<br \/>Poplatky za sp\u00e4tn\u00fa prepravu: N\u00e1klady na vr\u00e1tenie produktov vr\u00e1ten\u00fdch z d\u00f4vodu probl\u00e9mov s kvalitou.<\/p>\n<ul>\n<li>Proces vr\u00e1tenia pe\u0148az\u00ed<\/li>\n<\/ul>\n<p>Sp\u00f4sob vr\u00e1tenia pe\u0148az\u00ed: Vr\u00e1tenie pe\u0148az\u00ed bude vykonan\u00e9 na v\u00e1\u0161 p\u00f4vodn\u00fd sp\u00f4sob platby a bude dokon\u010den\u00e9 do 3-5 dn\u00ed.<br \/>Po za\u010dat\u00ed procesu vr\u00e1tenia pe\u0148az\u00ed bude trva\u0165 5-7 dn\u00ed v z\u00e1vislosti od va\u0161ej banky.<\/p>\n<ul>\n<li>Zru\u0161enie (v\u00fdrobok je odoslan\u00fd):<\/li>\n<\/ul>\n<p>Nepodporujeme zru\u0161enie objedn\u00e1vky a vr\u00e1tenie odoslan\u00fdch v\u00fdrobkov z dielov sk\u00fatrov.<\/p>\n<ul>\n<li>Zru\u0161enie predbe\u017en\u00fdch objedn\u00e1vok:<\/li>\n<\/ul>\n<p>V pr\u00edpade v\u0161etk\u00fdch predbe\u017en\u00fdch objedn\u00e1vok, ak zru\u0161\u00edte objedn\u00e1vku z osobn\u00fdch d\u00f4vodov pred jej odoslan\u00edm, budete povinn\u00ed uhradi\u0165 transak\u010dn\u00fd poplatok.<\/p>\n<ul>\n<li>Pre v\u00fdrobok zak\u00fapen\u00fd nie z kukirin-escooter.com:<\/li>\n<\/ul>\n<p>V pr\u00edpade produktov, ktor\u00e9 neboli zak\u00fapen\u00e9 na tejto str\u00e1nke, nem\u00f4\u017eeme poskytn\u00fa\u0165 rie\u0161enie, obr\u00e1\u0165te sa priamo na svojho dod\u00e1vate\u013ea.<\/p>\n<ul>\n<li>Potrebujete pomoc?<\/li>\n<\/ul>\n<p>Ak m\u00e1te ak\u00e9ko\u013evek ot\u00e1zky alebo potrebujete \u010fal\u0161iu pomoc, kontaktujte n\u00e1s : info@kukirin-scooter-parts.com<\/p>\n<ul>\n<li>Aktualiz\u00e1cie politiky<\/li>\n<\/ul>\n<p>Vyhradzujeme si pr\u00e1vo tieto z\u00e1sady kedyko\u013evek aktualizova\u0165. Pred n\u00e1kupom si pros\u00edm skontrolujte najnov\u0161iu verziu z\u00e1sad vr\u00e1tenia a refund\u00e1cie.<\/p>\n\t\t\t\t\t\t\t\t<\/div>\n\t\t\t\t<\/div>\n\t\t\t\t\t<\/div>\n\t\t\t\t<\/div>\n\t\t\t\t<\/div>","protected":false},"excerpt":{"rendered":"<p>If you request refund or return after placing an order, please refer to the following return and refund policy.(scope of Application This policy applies to all products purchased on our website.) Return and Refund Conditions Damaged or Defective Products: If you receive a product that is damaged or defective, please contact us within 5 days &#8230; <a title=\"Z\u00e1sady vr\u00e1tenia pe\u0148az\u00ed a vr\u00e1tenia tovaru\" class=\"read-more\" href=\"https:\/\/kukirin-scooter-parts.com\/sk\/refund_returns\/\" aria-label=\"Pre\u010d\u00edtajte si viac o Refund and Returns Policy\">\u010c\u00edta\u0165 viac<\/a><\/p>","protected":false},"author":1,"featured_media":0,"parent":0,"menu_order":0,"comment_status":"closed","ping_status":"closed","template":"","meta":{"footnotes":""},"class_list":["post-11","page","type-page","status-publish"],"_links":{"self":[{"href":"https:\/\/kukirin-scooter-parts.com\/sk\/wp-json\/wp\/v2\/pages\/11","targetHints":{"allow":["GET"]}}],"collection":[{"href":"https:\/\/kukirin-scooter-parts.com\/sk\/wp-json\/wp\/v2\/pages"}],"about":[{"href":"https:\/\/kukirin-scooter-parts.com\/sk\/wp-json\/wp\/v2\/types\/page"}],"author":[{"embeddable":true,"href":"https:\/\/kukirin-scooter-parts.com\/sk\/wp-json\/wp\/v2\/users\/1"}],"replies":[{"embeddable":true,"href":"https:\/\/kukirin-scooter-parts.com\/sk\/wp-json\/wp\/v2\/comments?post=11"}],"version-history":[{"count":4,"href":"https:\/\/kukirin-scooter-parts.com\/sk\/wp-json\/wp\/v2\/pages\/11\/revisions"}],"predecessor-version":[{"id":99,"href":"https:\/\/kukirin-scooter-parts.com\/sk\/wp-json\/wp\/v2\/pages\/11\/revisions\/99"}],"wp:attachment":[{"href":"https:\/\/kukirin-scooter-parts.com\/sk\/wp-json\/wp\/v2\/media?parent=11"}],"curies":[{"name":"wp","href":"https:\/\/api.w.org\/{rel}","templated":true}]}}