{"id":69,"date":"2024-09-02T03:59:33","date_gmt":"2024-09-02T03:59:33","guid":{"rendered":"https:\/\/kukirin-scooter-parts.com\/?page_id=69"},"modified":"2024-09-02T08:23:12","modified_gmt":"2024-09-02T08:23:12","slug":"warranty-policy","status":"publish","type":"page","link":"https:\/\/kukirin-scooter-parts.com\/ro\/warranty-policy\/","title":{"rendered":"Politica de garan\u021bie"},"content":{"rendered":"<div data-elementor-type=\"wp-page\" data-elementor-id=\"69\" class=\"elementor elementor-69\" data-elementor-post-type=\"page\">\n\t\t\t\t<div class=\"elementor-element elementor-element-438fa0d e-flex e-con-boxed e-con e-parent\" data-id=\"438fa0d\" data-element_type=\"container\" data-e-type=\"container\">\n\t\t\t\t\t<div class=\"e-con-inner\">\n\t\t\t\t<div class=\"elementor-element elementor-element-339e41b elementor-widget elementor-widget-text-editor\" data-id=\"339e41b\" data-element_type=\"widget\" data-e-type=\"widget\" data-widget_type=\"text-editor.default\">\n\t\t\t\t<div class=\"elementor-widget-container\">\n\t\t\t\t\t\t\t\t\t<p>Baterie<\/p><p>KuKirin Scooter Parts ofer\u0103 o garan\u021bie de 6 luni pentru baterie, dac\u0103 bateria este defect\u0103, vom expedia \u00eenlocuitorul (\u00eenlocuitorii) f\u0103r\u0103 costuri.<\/p><p>Toate cererile de garan\u021bie pentru baterii \u0219i pachete de baterii sunt supuse urm\u0103toarelor condi\u021bii \u0219i limit\u0103ri:<\/p><p>Condi\u021bii \u0219i limit\u0103ri<\/p><p>1. Bateria trebuie s\u0103 aib\u0103 dimensiunea, designul \u0219i capacitatea corespunz\u0103toare pentru aplica\u021bie. Neutilizarea bateriei adecvate pentru aplica\u021bie va anula toate garan\u021biile.<br \/>2. Bateria trebuie s\u0103 fie manipulat\u0103, depozitat\u0103 \u0219i instalat\u0103 \u00een mod corespunz\u0103tor. Instalarea final\u0103 trebuie s\u0103 fie finalizat\u0103 \u00een termen de cel mult dou\u0103 luni de la data primirii.<br \/>3. Bateria trebuie s\u0103 func\u021bioneze \u00eempreun\u0103 cu un sistem de \u00eenc\u0103rcare cu curent limitat \u0219i tensiune constant\u0103 \u0219i, \u00een rest, s\u0103 fie exploatat\u0103 \u0219i \u00eentre\u021binut\u0103 \u00een conformitate cu instruc\u021biunile.<br \/>4. Utilizatorul trebuie s\u0103 permit\u0103 examinarea bateriei de c\u0103tre un reprezentant al companiei KuKirin Scooter Parts prin expedierea bateriilor \u00eenapoi la noi pentru examinarea cererii de garan\u021bie.<br \/>5. Numai partea r\u0103mas\u0103 neutilizat\u0103 din garan\u021bia bateriei originale se aplic\u0103 bateriei de schimb.<br \/>6. Aceast\u0103 garan\u021bie este nul\u0103 dac\u0103 bateria este supus\u0103 unei utiliz\u0103ri necorespunz\u0103toare, unui abuz sau unor deterior\u0103ri fizice vizibile sau dac\u0103 bateria devine inutilizabil\u0103 din cauza unui incendiu, a unei epave, a unei inunda\u021bii, a \u00eenghe\u021bului sau a oric\u0103ror alte cauze naturale.<br \/>7. Garan\u021biile men\u021bionate mai sus \u00eenlocuiesc toate celelalte garan\u021bii, exprimate sau implicite, inclusiv, f\u0103r\u0103 limitare, orice garan\u021bie implicit\u0103 de vandabilitate sau adecvare. \u00cen niciun caz KuKirin Scooter Parts nu va fi responsabil pentru niciun incident KuKirin Scooter Parts.com nu va fi responsabil pentru niciun defect sau nicio \u00eenc\u0103lcare a contractelor referitoare la calitatea sau performan\u021ba echipamentului de mai sus, \u00een temeiul oric\u0103rei teorii a legii.<br \/>8. Aceste garan\u021bii limitate se aplic\u0103 cump\u0103r\u0103torului ini\u021bial (utilizatorului) \u0219i nu sunt transferabile.<br \/>9. Utilizatorul trebuie s\u0103 notifice imediat KuKirin Scooter Parts \u00een cazul unui presupus defect.<\/p><p>Pentru a depune o cerere de garan\u021bie pentru orice baterie, v\u0103 rug\u0103m s\u0103 ne trimite\u021bi un e-mail la info@kukirin-scooter-parts.com cu urm\u0103toarele informa\u021bii:<\/p><p>Nume \u0219i prenume<br \/>Adres\u0103<br \/>Num\u0103r de comand\u0103<br \/>Cod de dat\u0103 \u0219tampilat pe baterie<\/p><p>Alte articole<\/p><p>KuKirin Scooter Parts ofer\u0103 12 luni garan\u021bie pentru alte articole, cu excep\u021bia bateriei<br \/>Toate cererile de garan\u021bie pentru alte articole din magazin sunt supuse urm\u0103toarelor condi\u021bii \u0219i limit\u0103ri:<\/p><p>Condi\u021bii \u0219i limit\u0103ri<\/p><p>1. Utilizatorul trebuie s\u0103 permit\u0103 examinarea articolului de c\u0103tre un reprezentant al companiei KuKirin Scooter Parts.<br \/>2. Numai partea r\u0103mas\u0103 neutilizat\u0103 din garan\u021bia articolului original se aplic\u0103 articolului de \u00eenlocuire.<br \/>3. Aceast\u0103 garan\u021bie este nul\u0103 dac\u0103 produsul este supus unei utiliz\u0103ri necorespunz\u0103toare, unui abuz sau unor deterior\u0103ri fizice vizibile sau dac\u0103 devine inutilizabil din cauza unui incendiu, a unei epave, a unei inunda\u021bii, a \u00eenghe\u021bului sau a oric\u0103ror alte cauze naturale.<br \/>4. Garan\u021biile men\u021bionate mai sus \u00eenlocuiesc toate celelalte garan\u021bii, exprimate sau implicite, inclusiv, f\u0103r\u0103 limitare, orice garan\u021bie implicit\u0103 de vandabilitate sau adecvare. \u00cen niciun caz KuKirin Scooter Parts nu va fi responsabil pentru orice daune sau pierderi accidentale sau consecutive. Dup\u0103 cum se men\u021bioneaz\u0103 \u00een prezentul document, KuKirin Scooter Parts nu va fi r\u0103spunz\u0103toare pentru niciun defect sau nicio \u00eenc\u0103lcare a contractelor referitoare la calitatea sau performan\u021ba echipamentului de mai sus, sub nicio teorie a legii.<br \/>5. Aceast\u0103 garan\u021bie limitat\u0103 se aplic\u0103 cump\u0103r\u0103torului ini\u021bial (utilizatorului) \u0219i nu este transferabil\u0103.<br \/>6. Utilizatorul trebuie s\u0103 notifice imediat KuKirin Scooter Parts \u00een cazul unui presupus defect.<br \/>7. Orice alte garan\u021bii implicite privind aceste piese, inclusiv, dar f\u0103r\u0103 a se limita la, vandabilitate \u0219i adecvare pentru un anumit scop, sunt excluse prin prezenta. \u00cen niciun caz KuKirin Scooter Parts nu va fi responsabil pentru orice daune sau pierderi accidentale sau indirecte. Dup\u0103 cum se men\u021bioneaz\u0103 \u00een prezentul document, KuKirin Scooter Parts nu va fi r\u0103spunz\u0103toare pentru niciun defect sau pentru nicio \u00eenc\u0103lcare a contractelor referitoare la calitatea sau performan\u021ba echipamentului de mai sus, sub nicio teorie a legii.<\/p><p><b>Procedur\u0103<\/b><\/p><p>Pentru a depune o cerere de garan\u021bie, v\u0103 rug\u0103m s\u0103 ne trimite\u021bi un e-mail la info@kukirin-scooter-parts.com cu detalii despre problemele pe care le \u00eent\u00e2mpina\u021bi cu articolul dvs.<\/p>\t\t\t\t\t\t\t\t<\/div>\n\t\t\t\t<\/div>\n\t\t\t\t\t<\/div>\n\t\t\t\t<\/div>\n\t\t\t\t<\/div>","protected":false},"excerpt":{"rendered":"<p>Battery KuKirin Scooter Parts offer 6-month warranty with battery\uff0cif determines the battery to be defective, we will ship the replacement(s) without charge. All battery and battery pack warranty claims are subject to the following conditions and limitations: Conditions and Limitations 1. The battery shall be the proper size, design, and capacity for the application. Failure &#8230; <a title=\"Politica de garan\u021bie\" class=\"read-more\" href=\"https:\/\/kukirin-scooter-parts.com\/ro\/warranty-policy\/\" aria-label=\"Cite\u0219te mai multe despre Warranty Policy\">Cite\u0219te mai mult<\/a><\/p>","protected":false},"author":1,"featured_media":0,"parent":0,"menu_order":0,"comment_status":"closed","ping_status":"closed","template":"","meta":{"footnotes":""},"class_list":["post-69","page","type-page","status-publish"],"_links":{"self":[{"href":"https:\/\/kukirin-scooter-parts.com\/ro\/wp-json\/wp\/v2\/pages\/69","targetHints":{"allow":["GET"]}}],"collection":[{"href":"https:\/\/kukirin-scooter-parts.com\/ro\/wp-json\/wp\/v2\/pages"}],"about":[{"href":"https:\/\/kukirin-scooter-parts.com\/ro\/wp-json\/wp\/v2\/types\/page"}],"author":[{"embeddable":true,"href":"https:\/\/kukirin-scooter-parts.com\/ro\/wp-json\/wp\/v2\/users\/1"}],"replies":[{"embeddable":true,"href":"https:\/\/kukirin-scooter-parts.com\/ro\/wp-json\/wp\/v2\/comments?post=69"}],"version-history":[{"count":4,"href":"https:\/\/kukirin-scooter-parts.com\/ro\/wp-json\/wp\/v2\/pages\/69\/revisions"}],"predecessor-version":[{"id":104,"href":"https:\/\/kukirin-scooter-parts.com\/ro\/wp-json\/wp\/v2\/pages\/69\/revisions\/104"}],"wp:attachment":[{"href":"https:\/\/kukirin-scooter-parts.com\/ro\/wp-json\/wp\/v2\/media?parent=69"}],"curies":[{"name":"wp","href":"https:\/\/api.w.org\/{rel}","templated":true}]}}