{"id":67,"date":"2024-09-02T03:57:53","date_gmt":"2024-09-02T03:57:53","guid":{"rendered":"https:\/\/kukirin-scooter-parts.com\/?page_id=67"},"modified":"2024-09-27T10:18:13","modified_gmt":"2024-09-27T10:18:13","slug":"shipping-delivery","status":"publish","type":"page","link":"https:\/\/kukirin-scooter-parts.com\/ro\/shipping-delivery\/","title":{"rendered":"Transport \u0219i livrare"},"content":{"rendered":"<div data-elementor-type=\"wp-page\" data-elementor-id=\"67\" class=\"elementor elementor-67\" data-elementor-post-type=\"page\">\n\t\t\t\t<div class=\"elementor-element elementor-element-df66abb e-flex e-con-boxed e-con e-parent\" data-id=\"df66abb\" data-element_type=\"container\" data-e-type=\"container\">\n\t\t\t\t\t<div class=\"e-con-inner\">\n\t\t\t\t<div class=\"elementor-element elementor-element-3920418 elementor-widget elementor-widget-text-editor\" data-id=\"3920418\" data-element_type=\"widget\" data-e-type=\"widget\" data-widget_type=\"text-editor.default\">\n\t\t\t\t<div class=\"elementor-widget-container\">\n\t\t\t\t\t\t\t\t\t<p>Metode de expediere<br \/>Lucr\u0103m cu companii de transport DPD, UPS \u0219i GLS pentru livr\u0103rile noastre. Vom trimite clien\u021bilor no\u0219tri prin e-mail informa\u021biile de expediere imediat ce expedierea este \u00eenceput\u0103, inclusiv data expedierii, num\u0103rul de urm\u0103rire \u0219i site-ul de urm\u0103rire.<\/p><p>Livrare de la<br \/>Depozitele locale din Polonia.<\/p><p>Livrare c\u0103tre<br \/>Toate \u021b\u0103rile UE, cu excep\u021bia Ciprului, Maltei \u0219i a unor insule \u00eendep\u0103rtate.<\/p><p>Timp de expediere<\/p><p>Din Polonia c\u0103tre Austria, Belgia, Bulgaria, Croa\u021bia, Cehia, Danemarca, Estonia, Finlanda, Fran\u021ba, Germania, Grecia, Ungaria, Irlanda, Italia, Letonia, Lituania, Luxemburg, Olanda, Polonia, Portugalia, Rom\u00e2nia, Slovacia, Slovenia, Spania, Suedia va dura 5-7 zile lucr\u0103toare (Acest termen de livrare este o estimare \u0219i poate fi \u00eent\u00e2rziat \u00een timpul s\u0103rb\u0103torilor europene).<\/p><p>Not\u0103\uff1a<\/p><p>Inventarul produselor de piese pentru scutere este actualizat frecvent, nu avem cum s\u0103 actualiz\u0103m inventarul fiec\u0103rui produs de piese \u00een timp util, dac\u0103 v\u0103 pas\u0103 serios de timpul de sosire, v\u0103 rug\u0103m s\u0103 ne contacta\u021bi \u00eenainte de a plasa o comand\u0103 dac\u0103 exist\u0103 inventar \u0219i apoi decide\u021bi dac\u0103 s\u0103 comanda\u021bi<\/p><p>Costuri de expediere<\/p><p>Pentru comenzi de peste 35 \u20ac, transportul este gratuit. Pentru comenzi de sub 35 \u20ac se percepe o tax\u0103 de transport de 10 \u20ac pe comand\u0103. Taxele de import sunt pl\u0103tite atunci c\u00e2nd m\u0103rfurile sunt expediate la depozitul din Polonia, nu trebuie s\u0103 pl\u0103ti\u021bi taxe vamale.<\/p>\t\t\t\t\t\t\t\t<\/div>\n\t\t\t\t<\/div>\n\t\t\t\t\t<\/div>\n\t\t\t\t<\/div>\n\t\t\t\t<\/div>","protected":false},"excerpt":{"rendered":"<p>Shipping methodsWe work with DPD, UPS and GLS shipping companies for our deliveries. We\u2019ll send the shipping information to our customers by emails as soon as the shipping is started, including the shipping date, the tracking number and the tracking site. Shipping fromThe local warehouses in Poland. Shipping toAll EU countries, except for Cyprus, Malta &#8230; <a title=\"Shipping &amp; Delivery\" class=\"read-more\" href=\"https:\/\/kukirin-scooter-parts.com\/ro\/shipping-delivery\/\" aria-label=\"Cite\u0219te mai multe despre Shipping &amp; Delivery\">Cite\u0219te mai mult<\/a><\/p>","protected":false},"author":1,"featured_media":0,"parent":0,"menu_order":0,"comment_status":"closed","ping_status":"closed","template":"","meta":{"footnotes":""},"class_list":["post-67","page","type-page","status-publish"],"_links":{"self":[{"href":"https:\/\/kukirin-scooter-parts.com\/ro\/wp-json\/wp\/v2\/pages\/67","targetHints":{"allow":["GET"]}}],"collection":[{"href":"https:\/\/kukirin-scooter-parts.com\/ro\/wp-json\/wp\/v2\/pages"}],"about":[{"href":"https:\/\/kukirin-scooter-parts.com\/ro\/wp-json\/wp\/v2\/types\/page"}],"author":[{"embeddable":true,"href":"https:\/\/kukirin-scooter-parts.com\/ro\/wp-json\/wp\/v2\/users\/1"}],"replies":[{"embeddable":true,"href":"https:\/\/kukirin-scooter-parts.com\/ro\/wp-json\/wp\/v2\/comments?post=67"}],"version-history":[{"count":10,"href":"https:\/\/kukirin-scooter-parts.com\/ro\/wp-json\/wp\/v2\/pages\/67\/revisions"}],"predecessor-version":[{"id":539,"href":"https:\/\/kukirin-scooter-parts.com\/ro\/wp-json\/wp\/v2\/pages\/67\/revisions\/539"}],"wp:attachment":[{"href":"https:\/\/kukirin-scooter-parts.com\/ro\/wp-json\/wp\/v2\/media?parent=67"}],"curies":[{"name":"wp","href":"https:\/\/api.w.org\/{rel}","templated":true}]}}