{"id":65,"date":"2024-09-02T03:55:17","date_gmt":"2024-09-02T03:55:17","guid":{"rendered":"https:\/\/kukirin-scooter-parts.com\/?page_id=65"},"modified":"2024-09-02T07:28:52","modified_gmt":"2024-09-02T07:28:52","slug":"terms-of-service","status":"publish","type":"page","link":"https:\/\/kukirin-scooter-parts.com\/ro\/terms-of-service\/","title":{"rendered":"Termeni de serviciu"},"content":{"rendered":"<div data-elementor-type=\"wp-page\" data-elementor-id=\"65\" class=\"elementor elementor-65\" data-elementor-post-type=\"page\">\n\t\t\t\t<div class=\"elementor-element elementor-element-9797c62 e-flex e-con-boxed e-con e-parent\" data-id=\"9797c62\" data-element_type=\"container\" data-e-type=\"container\">\n\t\t\t\t\t<div class=\"e-con-inner\">\n\t\t\t\t<div class=\"elementor-element elementor-element-53fff2a elementor-widget elementor-widget-text-editor\" data-id=\"53fff2a\" data-element_type=\"widget\" data-e-type=\"widget\" data-widget_type=\"text-editor.default\">\n\t\t\t\t<div class=\"elementor-widget-container\">\n\t\t\t\t\t\t\t\t\t<p>Bine a\u021bi venit la kukirin-scooter-parts.com! Ace\u0219ti Termeni de utilizare descriu termenii \u0219i condi\u021biile aplicabile accesului \u0219i utiliz\u0103rii de c\u0103tre dvs. a site-ului kukirin-scooter.com. Aceast\u0103 declara\u021bie este un acord obligatoriu din punct de vedere juridic \u00eentre dvs. \u00een calitate de utilizator (utilizatori) al site-ului (denumit \u00een continuare \"dvs.\", \"membru\", \"client\" sau \"utilizator\") \u0219i kukirin-scooter.com (denumit \u00een continuare \"noi\", \"al nostru\", \"noi\" sau \"KuKirin\", \"site-ul\"), V\u0103 rug\u0103m s\u0103 citi\u021bi cu aten\u021bie ace\u0219ti termeni \u0219i condi\u021bii \u00eenainte de a comanda orice produse de pe site-ul nostru.<\/p><h2><strong><b>Acordul utilizatorului<\/b><\/strong><\/h2><p>Prin accesarea, navigarea sau utilizarea acestui site web, sunte\u021bi de acord s\u0103 respecta\u021bi termenii \u0219i condi\u021biile de utilizare ale acestui site web, precum \u0219i toate legile \u0219i reglement\u0103rile aplicabile, convenind \u00een acela\u0219i timp c\u0103 sunte\u021bi responsabil pentru respectarea oric\u0103ror legi locale aplicabile. Dac\u0103 nu sunte\u021bi de acord cu oricare dintre ace\u0219ti termeni, v\u0103 este interzis\u0103 utilizarea sau accesarea acestui site web. Materialele con\u021binute \u00een acest site sunt protejate de legile aplicabile privind drepturile de autor \u0219i m\u0103rcile comerciale. Produsele \u0219i serviciile noastre sunt destinate \u00een principal adul\u021bilor. Dac\u0103 sunte\u021bi minor, v\u0103 rug\u0103m s\u0103 garanta\u021bi c\u0103 vizita\u021bi site-ul sub supravegherea unui p\u0103rinte sau a unui tutore legal.<\/p><h3><strong><b>1. Condi\u021bia acordului\u00a0<\/b><\/strong><\/h3><p>1.1 Ca o condi\u021bie de acces \u0219i utilizare a Site-ului sau a Serviciilor, sunte\u021bi de acord c\u0103 ve\u021bi respecta toate legile \u0219i reglement\u0103rile aplicabile atunci c\u00e2nd utiliza\u021bi Site-ul sau Serviciile.\u00a0<\/p><p>1.2 Sunte\u021bi de acord s\u0103 utiliza\u021bi Site-ul sau Serviciile exclusiv \u00een scopuri private \u0219i interne. Sunte\u021bi de acord c\u0103 (a) nu ve\u021bi copia, reproduce, desc\u0103rca, republica, vinde, distribui sau revinde Serviciile sau orice informa\u021bii, text, imagini, grafic\u0103, clipuri video, sunet, directoare, fi\u0219iere, baze de date sau liste etc. disponibile pe sau prin intermediul Site-ului (denumit \u00een continuare \"Con\u021binutul Site-ului\") \u0219i (b) nu ve\u021bi copia, reproduce, desc\u0103rca, compila sau utiliza \u00een alt mod Con\u021binutul Site-ului \u00een scopul oper\u0103rii unei afaceri care concureaz\u0103 cu KuKirin sau al exploat\u0103rii comerciale a Con\u021binutului Site-ului. Este interzis\u0103 recuperarea sistematic\u0103 a con\u021binutului site-ului de pe site pentru a crea sau compila, direct sau indirect, o colec\u021bie, o compila\u021bie, o baz\u0103 de date sau un director (fie prin robo\u021bi, spidere, dispozitive automate sau procese manuale) f\u0103r\u0103 permisiunea scris\u0103 a KuKirin. Este interzis\u0103 utilizarea oric\u0103rui con\u021binut sau material de pe Site \u00een orice scop care nu este permis \u00een mod expres \u00een Termeni.<br \/>\u00a0<\/p><p>1.3 Trebuie s\u0103 citi\u021bi Politica de confiden\u021bialitate a KuKirin care reglementeaz\u0103 protec\u021bia \u0219i utilizarea informa\u021biilor personale despre utilizatori aflate \u00een posesia KuKirin \u0219i a afilia\u021bilor no\u0219tri. Sunte\u021bi de acord cu utilizarea informa\u021biilor personale despre dvs. \u00een conformitate cu Politica de confiden\u021bialitate.\u00a0<\/p><p>1.4 KuKirin poate permite Utilizatorilor s\u0103 acceseze con\u021binutul, produsele sau serviciile oferite de ter\u021bi prin hiperlinkuri (sub form\u0103 de linkuri word, bannere, canale sau altele), API sau \u00een alt mod c\u0103tre site-urile web ale acestor ter\u021bi. V\u0103 sf\u0103tuim s\u0103 citi\u021bi termenii \u0219i condi\u021biile \u0219i\/sau politicile de confiden\u021bialitate ale acestor site-uri \u00eenainte de a utiliza site-ul. Recunoa\u0219te\u021bi c\u0103 KuKirin nu are niciun control asupra site-urilor web ale unor astfel de ter\u021bi, nu monitorizeaz\u0103 astfel de site-uri web \u0219i nu va fi responsabil sau r\u0103spunz\u0103tor fa\u021b\u0103 de nimeni pentru astfel de site-uri web sau pentru orice con\u021binut, produse sau servicii disponibile pe astfel de site-uri web.<\/p><p>1.5 Sunte\u021bi de acord s\u0103 nu \u00eentreprinde\u021bi nicio ac\u021biune pentru a submina integritatea sistemelor sau re\u021belelor informatice ale KuKirin \u0219i\/sau ale oric\u0103rui alt Utilizator \u0219i nici pentru a ob\u021bine acces neautorizat la astfel de sisteme sau re\u021bele informatice.\u00a0<\/p><p>1.6 Sunte\u021bi de acord s\u0103 nu \u00eentreprinde\u021bi nicio ac\u021biune care ar putea submina integritatea sistemului de feedback al KuKirin, cum ar fi l\u0103sarea de feedback pozitiv pentru dvs. folosind ID-uri de membru secundare sau prin intermediul unor ter\u021be p\u0103r\u021bi sau l\u0103s\u00e2nd feedback negativ nefondat pentru un alt utilizator.<\/p><h3><strong><b>2. Responsabilit\u0103\u021bile utilizatorului\u00a0<\/b><\/strong><\/h3><p>2.1 Utilizatorul trebuie s\u0103 fie \u00eenregistrat pe Site pentru a utiliza unele Servicii. Cu excep\u021bia aprob\u0103rii lui KuKirin, un Utilizator poate \u00eenregistra un singur cont de utilizator pe Site. KuKirin poate anula sau rezilia contul unui Utilizator dac\u0103 KuKirin are motive s\u0103 suspecteze c\u0103 Utilizatorul a \u00eenregistrat sau a controlat concomitent dou\u0103 sau mai multe conturi de utilizator. \u00cen plus, KuKirin poate respinge cererea de \u00eenregistrare a utilizatorului din orice motiv.\u00a0<\/p><p>2.2 La \u00eenregistrarea pe site, KuKirin va atribui un cont \u0219i va emite un ID de utilizator \u0219i o parol\u0103 (aceasta din urm\u0103 va fi aleas\u0103 de un utilizator \u00eenregistrat \u00een timpul \u00eenregistr\u0103rii) fiec\u0103rui utilizator \u00eenregistrat. Un cont poate avea un cont de e-mail bazat pe web cu spa\u021biu de stocare limitat pentru ca utilizatorul s\u0103 poat\u0103 trimite sau primi e-mailuri. Devenind utilizator KuKirin, sunte\u021bi de acord s\u0103 autoriza\u021bi KuKirin s\u0103 stocheze \u0219i s\u0103 utilizeze informa\u021biile dumneavoastr\u0103 \u00een conformitate cu Politica de confiden\u021bialitate.\u00a0<\/p><p>2.3 Un set de ID de utilizator \u0219i parol\u0103 este unic pentru un singur cont. Fiecare utilizator este singurul responsabil pentru men\u021binerea confiden\u021bialit\u0103\u021bii \u0219i securit\u0103\u021bii ID-ului de utilizator \u0219i a parolei sale \u0219i pentru toate activit\u0103\u021bile care au loc \u00een contul s\u0103u. Niciun utilizator nu poate partaja, atribui sau permite utilizarea contului de utilizator, ID-ului sau parolei de c\u0103tre o alt\u0103 persoan\u0103 \u00een afara propriei entit\u0103\u021bi comerciale a utilizatorului. Utilizatorul este de acord s\u0103 notifice KuKirin imediat dac\u0103 ia cuno\u0219tin\u021b\u0103 de orice utilizare neautorizat\u0103 a parolei sau a contului s\u0103u sau de orice alt\u0103 \u00eenc\u0103lcare a securit\u0103\u021bii contului s\u0103u.\u00a0<\/p><p>2.4 Utilizatorul este de acord c\u0103 toate activit\u0103\u021bile care au loc \u00een contul dvs. (inclusiv, f\u0103r\u0103 a se limita la, postarea oric\u0103ror informa\u021bii despre companie sau produs, f\u0103c\u00e2nd clic pentru a accepta orice Acorduri sau reguli suplimentare, abonarea la sau efectuarea oric\u0103rei pl\u0103\u021bi pentru orice servicii, trimiterea de e-mailuri utiliz\u00e2nd contul de e-mail) vor fi considerate a fi fost autorizate de c\u0103tre Utilizator.\u00a0<\/p><p>2.5 Utilizatorul recunoa\u0219te c\u0103 partajarea contului dvs. cu alte persoane sau permiterea utiliz\u0103rii contului dvs. de c\u0103tre mai mul\u021bi utilizatori (denumite \u00een mod colectiv \"utiliz\u0103ri multiple\") poate cauza daune ireparabile KuKirin sau altor utilizatori ai site-ului. Utilizatorul va desp\u0103gubi KuKirin, afilia\u021bii, directorii, angaja\u021bii, agen\u021bii \u0219i reprezentan\u021bii no\u0219tri \u00eempotriva oric\u0103ror pierderi sau daune (inclusiv, dar f\u0103r\u0103 a se limita la pierderea de profit) suferite ca urmare a utiliz\u0103rilor multiple ale contului dvs. De asemenea, utilizatorul este de acord c\u0103, \u00een cazul utiliz\u0103rilor multiple ale contului dvs. sau al incapacit\u0103\u021bii utilizatorului de a men\u021bine securitatea contului dvs., KuKirin nu va fi r\u0103spunz\u0103toare pentru nicio pierdere sau daun\u0103 rezultat\u0103 dintr-o astfel de \u00eenc\u0103lcare \u0219i va avea dreptul de a suspenda sau de a rezilia contul utilizatorului f\u0103r\u0103 a fi r\u0103spunz\u0103toare fa\u021b\u0103 de utilizator.\u00a0<\/p><p>2.6 Utilizatorul garanteaz\u0103 c\u0103 informa\u021biile pe care le-a\u021bi furnizat la \u00eenregistrarea contului KuKirin sunt exacte, veridice, legale \u0219i valide \u0219i v\u0103 apar\u021bin exclusiv. Utilizatorii sunt singurii responsabili pentru acurate\u021bea datelor pe care le furnizeaz\u0103 c\u0103tre KuKirin, iar KuKirin nu va fi tras la r\u0103spundere \u0219i nu va oferi nicio compensa\u021bie pentru niciun caz de informa\u021bii incorecte\u00a0<\/p><p>2.7 Utilizatorul va avea op\u021biunea de a anula comanda numai atunci c\u00e2nd \u00eenainte de expediere prin contactarea centrului nostru de asisten\u021b\u0103. \u0218i KuKirin \u00ee\u0219i rezerv\u0103 dreptul de a anula comanda pentru strategia de operare cu notificarea prealabil\u0103 a contului de utilizator. Cu toate acestea, odat\u0103 ce comanda a fost expediat\u0103, comanda nu poate fi anulat\u0103, modificat\u0103 sau rambursat\u0103. La primirea pachetului, politica noastr\u0103 de returnare intr\u0103 \u00een vigoare.\u00a0<\/p><p>2.8 Utilizatorului i se va respecta op\u021biunea de a se abona sau de a anula abonamentul la newsletter \u00een momentul \u00eenregistr\u0103rii.\u00a0<\/p><p>2.9 Utilizatorul \u00een\u021belege \u0219i este de acord c\u0103 KuKirin va avea dreptul de a rezilia temporar sau permanent toate sau o parte din servicii \u00een orice moment, \u00een conformitate cu propriile sale nevoi de afaceri (inclusiv, dar f\u0103r\u0103 a se limita la cazuri precum \u00eenc\u0103lcarea termenilor \u0219i condi\u021biilor KuKirin, comentarii sau comportamente inacceptabile \u0219i nerezonabile fa\u021b\u0103 de imaginea de marc\u0103 a KuKirin)\u00a0\u00a0<\/p><p>2.10 Dac\u0103 ave\u021bi nel\u0103muriri sau reclama\u021bii cu privire la serviciul nostru, v\u0103 rug\u0103m s\u0103 ne trimite\u021bi un e-mail direct la Contacta\u021bi-ne. De asemenea, ave\u021bi dreptul de a depune o pl\u00e2ngere la autorit\u0103\u021bile oficiale. Cu toate acestea, am aprecia \u0219ansa de a ne ocupa de preocup\u0103rile dvs. \u00eenainte de a v\u0103 adresa p\u0103r\u021bilor ter\u021be, a\u0219a c\u0103 v\u0103 rug\u0103m s\u0103 ne contacta\u021bi \u00een prim\u0103 instan\u021b\u0103.<\/p><h3><strong><b>3. Condi\u021bii de utilizare\u00a0<\/b><\/strong><\/h3><p>3.1 Licen\u021b\u0103<\/p><p>Utilizare Se acord\u0103 permisiunea de a desc\u0103rca temporar o copie a materialelor (informa\u021bii sau software) de pe site-ul kukirin-scooter.com numai pentru vizualizare tranzitorie personal\u0103 \u0219i necomercial\u0103. Aceasta este acordarea unei licen\u021be, nu un transfer de titlu \u0219i, \u00een temeiul acestei licen\u021be, nu pute\u021bi modifica sau copia materialele, nu pute\u021bi utiliza materialele \u00een scopuri comerciale sau pentru orice afi\u0219are public\u0103 (comercial\u0103 sau necomercial\u0103), nu pute\u021bi \u00eencerca s\u0103 descompune\u021bi sau s\u0103 inversa\u021bi ingineria oric\u0103rui software con\u021binut pe site-ul kukirin-scooter.com, s\u0103 elimina\u021bi orice drepturi de autor sau alte nota\u021bii de proprietate din materiale, sau s\u0103 transfera\u021bi materialele c\u0103tre o alt\u0103 persoan\u0103 sau s\u0103 \"oglindi\u021bi\" materialele pe orice alt server. Aceast\u0103 licen\u021b\u0103 va \u00eenceta automat dac\u0103 \u00eenc\u0103lca\u021bi oricare dintre aceste restric\u021bii \u0219i poate fi reziliat\u0103 de kukirin-scooter.com \u00een orice moment. La \u00eencetarea vizion\u0103rii acestor materiale sau la \u00eencetarea acestei licen\u021be, trebuie s\u0103 distruge\u021bi orice materiale desc\u0103rcate aflate \u00een posesia dvs. \u00een format electronic sau tip\u0103rit.\u00a0<\/p><p>3.2 Disclaimer<\/p><p>Materialele de pe site-ul kukirin-scooter.com sunt furnizate \"a\u0219a cum sunt\". kukirin-scooter.com nu ofer\u0103 nicio garan\u021bie, explicit\u0103 sau implicit\u0103, \u0219i prin prezenta declin\u0103 \u0219i neag\u0103 toate celelalte garan\u021bii, inclusiv, f\u0103r\u0103 limitare, garan\u021biile sau condi\u021biile implicite de vandabilitate, adecvare pentru un anumit scop sau nerespectarea propriet\u0103\u021bii intelectuale.\u00a0<\/p><p>3.3 Limit\u0103ri<\/p><p>\u00cen niciun caz kukirin-scooter.com sau furnizorii s\u0103i nu vor fi r\u0103spunz\u0103tori pentru orice daune (inclusiv, f\u0103r\u0103 limitare, daune pentru pierderea de date sau profit, sau din cauza \u00eentreruperii activit\u0103\u021bii,) care rezult\u0103 din utilizarea sau imposibilitatea de a utiliza materialele de pe kukirin-scooter.com, chiar dac\u0103 kukirin-scooter.com sau un reprezentant autorizat kukirin-scooter.com a fost notificat verbal sau \u00een scris cu privire la posibilitatea unor astfel de daune. Deoarece unele jurisdic\u021bii nu permit limit\u0103ri ale garan\u021biilor implicite sau limit\u0103ri ale r\u0103spunderii pentru daune indirecte sau accidentale, este posibil ca aceste limit\u0103ri s\u0103 nu vi se aplice.<\/p><p>3.4 Revizuiri \u0219i erate<\/p><p>Materialele care apar pe site-ul kukirin-scooter.com pot include erori tehnice, tipografice sau fotografice. \u0218i, kukirin-scooter.com nu garanteaz\u0103 c\u0103 oricare dintre materialele de pe site-ul s\u0103u sunt exacte, complete sau actuale. De asemenea, kukirin-scooter.com poate face modific\u0103ri la materialele con\u021binute pe site-ul s\u0103u \u00een orice moment f\u0103r\u0103 notificare prealabil\u0103. \u00cen plus, kukirin-scooter.com nu se angajeaz\u0103 s\u0103 actualizeze materialele.<\/p><p>3.5 Leg\u0103turi<\/p><p>Site-ul kukirin-scooter.com nu a revizuit toate site-urile legate de site-ul s\u0103u de internet \u0219i nu este responsabil pentru con\u021binutul niciunui astfel de site legat. Includerea oric\u0103ror astfel de linkuri nu implic\u0103 aprobarea de c\u0103tre kukirin-scooter.com a site-ului respectiv. Utilizarea oric\u0103rui astfel de site web legat se face pe propriul risc al utilizatorului.<\/p><p>3.6 Modific\u0103ri ale condi\u021biilor de utilizare a site-ului web<\/p><p>Site-ul kukirin-scooter.com poate revizui ace\u0219ti termeni de utilizare pentru site-ul s\u0103u \u00een orice moment, f\u0103r\u0103 nicio notificare prealabil\u0103. Prin utilizarea acestui site, sunte\u021bi de acord s\u0103 respecta\u021bi versiunea curent\u0103 a acestor termeni \u0219i condi\u021bii de utilizare sau alte \u00eenc\u0103lc\u0103ri ale drepturilor. Mai mult, kukirin-scooter.com nu garanteaz\u0103 \u0219i nu face nicio declara\u021bie cu privire la acurate\u021bea, rezultatele probabile sau fiabilitatea utiliz\u0103rii materialelor de pe site-ul s\u0103u de internet sau referitoare la astfel de materiale sau pe orice alt site legat de acest site.<\/p><h3>\u00a0<\/h3><h3>4. Legea aplicabil\u0103<\/h3><p>Ace\u0219ti Termeni de serviciu \u0219i orice acorduri separate prin care v\u0103 furniz\u0103m servicii vor fi reglementate \u0219i interpretate \u00een conformitate cu legisla\u021bia din Regatul Unit.<\/p>\t\t\t\t\t\t\t\t<\/div>\n\t\t\t\t<\/div>\n\t\t\t\t\t<\/div>\n\t\t\t\t<\/div>\n\t\t\t\t<\/div>","protected":false},"excerpt":{"rendered":"<p>Welcome to kukirin-scooter-parts.com! These Terms of Use describe the terms and conditions applicable to your access and use of the website at kukirin-scooter.com. This statement is a legally binding agreement between you as the user(s) of the Site (referred to as \u201cyou\u201d, \u201cMember\u201d, &#8220;Customer&#8221; or \u201cUser\u201d hereinafter) and the kukirin-scooter.com (referred to as \u201cwe\u201d, \u201cour\u201d, &#8230; <a title=\"Termeni de serviciu\" class=\"read-more\" href=\"https:\/\/kukirin-scooter-parts.com\/ro\/terms-of-service\/\" aria-label=\"Cite\u0219te mai multe despre Terms of Service\">Cite\u0219te mai mult<\/a><\/p>","protected":false},"author":1,"featured_media":0,"parent":0,"menu_order":0,"comment_status":"closed","ping_status":"closed","template":"","meta":{"footnotes":""},"class_list":["post-65","page","type-page","status-publish"],"_links":{"self":[{"href":"https:\/\/kukirin-scooter-parts.com\/ro\/wp-json\/wp\/v2\/pages\/65","targetHints":{"allow":["GET"]}}],"collection":[{"href":"https:\/\/kukirin-scooter-parts.com\/ro\/wp-json\/wp\/v2\/pages"}],"about":[{"href":"https:\/\/kukirin-scooter-parts.com\/ro\/wp-json\/wp\/v2\/types\/page"}],"author":[{"embeddable":true,"href":"https:\/\/kukirin-scooter-parts.com\/ro\/wp-json\/wp\/v2\/users\/1"}],"replies":[{"embeddable":true,"href":"https:\/\/kukirin-scooter-parts.com\/ro\/wp-json\/wp\/v2\/comments?post=65"}],"version-history":[{"count":4,"href":"https:\/\/kukirin-scooter-parts.com\/ro\/wp-json\/wp\/v2\/pages\/65\/revisions"}],"predecessor-version":[{"id":95,"href":"https:\/\/kukirin-scooter-parts.com\/ro\/wp-json\/wp\/v2\/pages\/65\/revisions\/95"}],"wp:attachment":[{"href":"https:\/\/kukirin-scooter-parts.com\/ro\/wp-json\/wp\/v2\/media?parent=65"}],"curies":[{"name":"wp","href":"https:\/\/api.w.org\/{rel}","templated":true}]}}