{"id":61,"date":"2024-09-02T03:53:01","date_gmt":"2024-09-02T03:53:01","guid":{"rendered":"https:\/\/kukirin-scooter-parts.com\/?page_id=61"},"modified":"2024-09-02T07:13:39","modified_gmt":"2024-09-02T07:13:39","slug":"about-us","status":"publish","type":"page","link":"https:\/\/kukirin-scooter-parts.com\/ro\/about-us\/","title":{"rendered":"Despre noi"},"content":{"rendered":"<div data-elementor-type=\"wp-page\" data-elementor-id=\"61\" class=\"elementor elementor-61\" data-elementor-post-type=\"page\">\n\t\t\t\t<div class=\"elementor-element elementor-element-7594f32 e-flex e-con-boxed e-con e-parent\" data-id=\"7594f32\" data-element_type=\"container\" data-e-type=\"container\">\n\t\t\t\t\t<div class=\"e-con-inner\">\n\t\t\t\t<div class=\"elementor-element elementor-element-5c8e2ed elementor-widget elementor-widget-text-editor\" data-id=\"5c8e2ed\" data-element_type=\"widget\" data-e-type=\"widget\" data-widget_type=\"text-editor.default\">\n\t\t\t\t<div class=\"elementor-widget-container\">\n\t\t\t\t\t\t\t\t\t<p>kukirin-scooter-parts.com, sursa dvs. de \u00eencredere pentru piese de schimb \u0219i accesorii oficiale pentru scuterul Kukirin. Scopul nostru este s\u0103 v\u0103 ajut\u0103m s\u0103 v\u0103 p\u0103stra\u021bi scuterul Kukirin func\u021bion\u00e2nd la cel mai bun nivel cu componente originale de \u00eenalt\u0103 calitate.<\/p>\n<p>Ca magazin online dedicat, \u0219tim c\u00e2t de important este s\u0103 v\u0103 \u00eentre\u021bine\u021bi ma\u0219ina cu piese fabricate special pentru ea. Acesta este motivul pentru care oferim numai piese oficiale Kukirin, asigur\u00e2ndu-ne c\u0103 tot ceea ce cump\u0103ra\u021bi de la noi \u00eendepline\u0219te standardele exacte stabilite de produc\u0103torul surs\u0103 - fabrica Kukirin.<\/p>\n<p>Scopul nostru este s\u0103 v\u0103 facem experien\u021ba de cump\u0103r\u0103turi c\u00e2t mai u\u0219oar\u0103 posibil, oferind servicii pentru clien\u021bi de top, transport rapid \u0219i o gam\u0103 larg\u0103 de produse. Ca surs\u0103 oficial\u0103 de piese de scuter kukirin, fie c\u0103 dori\u021bi s\u0103 \u00eenlocui\u021bi o pies\u0103 sau s\u0103 face\u021bi un upgrade, v-am acoperit cu tot ce ave\u021bi nevoie pentru a v\u0103 men\u021bine scuterul Kukirin \u00een stare de v\u00e2rf.<\/p>\n<p>V\u0103 mul\u021bumim c\u0103 a\u021bi ales KuKirin. Suntem aici pentru a v\u0103 sus\u021bine c\u0103l\u0103toria, oriunde v-ar duce ea.<\/p>\t\t\t\t\t\t\t\t<\/div>\n\t\t\t\t<\/div>\n\t\t\t\t\t<\/div>\n\t\t\t\t<\/div>\n\t\t\t\t<\/div>","protected":false},"excerpt":{"rendered":"<p>kukirin-scooter-parts.com, your trusted source for official Kukirin scooter spare parts and accessories. We\u2019re all about helping you keep your Kukirin scooter running at its best with high-quality, original components. As a dedicated online store, we know how important it is to maintain your ride with parts that are made specifically for it. That\u2019s why we &#8230; <a title=\"Despre noi\" class=\"read-more\" href=\"https:\/\/kukirin-scooter-parts.com\/ro\/about-us\/\" aria-label=\"Cite\u0219te mai multe despre About Us\">Cite\u0219te mai mult<\/a><\/p>","protected":false},"author":1,"featured_media":0,"parent":0,"menu_order":0,"comment_status":"closed","ping_status":"closed","template":"","meta":{"footnotes":""},"class_list":["post-61","page","type-page","status-publish"],"_links":{"self":[{"href":"https:\/\/kukirin-scooter-parts.com\/ro\/wp-json\/wp\/v2\/pages\/61","targetHints":{"allow":["GET"]}}],"collection":[{"href":"https:\/\/kukirin-scooter-parts.com\/ro\/wp-json\/wp\/v2\/pages"}],"about":[{"href":"https:\/\/kukirin-scooter-parts.com\/ro\/wp-json\/wp\/v2\/types\/page"}],"author":[{"embeddable":true,"href":"https:\/\/kukirin-scooter-parts.com\/ro\/wp-json\/wp\/v2\/users\/1"}],"replies":[{"embeddable":true,"href":"https:\/\/kukirin-scooter-parts.com\/ro\/wp-json\/wp\/v2\/comments?post=61"}],"version-history":[{"count":7,"href":"https:\/\/kukirin-scooter-parts.com\/ro\/wp-json\/wp\/v2\/pages\/61\/revisions"}],"predecessor-version":[{"id":83,"href":"https:\/\/kukirin-scooter-parts.com\/ro\/wp-json\/wp\/v2\/pages\/61\/revisions\/83"}],"wp:attachment":[{"href":"https:\/\/kukirin-scooter-parts.com\/ro\/wp-json\/wp\/v2\/media?parent=61"}],"curies":[{"name":"wp","href":"https:\/\/api.w.org\/{rel}","templated":true}]}}