{"id":3,"date":"2024-08-28T09:48:00","date_gmt":"2024-08-28T09:48:00","guid":{"rendered":"http:\/\/kukirin-scooter-parts.com\/?page_id=3"},"modified":"2024-09-02T07:25:46","modified_gmt":"2024-09-02T07:25:46","slug":"privacy-policy","status":"publish","type":"page","link":"https:\/\/kukirin-scooter-parts.com\/ro\/privacy-policy\/","title":{"rendered":"Politica de confiden\u021bialitate"},"content":{"rendered":"<div data-elementor-type=\"wp-page\" data-elementor-id=\"3\" class=\"elementor elementor-3\" data-elementor-post-type=\"page\">\n\t\t\t\t<div class=\"elementor-element elementor-element-250f5984 e-flex e-con-boxed e-con e-parent\" data-id=\"250f5984\" data-element_type=\"container\" data-e-type=\"container\">\n\t\t\t\t\t<div class=\"e-con-inner\">\n\t\t\t\t<div class=\"elementor-element elementor-element-2760fd46 elementor-widget elementor-widget-text-editor\" data-id=\"2760fd46\" data-element_type=\"widget\" data-e-type=\"widget\" data-widget_type=\"text-editor.default\">\n\t\t\t\t<div class=\"elementor-widget-container\">\n\t\t\t\t\t\t\t\t\t<p><\/p>\n<p>Aici este kukirin-scooter-parts.com (denumit \u00een continuare \"noi\", \"noi\" sau \"KuKirin\", \"Site\"), ne angaj\u0103m s\u0103 protej\u0103m \u0219i s\u0103 respect\u0103m confiden\u021bialitatea datelor dvs. personale. Aceast\u0103 politic\u0103 de confiden\u021bialitate explic\u0103 modul \u00een care datele dumneavoastr\u0103 sunt colectate, utilizate, transferate \u0219i divulgate de KuKirin. Aceasta se aplic\u0103 datelor colectate atunci c\u00e2nd utiliza\u021bi site-urile noastre atunci c\u00e2nd interac\u021biona\u021bi cu noi prin social media, e-mail sau telefon, sau atunci c\u00e2nd participa\u021bi la concursurile sau evenimentele noastre. Aceasta acoper\u0103:<\/p>\n<h2 class=\"wp-block-heading\"><strong>1. Angajamentul nostru fa\u021b\u0103 de dumneavoastr\u0103\u00a0<\/strong><br \/><strong>2. Modul \u00een care v\u0103 securiz\u0103m datele\u00a0\u00a0<\/strong><br \/><strong>3. Datele cu caracter personal pe care le colect\u0103m\u00a0<\/strong><br \/><strong>4. Cum colect\u0103m datele dumneavoastr\u0103\u00a0<\/strong><br \/><strong>5. Cum folosim datele dumneavoastr\u0103\u00a0<\/strong><br \/><strong>6. Despre cookie-uri\u00a0<\/strong><br \/><strong>7. Cum partaj\u0103m datele dumneavoastr\u0103\u00a0<\/strong><br \/><strong>8. Drepturile dumneavoastr\u0103 cu privire la datele dumneavoastr\u0103 cu caracter personal\u00a0<\/strong><br \/><strong>9. Modific\u0103ri ale prezentei politici de confiden\u021bialitate<\/strong><\/h2>\n<h3>1. Angajamentul nostru fa\u021b\u0103 de dumneavoastr\u0103<\/h3>\n<h2 class=\"wp-block-heading\">Lu\u0103m \u00een serios protec\u021bia datelor dumneavoastr\u0103 cu caracter personal \u0219i vom prelucra datele dumneavoastr\u0103 cu caracter personal \u00een mod corect, legal \u0219i transparent. Aceast\u0103 politic\u0103 de confiden\u021bialitate descrie datele cu caracter personal pe care le colect\u0103m despre dumneavoastr\u0103 \u0219i modul \u00een care acestea sunt utilizate. Vom colecta \u0219i vom utiliza datele dvs. cu caracter personal numai \u00een urm\u0103toarele scopuri:<\/h2>\n<ul>\n<li>\u00cembun\u0103t\u0103\u021birea serviciilor noastre;<\/li>\n<li>S\u0103 ne \u00eendeplinim responsabilit\u0103\u021bile legale.<\/li>\n<\/ul>\n<h3>2. Modul \u00een care v\u0103 securiz\u0103m datele<\/h3>\n<p>Dispunem de garan\u021bii organiza\u021bionale \u0219i m\u0103suri de securitate adecvate pentru a v\u0103 proteja datele \u00eempotriva pierderii accidentale, utiliz\u0103rii sau accesului neautorizat, modific\u0103rii sau divulg\u0103rii. Comunicarea dintre browserul dvs. \u0219i site-ul nostru utilizeaz\u0103 o conexiune securizat\u0103 criptat\u0103 ori de c\u00e2te ori sunt implicate datele dvs. personale. V\u0103 cript\u0103m datele \u0219i le stoc\u0103m pe servere securizate, ascunse \u00een spatele unui firewall. Solicit\u0103m oric\u0103rei p\u0103r\u021bi ter\u021be care este contractat\u0103 pentru a prelucra datele dvs. cu caracter personal \u00een numele nostru s\u0103 dispun\u0103 de m\u0103suri de securitate pentru a v\u0103 proteja datele \u0219i pentru a trata aceste date \u00een conformitate cu legea. \u00cen cazul nefericit al unei \u00eenc\u0103lc\u0103ri a securit\u0103\u021bii datelor cu caracter personal, v\u0103 vom notifica pe dumneavoastr\u0103 \u0219i orice reglement\u0103ri aplicabile atunci c\u00e2nd suntem obliga\u021bi prin lege s\u0103 facem acest lucru.<\/p>\n<h3>3. Datele cu caracter personal pe care le colect\u0103m\u00a0<\/h3>\n<p>3.1 Adresa de e-mail, inclusiv adresa de e-mail furnizat\u0103 prin intermediul p\u0103r\u021bilor ter\u021be asociate aprobate.<\/p>\n<p>3.2 Informa\u021bii de expediere, inclusiv numele, \u021bara \u0219i num\u0103rul de telefon. Atunci c\u00e2nd trebuie s\u0103 stoc\u0103m informa\u021bii legate de o comand\u0103, le introducem \u00een baza noastr\u0103 de date prin criptare SSL. \u00cen timp ce site-ul nostru este conceput pentru un public larg, nu vom colecta \u00een mod con\u0219tient date de la copii, care nu au permisiunea de a utiliza sau de a trimite datele pe site.<\/p>\n<h3>4. Cum colect\u0103m datele dumneavoastr\u0103<\/h3>\n<p>Putem colecta date cu caracter personal despre dumneavoastr\u0103 \u00een urm\u0103toarele moduri:\u00a0<\/p>\n<h2 class=\"wp-block-heading\">4.1 Interac\u021biuni directe: Ne pute\u021bi furniza datele dvs. de identitate, de contact, financiare, de tranzac\u021bie, de profil, de marketing \u0219i de comunicare prin completarea formularelor, prin introducerea de informa\u021bii online sau prin coresponden\u021ba cu noi prin po\u0219t\u0103, telefon, e-mail, telefon sau \u00een alt mod. Aceasta include datele cu caracter personal pe care le furniza\u021bi, de exemplu, atunci c\u00e2nd:<\/h2>\n<ul>\n<li>Crea\u021bi un cont pe site-ul nostru;\u00a0<\/li>\n<li>Abona\u021bi-v\u0103 la buletinul nostru informativ, la forumurile de discu\u021bii \u0219i la site-urile noastre de socializare;<\/li>\n<li>Completa\u021bi un studiu de pia\u021b\u0103 voluntar;<\/li>\n<li>Contacta\u021bi-ne pentru o cerere sau pentru a raporta o problem\u0103 (prin telefon, e-mail, re\u021bele sociale sau serviciu de mesagerie);<\/li>\n<li>Atunci c\u00e2nd v\u0103 conecta\u021bi la site-ul nostru web prin intermediul re\u021belelor sociale.<\/li>\n<\/ul>\n<p>4.2 Interac\u021biuni indirecte: Pe m\u0103sur\u0103 ce interac\u021biona\u021bi cu site-ul nostru, este posibil s\u0103 colect\u0103m automat datele tehnice prin utilizarea de module cookie, jurnale de server \u0219i alte tehnologii similare. V\u0103 rug\u0103m s\u0103 consulta\u021bi sec\u021biunea Despre cookie-uri pentru mai multe detalii.<\/p>\n<h2 class=\"wp-block-heading\">4.3 P\u0103r\u021bi ter\u021be: Putem primi date cu caracter personal despre dumneavoastr\u0103 de la diverse p\u0103r\u021bi ter\u021be, inclusiv:\u00a0<\/h2>\n<ul>\n<li>Ter\u021bi asocia\u021bi, inclusiv furnizori de servicii de analiz\u0103, cum ar fi Google;\u00a0<\/li>\n<li>Re\u021belele afiliate prin intermediul c\u0103rora a\u021bi accesat site-ul nostru;<\/li>\n<li>Platformele de social media atunci c\u00e2nd v\u0103 conecta\u021bi la site-ul nostru web utiliz\u00e2nd astfel de platforme de social media.<\/li>\n<\/ul>\n<h3>5. Cum folosim datele dumneavoastr\u0103<\/h3>\n<p>Vom colecta \u0219i prelucra datele dumneavoastr\u0103 cu caracter personal numai \u00een cazul \u00een care avem un temei juridic pentru a face acest lucru. \u00cen calitate de operator de date, temeiul juridic pentru colectarea \u0219i utilizarea de c\u0103tre noi a datelor dumneavoastr\u0103 cu caracter personal variaz\u0103 \u00een func\u021bie de modul \u0219i scopul pentru care le-am colectat. Vom colecta \u0219i prelucra datele dumneavoastr\u0103 cu caracter personal numai \u00een cazul \u00een care avem un temei juridic pentru a face acest lucru. \u00cen calitate de operator de date, temeiul juridic pentru colectarea \u0219i utilizarea de c\u0103tre noi a datelor dumneavoastr\u0103 cu caracter personal variaz\u0103 \u00een func\u021bie de modul \u0219i scopul pentru care le-am colectat. Vom colecta date cu caracter personal de la dvs. numai atunci c\u00e2nd:<\/p>\n<p>5.1 Avem consim\u021b\u0103m\u00e2ntul dumneavoastr\u0103 pentru a face acest lucru<\/p>\n<p>5.2 Avem nevoie de datele dumneavoastr\u0103 cu caracter personal pentru a executa un contract cu dumneavoastr\u0103. De exemplu, pentru a procesa o plat\u0103 din partea dumneavoastr\u0103, pentru a v\u0103 \u00eendeplini comanda sau pentru a oferi asisten\u021b\u0103 pentru clien\u021bi \u00een leg\u0103tur\u0103 cu o comand\u0103<\/p>\n<p>5.3 Prelucrarea este \u00een interesul nostru legitim \u0219i nu este anulat\u0103 de drepturile dumneavoastr\u0103<\/p>\n<p>5.4 Avem obliga\u021bia legal\u0103 de a colecta sau dezv\u0103lui date cu caracter personal de la dumneavoastr\u0103. Datele dumneavoastr\u0103 cu caracter personal sunt utilizate de KuKirin pentru a sprijini o serie de activit\u0103\u021bi diferite. Acestea sunt enumerate \u00een tabelul de mai jos \u00eempreun\u0103 cu tipurile de date utilizate \u0219i bazele juridice pe care ne baz\u0103m atunci c\u00e2nd le prelucr\u0103m, inclusiv, dup\u0103 caz, interesele noastre legitime. V\u0103 rug\u0103m s\u0103 re\u021bine\u021bi c\u0103 este posibil s\u0103 prelucr\u0103m datele dvs. cu caracter personal utiliz\u00e2nd mai mult de un temei juridic, \u00een func\u021bie de activitatea specific\u0103 implicat\u0103. V\u0103 rug\u0103m s\u0103 ne contacta\u021bi dac\u0103 ave\u021bi nevoie de detalii cu privire la temeiul juridic specific pe care ne baz\u0103m pentru a v\u0103 prelucra datele cu caracter personal, \u00een cazul \u00een care \u00een tabelul de mai jos au fost stabilite mai multe motive.\u00a0<\/p>\n<p>5.5 Pentru a crea un cont \u0219i a v\u0103 \u00eenregistra ca nou client (direct sau prin intermediul re\u021belelor sociale).\u00a0<\/p>\n<p>5.6 Pentru a gestiona rela\u021bia noastr\u0103 cu dumneavoastr\u0103, inclusiv pentru a v\u0103 furniza orice informa\u021bii, produse \u0219i servicii pe care le solicita\u021bi de la noi; pentru a v\u0103 notifica cu privire la modific\u0103rile aduse serviciilor, termenilor \u0219i condi\u021biilor sau politicii noastre de confiden\u021bialitate; pentru a v\u0103 solicita s\u0103 l\u0103sa\u021bi un comentariu sau s\u0103 participa\u021bi la un sondaj.\u00a0<\/p>\n<p>5.7 Pentru a v\u0103 permite s\u0103 participa\u021bi la un concurs, eveniment, sondaj sau s\u0103 primi\u021bi o recompens\u0103.\u00a0<\/p>\n<p>5.8 Pentru a administra, proteja \u0219i \u00eembun\u0103t\u0103\u021bi activitatea noastr\u0103 \u0219i site-ul\/aplica\u021bia noastr\u0103, inclusiv depanarea, analiza datelor, testarea, \u00eentre\u021binerea sistemului, asisten\u021ba, analiza datelor, raportarea \u0219i g\u0103zduirea datelor; setarea op\u021biunilor implicite pentru dvs., cum ar fi limba \u0219i moneda.\u00a0\u00a0<\/p>\n<p>5.9 Pentru a v\u0103 oferi con\u021binut relevant pentru site, publicitate online \u0219i informa\u021bii; \u0219i pentru a m\u0103sura eficien\u021ba publicit\u0103\u021bii furnizate.\u00a0<\/p>\n<p>5.10 Pentru a utiliza analiza datelor pentru: \u00eembun\u0103t\u0103\u021birea site-ului nostru web, a produselor, serviciilor, marketingului, rela\u021biilor cu clien\u021bii \u0219i experien\u021belor; \u0219i \u00een scopuri de cercetare de pia\u021b\u0103, statistici \u0219i sondaje.\u00a0<\/p>\n<p>5.11 Pentru a v\u0103 recomanda produse, servicii, reduceri \u0219i oferte care ar putea fi de interes pentru dumneavoastr\u0103, inclusiv pentru a v\u0103 trimite astfel de informa\u021bii prin e-mail, po\u0219t\u0103 sau SMS.\u00a0<\/p>\n<p>5.12 Pentru a v\u0103 informa sau a v\u0103 reaminti prin e-mail orice sarcin\u0103 efectuat\u0103 prin intermediul site-ului nostru care r\u0103m\u00e2ne nefinalizat\u0103, cum ar fi comenzi incomplete sau co\u0219uri abandonate vom utiliza datele dvs. cu caracter personal numai \u00een scopurile pentru care le-am colectat, cu excep\u021bia cazului \u00een care consider\u0103m \u00een mod rezonabil c\u0103 trebuie s\u0103 le utiliz\u0103m pentru un alt motiv, iar motivul respectiv este compatibil cu scopul ini\u021bial. Dac\u0103 dorim s\u0103 utiliz\u0103m datele dumneavoastr\u0103 cu caracter personal \u00eentr-un scop care nu are leg\u0103tur\u0103 cu acesta, v\u0103 vom notifica \u0219i v\u0103 vom explica temeiul juridic care ne permite s\u0103 facem acest lucru. Putem prelucra datele cu caracter personal f\u0103r\u0103 consim\u021b\u0103m\u00e2ntul dumneavoastr\u0103, \u00een conformitate cu normele de mai sus, atunci c\u00e2nd acest lucru este impus sau permis de lege. Vom p\u0103stra datele dvs. cu caracter personal pentru o perioad\u0103 de timp nu mai lung\u0103 dec\u00e2t cea necesar\u0103 pentru scopul (scopurile) pentru care au fost furnizate \u0219i pentru a ne \u00eendeplini obliga\u021biile legale. Detalii suplimentare privind perioadele pentru care p\u0103str\u0103m datele sunt disponibile la cerere.\u00a0<\/p>\n<h3>6. Despre cookie-uri\u00a0<\/h3>\n<p>Utiliz\u0103m \"module cookie\" pentru a stoca informa\u021bii specifice despre dvs. \u0219i pentru a urm\u0103ri vizitele dvs. pe site, fie prin intermediul unui computer, fie prin intermediul unui dispozitiv mobil. Nu este neobi\u0219nuit ca site-urile web s\u0103 utilizeze module cookie pentru a \u00eembun\u0103t\u0103\u021bi identificarea vizitatorilor lor un \"cookie\" este o cantitate mic\u0103 de date care este trimis\u0103 browserului dvs. \u0219i stocat\u0103 pe hard diskul computerului sau al dispozitivului mobil. Dac\u0103 nu dezactiva\u021bi sau nu \u0219terge\u021bi cookie-ul, de fiecare dat\u0103 c\u00e2nd utiliza\u021bi acela\u0219i browser sau dispozitiv mobil pentru a accesa site-ul, serverele noastre web vor fi notificate cu privire la vizita dvs. pe site \u0219i, la r\u00e2ndul nostru, putem avea cuno\u0219tin\u021b\u0103 de vizita dvs. \u0219i de modelul de utilizare.\u00a0\u00a0<\/p>\n<p>Modulele cookie ne vor permite s\u0103 re\u021binem informa\u021biile dvs. astfel \u00eenc\u00e2t s\u0103 nu trebuiasc\u0103 s\u0103 le introduce\u021bi din nou de fiecare dat\u0103 c\u00e2nd utiliza\u021bi site-ul. \u00cen plus, folosim module cookie pentru a gestiona securitatea Site-ului nostru, pentru a colecta informa\u021bii despre utilizarea de c\u0103tre utilizatori; pentru a cerceta modelele de vizitare \u0219i pentru a efectua publicitate bazat\u0103 pe interese; pentru a ajuta partenerii no\u0219tri s\u0103 urm\u0103reasc\u0103 vizitele utilizatorilor pe Site \u0219i s\u0103 urm\u0103reasc\u0103 progresul \u0219i participarea la promo\u021bii. Pentru aceste scopuri suplimentare identificate mai sus, pute\u021bi determina dac\u0103 \u0219i cum va fi acceptat un cookie prin configurarea set\u0103rii de confiden\u021bialitate a browserului pe care \u00eel utiliza\u021bi pentru a accesa site-ul sau a set\u0103rii de confiden\u021bialitate a dispozitivului dumneavoastr\u0103 mobil. Dac\u0103 ajusta\u021bi set\u0103rile de confiden\u021bialitate ale browserului, dispozitivul mobil va continua s\u0103 colecteze date, cu excep\u021bia cazului \u00een care ajusta\u021bi set\u0103rile de confiden\u021bialitate ale dispozitivului \u0219i viceversa. Anumite caracteristici ale site-ului depind de cookie-uri.\u00a0<\/p>\n<p>V\u0103 rug\u0103m s\u0103 re\u021bine\u021bi c\u0103, dac\u0103 alege\u021bi s\u0103 bloca\u021bi modulele cookie, este posibil s\u0103 nu v\u0103 pute\u021bi conecta sau s\u0103 nu pute\u021bi utiliza aceste func\u021bii, iar preferin\u021bele care depind de modulele cookie pot fi pierdute.  Utiliz\u0103m o serie de instrumente de analiz\u0103 \u0219i de publicitate direc\u021bionat\u0103 pentru a v\u0103 afi\u0219a con\u021binut relevant pe site-ul nostru web \u0219i reclame online pe alte site-uri web \u0219i aplica\u021bii (conform descrierii de mai sus), pentru a v\u0103 furniza con\u021binut relevant \u00een comunic\u0103rile de marketing (dup\u0103 caz) \u0219i pentru a m\u0103sura eficien\u021ba publicit\u0103\u021bii furnizate.\u00a0<\/p>\n<p>De exemplu, utiliz\u0103m instrumente precum Google Analytics pentru a analiza datele Google privind publicitatea bazat\u0103 pe interese \u0219i\/sau datele de audien\u021b\u0103 ale ter\u021bilor (cum ar fi v\u00e2rsta, starea civil\u0103, evenimentul vie\u021bii, sexul \u0219i interesele) pentru a ne direc\u021biona \u0219i \u00eembun\u0103t\u0103\u021bi campaniile de marketing, strategiile de marketing \u0219i con\u021binutul site-ului. De asemenea, putem utiliza instrumente furnizate de alte p\u0103r\u021bi ter\u021be, cum ar fi Facebook. Site-ul nostru web poate include linkuri c\u0103tre \u0219i de pe site-urile web ale re\u021belelor noastre partenere, ale agen\u021biilor de publicitate \u0219i ale afilia\u021bilor no\u0219tri sau c\u0103tre platformele de social media. Dac\u0103 urma\u021bi un link c\u0103tre oricare dintre aceste site-uri, v\u0103 rug\u0103m s\u0103 re\u021bine\u021bi c\u0103 aceste site-uri au propriile lor politici de confiden\u021bialitate \u0219i c\u0103 nu accept\u0103m nicio responsabilitate sau r\u0103spundere pentru aceste politici. V\u0103 rug\u0103m s\u0103 verifica\u021bi aceste politici \u00eenainte de a trimite orice date cu caracter personal pe site-urile lor.\u00a0<\/p>\n<h3>7. Cum partaj\u0103m datele dumneavoastr\u0103\u00a0<\/h3>\n<p>Nu vindem, nu \u00eenchiriem, nu comercializ\u0103m, nu acord\u0103m licen\u021be \u0219i nu divulg\u0103m sau partaj\u0103m \u00een alt mod informa\u021biile dvs. personale sau financiare nim\u0103nui, cu excep\u021bia urm\u0103toarelor situa\u021bii specifice:\u00a0\u00a0\u00a0\u00a0\u00a0<\/p>\n<p>7.1 Furnizori de servicii ter\u021b\u0103 parte: Ca majoritatea comercian\u021bilor online, folosim uneori furnizori de servicii ter\u021bi pentru a \u00eendeplini func\u021bii specifice \u00een numele nostru. Orice informa\u021bii dezv\u0103luite acestora sunt doar pentru a le ajuta \u00een furnizarea serviciului. De exemplu, furniz\u0103m numele dumneavoastr\u0103, adresa de expediere \u0219i num\u0103rul de telefon unor parteneri precum DHL pentru a garanta livrarea comenzilor dumneavoastr\u0103 \u0219i putem utiliza informa\u021bii relevante despre clien\u021bi pentru a monitoriza calitatea serviciului ter\u021bului.\u00a0<\/p>\n<p>7.2 Cerin\u021ba legal\u0103 de a dezv\u0103lui informa\u021bii: Putem fi obliga\u021bi s\u0103 divulg\u0103m informa\u021biile dac\u0103 suntem cita\u021bi, dac\u0103 ni se comunic\u0103 un ordin judec\u0103toresc sau dac\u0103 ni se solicit\u0103 de c\u0103tre agen\u021bii de aplicare a legii care efectueaz\u0103 investiga\u021bii, sau dac\u0103 suntem obliga\u021bi \u00een alt mod prin lege s\u0103 divulg\u0103m astfel de informa\u021bii. De asemenea, vom dezv\u0103lui informa\u021bii personale atunci c\u00e2nd este necesar pentru a ne proteja drepturile legale sau pentru a aplica Termenii de utilizare \u0219i alte acorduri. De exemplu, putem partaja informa\u021bii pentru a reduce riscul de fraud\u0103 sau pentru a preveni frauda din partea utilizatorilor care \u00eencearc\u0103 s\u0103 fraudeze sau alte activit\u0103\u021bi ilegale pe site-ul nostru.\u00a0<\/p>\n<p>7.3 Fuziunea \u0219i\/sau v\u00e2nzarea de active: \u00cen mod normal, nu vindem, comercializ\u0103m sau \u00eenchiriem informa\u021bii cu caracter personal altor companii \u00een cursul activit\u0103\u021bii noastre. Cu toate acestea, este posibil s\u0103 achizi\u021bion\u0103m, s\u0103 fuzion\u0103m sau s\u0103 fim achizi\u021biona\u021bi de o alt\u0103 companie sau s\u0103 dispunem de o parte sau de toate activele noastre, caz \u00een care informa\u021biile dvs. cu caracter personal ar putea fi divulgate unei alte companii, \u00een conformitate cu Politica de confiden\u021bialitate \u00een vigoare.\u00a0<\/p>\n<p>7.4 Informa\u021bii neidentificabile personal: Putem partaja informa\u021bii care nu v\u0103 identific\u0103 pe dvs. sau pe orice alt utilizator, cum ar fi num\u0103rul de vizitatori zilnici ai unei anumite pagini sau m\u0103rimea unei comenzi plasate la o anumit\u0103 dat\u0103, cu ter\u021be p\u0103r\u021bi, cum ar fi partenerii publicitari.<\/p>\n<h3>8. Drepturile dumneavoastr\u0103 cu privire la datele dumneavoastr\u0103 cu caracter personal\u00a0\u00a0<\/h3>\n<p>Ave\u021bi mai multe drepturi \u00een temeiul legisla\u021biei privind confiden\u021bialitatea datelor. Acestea includ, \u00een anumite circumstan\u021be, dreptul de a:<\/p>\n<p>8.1 Solicita\u021bi acces la datele dumneavoastr\u0103 cu caracter personal<\/p>\n<p>8.2 Solicita\u021bi corectarea datelor dumneavoastr\u0103 cu caracter personal<\/p>\n<p>8.3 Solicita\u021bi \u0219tergerea datelor dumneavoastr\u0103 cu caracter personal<\/p>\n<p>8.4 Solicita\u021bi restric\u021bionarea prelucr\u0103rii datelor dumneavoastr\u0103 cu caracter personal<\/p>\n<p>8.5 Solicita\u021bi transferul datelor dumneavoastr\u0103 cu caracter personal<\/p>\n<p>8.6 Opune\u021bi-v\u0103 prelucr\u0103rii datelor dumneavoastr\u0103 cu caracter personal<\/p>\n<p>8.7 Obiec\u021bii la luarea automat\u0103 a deciziilor<\/p>\n<h3>9. Modific\u0103ri ale prezentei politici de confiden\u021bialitate<\/h3>\n<p>Din c\u00e2nd \u00een c\u00e2nd putem modifica aceast\u0103 politic\u0103 de confiden\u021bialitate. Dac\u0103 exist\u0103 modific\u0103ri semnificative, vom publica actualiz\u0103rile pe site-ul nostru web \u0219i pe aplica\u021bii sau v\u0103 vom anun\u021ba prin e-mail. \u0218i aceast\u0103 politic\u0103 de confiden\u021bialitate a fost actualizat\u0103 ultima dat\u0103 la 4 septembrie 2024.<\/p>\t\t\t\t\t\t\t\t<\/div>\n\t\t\t\t<\/div>\n\t\t\t\t\t<\/div>\n\t\t\t\t<\/div>\n\t\t\t\t<\/div>","protected":false},"excerpt":{"rendered":"<p>Here is kukirin-scooter-parts.com (hereinafter referred to as \u201cwe\u201d, \u201cus\u201d or \u201cKuKirin\u201d, &#8220;Site&#8221;), we are committed to protecting and respecting the privacy of your personal data. This privacy policy explains how your data is collected, used, transferred, and disclosed by KuKirin. It applies to data collected when you use our websites when you interact with us &#8230; <a title=\"Politica de confiden\u021bialitate\" class=\"read-more\" href=\"https:\/\/kukirin-scooter-parts.com\/ro\/privacy-policy\/\" aria-label=\"Cite\u0219te mai multe despre Privacy Policy\">Cite\u0219te mai mult<\/a><\/p>","protected":false},"author":1,"featured_media":0,"parent":0,"menu_order":0,"comment_status":"closed","ping_status":"open","template":"","meta":{"footnotes":""},"class_list":["post-3","page","type-page","status-publish"],"_links":{"self":[{"href":"https:\/\/kukirin-scooter-parts.com\/ro\/wp-json\/wp\/v2\/pages\/3","targetHints":{"allow":["GET"]}}],"collection":[{"href":"https:\/\/kukirin-scooter-parts.com\/ro\/wp-json\/wp\/v2\/pages"}],"about":[{"href":"https:\/\/kukirin-scooter-parts.com\/ro\/wp-json\/wp\/v2\/types\/page"}],"author":[{"embeddable":true,"href":"https:\/\/kukirin-scooter-parts.com\/ro\/wp-json\/wp\/v2\/users\/1"}],"replies":[{"embeddable":true,"href":"https:\/\/kukirin-scooter-parts.com\/ro\/wp-json\/wp\/v2\/comments?post=3"}],"version-history":[{"count":4,"href":"https:\/\/kukirin-scooter-parts.com\/ro\/wp-json\/wp\/v2\/pages\/3\/revisions"}],"predecessor-version":[{"id":92,"href":"https:\/\/kukirin-scooter-parts.com\/ro\/wp-json\/wp\/v2\/pages\/3\/revisions\/92"}],"wp:attachment":[{"href":"https:\/\/kukirin-scooter-parts.com\/ro\/wp-json\/wp\/v2\/media?parent=3"}],"curies":[{"name":"wp","href":"https:\/\/api.w.org\/{rel}","templated":true}]}}