{"id":11,"date":"2024-09-02T07:47:47","date_gmt":"2024-09-02T07:47:47","guid":{"rendered":"https:\/\/kukirin-scooter-parts.com\/?page_id=11"},"modified":"2024-09-02T07:47:48","modified_gmt":"2024-09-02T07:47:48","slug":"refund_returns","status":"publish","type":"page","link":"https:\/\/kukirin-scooter-parts.com\/ro\/refund_returns\/","title":{"rendered":"Politica de rambursare \u0219i returnare"},"content":{"rendered":"<div data-elementor-type=\"wp-page\" data-elementor-id=\"11\" class=\"elementor elementor-11\" data-elementor-post-type=\"page\">\n\t\t\t\t<div class=\"elementor-element elementor-element-7db694f0 e-flex e-con-boxed e-con e-parent\" data-id=\"7db694f0\" data-element_type=\"container\" data-e-type=\"container\">\n\t\t\t\t\t<div class=\"e-con-inner\">\n\t\t\t\t<div class=\"elementor-element elementor-element-17ba640e elementor-widget elementor-widget-text-editor\" data-id=\"17ba640e\" data-element_type=\"widget\" data-e-type=\"widget\" data-widget_type=\"text-editor.default\">\n\t\t\t\t<div class=\"elementor-widget-container\">\n\t\t\t\t\t\t\t\t\t\n<p>Dac\u0103 solicita\u021bi rambursarea sau returnarea dup\u0103 plasarea unei comenzi, v\u0103 rug\u0103m s\u0103 consulta\u021bi urm\u0103toarea politic\u0103 de returnare \u0219i rambursare (domeniul de aplicare Aceast\u0103 politic\u0103 se aplic\u0103 tuturor produselor achizi\u021bionate pe site-ul nostru).<\/p>\n<ul>\n<li>Condi\u021bii de returnare \u0219i rambursare<\/li>\n<\/ul>\n<p>Produse deteriorate sau defecte: Dac\u0103 primi\u021bi un produs care este deteriorat sau defect, v\u0103 rug\u0103m s\u0103 ne contacta\u021bi \u00een termen de 5 zile de la primirea produsului.<br \/>Produs incorect: Dac\u0103 produsul pe care l-a\u021bi primit nu corespunde comenzii dvs., v\u0103 rug\u0103m s\u0103 ne contacta\u021bi \u00een termen de 5 zile de la primirea produsului pentru a aranja returnarea sau \u00eenlocuirea acestuia.<\/p>\n<ul>\n<li>Situa\u021bii care nu sunt eligibile pentru returnare sau rambursare Urm\u0103toarele situa\u021bii nu sunt eligibile pentru returnare sau rambursare:<\/li>\n<\/ul>\n<p>Piesele de scuter apar\u021bin bunurilor speciale, nu sus\u021bin returnarea \u0219i schimbul dac\u0103 nu exist\u0103 probleme de calitate<\/p>\n<ul>\n<li>Procesul de returnare<\/li>\n<\/ul>\n<p>Dac\u0103 primi\u021bi un produs cu o problem\u0103 de calitate sau primi\u021bi un produs incorect, v\u0103 rug\u0103m s\u0103 ne contacta\u021bi direct \u0219i s\u0103 ne informa\u021bi cu privire la num\u0103rul comenzii dumneavoastr\u0103.<br \/>Taxe de transport pentru retur: Vom acoperi costurile de transport \u00eenapoi pentru produsele returnate din cauza problemelor de calitate.<\/p>\n<ul>\n<li>Procesul de rambursare<\/li>\n<\/ul>\n<p>Metoda de rambursare: Ramburs\u0103rile vor fi efectuate prin metoda de plat\u0103 ini\u021bial\u0103 \u0219i vor fi finalizate \u00een termen de 3-5 zile.<br \/>Odat\u0103 ce \u00eencepe procesul de rambursare, acesta va dura 5-7 zile, \u00een func\u021bie de banca dvs.<\/p>\n<ul>\n<li>Anulare (Produsul este expediat):<\/li>\n<\/ul>\n<p>Nu suport\u0103m anul\u0103ri \u0219i return\u0103ri de comenzi pentru produsele de piese de scuter expediate.<\/p>\n<ul>\n<li>Anul\u0103ri de precomenzi:<\/li>\n<\/ul>\n<p>Pentru toate precomenzile, dac\u0103 v\u0103 anula\u021bi comanda din motive personale \u00eenainte ca aceasta s\u0103 fie expediat\u0103, ve\u021bi fi responsabil pentru taxa de tranzac\u021bie.<\/p>\n<ul>\n<li>Pentru produsele achizi\u021bionate \u00een afara kukirin-escooter.com:<\/li>\n<\/ul>\n<p>Pentru produsele care nu au fost achizi\u021bionate de pe acest site, nu suntem \u00een m\u0103sur\u0103 s\u0103 oferim o solu\u021bie, v\u0103 rug\u0103m s\u0103 contacta\u021bi direct furnizorul dumneavoastr\u0103.<\/p>\n<ul>\n<li>Ave\u021bi nevoie de ajutor?<\/li>\n<\/ul>\n<p>Dac\u0103 ave\u021bi \u00eentreb\u0103ri sau ave\u021bi nevoie de asisten\u021b\u0103 suplimentar\u0103, v\u0103 rug\u0103m s\u0103 ne contacta\u021bi: info@kukirin-scooter-parts.com<\/p>\n<ul>\n<li>Actualiz\u0103ri ale politicilor<\/li>\n<\/ul>\n<p>Ne rezerv\u0103m dreptul de a actualiza aceast\u0103 politic\u0103 \u00een orice moment. V\u0103 rug\u0103m s\u0103 verifica\u021bi ultima versiune a politicii de returnare \u0219i rambursare \u00eenainte de a face o achizi\u021bie.<\/p>\n\t\t\t\t\t\t\t\t<\/div>\n\t\t\t\t<\/div>\n\t\t\t\t\t<\/div>\n\t\t\t\t<\/div>\n\t\t\t\t<\/div>","protected":false},"excerpt":{"rendered":"<p>If you request refund or return after placing an order, please refer to the following return and refund policy.(scope of Application This policy applies to all products purchased on our website.) Return and Refund Conditions Damaged or Defective Products: If you receive a product that is damaged or defective, please contact us within 5 days &#8230; <a title=\"Politica de rambursare \u0219i returnare\" class=\"read-more\" href=\"https:\/\/kukirin-scooter-parts.com\/ro\/refund_returns\/\" aria-label=\"Cite\u0219te mai multe despre Refund and Returns Policy\">Cite\u0219te mai mult<\/a><\/p>","protected":false},"author":1,"featured_media":0,"parent":0,"menu_order":0,"comment_status":"closed","ping_status":"closed","template":"","meta":{"footnotes":""},"class_list":["post-11","page","type-page","status-publish"],"_links":{"self":[{"href":"https:\/\/kukirin-scooter-parts.com\/ro\/wp-json\/wp\/v2\/pages\/11","targetHints":{"allow":["GET"]}}],"collection":[{"href":"https:\/\/kukirin-scooter-parts.com\/ro\/wp-json\/wp\/v2\/pages"}],"about":[{"href":"https:\/\/kukirin-scooter-parts.com\/ro\/wp-json\/wp\/v2\/types\/page"}],"author":[{"embeddable":true,"href":"https:\/\/kukirin-scooter-parts.com\/ro\/wp-json\/wp\/v2\/users\/1"}],"replies":[{"embeddable":true,"href":"https:\/\/kukirin-scooter-parts.com\/ro\/wp-json\/wp\/v2\/comments?post=11"}],"version-history":[{"count":4,"href":"https:\/\/kukirin-scooter-parts.com\/ro\/wp-json\/wp\/v2\/pages\/11\/revisions"}],"predecessor-version":[{"id":99,"href":"https:\/\/kukirin-scooter-parts.com\/ro\/wp-json\/wp\/v2\/pages\/11\/revisions\/99"}],"wp:attachment":[{"href":"https:\/\/kukirin-scooter-parts.com\/ro\/wp-json\/wp\/v2\/media?parent=11"}],"curies":[{"name":"wp","href":"https:\/\/api.w.org\/{rel}","templated":true}]}}