{"id":69,"date":"2024-09-02T03:59:33","date_gmt":"2024-09-02T03:59:33","guid":{"rendered":"https:\/\/kukirin-scooter-parts.com\/?page_id=69"},"modified":"2024-09-02T08:23:12","modified_gmt":"2024-09-02T08:23:12","slug":"warranty-policy","status":"publish","type":"page","link":"https:\/\/kukirin-scooter-parts.com\/pt\/warranty-policy\/","title":{"rendered":"Pol\u00edtica de garantia"},"content":{"rendered":"<div data-elementor-type=\"wp-page\" data-elementor-id=\"69\" class=\"elementor elementor-69\" data-elementor-post-type=\"page\">\n\t\t\t\t<div class=\"elementor-element elementor-element-438fa0d e-flex e-con-boxed e-con e-parent\" data-id=\"438fa0d\" data-element_type=\"container\" data-e-type=\"container\">\n\t\t\t\t\t<div class=\"e-con-inner\">\n\t\t\t\t<div class=\"elementor-element elementor-element-339e41b elementor-widget elementor-widget-text-editor\" data-id=\"339e41b\" data-element_type=\"widget\" data-e-type=\"widget\" data-widget_type=\"text-editor.default\">\n\t\t\t\t<div class=\"elementor-widget-container\">\n\t\t\t\t\t\t\t\t\t<p>Bateria<\/p><p>KuKirin Scooter Parts oferece garantia de 6 meses com bateria, se determinar que a bateria est\u00e1 com defeito, enviaremos a (s) substitui\u00e7\u00e3o (\u00f5es) sem custo.<\/p><p>Todas as reclama\u00e7\u00f5es de garantia de baterias e pacotes de baterias est\u00e3o sujeitas \u00e0s seguintes condi\u00e7\u00f5es e limita\u00e7\u00f5es:<\/p><p>Condi\u00e7\u00f5es e limita\u00e7\u00f5es<\/p><p>1. A bateria deve ter o tamanho, o design e a capacidade adequados para a aplica\u00e7\u00e3o. A n\u00e3o utiliza\u00e7\u00e3o da bateria adequada para a aplica\u00e7\u00e3o anular\u00e1 toda e qualquer garantia.<br \/>2. A bateria deve ser manuseada, armazenada e instalada corretamente. A instala\u00e7\u00e3o final deve estar conclu\u00edda no prazo m\u00e1ximo de dois meses a contar da data de rece\u00e7\u00e3o.<br \/>3. A bateria deve ser utilizada em conjunto com um sistema de carga de tens\u00e3o constante e de corrente limitada e, al\u00e9m disso, deve ser utilizada e mantida de acordo com as instru\u00e7\u00f5es.<br \/>4. O utilizador deve permitir que a bateria seja examinada por um representante da empresa KuKirin Scooter Parts, enviando as baterias de volta para a nossa empresa para an\u00e1lise do pedido de garantia.<br \/>5. Apenas a parte restante n\u00e3o utilizada da garantia da bateria original se aplica \u00e0 bateria de substitui\u00e7\u00e3o.<br \/>6. Esta garantia \u00e9 anulada se a bateria for sujeita a utiliza\u00e7\u00e3o incorrecta, abuso ou danos f\u00edsicos vis\u00edveis, ou se a bateria ficar inutiliz\u00e1vel devido a inc\u00eandio, destro\u00e7os, inunda\u00e7\u00f5es, congelamento ou quaisquer outros actos de Deus.<br \/>7. As garantias acima mencionadas substituem todas as outras garantias, expressas ou impl\u00edcitas, incluindo, sem limita\u00e7\u00e3o, qualquer garantia impl\u00edcita de comercializa\u00e7\u00e3o ou adequa\u00e7\u00e3o. Em nenhuma circunst\u00e2ncia a KuKirin Scooter Parts ser\u00e1 respons\u00e1vel por qualquer incidental KuKirin Scooter Parts.com n\u00e3o ser\u00e1 respons\u00e1vel por quaisquer defeitos, ou qualquer viola\u00e7\u00e3o de contratos relacionados com a qualidade ou desempenho do equipamento acima sob qualquer teoria da lei.<br \/>8. Estas garantias limitadas aplicam-se ao comprador original (utilizador) e n\u00e3o s\u00e3o transfer\u00edveis.<br \/>9. O utilizador deve notificar imediatamente a KuKirin Scooter Parts no caso de um alegado defeito.<\/p><p>Para apresentar um pedido de garantia para qualquer bateria, envie-nos um e-mail para info@kukirin-scooter-parts.com com as seguintes informa\u00e7\u00f5es:<\/p><p>Nome<br \/>Endere\u00e7o<br \/>N\u00famero de encomenda<br \/>C\u00f3digo de data estampado na bateria<\/p><p>Outros artigos<\/p><p>As pe\u00e7as de scooter KuKirin oferecem 12 meses de garantia para outros itens, exceto a bateria<br \/>Todos os pedidos de garantia para outros artigos da loja est\u00e3o sujeitos \u00e0s seguintes condi\u00e7\u00f5es e limita\u00e7\u00f5es:<\/p><p>Condi\u00e7\u00f5es e limita\u00e7\u00f5es<\/p><p>1. O utilizador deve permitir o exame do artigo por um representante da empresa KuKirin Scooter Parts.<br \/>2. Apenas a parte restante n\u00e3o utilizada da garantia do artigo original se aplica ao artigo de substitui\u00e7\u00e3o.<br \/>3. Esta garantia \u00e9 anulada se o artigo for sujeito a utiliza\u00e7\u00e3o indevida, abuso ou danos f\u00edsicos vis\u00edveis, ou se ficar inutiliz\u00e1vel devido a inc\u00eandio, destro\u00e7os, inunda\u00e7\u00f5es, congelamento ou quaisquer outros actos de Deus.<br \/>4. As garantias acima mencionadas substituem todas as outras garantias, expressas ou impl\u00edcitas, incluindo, sem limita\u00e7\u00e3o, qualquer garantia impl\u00edcita de comercializa\u00e7\u00e3o ou adequa\u00e7\u00e3o. Em nenhum caso a KuKirin Scooter Parts ser\u00e1 respons\u00e1vel por quaisquer danos ou perdas acidentais ou consequentes. Tal como aqui referido, a KuKirin Scooter Parts n\u00e3o ser\u00e1 respons\u00e1vel por quaisquer defeitos, ou qualquer viola\u00e7\u00e3o de contratos relacionados com a qualidade ou desempenho do equipamento acima referido sob qualquer teoria da lei.<br \/>5. Esta garantia limitada aplica-se ao comprador original (utilizador) e n\u00e3o \u00e9 transfer\u00edvel.<br \/>6. O utilizador deve notificar imediatamente a KuKirin Scooter Parts no caso de um alegado defeito.<br \/>7. Quaisquer outras garantias impl\u00edcitas sobre estas pe\u00e7as, incluindo, mas n\u00e3o se limitando a, comercializa\u00e7\u00e3o e adequa\u00e7\u00e3o a um determinado fim, s\u00e3o por este meio rejeitadas. Em nenhum caso a KuKirin Scooter Parts ser\u00e1 respons\u00e1vel por quaisquer danos ou perdas acidentais ou consequentes. Tal como aqui referido, a KuKirin Scooter Parts n\u00e3o ser\u00e1 respons\u00e1vel por quaisquer defeitos, ou qualquer viola\u00e7\u00e3o de contratos relacionados com a qualidade ou desempenho do equipamento acima referido sob qualquer teoria da lei.<\/p><p><b>Procedimento<\/b><\/p><p>Para apresentar um pedido de garantia, envie-nos uma mensagem de correio eletr\u00f3nico para info@kukirin-scooter-parts.com com os detalhes dos problemas que tem com o seu artigo.<\/p>\t\t\t\t\t\t\t\t<\/div>\n\t\t\t\t<\/div>\n\t\t\t\t\t<\/div>\n\t\t\t\t<\/div>\n\t\t\t\t<\/div>","protected":false},"excerpt":{"rendered":"<p>Battery KuKirin Scooter Parts offer 6-month warranty with battery\uff0cif determines the battery to be defective, we will ship the replacement(s) without charge. All battery and battery pack warranty claims are subject to the following conditions and limitations: Conditions and Limitations 1. The battery shall be the proper size, design, and capacity for the application. Failure &#8230; <a title=\"Pol\u00edtica de garantia\" class=\"read-more\" href=\"https:\/\/kukirin-scooter-parts.com\/pt\/warranty-policy\/\" aria-label=\"Leia mais sobre Warranty Policy\">Ler mais<\/a><\/p>","protected":false},"author":1,"featured_media":0,"parent":0,"menu_order":0,"comment_status":"closed","ping_status":"closed","template":"","meta":{"footnotes":""},"class_list":["post-69","page","type-page","status-publish"],"_links":{"self":[{"href":"https:\/\/kukirin-scooter-parts.com\/pt\/wp-json\/wp\/v2\/pages\/69","targetHints":{"allow":["GET"]}}],"collection":[{"href":"https:\/\/kukirin-scooter-parts.com\/pt\/wp-json\/wp\/v2\/pages"}],"about":[{"href":"https:\/\/kukirin-scooter-parts.com\/pt\/wp-json\/wp\/v2\/types\/page"}],"author":[{"embeddable":true,"href":"https:\/\/kukirin-scooter-parts.com\/pt\/wp-json\/wp\/v2\/users\/1"}],"replies":[{"embeddable":true,"href":"https:\/\/kukirin-scooter-parts.com\/pt\/wp-json\/wp\/v2\/comments?post=69"}],"version-history":[{"count":4,"href":"https:\/\/kukirin-scooter-parts.com\/pt\/wp-json\/wp\/v2\/pages\/69\/revisions"}],"predecessor-version":[{"id":104,"href":"https:\/\/kukirin-scooter-parts.com\/pt\/wp-json\/wp\/v2\/pages\/69\/revisions\/104"}],"wp:attachment":[{"href":"https:\/\/kukirin-scooter-parts.com\/pt\/wp-json\/wp\/v2\/media?parent=69"}],"curies":[{"name":"wp","href":"https:\/\/api.w.org\/{rel}","templated":true}]}}