{"id":67,"date":"2024-09-02T03:57:53","date_gmt":"2024-09-02T03:57:53","guid":{"rendered":"https:\/\/kukirin-scooter-parts.com\/?page_id=67"},"modified":"2024-09-27T10:18:13","modified_gmt":"2024-09-27T10:18:13","slug":"shipping-delivery","status":"publish","type":"page","link":"https:\/\/kukirin-scooter-parts.com\/pt\/shipping-delivery\/","title":{"rendered":"Expedi\u00e7\u00e3o e entrega"},"content":{"rendered":"<div data-elementor-type=\"wp-page\" data-elementor-id=\"67\" class=\"elementor elementor-67\" data-elementor-post-type=\"page\">\n\t\t\t\t<div class=\"elementor-element elementor-element-df66abb e-flex e-con-boxed e-con e-parent\" data-id=\"df66abb\" data-element_type=\"container\" data-e-type=\"container\">\n\t\t\t\t\t<div class=\"e-con-inner\">\n\t\t\t\t<div class=\"elementor-element elementor-element-3920418 elementor-widget elementor-widget-text-editor\" data-id=\"3920418\" data-element_type=\"widget\" data-e-type=\"widget\" data-widget_type=\"text-editor.default\">\n\t\t\t\t<div class=\"elementor-widget-container\">\n\t\t\t\t\t\t\t\t\t<p>M\u00e9todos de envio<br \/>Trabalhamos com as empresas de transporte DPD, UPS e GLS para as nossas entregas. Enviaremos as informa\u00e7\u00f5es de envio aos nossos clientes por correio eletr\u00f3nico assim que o envio for iniciado, incluindo a data de envio, o n\u00famero de seguimento e o s\u00edtio de seguimento.<\/p><p>Envio a partir de<br \/>Os armaz\u00e9ns locais na Pol\u00f3nia.<\/p><p>Envio para<br \/>Todos os pa\u00edses da UE, exceto Chipre, Malta e algumas ilhas remotas.<\/p><p>Tempo de envio<\/p><p>Da Pol\u00f3nia para a \u00c1ustria, B\u00e9lgica, Bulg\u00e1ria, Cro\u00e1cia, Ch\u00e9quia, Dinamarca, Est\u00f3nia, Finl\u00e2ndia, Fran\u00e7a, Alemanha, Gr\u00e9cia, Hungria, Irlanda, It\u00e1lia, Let\u00f3nia, Litu\u00e2nia, Luxemburgo, Pa\u00edses Baixos, Pol\u00f3nia, Portugal, Rom\u00e9nia, Eslov\u00e1quia, Eslov\u00e9nia, Espanha, Su\u00e9cia demorar\u00e1 5-7 dias \u00fateis (este prazo de entrega \u00e9 uma estimativa e pode ser adiado durante os feriados europeus).<\/p><p>Nota\uff1a<\/p><p>O invent\u00e1rio dos produtos de pe\u00e7as de scooter \u00e9 atualizado frequentemente, n\u00e3o temos forma de atualizar o invent\u00e1rio de cada produto de pe\u00e7as em tempo \u00fatil, se se preocupa seriamente com a hora de chegada, por favor contacte-nos antes de fazer uma encomenda se existe invent\u00e1rio, e depois decida se quer encomendar<\/p><p>Custo de transporte<\/p><p>As encomendas de valor superior a 35 euros s\u00e3o enviadas gratuitamente, sendo cobrada uma taxa de envio de 10 euros por encomenda para encomendas de valor inferior a 35 euros. Os impostos de importa\u00e7\u00e3o s\u00e3o pagos quando as mercadorias s\u00e3o enviadas para o armaz\u00e9m na Pol\u00f3nia, n\u00e3o sendo necess\u00e1rio pagar direitos aduaneiros.<\/p>\t\t\t\t\t\t\t\t<\/div>\n\t\t\t\t<\/div>\n\t\t\t\t\t<\/div>\n\t\t\t\t<\/div>\n\t\t\t\t<\/div>","protected":false},"excerpt":{"rendered":"<p>Shipping methodsWe work with DPD, UPS and GLS shipping companies for our deliveries. We\u2019ll send the shipping information to our customers by emails as soon as the shipping is started, including the shipping date, the tracking number and the tracking site. Shipping fromThe local warehouses in Poland. Shipping toAll EU countries, except for Cyprus, Malta &#8230; <a title=\"Shipping &amp; Delivery\" class=\"read-more\" href=\"https:\/\/kukirin-scooter-parts.com\/pt\/shipping-delivery\/\" aria-label=\"Leia mais sobre Shipping &amp; Delivery\">Ler mais<\/a><\/p>","protected":false},"author":1,"featured_media":0,"parent":0,"menu_order":0,"comment_status":"closed","ping_status":"closed","template":"","meta":{"footnotes":""},"class_list":["post-67","page","type-page","status-publish"],"_links":{"self":[{"href":"https:\/\/kukirin-scooter-parts.com\/pt\/wp-json\/wp\/v2\/pages\/67","targetHints":{"allow":["GET"]}}],"collection":[{"href":"https:\/\/kukirin-scooter-parts.com\/pt\/wp-json\/wp\/v2\/pages"}],"about":[{"href":"https:\/\/kukirin-scooter-parts.com\/pt\/wp-json\/wp\/v2\/types\/page"}],"author":[{"embeddable":true,"href":"https:\/\/kukirin-scooter-parts.com\/pt\/wp-json\/wp\/v2\/users\/1"}],"replies":[{"embeddable":true,"href":"https:\/\/kukirin-scooter-parts.com\/pt\/wp-json\/wp\/v2\/comments?post=67"}],"version-history":[{"count":10,"href":"https:\/\/kukirin-scooter-parts.com\/pt\/wp-json\/wp\/v2\/pages\/67\/revisions"}],"predecessor-version":[{"id":539,"href":"https:\/\/kukirin-scooter-parts.com\/pt\/wp-json\/wp\/v2\/pages\/67\/revisions\/539"}],"wp:attachment":[{"href":"https:\/\/kukirin-scooter-parts.com\/pt\/wp-json\/wp\/v2\/media?parent=67"}],"curies":[{"name":"wp","href":"https:\/\/api.w.org\/{rel}","templated":true}]}}