{"id":65,"date":"2024-09-02T03:55:17","date_gmt":"2024-09-02T03:55:17","guid":{"rendered":"https:\/\/kukirin-scooter-parts.com\/?page_id=65"},"modified":"2024-09-02T07:28:52","modified_gmt":"2024-09-02T07:28:52","slug":"terms-of-service","status":"publish","type":"page","link":"https:\/\/kukirin-scooter-parts.com\/pt\/terms-of-service\/","title":{"rendered":"Termos do servi\u00e7o"},"content":{"rendered":"<div data-elementor-type=\"wp-page\" data-elementor-id=\"65\" class=\"elementor elementor-65\" data-elementor-post-type=\"page\">\n\t\t\t\t<div class=\"elementor-element elementor-element-9797c62 e-flex e-con-boxed e-con e-parent\" data-id=\"9797c62\" data-element_type=\"container\" data-e-type=\"container\">\n\t\t\t\t\t<div class=\"e-con-inner\">\n\t\t\t\t<div class=\"elementor-element elementor-element-53fff2a elementor-widget elementor-widget-text-editor\" data-id=\"53fff2a\" data-element_type=\"widget\" data-e-type=\"widget\" data-widget_type=\"text-editor.default\">\n\t\t\t\t<div class=\"elementor-widget-container\">\n\t\t\t\t\t\t\t\t\t<p>Bem-vindo a kukirin-scooter-parts.com! Estes Termos de Utiliza\u00e7\u00e3o descrevem os termos e condi\u00e7\u00f5es aplic\u00e1veis ao seu acesso e utiliza\u00e7\u00e3o do s\u00edtio Web em kukirin-scooter.com. Esta declara\u00e7\u00e3o \u00e9 um acordo juridicamente vinculativo entre si, enquanto utilizador(es) do site (referido como \"voc\u00ea\", \"Membro\", \"Cliente\" ou \"Utilizador\" doravante) e o kukirin-scooter.com (referido como \"n\u00f3s\", \"nosso\", \"nos\" ou \"KuKirin\", \"site\" doravante).<\/p><h2><strong><b>Contrato do utilizador<\/b><\/strong><\/h2><p>Ao aceder, navegar ou utilizar este s\u00edtio Web, o utilizador concorda em ficar vinculado aos termos e condi\u00e7\u00f5es de utiliza\u00e7\u00e3o deste s\u00edtio Web, bem como a todas as leis e regulamentos aplic\u00e1veis, ao mesmo tempo que concorda que \u00e9 respons\u00e1vel pelo cumprimento de quaisquer leis locais aplic\u00e1veis. Se n\u00e3o concordar com algum destes termos, est\u00e1 proibido de utilizar ou aceder a este s\u00edtio Web. Os materiais contidos neste s\u00edtio Web est\u00e3o protegidos pela legisla\u00e7\u00e3o aplic\u00e1vel em mat\u00e9ria de direitos de autor e marcas comerciais. Os nossos produtos e servi\u00e7os destinam-se principalmente a adultos. Se o utilizador for menor de idade, garante que est\u00e1 a visitar o S\u00edtio sob a supervis\u00e3o de um dos pais ou de um tutor legal.<\/p><h3><strong><b>1. Condi\u00e7\u00e3o do acordo\u00a0<\/b><\/strong><\/h3><p>1.1 Como condi\u00e7\u00e3o para o acesso e utiliza\u00e7\u00e3o do Site ou dos Servi\u00e7os, o utilizador concorda em cumprir todas as leis e regulamentos aplic\u00e1veis ao utilizar o Site ou os Servi\u00e7os.\u00a0<\/p><p>1.2 O utilizador concorda em utilizar o S\u00edtio ou os Servi\u00e7os apenas para fins privados e internos. Concorda que (a) n\u00e3o copiar\u00e1, reproduzir\u00e1, descarregar\u00e1, republicar\u00e1, vender\u00e1, distribuir\u00e1 ou revender\u00e1 quaisquer Servi\u00e7os ou qualquer informa\u00e7\u00e3o, texto, imagens, gr\u00e1ficos, clips de v\u00eddeo, som, diret\u00f3rios, ficheiros, bases de dados ou listagens, etc., dispon\u00edveis no ou atrav\u00e9s do Site (o \"Conte\u00fado do Site\"), e (b) n\u00e3o copiar\u00e1, reproduzir\u00e1, descarregar\u00e1, compilar\u00e1 ou utilizar\u00e1 qualquer Conte\u00fado do Site para fins de funcionamento de um neg\u00f3cio que concorra com KuKirin ou para explorar comercialmente o Conte\u00fado do Site. \u00c9 proibida a recupera\u00e7\u00e3o sistem\u00e1tica do Conte\u00fado do Site para criar ou compilar, direta ou indiretamente, uma cole\u00e7\u00e3o, compila\u00e7\u00e3o, base de dados ou diret\u00f3rio (seja atrav\u00e9s de robots, spiders, dispositivos autom\u00e1ticos ou processos manuais) sem autoriza\u00e7\u00e3o escrita de KuKirin. \u00c9 proibida a utiliza\u00e7\u00e3o de qualquer conte\u00fado ou material do Site para qualquer fim que n\u00e3o seja expressamente permitido nos Termos.<br \/>\u00a0<\/p><p>1.3 O Utilizador deve ler a Pol\u00edtica de Privacidade da KuKirin que rege a prote\u00e7\u00e3o e utiliza\u00e7\u00e3o das informa\u00e7\u00f5es pessoais sobre os Utilizadores na posse da KuKirin e das nossas filiais. O Utilizador concorda com a utiliza\u00e7\u00e3o das suas informa\u00e7\u00f5es pessoais de acordo com a Pol\u00edtica de Privacidade.\u00a0<\/p><p>1.4 A KuKirin pode permitir que os Utilizadores acedam a conte\u00fados, produtos ou servi\u00e7os oferecidos por terceiros atrav\u00e9s de hiperliga\u00e7\u00f5es (sob a forma de links de palavras, banners, canais ou outros), API ou de outra forma para os sites desses terceiros. O utilizador \u00e9 aconselhado a ler os termos e condi\u00e7\u00f5es e\/ou as pol\u00edticas de privacidade desses s\u00edtios Web antes de utilizar o S\u00edtio. O utilizador reconhece que KuKirin n\u00e3o tem qualquer controlo sobre esses sites de terceiros, n\u00e3o monitoriza esses sites e n\u00e3o ser\u00e1 respons\u00e1vel perante ningu\u00e9m por esses sites ou por qualquer conte\u00fado, produtos ou servi\u00e7os disponibilizados nesses sites.<\/p><p>1.5 O Utilizador concorda em n\u00e3o empreender qualquer a\u00e7\u00e3o para minar a integridade dos sistemas inform\u00e1ticos ou redes da KuKirin e\/ou de qualquer outro Utilizador, nem para obter acesso n\u00e3o autorizado a esses sistemas inform\u00e1ticos ou redes.\u00a0<\/p><p>1.6 O Utilizador concorda em n\u00e3o realizar qualquer a\u00e7\u00e3o que possa prejudicar a integridade do sistema de feedback de KuKirin, tal como deixar feedback positivo para si pr\u00f3prio utilizando IDs de Membro secund\u00e1rios ou atrav\u00e9s de terceiros ou deixando feedback negativo n\u00e3o fundamentado para outro Utilizador.<\/p><h3><strong><b>2. Responsabilidades do utilizador\u00a0<\/b><\/strong><\/h3><p>2.1 O Utilizador deve estar registado no Site para utilizar alguns Servi\u00e7os. Exceto com a aprova\u00e7\u00e3o de KuKirin, um Utilizador s\u00f3 pode registar uma conta de utilizador no Site. KuKirin pode cancelar ou encerrar a conta de um Utilizador se KuKirin tiver raz\u00f5es para suspeitar que o Utilizador registou ou controlou simultaneamente duas ou mais contas de utilizador. Al\u00e9m disso, a KuKirin pode rejeitar o pedido de registo do Utilizador por qualquer motivo.\u00a0<\/p><p>2.2 Ap\u00f3s o registo no Site, a KuKirin atribuir\u00e1 uma conta e emitir\u00e1 um ID de utilizador e uma palavra-passe (esta \u00faltima ser\u00e1 escolhida por um Utilizador registado durante o registo) a cada Utilizador registado. Uma conta pode ter uma conta de e-mail baseada na Web com espa\u00e7o de armazenamento limitado para o utilizador enviar ou receber e-mails. Ao tornar-se um Utilizador de KuKirin, o utilizador consente em autorizar KuKirin a armazenar e utilizar as suas informa\u00e7\u00f5es de acordo com a Pol\u00edtica de Privacidade.\u00a0<\/p><p>2.3 Um conjunto de ID de utilizador e palavra-passe \u00e9 exclusivo de uma \u00fanica conta. Cada utilizador \u00e9 o \u00fanico respons\u00e1vel pela manuten\u00e7\u00e3o da confidencialidade e seguran\u00e7a do seu ID de utilizador e palavra-passe e por todas as actividades que ocorram na sua conta. Nenhum utilizador pode partilhar, atribuir ou permitir a utiliza\u00e7\u00e3o da sua conta de utilizador, ID ou palavra-passe por outra pessoa fora da entidade comercial do pr\u00f3prio utilizador. O utilizador concorda em notificar KuKirin imediatamente se tiver conhecimento de qualquer utiliza\u00e7\u00e3o n\u00e3o autorizada da sua palavra-passe ou da sua conta ou de qualquer outra viola\u00e7\u00e3o da seguran\u00e7a da sua conta.\u00a0<\/p><p>2.4 O Utilizador concorda que todas as actividades que ocorram na sua conta (incluindo, sem limita\u00e7\u00e3o, a publica\u00e7\u00e3o de qualquer informa\u00e7\u00e3o sobre a empresa ou produto, clicar para aceitar quaisquer Acordos ou regras adicionais, subscrever ou efetuar qualquer pagamento por quaisquer servi\u00e7os, enviar e-mails utilizando a conta de e-mail) ser\u00e3o consideradas como tendo sido autorizadas pelo Utilizador.\u00a0<\/p><p>2.5 O Utilizador reconhece que a partilha da sua conta com outras pessoas, ou permitir que v\u00e1rios utilizadores utilizem a sua conta (coletivamente, \"utiliza\u00e7\u00f5es m\u00faltiplas\"), pode causar danos irrepar\u00e1veis \u00e0 KuKirin ou a outros Utilizadores do Site. O Utilizador dever\u00e1 indemnizar a KuKirin, as nossas afiliadas, diretores, funcion\u00e1rios, agentes e representantes contra quaisquer perdas ou danos (incluindo, mas n\u00e3o se limitando a, perda de lucros) sofridos como resultado das m\u00faltiplas utiliza\u00e7\u00f5es da sua conta. O Utilizador tamb\u00e9m concorda que, no caso de m\u00faltiplas utiliza\u00e7\u00f5es da sua conta ou da falha do Utilizador em manter a seguran\u00e7a da sua conta, a KuKirin n\u00e3o ser\u00e1 respons\u00e1vel por quaisquer perdas ou danos resultantes de tal viola\u00e7\u00e3o e ter\u00e1 o direito de suspender ou encerrar a conta do Utilizador sem responsabilidade para com o Utilizador.\u00a0<\/p><p>2.6 O Utilizador garante que as informa\u00e7\u00f5es que forneceu ao registar a sua conta KuKirin s\u00e3o precisas, verdadeiras, legais e v\u00e1lidas e pertencem exclusivamente a si. Os utilizadores s\u00e3o os \u00fanicos respons\u00e1veis pela exatid\u00e3o dos dados que fornecem \u00e0 KuKirin, e a KuKirin n\u00e3o ser\u00e1 respons\u00e1vel e n\u00e3o oferecer\u00e1 qualquer compensa\u00e7\u00e3o por quaisquer casos de informa\u00e7\u00f5es incorrectas\u00a0<\/p><p>2.7 O Utilizador ter\u00e1 a op\u00e7\u00e3o de cancelar a encomenda apenas quando esta for anterior ao envio, contactando o nosso centro de apoio. E a KuKirin reserva-se o direito de cancelar a encomenda por estrat\u00e9gia de funcionamento com aviso pr\u00e9vio \u00e0 conta de utilizador. No entanto, ap\u00f3s o envio da encomenda, esta n\u00e3o pode ser cancelada, alterada ou reembolsada. Ap\u00f3s a rece\u00e7\u00e3o da encomenda, a nossa pol\u00edtica de devolu\u00e7\u00e3o entra em vigor.\u00a0<\/p><p>2.8 O utilizador deve ter a op\u00e7\u00e3o de subscrever ou cancelar a subscri\u00e7\u00e3o da newsletter no momento do registo.\u00a0<\/p><p>2.9 O Utilizador compreende e concorda que KuKirin ter\u00e1 o direito de cessar tempor\u00e1ria ou permanentemente a totalidade ou parte dos servi\u00e7os a qualquer momento, de acordo com as suas pr\u00f3prias necessidades comerciais (incluindo, mas n\u00e3o se limitando a casos como a viola\u00e7\u00e3o dos termos e condi\u00e7\u00f5es de KuKirin, coment\u00e1rios ou comportamentos inaceit\u00e1veis e n\u00e3o razo\u00e1veis em rela\u00e7\u00e3o \u00e0 imagem de marca de KuKirin)\u00a0\u00a0<\/p><p>2.10 Se tiver quaisquer preocupa\u00e7\u00f5es ou queixas relativamente ao nosso servi\u00e7o, envie-nos um e-mail diretamente para Contacte-nos. O utilizador tamb\u00e9m tem o direito de apresentar uma queixa \u00e0s autoridades oficiais. No entanto, gostar\u00edamos de ter a oportunidade de resolver as suas preocupa\u00e7\u00f5es antes de se dirigir a terceiros, pelo que deve contactar-nos em primeiro lugar.<\/p><h3><strong><b>3. Condi\u00e7\u00f5es de utiliza\u00e7\u00e3o\u00a0<\/b><\/strong><\/h3><p>3.1 Licen\u00e7a<\/p><p>Utiliza\u00e7\u00e3o \u00c9 concedida permiss\u00e3o para descarregar temporariamente uma c\u00f3pia dos materiais (informa\u00e7\u00e3o ou software) do site kukirin-scooter.com apenas para visualiza\u00e7\u00e3o transit\u00f3ria pessoal e n\u00e3o comercial. Esta \u00e9 a concess\u00e3o de uma licen\u00e7a, n\u00e3o uma transfer\u00eancia de t\u00edtulo e sob esta licen\u00e7a, voc\u00ea n\u00e3o pode modificar ou copiar os materiais, usar os materiais para qualquer finalidade comercial, ou para qualquer exibi\u00e7\u00e3o p\u00fablica (comercial ou n\u00e3o comercial) tentar descompilar ou fazer engenharia reversa de qualquer software contido no site kukirin-scooter.com, remover quaisquer direitos autorais ou outras nota\u00e7\u00f5es de propriedade dos materiais, ou transferir os materiais para outra pessoa ou \"espelhar\" os materiais em qualquer outro servidor. Esta licen\u00e7a terminar\u00e1 automaticamente se o utilizador violar qualquer uma destas restri\u00e7\u00f5es e pode ser terminada por kukirin-scooter.com em qualquer altura. Ap\u00f3s terminar a visualiza\u00e7\u00e3o destes materiais ou ap\u00f3s a rescis\u00e3o desta licen\u00e7a, o utilizador deve destruir todos os materiais transferidos na sua posse, quer em formato eletr\u00f3nico ou impresso.\u00a0<\/p><p>3.2 Exonera\u00e7\u00e3o de responsabilidade<\/p><p>Os materiais no s\u00edtio Web kukirin-scooter.com s\u00e3o fornecidos \"tal como est\u00e3o\". kukirin-scooter.com n\u00e3o oferece garantias, expressas ou impl\u00edcitas, e por este meio renuncia e nega todas as outras garantias, incluindo, sem limita\u00e7\u00e3o, garantias impl\u00edcitas ou condi\u00e7\u00f5es de comercializa\u00e7\u00e3o, adequa\u00e7\u00e3o a um determinado fim ou n\u00e3o infra\u00e7\u00e3o de propriedade intelectual.\u00a0<\/p><p>3.3 Limita\u00e7\u00f5es<\/p><p>Em nenhuma circunst\u00e2ncia a kukirin-scooter.com ou os seus fornecedores ser\u00e3o respons\u00e1veis por quaisquer danos (incluindo, sem limita\u00e7\u00e3o, danos por perda de dados ou lucros, ou devido a interrup\u00e7\u00e3o de neg\u00f3cios,) resultantes do uso ou incapacidade de usar os materiais no kukirin-scooter.com, mesmo que a kukirin-scooter.com ou um representante autorizado da kukirin-scooter.com tenha sido notificado oralmente ou por escrito da possibilidade de tais danos. Como algumas jurisdi\u00e7\u00f5es n\u00e3o permitem limita\u00e7\u00f5es nas garantias impl\u00edcitas, ou limita\u00e7\u00f5es de responsabilidade por danos consequentes ou incidentais, estas limita\u00e7\u00f5es podem n\u00e3o se aplicar ao utilizador.<\/p><p>3.4 Revis\u00f5es e Erratas<\/p><p>Os materiais apresentados no s\u00edtio Web da kukirin-scooter.com podem incluir erros t\u00e9cnicos, tipogr\u00e1ficos ou fotogr\u00e1ficos. E, kukirin-scooter.com n\u00e3o garante que qualquer dos materiais no seu s\u00edtio web seja exato, completo ou atual. Al\u00e9m disso, kukirin-scooter.com pode fazer altera\u00e7\u00f5es nos materiais contidos no seu s\u00edtio Web a qualquer momento sem aviso pr\u00e9vio. Al\u00e9m disso, kukirin-scooter.com n\u00e3o se compromete a atualizar os materiais.<\/p><p>3.5 Liga\u00e7\u00f5es<\/p><p>O s\u00edtio Web kukirin-scooter.com n\u00e3o analisou todos os s\u00edtios Web ligados ao seu s\u00edtio Web e n\u00e3o \u00e9 respons\u00e1vel pelo conte\u00fado de qualquer s\u00edtio Web ligado. A inclus\u00e3o de tais liga\u00e7\u00f5es n\u00e3o implica a aprova\u00e7\u00e3o do s\u00edtio web por kukirin-scooter.com. A utiliza\u00e7\u00e3o de qualquer s\u00edtio Web ligado \u00e9 feita por conta e risco do utilizador.<\/p><p>3.6 Modifica\u00e7\u00f5es dos Termos de Utiliza\u00e7\u00e3o do s\u00edtio Web<\/p><p>O s\u00edtio Web kukirin-scooter.com pode rever estes termos de utiliza\u00e7\u00e3o do seu s\u00edtio Web em qualquer altura sem aviso pr\u00e9vio. Ao utilizar este s\u00edtio Web, o utilizador concorda em ficar vinculado \u00e0 vers\u00e3o atual destes termos e condi\u00e7\u00f5es de utiliza\u00e7\u00e3o ou a outras viola\u00e7\u00f5es de direitos. Al\u00e9m disso, kukirin-scooter.com n\u00e3o garante ou faz quaisquer representa\u00e7\u00f5es relativas \u00e0 exatid\u00e3o, resultados prov\u00e1veis ou fiabilidade da utiliza\u00e7\u00e3o dos materiais no seu s\u00edtio web da Internet ou de outra forma relacionados com tais materiais ou em qualquer outro s\u00edtio web ligado a este s\u00edtio web.<\/p><h3>\u00a0<\/h3><h3>4. Direito aplic\u00e1vel<\/h3><p>As presentes Condi\u00e7\u00f5es de Servi\u00e7o e quaisquer acordos separados atrav\u00e9s dos quais o utilizador \u00e9 fornecido por n\u00f3s ser\u00e3o regidos e interpretados de acordo com a legisla\u00e7\u00e3o do Reino Unido.<\/p>\t\t\t\t\t\t\t\t<\/div>\n\t\t\t\t<\/div>\n\t\t\t\t\t<\/div>\n\t\t\t\t<\/div>\n\t\t\t\t<\/div>","protected":false},"excerpt":{"rendered":"<p>Bem-vindo a kukirin-scooter-parts.com! Estes Termos de Utiliza\u00e7\u00e3o descrevem os termos e condi\u00e7\u00f5es aplic\u00e1veis ao seu acesso e utiliza\u00e7\u00e3o do s\u00edtio Web em kukirin-scooter.com. Esta declara\u00e7\u00e3o \u00e9 um acordo juridicamente vinculativo entre si, enquanto utilizador(es) do S\u00edtio (doravante designado por \"voc\u00ea\", \"Membro\", \"Cliente\" ou \"Utilizador\") e a kukirin-scooter.com (designada por \"n\u00f3s\", \"nosso\", ... <a title=\"Termos do servi\u00e7o\" class=\"read-more\" href=\"https:\/\/kukirin-scooter-parts.com\/pt\/terms-of-service\/\" aria-label=\"Leia mais sobre Terms of Service\">Ler mais<\/a><\/p>","protected":false},"author":1,"featured_media":0,"parent":0,"menu_order":0,"comment_status":"closed","ping_status":"closed","template":"","meta":{"footnotes":""},"class_list":["post-65","page","type-page","status-publish"],"_links":{"self":[{"href":"https:\/\/kukirin-scooter-parts.com\/pt\/wp-json\/wp\/v2\/pages\/65","targetHints":{"allow":["GET"]}}],"collection":[{"href":"https:\/\/kukirin-scooter-parts.com\/pt\/wp-json\/wp\/v2\/pages"}],"about":[{"href":"https:\/\/kukirin-scooter-parts.com\/pt\/wp-json\/wp\/v2\/types\/page"}],"author":[{"embeddable":true,"href":"https:\/\/kukirin-scooter-parts.com\/pt\/wp-json\/wp\/v2\/users\/1"}],"replies":[{"embeddable":true,"href":"https:\/\/kukirin-scooter-parts.com\/pt\/wp-json\/wp\/v2\/comments?post=65"}],"version-history":[{"count":4,"href":"https:\/\/kukirin-scooter-parts.com\/pt\/wp-json\/wp\/v2\/pages\/65\/revisions"}],"predecessor-version":[{"id":95,"href":"https:\/\/kukirin-scooter-parts.com\/pt\/wp-json\/wp\/v2\/pages\/65\/revisions\/95"}],"wp:attachment":[{"href":"https:\/\/kukirin-scooter-parts.com\/pt\/wp-json\/wp\/v2\/media?parent=65"}],"curies":[{"name":"wp","href":"https:\/\/api.w.org\/{rel}","templated":true}]}}