{"id":3,"date":"2024-08-28T09:48:00","date_gmt":"2024-08-28T09:48:00","guid":{"rendered":"http:\/\/kukirin-scooter-parts.com\/?page_id=3"},"modified":"2024-09-02T07:25:46","modified_gmt":"2024-09-02T07:25:46","slug":"privacy-policy","status":"publish","type":"page","link":"https:\/\/kukirin-scooter-parts.com\/pt\/privacy-policy\/","title":{"rendered":"Pol\u00edtica de privacidade"},"content":{"rendered":"<div data-elementor-type=\"wp-page\" data-elementor-id=\"3\" class=\"elementor elementor-3\" data-elementor-post-type=\"page\">\n\t\t\t\t<div class=\"elementor-element elementor-element-250f5984 e-flex e-con-boxed e-con e-parent\" data-id=\"250f5984\" data-element_type=\"container\" data-e-type=\"container\">\n\t\t\t\t\t<div class=\"e-con-inner\">\n\t\t\t\t<div class=\"elementor-element elementor-element-2760fd46 elementor-widget elementor-widget-text-editor\" data-id=\"2760fd46\" data-element_type=\"widget\" data-e-type=\"widget\" data-widget_type=\"text-editor.default\">\n\t\t\t\t<div class=\"elementor-widget-container\">\n\t\t\t\t\t\t\t\t\t<p><\/p>\n<p>Aqui \u00e9 kukirin-scooter-parts.com (doravante referido como \"n\u00f3s\", \"nos\" ou \"KuKirin\", \"Site\"), estamos empenhados em proteger e respeitar a privacidade dos seus dados pessoais. Esta pol\u00edtica de privacidade explica como os seus dados s\u00e3o recolhidos, utilizados, transferidos e divulgados pela KuKirin. Aplica-se aos dados recolhidos quando utiliza os nossos s\u00edtios Web, quando interage connosco atrav\u00e9s das redes sociais, e-mail ou telefone, ou quando participa nos nossos concursos ou eventos. Abrange:<\/p>\n<h2 class=\"wp-block-heading\"><strong>1. O nosso compromisso para consigo\u00a0<\/strong><br \/><strong>2. Como protegemos os seus dados\u00a0\u00a0<\/strong><br \/><strong>3. Os dados pessoais que recolhemos\u00a0<\/strong><br \/><strong>4. Como recolhemos os seus dados\u00a0<\/strong><br \/><strong>5. Como utilizamos os seus dados\u00a0<\/strong><br \/><strong>6. Sobre os biscoitos\u00a0<\/strong><br \/><strong>7. Como partilhamos os seus dados\u00a0<\/strong><br \/><strong>8. Os seus direitos sobre os seus dados pessoais\u00a0<\/strong><br \/><strong>9. Altera\u00e7\u00f5es a esta pol\u00edtica de privacidade<\/strong><\/h2>\n<h3>1. O nosso compromisso para consigo<\/h3>\n<h2 class=\"wp-block-heading\">Levamos a s\u00e9rio a prote\u00e7\u00e3o dos seus dados pessoais e processaremos os seus dados pessoais de forma justa, legal e transparente. Esta pol\u00edtica de privacidade descreve os dados pessoais que recolhemos sobre si e a forma como s\u00e3o utilizados. Apenas recolheremos e utilizaremos os seus dados pessoais para os seguintes fins:<\/h2>\n<ul>\n<li>Melhorar os nossos servi\u00e7os;<\/li>\n<li>Cumprir as nossas responsabilidades legais.<\/li>\n<\/ul>\n<h3>2. Como protegemos os seus dados<\/h3>\n<p>Dispomos de salvaguardas organizacionais e medidas de seguran\u00e7a adequadas para proteger os seus dados de serem acidentalmente perdidos, utilizados ou acedidos de forma n\u00e3o autorizada, alterados ou divulgados. A comunica\u00e7\u00e3o entre o seu browser e o nosso s\u00edtio Web utiliza uma liga\u00e7\u00e3o encriptada segura sempre que est\u00e3o envolvidos os seus dados pessoais. Encriptamos os seus dados e armazenamo-los em servidores seguros escondidos atr\u00e1s de uma firewall. Exigimos que qualquer terceiro que seja contratado para processar os seus dados pessoais em nosso nome tenha medidas de seguran\u00e7a para proteger os seus dados e para os tratar em conformidade com a lei. Na eventualidade infeliz de uma viola\u00e7\u00e3o de dados pessoais, notific\u00e1-lo-emos a si e a quaisquer regulamentos aplic\u00e1veis quando formos legalmente obrigados a faz\u00ea-lo.<\/p>\n<h3>3. Os dados pessoais que recolhemos\u00a0<\/h3>\n<p>3.1 Endere\u00e7o de correio eletr\u00f3nico, incluindo o endere\u00e7o de correio eletr\u00f3nico fornecido atrav\u00e9s de terceiros associados aprovados.<\/p>\n<p>3.2 Informa\u00e7\u00f5es de envio, incluindo nome, pa\u00eds e n\u00famero de telefone. Quando necessitamos de armazenar informa\u00e7\u00f5es relacionadas com uma encomenda, introduzimo-las na nossa base de dados atrav\u00e9s de encripta\u00e7\u00e3o SSL. Embora o nosso s\u00edtio Web seja concebido para um p\u00fablico geral, n\u00e3o recolhemos intencionalmente quaisquer dados de crian\u00e7as, que n\u00e3o est\u00e3o autorizadas a utilizar ou a enviar os dados para o s\u00edtio Web.<\/p>\n<h3>4. Como recolhemos os seus dados<\/h3>\n<p>Podemos recolher dados pessoais sobre o utilizador das seguintes formas:\u00a0<\/p>\n<h2 class=\"wp-block-heading\">4.1 Intera\u00e7\u00f5es diretas: Pode fornecer-nos os seus dados de Identidade, Contacto, Financeiros, Transac\u00e7\u00f5es, Perfil, Marketing e Comunica\u00e7\u00f5es preenchendo formul\u00e1rios, introduzindo informa\u00e7\u00f5es online ou correspondendo-se connosco por correio, telefone, e-mail, telefone ou outros meios. Isto inclui os dados pessoais que o utilizador fornece, por exemplo, quando:<\/h2>\n<ul>\n<li>Criar uma conta no nosso s\u00edtio Web;\u00a0<\/li>\n<li>Subscreva o nosso boletim informativo, os f\u00f3runs de discuss\u00e3o e os s\u00edtios das redes sociais;<\/li>\n<li>Responder a um inqu\u00e9rito de mercado volunt\u00e1rio;<\/li>\n<li>Contacte-nos com um pedido de informa\u00e7\u00e3o ou para comunicar um problema (por telefone, correio eletr\u00f3nico, redes sociais ou servi\u00e7o de mensagens);<\/li>\n<li>Quando o utilizador acede ao nosso s\u00edtio Web atrav\u00e9s das redes sociais.<\/li>\n<\/ul>\n<p>4.2 Intera\u00e7\u00f5es indirectas: \u00c0 medida que o utilizador interage com o nosso s\u00edtio Web, podemos recolher automaticamente os dados t\u00e9cnicos atrav\u00e9s da utiliza\u00e7\u00e3o de cookies, registos do servidor e outras tecnologias semelhantes. Para mais informa\u00e7\u00f5es, consulte Sobre cookies.<\/p>\n<h2 class=\"wp-block-heading\">4.3 Terceiros: Podemos receber dados pessoais sobre o utilizador de v\u00e1rios terceiros, incluindo:\u00a0<\/h2>\n<ul>\n<li>Terceiros associados, incluindo fornecedores de servi\u00e7os anal\u00edticos como a Google;\u00a0<\/li>\n<li>Redes de afiliados atrav\u00e9s das quais o utilizador acedeu ao nosso s\u00edtio Web;<\/li>\n<li>Plataformas de redes sociais quando o utilizador inicia sess\u00e3o no nosso s\u00edtio Web utilizando essas plataformas de redes sociais.<\/li>\n<\/ul>\n<h3>5. Como utilizamos os seus dados<\/h3>\n<p>Apenas recolheremos e processaremos os seus dados pessoais se tivermos uma base legal para o fazer. Enquanto respons\u00e1vel pelo tratamento de dados, a base legal para a nossa recolha e utiliza\u00e7\u00e3o dos seus dados pessoais varia consoante a forma e a finalidade para a qual os recolhemos. Apenas recolheremos e processaremos os seus dados pessoais quando tivermos uma base legal para o fazer. Enquanto respons\u00e1vel pelo tratamento de dados, a base legal para a nossa recolha e utiliza\u00e7\u00e3o dos seus dados pessoais varia consoante a forma e a finalidade para a qual os recolhemos. S\u00f3 recolheremos dados pessoais do utilizador quando:<\/p>\n<p>5.1 Temos o seu consentimento para o fazer<\/p>\n<p>5.2 Precisamos dos dados pessoais do utilizador para executar um contrato com o mesmo. Por exemplo, para processar um pagamento do utilizador, satisfazer a sua encomenda ou prestar apoio ao cliente relacionado com uma encomenda<\/p>\n<p>5.3 O tratamento \u00e9 do nosso interesse leg\u00edtimo e n\u00e3o se sobrep\u00f5e aos direitos do utilizador<\/p>\n<p>5.4 Temos a obriga\u00e7\u00e3o legal de recolher ou divulgar dados pessoais do utilizador. Os seus dados pessoais s\u00e3o utilizados pela KuKirin para apoiar uma s\u00e9rie de actividades diferentes. Estas s\u00e3o enumeradas no quadro abaixo, juntamente com os tipos de dados utilizados e as bases legais em que nos apoiamos para os processar, incluindo, quando apropriado, os nossos interesses leg\u00edtimos. Tenha em aten\u00e7\u00e3o que podemos processar os seus dados pessoais utilizando mais do que uma base legal, dependendo da atividade espec\u00edfica envolvida. Contacte-nos se necessitar de detalhes sobre o fundamento jur\u00eddico espec\u00edfico em que nos baseamos para processar os seus dados pessoais, nos casos em que mais do que um fundamento tenha sido definido na tabela abaixo.\u00a0<\/p>\n<p>5.5 Para criar uma conta e registar-se como novo cliente (diretamente ou atrav\u00e9s das redes sociais).\u00a0<\/p>\n<p>5.6 Para gerir a nossa rela\u00e7\u00e3o com o utilizador, incluindo o fornecimento de quaisquer informa\u00e7\u00f5es, produtos e servi\u00e7os que nos solicite; para o notificar sobre altera\u00e7\u00f5es aos nossos servi\u00e7os, termos e condi\u00e7\u00f5es ou pol\u00edtica de privacidade; para lhe pedir que deixe uma avalia\u00e7\u00e3o ou responda a um inqu\u00e9rito.\u00a0<\/p>\n<p>5.7 Para permitir que o utilizador participe num concurso, evento, inqu\u00e9rito ou receba uma recompensa.\u00a0<\/p>\n<p>5.8 Para administrar, proteger e melhorar a nossa atividade e o nosso s\u00edtio Web\/aplica\u00e7\u00e3o, incluindo resolu\u00e7\u00e3o de problemas, an\u00e1lise de dados, testes, manuten\u00e7\u00e3o do sistema, apoio, an\u00e1lise de dados, relat\u00f3rios e alojamento de dados; defini\u00e7\u00e3o de op\u00e7\u00f5es predefinidas para o utilizador, como o idioma e a moeda.\u00a0\u00a0<\/p>\n<p>5.9 Para fornecer conte\u00fados relevantes do s\u00edtio Web, an\u00fancios online e informa\u00e7\u00f5es para o utilizador; e medir a efic\u00e1cia da publicidade fornecida.\u00a0<\/p>\n<p>5.10 Utilizar a an\u00e1lise de dados para: melhorar o nosso s\u00edtio Web, produtos, servi\u00e7os, marketing, rela\u00e7\u00f5es com os clientes e experi\u00eancias; e para fins de estudos de mercado, estat\u00edsticas e inqu\u00e9ritos.\u00a0<\/p>\n<p>5.11 Para recomendar produtos, servi\u00e7os, descontos e ofertas que possam ser do interesse do utilizador, incluindo o envio dessas informa\u00e7\u00f5es por correio eletr\u00f3nico, correio postal ou SMS.\u00a0<\/p>\n<p>5.12 Para informar ou recordar o utilizador por correio eletr\u00f3nico de qualquer tarefa realizada atrav\u00e9s do nosso s\u00edtio Web que permane\u00e7a incompleta, tal como encomendas incompletas ou cestos abandonados. Apenas utilizaremos os dados pessoais do utilizador para os fins para os quais os recolhemos, a menos que consideremos razoavelmente que necessitamos de os utilizar para outro fim e que esse fim seja compat\u00edvel com o fim original. Se pretendermos utilizar os seus dados pessoais para uma finalidade n\u00e3o relacionada, notific\u00e1-lo-emos e explicaremos a base jur\u00eddica que nos permite faz\u00ea-lo. Podemos processar dados pessoais sem o seu consentimento, em conformidade com as regras acima, quando tal for exigido ou permitido por lei. Conservaremos os seus dados pessoais apenas durante o per\u00edodo necess\u00e1rio para a(s) finalidade(s) para que foram fornecidos e para cumprir as nossas obriga\u00e7\u00f5es legais. Mais pormenores sobre os per\u00edodos durante os quais conservamos os dados est\u00e3o dispon\u00edveis mediante pedido.\u00a0<\/p>\n<h3>6. Sobre os cookies\u00a0<\/h3>\n<p>Utilizamos \"cookies\" para armazenar informa\u00e7\u00f5es espec\u00edficas sobre o utilizador e acompanhar as suas visitas ao S\u00edtio, quer atrav\u00e9s de um computador quer atrav\u00e9s de um dispositivo m\u00f3vel. N\u00e3o \u00e9 invulgar que os s\u00edtios Web utilizem cookies para melhorar a identifica\u00e7\u00e3o dos seus visitantes. Um \"cookie\" \u00e9 uma pequena quantidade de dados que \u00e9 enviada para o seu browser e armazenada no disco r\u00edgido do seu computador ou dispositivo m\u00f3vel. Se o utilizador n\u00e3o desativar ou apagar o cookie, sempre que utilizar o mesmo browser ou dispositivo m\u00f3vel para aceder ao S\u00edtio, os nossos servidores Web ser\u00e3o notificados da sua visita ao S\u00edtio e, por sua vez, poderemos ter conhecimento da sua visita e do padr\u00e3o da sua utiliza\u00e7\u00e3o.\u00a0\u00a0<\/p>\n<p>Os cookies permitem-nos memorizar as informa\u00e7\u00f5es do utilizador para que este n\u00e3o tenha de as voltar a introduzir sempre que utilizar o S\u00edtio. Al\u00e9m disso, utilizamos cookies para gerir a seguran\u00e7a do nosso S\u00edtio, recolher informa\u00e7\u00f5es sobre a utiliza\u00e7\u00e3o pelos utilizadores; pesquisar padr\u00f5es de visita e realizar publicidade baseada em interesses; para ajudar os nossos parceiros a acompanhar as visitas dos utilizadores ao S\u00edtio e acompanhar o progresso e a participa\u00e7\u00e3o em promo\u00e7\u00f5es. Para estes fins adicionais acima identificados, o utilizador pode determinar se e como um cookie ser\u00e1 aceite, configurando a defini\u00e7\u00e3o de privacidade do browser que est\u00e1 a utilizar para aceder ao S\u00edtio ou a defini\u00e7\u00e3o de privacidade do seu dispositivo m\u00f3vel. Se ajustar a defini\u00e7\u00e3o de privacidade no browser, o seu dispositivo m\u00f3vel continuar\u00e1 a recolher dados, a menos que ajuste a defini\u00e7\u00e3o de privacidade do dispositivo e vice-versa. Algumas funcionalidades do S\u00edtio dependem de cookies.\u00a0<\/p>\n<p>Tenha em aten\u00e7\u00e3o que, se optar por bloquear os cookies, poder\u00e1 n\u00e3o conseguir iniciar sess\u00e3o ou utilizar essas funcionalidades, e as prefer\u00eancias que dependem dos cookies poder\u00e3o perder-se.  Utilizamos uma s\u00e9rie de ferramentas anal\u00edticas e de publicidade direcionada para lhe apresentar conte\u00fado relevante no nosso s\u00edtio Web e an\u00fancios online noutros s\u00edtios Web e aplica\u00e7\u00f5es (conforme descrito acima), fornecer-lhe conte\u00fado relevante em comunica\u00e7\u00f5es de marketing (quando aplic\u00e1vel) e medir a efic\u00e1cia da publicidade fornecida.\u00a0<\/p>\n<p>Por exemplo, utilizamos ferramentas como o Google Analytics para analisar os dados de publicidade com base em interesses da Google e\/ou dados de audi\u00eancias de terceiros (como idade, estado civil, evento de vida, sexo e interesses) para direcionar e melhorar as nossas campanhas de marketing, estrat\u00e9gias de marketing e conte\u00fado do Web site. Tamb\u00e9m podemos utilizar ferramentas fornecidas por outros terceiros, como o Facebook. O nosso s\u00edtio Web pode incluir hiperliga\u00e7\u00f5es de e para os s\u00edtios Web das nossas redes de parceiros, anunciantes e afiliados, ou para plataformas de redes sociais. Se seguir uma liga\u00e7\u00e3o para qualquer um destes s\u00edtios Web, tenha em aten\u00e7\u00e3o que estes t\u00eam as suas pr\u00f3prias pol\u00edticas de privacidade e que n\u00e3o aceitamos qualquer responsabilidade por essas pol\u00edticas. O utilizador deve verificar essas pol\u00edticas antes de enviar quaisquer dados pessoais para os respectivos s\u00edtios Web.\u00a0<\/p>\n<h3>7. Como partilhamos os seus dados\u00a0<\/h3>\n<p>N\u00e3o vendemos, alugamos, trocamos, licenciamos ou divulgamos ou partilhamos as suas informa\u00e7\u00f5es pessoais ou financeiras a ningu\u00e9m, exceto nas seguintes situa\u00e7\u00f5es espec\u00edficas:\u00a0\u00a0\u00a0\u00a0\u00a0<\/p>\n<p>7.1 Fornecedores de servi\u00e7os terceiros: Tal como a maioria dos comerciantes em linha, recorremos por vezes a prestadores de servi\u00e7os terceiros para desempenharem fun\u00e7\u00f5es espec\u00edficas em nosso nome. Quaisquer informa\u00e7\u00f5es divulgadas a estes prestadores de servi\u00e7os destinam-se exclusivamente a ajudar na presta\u00e7\u00e3o do servi\u00e7o. Por exemplo, fornecemos o seu nome, endere\u00e7o de envio e n\u00famero de telefone a parceiros como a DHL para garantir a entrega das suas encomendas, e podemos utilizar informa\u00e7\u00f5es relevantes do cliente para monitorizar a qualidade do servi\u00e7o do terceiro.\u00a0<\/p>\n<p>7.2 Exig\u00eancia legal de divulga\u00e7\u00e3o de informa\u00e7\u00f5es: Podemos ser obrigados a divulgar as informa\u00e7\u00f5es se formos intimados, notificados com uma ordem judicial ou solicitados por agentes da autoridade que estejam a efetuar investiga\u00e7\u00f5es, ou se formos obrigados por lei a divulgar essas informa\u00e7\u00f5es. Tamb\u00e9m divulgaremos informa\u00e7\u00f5es pessoais quando necess\u00e1rio para proteger os nossos direitos legais ou fazer cumprir os nossos Termos de utiliza\u00e7\u00e3o e outros acordos. Por exemplo, podemos partilhar informa\u00e7\u00f5es para reduzir o risco de fraude ou para evitar fraudes por parte de utilizadores que tentem cometer fraudes ou outras actividades ilegais no nosso Site.\u00a0<\/p>\n<p>7.3 Fus\u00e3o e\/ou venda de activos: Normalmente, n\u00e3o vendemos, comercializamos ou alugamos informa\u00e7\u00f5es pessoais a outras empresas no decurso da nossa atividade. No entanto, \u00e9 poss\u00edvel que possamos adquirir, fundir ou ser adquiridos por outra empresa, ou que possamos alienar alguns ou todos os nossos activos, caso em que as suas informa\u00e7\u00f5es pessoais poder\u00e3o ser divulgadas a outra empresa, de acordo com a Pol\u00edtica de Privacidade em vigor.\u00a0<\/p>\n<p>7.4 Informa\u00e7\u00f5es n\u00e3o identific\u00e1veis pessoalmente: Podemos partilhar informa\u00e7\u00f5es que n\u00e3o o identificam a si ou a qualquer utilizador, como o n\u00famero de visitantes di\u00e1rios de uma determinada p\u00e1gina ou a dimens\u00e3o de uma encomenda efectuada numa determinada data, com terceiros, como parceiros publicit\u00e1rios.<\/p>\n<h3>8. Os seus direitos sobre os seus dados pessoais\u00a0\u00a0<\/h3>\n<p>O utilizador tem v\u00e1rios direitos ao abrigo da legisla\u00e7\u00e3o relativa \u00e0 privacidade dos dados. Isto inclui, em determinadas circunst\u00e2ncias, o direito a:<\/p>\n<p>8.1 Pedir acesso aos seus dados pessoais<\/p>\n<p>8.2 Solicitar a corre\u00e7\u00e3o dos seus dados pessoais<\/p>\n<p>8.3 Solicitar o apagamento dos seus dados pessoais<\/p>\n<p>8.4 Solicitar a limita\u00e7\u00e3o do tratamento dos seus dados pessoais<\/p>\n<p>8.5 Solicitar a transfer\u00eancia dos seus dados pessoais<\/p>\n<p>8.6 Opor-se ao tratamento dos seus dados pessoais<\/p>\n<p>8.7 Obje\u00e7\u00e3o \u00e0 tomada de decis\u00f5es automatizada<\/p>\n<h3>9. Altera\u00e7\u00f5es \u00e0 presente pol\u00edtica de privacidade<\/h3>\n<p>Ocasionalmente, poderemos alterar esta pol\u00edtica de privacidade. Se houver altera\u00e7\u00f5es significativas, publicaremos as actualiza\u00e7\u00f5es no nosso s\u00edtio Web e aplica\u00e7\u00f5es ou inform\u00e1-lo-emos por correio eletr\u00f3nico. E esta Pol\u00edtica de Privacidade foi actualizada pela \u00faltima vez em 4 de setembro de 2024.<\/p>\t\t\t\t\t\t\t\t<\/div>\n\t\t\t\t<\/div>\n\t\t\t\t\t<\/div>\n\t\t\t\t<\/div>\n\t\t\t\t<\/div>","protected":false},"excerpt":{"rendered":"<p>Aqui \u00e9 kukirin-scooter-parts.com (doravante referido como \"n\u00f3s\", \"nos\" ou \"KuKirin\", \"Site\"), estamos empenhados em proteger e respeitar a privacidade dos seus dados pessoais. Esta pol\u00edtica de privacidade explica como os seus dados s\u00e3o recolhidos, utilizados, transferidos e divulgados pela KuKirin. Aplica-se aos dados recolhidos quando o utilizador utiliza os nossos s\u00edtios Web, quando interage connosco ... <a title=\"Pol\u00edtica de privacidade\" class=\"read-more\" href=\"https:\/\/kukirin-scooter-parts.com\/pt\/privacy-policy\/\" aria-label=\"Leia mais sobre Privacy Policy\">Ler mais<\/a><\/p>","protected":false},"author":1,"featured_media":0,"parent":0,"menu_order":0,"comment_status":"closed","ping_status":"open","template":"","meta":{"footnotes":""},"class_list":["post-3","page","type-page","status-publish"],"_links":{"self":[{"href":"https:\/\/kukirin-scooter-parts.com\/pt\/wp-json\/wp\/v2\/pages\/3","targetHints":{"allow":["GET"]}}],"collection":[{"href":"https:\/\/kukirin-scooter-parts.com\/pt\/wp-json\/wp\/v2\/pages"}],"about":[{"href":"https:\/\/kukirin-scooter-parts.com\/pt\/wp-json\/wp\/v2\/types\/page"}],"author":[{"embeddable":true,"href":"https:\/\/kukirin-scooter-parts.com\/pt\/wp-json\/wp\/v2\/users\/1"}],"replies":[{"embeddable":true,"href":"https:\/\/kukirin-scooter-parts.com\/pt\/wp-json\/wp\/v2\/comments?post=3"}],"version-history":[{"count":4,"href":"https:\/\/kukirin-scooter-parts.com\/pt\/wp-json\/wp\/v2\/pages\/3\/revisions"}],"predecessor-version":[{"id":92,"href":"https:\/\/kukirin-scooter-parts.com\/pt\/wp-json\/wp\/v2\/pages\/3\/revisions\/92"}],"wp:attachment":[{"href":"https:\/\/kukirin-scooter-parts.com\/pt\/wp-json\/wp\/v2\/media?parent=3"}],"curies":[{"name":"wp","href":"https:\/\/api.w.org\/{rel}","templated":true}]}}