{"id":67,"date":"2024-09-02T03:57:53","date_gmt":"2024-09-02T03:57:53","guid":{"rendered":"https:\/\/kukirin-scooter-parts.com\/?page_id=67"},"modified":"2024-09-27T10:18:13","modified_gmt":"2024-09-27T10:18:13","slug":"shipping-delivery","status":"publish","type":"page","link":"https:\/\/kukirin-scooter-parts.com\/pl\/shipping-delivery\/","title":{"rendered":"Wysy\u0142ka i dostawa"},"content":{"rendered":"<div data-elementor-type=\"wp-page\" data-elementor-id=\"67\" class=\"elementor elementor-67\" data-elementor-post-type=\"page\">\n\t\t\t\t<div class=\"elementor-element elementor-element-df66abb e-flex e-con-boxed e-con e-parent\" data-id=\"df66abb\" data-element_type=\"container\" data-e-type=\"container\">\n\t\t\t\t\t<div class=\"e-con-inner\">\n\t\t\t\t<div class=\"elementor-element elementor-element-3920418 elementor-widget elementor-widget-text-editor\" data-id=\"3920418\" data-element_type=\"widget\" data-e-type=\"widget\" data-widget_type=\"text-editor.default\">\n\t\t\t\t<div class=\"elementor-widget-container\">\n\t\t\t\t\t\t\t\t\t<p>Metody wysy\u0142ki<br \/>Wsp\u00f3\u0142pracujemy z firmami kurierskimi DPD, UPS i GLS w zakresie naszych dostaw. Informacje o wysy\u0142ce wysy\u0142amy do naszych klient\u00f3w poczt\u0105 elektroniczn\u0105 natychmiast po rozpocz\u0119ciu wysy\u0142ki, w tym dat\u0119 wysy\u0142ki, numer przesy\u0142ki i stron\u0119 \u015bledzenia.<\/p><p>Wysy\u0142ka z<br \/>Lokalne magazyny w Polsce.<\/p><p>Wysy\u0142ka do<br \/>Wszystkie kraje UE, z wyj\u0105tkiem Cypru, Malty i niekt\u00f3rych odleg\u0142ych wysp.<\/p><p>Czas wysy\u0142ki<\/p><p>Z Polski do Austrii, Belgii, Bu\u0142garii, Chorwacji, Czech, Danii, Estonii, Finlandii, Francji, Niemiec, Grecji, W\u0119gier, Irlandii, W\u0142och, \u0141otwy, Litwy, Luksemburga, Holandii, Polski, Portugalii, Rumunii, S\u0142owacji, S\u0142owenii, Hiszpanii, Szwecji dostawa zajmie 5-7 dni roboczych (ten czas dostawy jest szacunkowy i mo\u017ce by\u0107 op\u00f3\u017aniony w czasie \u015bwi\u0105t europejskich).<\/p><p>Uwaga\uff1a<\/p><p>Zapasy cz\u0119\u015bci do skuter\u00f3w s\u0105 cz\u0119sto aktualizowane, nie mamy mo\u017cliwo\u015bci aktualizowania zapas\u00f3w ka\u017cdego produktu w odpowiednim czasie, je\u015bli zale\u017cy Ci na czasie przybycia, skontaktuj si\u0119 z nami przed z\u0142o\u017ceniem zam\u00f3wienia, czy jest zapas, a nast\u0119pnie zdecyduj, czy zam\u00f3wi\u0107<\/p><p>Koszt wysy\u0142ki<\/p><p>W przypadku zam\u00f3wie\u0144 o warto\u015bci powy\u017cej 35 \u20ac wysy\u0142ka jest bezp\u0142atna. W przypadku zam\u00f3wie\u0144 o warto\u015bci poni\u017cej 35 \u20ac pobierana jest op\u0142ata za wysy\u0142k\u0119 w wysoko\u015bci 10 \u20ac za zam\u00f3wienie. Podatki importowe s\u0105 p\u0142acone, gdy towary s\u0105 wysy\u0142ane do magazynu w Polsce, nie trzeba p\u0142aci\u0107 c\u0142a.<\/p>\t\t\t\t\t\t\t\t<\/div>\n\t\t\t\t<\/div>\n\t\t\t\t\t<\/div>\n\t\t\t\t<\/div>\n\t\t\t\t<\/div>","protected":false},"excerpt":{"rendered":"<p>Shipping methodsWe work with DPD, UPS and GLS shipping companies for our deliveries. We\u2019ll send the shipping information to our customers by emails as soon as the shipping is started, including the shipping date, the tracking number and the tracking site. Shipping fromThe local warehouses in Poland. Shipping toAll EU countries, except for Cyprus, Malta &#8230; <a title=\"Shipping &amp; Delivery\" class=\"read-more\" href=\"https:\/\/kukirin-scooter-parts.com\/pl\/shipping-delivery\/\" aria-label=\"Read more about Shipping &amp; Delivery\">Dowiedz si\u0119 wi\u0119cej<\/a><\/p>","protected":false},"author":1,"featured_media":0,"parent":0,"menu_order":0,"comment_status":"closed","ping_status":"closed","template":"","meta":{"footnotes":""},"class_list":["post-67","page","type-page","status-publish"],"_links":{"self":[{"href":"https:\/\/kukirin-scooter-parts.com\/pl\/wp-json\/wp\/v2\/pages\/67","targetHints":{"allow":["GET"]}}],"collection":[{"href":"https:\/\/kukirin-scooter-parts.com\/pl\/wp-json\/wp\/v2\/pages"}],"about":[{"href":"https:\/\/kukirin-scooter-parts.com\/pl\/wp-json\/wp\/v2\/types\/page"}],"author":[{"embeddable":true,"href":"https:\/\/kukirin-scooter-parts.com\/pl\/wp-json\/wp\/v2\/users\/1"}],"replies":[{"embeddable":true,"href":"https:\/\/kukirin-scooter-parts.com\/pl\/wp-json\/wp\/v2\/comments?post=67"}],"version-history":[{"count":10,"href":"https:\/\/kukirin-scooter-parts.com\/pl\/wp-json\/wp\/v2\/pages\/67\/revisions"}],"predecessor-version":[{"id":539,"href":"https:\/\/kukirin-scooter-parts.com\/pl\/wp-json\/wp\/v2\/pages\/67\/revisions\/539"}],"wp:attachment":[{"href":"https:\/\/kukirin-scooter-parts.com\/pl\/wp-json\/wp\/v2\/media?parent=67"}],"curies":[{"name":"wp","href":"https:\/\/api.w.org\/{rel}","templated":true}]}}