{"id":65,"date":"2024-09-02T03:55:17","date_gmt":"2024-09-02T03:55:17","guid":{"rendered":"https:\/\/kukirin-scooter-parts.com\/?page_id=65"},"modified":"2024-09-02T07:28:52","modified_gmt":"2024-09-02T07:28:52","slug":"terms-of-service","status":"publish","type":"page","link":"https:\/\/kukirin-scooter-parts.com\/pl\/terms-of-service\/","title":{"rendered":"Warunki \u015bwiadczenia us\u0142ug"},"content":{"rendered":"<div data-elementor-type=\"wp-page\" data-elementor-id=\"65\" class=\"elementor elementor-65\" data-elementor-post-type=\"page\">\n\t\t\t\t<div class=\"elementor-element elementor-element-9797c62 e-flex e-con-boxed e-con e-parent\" data-id=\"9797c62\" data-element_type=\"container\" data-e-type=\"container\">\n\t\t\t\t\t<div class=\"e-con-inner\">\n\t\t\t\t<div class=\"elementor-element elementor-element-53fff2a elementor-widget elementor-widget-text-editor\" data-id=\"53fff2a\" data-element_type=\"widget\" data-e-type=\"widget\" data-widget_type=\"text-editor.default\">\n\t\t\t\t<div class=\"elementor-widget-container\">\n\t\t\t\t\t\t\t\t\t<p>Witamy na stronie kukirin-scooter-parts.com! Niniejsze Warunki u\u017cytkowania opisuj\u0105 zasady i warunki maj\u0105ce zastosowanie do dost\u0119pu i korzystania ze strony internetowej pod adresem kukirin-scooter.com. Niniejsze o\u015bwiadczenie stanowi prawnie wi\u0105\u017c\u0105c\u0105 umow\u0119 mi\u0119dzy Tob\u0105 jako u\u017cytkownikiem (u\u017cytkownikami) Witryny (zwanym dalej \"Tob\u0105\", \"Cz\u0142onkiem\", \"Klientem\" lub \"U\u017cytkownikiem\") a kukirin-scooter.com (zwanym dalej \"my\", \"nasz\", \"nas\" lub \"KuKirin\", \"witryna\"), Prosimy o uwa\u017cne przeczytanie niniejszych warunk\u00f3w przed zam\u00f3wieniem jakichkolwiek produkt\u00f3w z naszej witryny.<\/p><h2><strong><b>Umowa u\u017cytkownika<\/b><\/strong><\/h2><p>Uzyskuj\u0105c dost\u0119p do tej witryny, przegl\u0105daj\u0105c j\u0105 lub korzystaj\u0105c z niej, wyra\u017casz zgod\u0119 na przestrzeganie warunk\u00f3w korzystania z tej witryny oraz wszystkich obowi\u0105zuj\u0105cych przepis\u00f3w i regulacji, jednocze\u015bnie zgadzaj\u0105c si\u0119, \u017ce jeste\u015b odpowiedzialny za zgodno\u015b\u0107 z wszelkimi obowi\u0105zuj\u0105cymi przepisami lokalnymi. Je\u015bli nie zgadzasz si\u0119 z kt\u00f3rymkolwiek z tych warunk\u00f3w, nie mo\u017cesz korzysta\u0107 z tej witryny ani uzyskiwa\u0107 do niej dost\u0119pu. Materia\u0142y zawarte w tej witrynie s\u0105 chronione obowi\u0105zuj\u0105cymi przepisami dotycz\u0105cymi praw autorskich i znak\u00f3w towarowych. Nasze produkty i us\u0142ugi s\u0105 skierowane g\u0142\u00f3wnie do os\u00f3b doros\u0142ych. Je\u015bli jeste\u015b osob\u0105 niepe\u0142noletni\u0105, zagwarantuj, \u017ce odwiedzasz Stron\u0119 pod nadzorem rodzica lub opiekuna prawnego.<\/p><h3><strong><b>1. Warunek umowy\u00a0<\/b><\/strong><\/h3><p>1.1 Jako warunek dost\u0119pu i korzystania z Witryny lub Us\u0142ug, u\u017cytkownik zgadza si\u0119 przestrzega\u0107 wszystkich obowi\u0105zuj\u0105cych przepis\u00f3w prawa i regulacji podczas korzystania z Witryny lub Us\u0142ug.\u00a0<\/p><p>1.2 U\u017cytkownik wyra\u017ca zgod\u0119 na korzystanie z Witryny lub Us\u0142ug wy\u0142\u0105cznie do cel\u00f3w prywatnych i wewn\u0119trznych. U\u017cytkownik zgadza si\u0119, \u017ce (a) nie b\u0119dzie kopiowa\u0107, powiela\u0107, pobiera\u0107, ponownie publikowa\u0107, sprzedawa\u0107, rozpowszechnia\u0107 ani odsprzedawa\u0107 \u017cadnych Us\u0142ug ani \u017cadnych informacji, tekst\u00f3w, obraz\u00f3w, grafik, klip\u00f3w wideo, d\u017awi\u0119ku, katalog\u00f3w, plik\u00f3w, baz danych lub list itp. dost\u0119pnych w Witrynie lub za jej po\u015brednictwem (\"Zawarto\u015b\u0107 Witryny\") oraz (b) nie b\u0119dzie kopiowa\u0107, powiela\u0107, pobiera\u0107, kompilowa\u0107 ani w inny spos\u00f3b wykorzystywa\u0107 \u017cadnej Zawarto\u015bci Witryny do cel\u00f3w prowadzenia dzia\u0142alno\u015bci konkurencyjnej wobec KuKirin lub w inny spos\u00f3b komercyjnie wykorzystywa\u0107 Zawarto\u015b\u0107 Witryny. Systematyczne pobieranie Tre\u015bci Witryny z Witryny w celu tworzenia lub kompilowania, bezpo\u015brednio lub po\u015brednio, kolekcji, kompilacji, bazy danych lub katalogu (za pomoc\u0105 robot\u00f3w, paj\u0105k\u00f3w, urz\u0105dze\u0144 automatycznych lub proces\u00f3w r\u0119cznych) bez pisemnej zgody firmy KuKirin jest zabronione. Wykorzystywanie jakichkolwiek tre\u015bci lub materia\u0142\u00f3w na Stronie w jakimkolwiek celu, kt\u00f3ry nie jest wyra\u017anie dozwolony w Warunkach, jest zabronione.<br \/>\u00a0<\/p><p>1.3 U\u017cytkownik musi zapozna\u0107 si\u0119 z Polityk\u0105 prywatno\u015bci firmy KuKirin, kt\u00f3ra reguluje ochron\u0119 i wykorzystanie danych osobowych u\u017cytkownik\u00f3w b\u0119d\u0105cych w posiadaniu firmy KuKirin i jej podmiot\u00f3w stowarzyszonych. U\u017cytkownik wyra\u017ca zgod\u0119 na wykorzystywanie jego danych osobowych zgodnie z Polityk\u0105 prywatno\u015bci.\u00a0<\/p><p>1.4 KuKirin mo\u017ce umo\u017cliwi\u0107 U\u017cytkownikom dost\u0119p do tre\u015bci, produkt\u00f3w lub us\u0142ug oferowanych przez strony trzecie za po\u015brednictwem hiper\u0142\u0105czy (w formie link\u00f3w s\u0142ownych, baner\u00f3w, kana\u0142\u00f3w lub w inny spos\u00f3b), API lub w inny spos\u00f3b do stron internetowych takich stron trzecich. Przed rozpocz\u0119ciem korzystania z Witryny u\u017cytkownik powinien zapozna\u0107 si\u0119 z regulaminem i\/lub polityk\u0105 prywatno\u015bci takiej witryny. U\u017cytkownik przyjmuje do wiadomo\u015bci, \u017ce KuKirin nie ma kontroli nad witrynami internetowymi takich stron trzecich, nie monitoruje takich witryn internetowych i nie ponosi odpowiedzialno\u015bci wobec nikogo za takie witryny internetowe ani za jakiekolwiek tre\u015bci, produkty lub us\u0142ugi udost\u0119pniane w takich witrynach internetowych.<\/p><p>1.5 U\u017cytkownik zobowi\u0105zuje si\u0119 nie podejmowa\u0107 \u017cadnych dzia\u0142a\u0144 maj\u0105cych na celu podwa\u017cenie integralno\u015bci system\u00f3w komputerowych lub sieci firmy KuKirin i\/lub jakiegokolwiek innego U\u017cytkownika ani nie uzyskiwa\u0107 nieautoryzowanego dost\u0119pu do takich system\u00f3w komputerowych lub sieci.\u00a0<\/p><p>1.6 U\u017cytkownik zgadza si\u0119 nie podejmowa\u0107 \u017cadnych dzia\u0142a\u0144, kt\u00f3re mog\u0105 podwa\u017cy\u0107 integralno\u015b\u0107 systemu opinii KuKirin, takich jak pozostawianie pozytywnych opinii na sw\u00f3j temat przy u\u017cyciu drugorz\u0119dnych identyfikator\u00f3w cz\u0142onkowskich lub za po\u015brednictwem stron trzecich lub pozostawianie nieuzasadnionych negatywnych opinii na temat innego u\u017cytkownika.<\/p><h3><strong><b>2. Obowi\u0105zki u\u017cytkownika\u00a0<\/b><\/strong><\/h3><p>2.1 U\u017cytkownik musi by\u0107 zarejestrowany w Witrynie, aby korzysta\u0107 z niekt\u00f3rych Us\u0142ug. Z wyj\u0105tkiem przypadk\u00f3w zatwierdzonych przez KuKirin, jeden U\u017cytkownik mo\u017ce zarejestrowa\u0107 tylko jedno konto u\u017cytkownika w Witrynie. KuKirin mo\u017ce anulowa\u0107 lub zamkn\u0105\u0107 konto U\u017cytkownika, je\u015bli KuKirin ma powody, by podejrzewa\u0107, \u017ce U\u017cytkownik jednocze\u015bnie zarejestrowa\u0142 lub kontrolowa\u0142 dwa lub wi\u0119cej kont u\u017cytkownik\u00f3w. Ponadto KuKirin mo\u017ce odrzuci\u0107 wniosek U\u017cytkownika o rejestracj\u0119 z dowolnego powodu.\u00a0<\/p><p>2.2 Po zarejestrowaniu si\u0119 w Witrynie KuKirin przydzieli ka\u017cdemu zarejestrowanemu u\u017cytkownikowi konto oraz nada mu identyfikator u\u017cytkownika i has\u0142o (te ostatnie zostan\u0105 wybrane przez zarejestrowanego u\u017cytkownika podczas rejestracji). Konto mo\u017ce mie\u0107 internetowe konto e-mail z ograniczon\u0105 przestrzeni\u0105 dyskow\u0105 do wysy\u0142ania lub odbierania wiadomo\u015bci e-mail. Staj\u0105c si\u0119 u\u017cytkownikiem KuKirin, u\u017cytkownik wyra\u017ca zgod\u0119 na upowa\u017cnienie KuKirin do przechowywania i wykorzystywania jego informacji zgodnie z Polityk\u0105 prywatno\u015bci.\u00a0<\/p><p>2.3 Zestaw identyfikatora u\u017cytkownika i has\u0142a jest unikalny dla pojedynczego konta. Ka\u017cdy u\u017cytkownik ponosi wy\u0142\u0105czn\u0105 odpowiedzialno\u015b\u0107 za zachowanie poufno\u015bci i bezpiecze\u0144stwa swojego identyfikatora u\u017cytkownika i has\u0142a oraz za wszystkie dzia\u0142ania, kt\u00f3re maj\u0105 miejsce na jego koncie. \u017baden u\u017cytkownik nie mo\u017ce udost\u0119pnia\u0107, przypisywa\u0107 ani zezwala\u0107 na korzystanie z konta u\u017cytkownika, identyfikatora lub has\u0142a przez inn\u0105 osob\u0119 spoza w\u0142asnego podmiotu gospodarczego. U\u017cytkownik zgadza si\u0119 niezw\u0142ocznie powiadomi\u0107 firm\u0119 KuKirin, je\u015bli dowie si\u0119 o jakimkolwiek nieautoryzowanym u\u017cyciu has\u0142a lub konta u\u017cytkownika lub jakimkolwiek innym naruszeniu bezpiecze\u0144stwa konta u\u017cytkownika.\u00a0<\/p><p>2.4 U\u017cytkownik zgadza si\u0119, \u017ce wszelkie dzia\u0142ania podejmowane w ramach jego konta (w tym mi\u0119dzy innymi publikowanie jakichkolwiek informacji o firmie lub produkcie, klikanie w celu zaakceptowania jakichkolwiek Um\u00f3w dodatkowych lub zasad, subskrybowanie lub dokonywanie p\u0142atno\u015bci za jakiekolwiek us\u0142ugi, wysy\u0142anie wiadomo\u015bci e-mail przy u\u017cyciu konta e-mail) b\u0119d\u0105 uznawane za autoryzowane przez U\u017cytkownika.\u00a0<\/p><p>2.5 U\u017cytkownik przyjmuje do wiadomo\u015bci, \u017ce udost\u0119pnianie konta innym osobom lub zezwalanie wielu u\u017cytkownikom na korzystanie z konta (\u0142\u0105cznie \"wielokrotne korzystanie\") mo\u017ce spowodowa\u0107 nieodwracalne szkody dla firmy KuKirin lub innych u\u017cytkownik\u00f3w Witryny. U\u017cytkownik zwolni firm\u0119 KuKirin, jej podmioty stowarzyszone, dyrektor\u00f3w, pracownik\u00f3w, agent\u00f3w i przedstawicieli z odpowiedzialno\u015bci za wszelkie straty lub szkody (w tym mi\u0119dzy innymi utrat\u0119 zysk\u00f3w) poniesione w wyniku wielokrotnego korzystania z konta. U\u017cytkownik zgadza si\u0119 r\u00f3wnie\u017c, \u017ce w przypadku wielokrotnego korzystania z konta lub niezachowania przez U\u017cytkownika bezpiecze\u0144stwa konta, KuKirin nie ponosi odpowiedzialno\u015bci za jakiekolwiek straty lub szkody wynikaj\u0105ce z takiego naruszenia i ma prawo zawiesi\u0107 lub zamkn\u0105\u0107 konto U\u017cytkownika bez ponoszenia odpowiedzialno\u015bci wobec U\u017cytkownika.\u00a0<\/p><p>2.6 U\u017cytkownik gwarantuje, \u017ce informacje podane podczas rejestracji konta KuKirin s\u0105 dok\u0142adne, zgodne z prawd\u0105, legalne i wa\u017cne oraz nale\u017c\u0105 wy\u0142\u0105cznie do u\u017cytkownika. U\u017cytkownicy ponosz\u0105 wy\u0142\u0105czn\u0105 odpowiedzialno\u015b\u0107 za dok\u0142adno\u015b\u0107 danych, kt\u00f3re przekazuj\u0105 KuKirin, a KuKirin nie b\u0119dzie ponosi\u0107 odpowiedzialno\u015bci i nie b\u0119dzie oferowa\u0107 \u017cadnej rekompensaty za jakiekolwiek przypadki nieprawid\u0142owych informacji\u00a0<\/p><p>2.7 U\u017cytkownik ma mo\u017cliwo\u015b\u0107 anulowania zam\u00f3wienia tylko przed wysy\u0142k\u0105, kontaktuj\u0105c si\u0119 z naszym centrum wsparcia. KuKirin zastrzega sobie prawo do anulowania zam\u00f3wienia ze wzgl\u0119du na strategi\u0119 dzia\u0142ania po uprzednim powiadomieniu konta u\u017cytkownika. Jednak po wys\u0142aniu zam\u00f3wienia nie mo\u017cna go anulowa\u0107, zmieni\u0107 ani zwr\u00f3ci\u0107. Po otrzymaniu przesy\u0142ki zaczyna obowi\u0105zywa\u0107 nasza polityka zwrot\u00f3w.\u00a0<\/p><p>2.8 U\u017cytkownik powinien mie\u0107 mo\u017cliwo\u015b\u0107 subskrypcji lub anulowania subskrypcji newslettera podczas rejestracji.\u00a0<\/p><p>2.9 U\u017cytkownik rozumie i zgadza si\u0119, \u017ce KuKirin ma prawo do tymczasowego lub trwa\u0142ego zako\u0144czenia ca\u0142o\u015bci lub cz\u0119\u015bci us\u0142ug w dowolnym momencie zgodnie z w\u0142asnymi potrzebami biznesowymi (w tym mi\u0119dzy innymi w przypadkach takich jak naruszenie warunk\u00f3w KuKirin, niedopuszczalne i nierozs\u0105dne komentarze lub zachowania wobec wizerunku marki KuKirin).\u00a0\u00a0<\/p><p>2.10 W przypadku jakichkolwiek w\u0105tpliwo\u015bci lub skarg dotycz\u0105cych naszych us\u0142ug, prosimy o przes\u0142anie wiadomo\u015bci e-mail bezpo\u015brednio na adres Kontakt. U\u017cytkownik ma r\u00f3wnie\u017c prawo do z\u0142o\u017cenia skargi do oficjalnych w\u0142adz. B\u0119dziemy jednak wdzi\u0119czni za mo\u017cliwo\u015b\u0107 rozwiania w\u0105tpliwo\u015bci u\u017cytkownika przed zwr\u00f3ceniem si\u0119 do os\u00f3b trzecich, dlatego w pierwszej kolejno\u015bci prosimy o kontakt z nami.<\/p><h3><strong><b>3. Warunki u\u017cytkowania\u00a0<\/b><\/strong><\/h3><p>3.1 Licencja<\/p><p>U\u017cytkowanie Zezwala si\u0119 na tymczasowe pobranie jednej kopii materia\u0142\u00f3w (informacji lub oprogramowania) ze strony kukirin-scooter.com wy\u0142\u0105cznie do u\u017cytku osobistego i niekomercyjnego. Jest to udzielenie licencji, a nie przeniesienie tytu\u0142u w\u0142asno\u015bci i w ramach tej licencji nie mo\u017cna modyfikowa\u0107 ani kopiowa\u0107 materia\u0142\u00f3w, wykorzystywa\u0107 materia\u0142\u00f3w do jakichkolwiek cel\u00f3w komercyjnych lub do jakiegokolwiek publicznego wy\u015bwietlania (komercyjnego lub niekomercyjnego) pr\u00f3b dekompilacji lub in\u017cynierii wstecznej jakiegokolwiek oprogramowania zawartego na stronie kukirin-scooter.com, usuwa\u0107 jakichkolwiek praw autorskich lub innych praw w\u0142asno\u015bci z materia\u0142\u00f3w, ani przekazywa\u0107 materia\u0142\u00f3w innej osobie lub \"kopiowa\u0107\" materia\u0142\u00f3w na jakimkolwiek innym serwerze. Niniejsza licencja wygasa automatycznie w przypadku naruszenia kt\u00f3regokolwiek z tych ogranicze\u0144 i mo\u017ce zosta\u0107 wypowiedziana przez kukirin-scooter.com w dowolnym momencie. Po zako\u0144czeniu przegl\u0105dania tych materia\u0142\u00f3w lub po wyga\u015bni\u0119ciu niniejszej licencji, u\u017cytkownik musi zniszczy\u0107 wszelkie pobrane materia\u0142y znajduj\u0105ce si\u0119 w jego posiadaniu, zar\u00f3wno w formacie elektronicznym, jak i drukowanym.\u00a0<\/p><p>3.2 Wy\u0142\u0105czenie odpowiedzialno\u015bci<\/p><p>Materia\u0142y na stronie kukirin-scooter.com s\u0105 dostarczane \"w stanie, w jakim si\u0119 znajduj\u0105\". kukirin-scooter.com nie udziela \u017cadnych gwarancji, wyra\u017anych ani dorozumianych, i niniejszym zrzeka si\u0119 i neguje wszelkie inne gwarancje, w tym mi\u0119dzy innymi dorozumiane gwarancje lub warunki przydatno\u015bci handlowej, przydatno\u015bci do okre\u015blonego celu lub nienaruszania w\u0142asno\u015bci intelektualnej.\u00a0<\/p><p>3.3 Ograniczenia<\/p><p>W \u017cadnym wypadku kukirin-scooter.com ani jego dostawcy nie ponosz\u0105 odpowiedzialno\u015bci za jakiekolwiek szkody (w tym, bez ogranicze\u0144, szkody zwi\u0105zane z utrat\u0105 danych lub zysk\u00f3w, lub z powodu przerwy w dzia\u0142alno\u015bci) wynikaj\u0105ce z korzystania lub niemo\u017cno\u015bci korzystania z materia\u0142\u00f3w na kukirin-scooter.com, nawet je\u015bli kukirin-scooter.com lub autoryzowany przedstawiciel kukirin-scooter.com zosta\u0142 powiadomiony ustnie lub pisemnie o mo\u017cliwo\u015bci wyst\u0105pienia takich szk\u00f3d. Poniewa\u017c niekt\u00f3re jurysdykcje nie zezwalaj\u0105 na ograniczenia dorozumianych gwarancji lub ograniczenia odpowiedzialno\u015bci za szkody wynikowe lub przypadkowe, ograniczenia te mog\u0105 nie mie\u0107 zastosowania do u\u017cytkownika.<\/p><p>3.4 Poprawki i errata<\/p><p>Materia\u0142y pojawiaj\u0105ce si\u0119 na stronie kukirin-scooter.com mog\u0105 zawiera\u0107 b\u0142\u0119dy techniczne, typograficzne lub fotograficzne. Ponadto kukirin-scooter.com nie gwarantuje, \u017ce jakiekolwiek materia\u0142y na jego stronie internetowej s\u0105 dok\u0142adne, kompletne lub aktualne. Ponadto kukirin-scooter.com mo\u017ce wprowadza\u0107 zmiany w materia\u0142ach zawartych na swojej stronie internetowej w dowolnym momencie bez powiadomienia. Ponadto kukirin-scooter.com nie zobowi\u0105zuje si\u0119 do aktualizacji materia\u0142\u00f3w.<\/p><p>3.5 \u0141\u0105cza<\/p><p>Witryna kukirin-scooter.com nie sprawdzi\u0142a wszystkich witryn internetowych, do kt\u00f3rych prowadz\u0105 \u0142\u0105cza i nie ponosi odpowiedzialno\u015bci za zawarto\u015b\u0107 takich witryn. W\u0142\u0105czenie takich link\u00f3w nie oznacza poparcia przez kukirin-scooter.com danej strony internetowej. U\u017cytkownik korzysta z takich stron na w\u0142asne ryzyko.<\/p><p>3.6 Modyfikacje Warunk\u00f3w Korzystania z Witryny<\/p><p>Witryna kukirin-scooter.com mo\u017ce zmieni\u0107 niniejsze warunki u\u017cytkowania swojej witryny w dowolnym momencie bez wcze\u015bniejszego powiadomienia. Korzystaj\u0105c z tej witryny, u\u017cytkownik wyra\u017ca zgod\u0119 na przestrzeganie aktualnej wersji niniejszych warunk\u00f3w u\u017cytkowania lub innych narusze\u0144 praw. Ponadto kukirin-scooter.com nie gwarantuje ani nie sk\u0142ada \u017cadnych o\u015bwiadcze\u0144 dotycz\u0105cych dok\u0142adno\u015bci, prawdopodobnych wynik\u00f3w lub niezawodno\u015bci korzystania z materia\u0142\u00f3w na swojej stronie internetowej lub w inny spos\u00f3b zwi\u0105zanych z takimi materia\u0142ami lub na jakiejkolwiek innej stronie internetowej po\u0142\u0105czonej z t\u0105 witryn\u0105.<\/p><h3>\u00a0<\/h3><h3>4. Prawo w\u0142a\u015bciwe<\/h3><p>Niniejsze Warunki \u015bwiadczenia us\u0142ug oraz wszelkie odr\u0119bne umowy, na mocy kt\u00f3rych \u015bwiadczymy us\u0142ugi na rzecz u\u017cytkownika, podlegaj\u0105 prawu Wielkiej Brytanii i zgodnie z nim b\u0119d\u0105 interpretowane.<\/p>\t\t\t\t\t\t\t\t<\/div>\n\t\t\t\t<\/div>\n\t\t\t\t\t<\/div>\n\t\t\t\t<\/div>\n\t\t\t\t<\/div>","protected":false},"excerpt":{"rendered":"<p>Welcome to kukirin-scooter-parts.com! These Terms of Use describe the terms and conditions applicable to your access and use of the website at kukirin-scooter.com. This statement is a legally binding agreement between you as the user(s) of the Site (referred to as \u201cyou\u201d, \u201cMember\u201d, &#8220;Customer&#8221; or \u201cUser\u201d hereinafter) and the kukirin-scooter.com (referred to as \u201cwe\u201d, \u201cour\u201d, &#8230; <a title=\"Warunki \u015bwiadczenia us\u0142ug\" class=\"read-more\" href=\"https:\/\/kukirin-scooter-parts.com\/pl\/terms-of-service\/\" aria-label=\"Read more about Terms of Service\">Dowiedz si\u0119 wi\u0119cej<\/a><\/p>","protected":false},"author":1,"featured_media":0,"parent":0,"menu_order":0,"comment_status":"closed","ping_status":"closed","template":"","meta":{"footnotes":""},"class_list":["post-65","page","type-page","status-publish"],"_links":{"self":[{"href":"https:\/\/kukirin-scooter-parts.com\/pl\/wp-json\/wp\/v2\/pages\/65","targetHints":{"allow":["GET"]}}],"collection":[{"href":"https:\/\/kukirin-scooter-parts.com\/pl\/wp-json\/wp\/v2\/pages"}],"about":[{"href":"https:\/\/kukirin-scooter-parts.com\/pl\/wp-json\/wp\/v2\/types\/page"}],"author":[{"embeddable":true,"href":"https:\/\/kukirin-scooter-parts.com\/pl\/wp-json\/wp\/v2\/users\/1"}],"replies":[{"embeddable":true,"href":"https:\/\/kukirin-scooter-parts.com\/pl\/wp-json\/wp\/v2\/comments?post=65"}],"version-history":[{"count":4,"href":"https:\/\/kukirin-scooter-parts.com\/pl\/wp-json\/wp\/v2\/pages\/65\/revisions"}],"predecessor-version":[{"id":95,"href":"https:\/\/kukirin-scooter-parts.com\/pl\/wp-json\/wp\/v2\/pages\/65\/revisions\/95"}],"wp:attachment":[{"href":"https:\/\/kukirin-scooter-parts.com\/pl\/wp-json\/wp\/v2\/media?parent=65"}],"curies":[{"name":"wp","href":"https:\/\/api.w.org\/{rel}","templated":true}]}}