{"id":61,"date":"2024-09-02T03:53:01","date_gmt":"2024-09-02T03:53:01","guid":{"rendered":"https:\/\/kukirin-scooter-parts.com\/?page_id=61"},"modified":"2024-09-02T07:13:39","modified_gmt":"2024-09-02T07:13:39","slug":"about-us","status":"publish","type":"page","link":"https:\/\/kukirin-scooter-parts.com\/pl\/about-us\/","title":{"rendered":"O nas"},"content":{"rendered":"<div data-elementor-type=\"wp-page\" data-elementor-id=\"61\" class=\"elementor elementor-61\" data-elementor-post-type=\"page\">\n\t\t\t\t<div class=\"elementor-element elementor-element-7594f32 e-flex e-con-boxed e-con e-parent\" data-id=\"7594f32\" data-element_type=\"container\" data-e-type=\"container\">\n\t\t\t\t\t<div class=\"e-con-inner\">\n\t\t\t\t<div class=\"elementor-element elementor-element-5c8e2ed elementor-widget elementor-widget-text-editor\" data-id=\"5c8e2ed\" data-element_type=\"widget\" data-e-type=\"widget\" data-widget_type=\"text-editor.default\">\n\t\t\t\t<div class=\"elementor-widget-container\">\n\t\t\t\t\t\t\t\t\t<p>kukirin-scooter-parts.com, zaufane \u017ar\u00f3d\u0142o oficjalnych cz\u0119\u015bci zamiennych i akcesori\u00f3w do skuter\u00f3w Kukirin. Naszym celem jest pomoc w utrzymaniu skutera Kukirin w jak najlepszym stanie dzi\u0119ki wysokiej jako\u015bci oryginalnym komponentom.<\/p>\n<p>Jako dedykowany sklep internetowy wiemy, jak wa\u017cna jest konserwacja pojazdu za pomoc\u0105 cz\u0119\u015bci, kt\u00f3re zosta\u0142y wyprodukowane specjalnie dla niego. Dlatego oferujemy wy\u0142\u0105cznie oficjalne cz\u0119\u015bci Kukirin, zapewniaj\u0105c, \u017ce wszystko, co u nas kupujesz, spe\u0142nia dok\u0142adne standardy okre\u015blone przez producenta \u017ar\u00f3d\u0142owego - fabryk\u0119 Kukirin.<\/p>\n<p>Naszym celem jest sprawienie, aby zakupy przebiega\u0142y tak sprawnie, jak to tylko mo\u017cliwe, oferuj\u0105c najwy\u017cszej jako\u015bci obs\u0142ug\u0119 klienta, szybk\u0105 wysy\u0142k\u0119 i szerok\u0105 gam\u0119 produkt\u00f3w. Jako oficjalne \u017ar\u00f3d\u0142o cz\u0119\u015bci do skuter\u00f3w Kukirin, niezale\u017cnie od tego, czy chcesz wymieni\u0107 cz\u0119\u015b\u0107, czy dokona\u0107 aktualizacji, mamy wszystko, czego potrzebujesz, aby utrzyma\u0107 skuter Kukirin w szczytowym stanie.<\/p>\n<p>Dzi\u0119kujemy za wybranie KuKirin. Jeste\u015bmy tutaj, aby wspiera\u0107 Twoj\u0105 jazd\u0119, gdziekolwiek Ci\u0119 zaprowadzi.<\/p>\t\t\t\t\t\t\t\t<\/div>\n\t\t\t\t<\/div>\n\t\t\t\t\t<\/div>\n\t\t\t\t<\/div>\n\t\t\t\t<\/div>","protected":false},"excerpt":{"rendered":"<p>kukirin-scooter-parts.com, your trusted source for official Kukirin scooter spare parts and accessories. We\u2019re all about helping you keep your Kukirin scooter running at its best with high-quality, original components. As a dedicated online store, we know how important it is to maintain your ride with parts that are made specifically for it. That\u2019s why we &#8230; <a title=\"O nas\" class=\"read-more\" href=\"https:\/\/kukirin-scooter-parts.com\/pl\/about-us\/\" aria-label=\"Read more about About Us\">Dowiedz si\u0119 wi\u0119cej<\/a><\/p>","protected":false},"author":1,"featured_media":0,"parent":0,"menu_order":0,"comment_status":"closed","ping_status":"closed","template":"","meta":{"footnotes":""},"class_list":["post-61","page","type-page","status-publish"],"_links":{"self":[{"href":"https:\/\/kukirin-scooter-parts.com\/pl\/wp-json\/wp\/v2\/pages\/61","targetHints":{"allow":["GET"]}}],"collection":[{"href":"https:\/\/kukirin-scooter-parts.com\/pl\/wp-json\/wp\/v2\/pages"}],"about":[{"href":"https:\/\/kukirin-scooter-parts.com\/pl\/wp-json\/wp\/v2\/types\/page"}],"author":[{"embeddable":true,"href":"https:\/\/kukirin-scooter-parts.com\/pl\/wp-json\/wp\/v2\/users\/1"}],"replies":[{"embeddable":true,"href":"https:\/\/kukirin-scooter-parts.com\/pl\/wp-json\/wp\/v2\/comments?post=61"}],"version-history":[{"count":7,"href":"https:\/\/kukirin-scooter-parts.com\/pl\/wp-json\/wp\/v2\/pages\/61\/revisions"}],"predecessor-version":[{"id":83,"href":"https:\/\/kukirin-scooter-parts.com\/pl\/wp-json\/wp\/v2\/pages\/61\/revisions\/83"}],"wp:attachment":[{"href":"https:\/\/kukirin-scooter-parts.com\/pl\/wp-json\/wp\/v2\/media?parent=61"}],"curies":[{"name":"wp","href":"https:\/\/api.w.org\/{rel}","templated":true}]}}