{"id":3,"date":"2024-08-28T09:48:00","date_gmt":"2024-08-28T09:48:00","guid":{"rendered":"http:\/\/kukirin-scooter-parts.com\/?page_id=3"},"modified":"2024-09-02T07:25:46","modified_gmt":"2024-09-02T07:25:46","slug":"privacy-policy","status":"publish","type":"page","link":"https:\/\/kukirin-scooter-parts.com\/pl\/privacy-policy\/","title":{"rendered":"Polityka prywatno\u015bci"},"content":{"rendered":"<div data-elementor-type=\"wp-page\" data-elementor-id=\"3\" class=\"elementor elementor-3\" data-elementor-post-type=\"page\">\n\t\t\t\t<div class=\"elementor-element elementor-element-250f5984 e-flex e-con-boxed e-con e-parent\" data-id=\"250f5984\" data-element_type=\"container\" data-e-type=\"container\">\n\t\t\t\t\t<div class=\"e-con-inner\">\n\t\t\t\t<div class=\"elementor-element elementor-element-2760fd46 elementor-widget elementor-widget-text-editor\" data-id=\"2760fd46\" data-element_type=\"widget\" data-e-type=\"widget\" data-widget_type=\"text-editor.default\">\n\t\t\t\t<div class=\"elementor-widget-container\">\n\t\t\t\t\t\t\t\t\t<p><\/p>\n<p>Na stronie kukirin-scooter-parts.com (zwanej dalej \"my\", \"nas\" lub \"KuKirin\", \"Witryna\") zobowi\u0105zujemy si\u0119 do ochrony i poszanowania prywatno\u015bci danych osobowych u\u017cytkownik\u00f3w. Niniejsza polityka prywatno\u015bci wyja\u015bnia, w jaki spos\u00f3b dane u\u017cytkownika s\u0105 gromadzone, wykorzystywane, przekazywane i ujawniane przez firm\u0119 KuKirin. Dotyczy ona danych gromadzonych podczas korzystania z naszych witryn internetowych, interakcji z nami za po\u015brednictwem medi\u00f3w spo\u0142eczno\u015bciowych, poczty e-mail lub telefonu, a tak\u017ce podczas udzia\u0142u w naszych konkursach lub wydarzeniach. Obejmuje ona:<\/p>\n<h2 class=\"wp-block-heading\"><strong>1. Nasze zobowi\u0105zanie wobec Ciebie\u00a0<\/strong><br \/><strong>2. Jak zabezpieczamy dane u\u017cytkownik\u00f3w\u00a0\u00a0<\/strong><br \/><strong>3. Gromadzone przez nas dane osobowe\u00a0<\/strong><br \/><strong>4. Jak gromadzimy dane u\u017cytkownik\u00f3w\u00a0<\/strong><br \/><strong>5. Jak wykorzystujemy dane u\u017cytkownika\u00a0<\/strong><br \/><strong>6. Informacje o plikach cookie\u00a0<\/strong><br \/><strong>7. Jak udost\u0119pniamy dane u\u017cytkownika\u00a0<\/strong><br \/><strong>8. Prawa u\u017cytkownika do danych osobowych\u00a0<\/strong><br \/><strong>9. Zmiany w niniejszej polityce prywatno\u015bci<\/strong><\/h2>\n<h3>1. Nasze zobowi\u0105zanie wobec Ciebie<\/h3>\n<h2 class=\"wp-block-heading\">Powa\u017cnie traktujemy ochron\u0119 danych osobowych u\u017cytkownik\u00f3w i b\u0119dziemy je przetwarza\u0107 w spos\u00f3b uczciwy, zgodny z prawem i przejrzysty. Niniejsza polityka prywatno\u015bci opisuje gromadzone przez nas dane osobowe u\u017cytkownik\u00f3w i spos\u00f3b ich wykorzystywania. B\u0119dziemy gromadzi\u0107 i wykorzystywa\u0107 dane osobowe u\u017cytkownika wy\u0142\u0105cznie w nast\u0119puj\u0105cych celach:<\/h2>\n<ul>\n<li>Ulepszanie naszych us\u0142ug;<\/li>\n<li>Spe\u0142nienie naszych obowi\u0105zk\u00f3w prawnych.<\/li>\n<\/ul>\n<h3>2. Jak zabezpieczamy dane u\u017cytkownik\u00f3w<\/h3>\n<p>Stosujemy odpowiednie zabezpieczenia organizacyjne i \u015brodki bezpiecze\u0144stwa w celu ochrony danych u\u017cytkownika przed przypadkow\u0105 utrat\u0105, wykorzystaniem lub nieuprawnionym dost\u0119pem, zmian\u0105 lub ujawnieniem. Komunikacja mi\u0119dzy przegl\u0105dark\u0105 u\u017cytkownika a nasz\u0105 witryn\u0105 internetow\u0105 odbywa si\u0119 przy u\u017cyciu bezpiecznego szyfrowanego po\u0142\u0105czenia wsz\u0119dzie tam, gdzie w gr\u0119 wchodz\u0105 dane osobowe u\u017cytkownika. Szyfrujemy dane u\u017cytkownika i przechowujemy je na bezpiecznych serwerach ukrytych za zapor\u0105 sieciow\u0105. Wymagamy, aby ka\u017cda strona trzecia, kt\u00f3rej zlecono przetwarzanie danych osobowych u\u017cytkownika w naszym imieniu, stosowa\u0142a \u015brodki bezpiecze\u0144stwa w celu ochrony danych u\u017cytkownika i traktowa\u0142a takie dane zgodnie z prawem. W niefortunnym przypadku naruszenia danych osobowych powiadomimy u\u017cytkownika i wszelkie obowi\u0105zuj\u0105ce przepisy, gdy b\u0119dziemy do tego prawnie zobowi\u0105zani.<\/p>\n<h3>3. Gromadzone przez nas dane osobowe\u00a0<\/h3>\n<p>3.1 Adres e-mail, w tym adres e-mail podany za po\u015brednictwem zatwierdzonych powi\u0105zanych stron trzecich.<\/p>\n<p>3.2 Informacje o wysy\u0142ce, w tym imi\u0119 i nazwisko, kraj i numer telefonu. Gdy musimy przechowywa\u0107 informacje zwi\u0105zane z zam\u00f3wieniem, wprowadzamy je do naszej bazy danych za pomoc\u0105 szyfrowania SSL. Chocia\u017c nasza witryna internetowa jest przeznaczona dla og\u00f3\u0142u odbiorc\u00f3w, nie b\u0119dziemy \u015bwiadomie gromadzi\u0107 \u017cadnych danych od dzieci, kt\u00f3re nie s\u0105 uprawnione do korzystania lub przesy\u0142ania danych do witryny.<\/p>\n<h3>4. Jak gromadzimy dane u\u017cytkownik\u00f3w<\/h3>\n<p>Mo\u017cemy gromadzi\u0107 dane osobowe u\u017cytkownik\u00f3w w nast\u0119puj\u0105cy spos\u00f3b:\u00a0<\/p>\n<h2 class=\"wp-block-heading\">4.1 Interakcje bezpo\u015brednie: U\u017cytkownik mo\u017ce przekaza\u0107 nam swoje dane identyfikacyjne, kontaktowe, finansowe, transakcyjne, profilowe, marketingowe i komunikacyjne, wype\u0142niaj\u0105c formularze, wprowadzaj\u0105c informacje online lub koresponduj\u0105c z nami za po\u015brednictwem poczty, telefonu, poczty elektronicznej, telefonu lub w inny spos\u00f3b. Obejmuje to dane osobowe, kt\u00f3re u\u017cytkownik podaje na przyk\u0142ad, gdy:<\/h2>\n<ul>\n<li>Utw\u00f3rz konto na naszej stronie internetowej;\u00a0<\/li>\n<li>Subskrybuj nasz biuletyn, fora dyskusyjne i serwisy spo\u0142eczno\u015bciowe;<\/li>\n<li>Wype\u0142nij dobrowoln\u0105 ankiet\u0119 badania rynku;<\/li>\n<li>Skontaktuj si\u0119 z nami, aby zada\u0107 pytanie lub zg\u0142osi\u0107 problem (telefonicznie, e-mailem, za po\u015brednictwem medi\u00f3w spo\u0142eczno\u015bciowych lub komunikatora);<\/li>\n<li>Podczas logowania si\u0119 do naszej witryny za po\u015brednictwem medi\u00f3w spo\u0142eczno\u015bciowych.<\/li>\n<\/ul>\n<p>4.2 Interakcje po\u015brednie: Podczas interakcji z nasz\u0105 witryn\u0105 internetow\u0105 mo\u017cemy automatycznie gromadzi\u0107 dane techniczne za pomoc\u0105 plik\u00f3w cookie, dziennik\u00f3w serwera i innych podobnych technologii. Wi\u0119cej informacji na ten temat mo\u017cna znale\u017a\u0107 w cz\u0119\u015bci Informacje o plikach cookie.<\/p>\n<h2 class=\"wp-block-heading\">4.3 Osoby trzecie: Mo\u017cemy otrzymywa\u0107 dane osobowe u\u017cytkownika od r\u00f3\u017cnych stron trzecich, w tym:\u00a0<\/h2>\n<ul>\n<li>Powi\u0105zane strony trzecie, w tym dostawcy us\u0142ug analitycznych, tacy jak Google;\u00a0<\/li>\n<li>Sieci afiliacyjne, za po\u015brednictwem kt\u00f3rych u\u017cytkownik uzyska\u0142 dost\u0119p do naszej witryny;<\/li>\n<li>Platformy medi\u00f3w spo\u0142eczno\u015bciowych, gdy u\u017cytkownik loguje si\u0119 na naszej stronie internetowej przy u\u017cyciu takich platform medi\u00f3w spo\u0142eczno\u015bciowych.<\/li>\n<\/ul>\n<h3>5. Jak wykorzystujemy dane u\u017cytkownika<\/h3>\n<p>B\u0119dziemy gromadzi\u0107 i przetwarza\u0107 dane osobowe u\u017cytkownik\u00f3w wy\u0142\u0105cznie wtedy, gdy b\u0119dziemy mie\u0107 do tego podstaw\u0119 prawn\u0105. Jako administrator danych, podstawa prawna gromadzenia i wykorzystywania przez nas danych osobowych u\u017cytkownika r\u00f3\u017cni si\u0119 w zale\u017cno\u015bci od sposobu i celu ich gromadzenia. B\u0119dziemy gromadzi\u0107 i przetwarza\u0107 dane osobowe u\u017cytkownika wy\u0142\u0105cznie wtedy, gdy b\u0119dziemy mie\u0107 do tego podstaw\u0119 prawn\u0105. Jako administrator danych podstawa prawna gromadzenia i wykorzystywania przez nas danych osobowych u\u017cytkownika r\u00f3\u017cni si\u0119 w zale\u017cno\u015bci od sposobu i celu ich gromadzenia. B\u0119dziemy gromadzi\u0107 dane osobowe u\u017cytkownika tylko wtedy, gdy:<\/p>\n<p>5.1 Mamy na to zgod\u0119 u\u017cytkownika<\/p>\n<p>5.2 Dane osobowe u\u017cytkownika s\u0105 nam potrzebne do wykonania umowy zawartej z u\u017cytkownikiem. Na przyk\u0142ad, aby przetworzy\u0107 p\u0142atno\u015b\u0107 od u\u017cytkownika, zrealizowa\u0107 zam\u00f3wienie lub zapewni\u0107 obs\u0142ug\u0119 klienta zwi\u0105zan\u0105 z zam\u00f3wieniem<\/p>\n<p>5.3 Przetwarzanie odbywa si\u0119 w naszym prawnie uzasadnionym interesie, nad kt\u00f3rym nie przewa\u017caj\u0105 prawa u\u017cytkownika.<\/p>\n<p>5.4 Jeste\u015bmy prawnie zobowi\u0105zani do gromadzenia lub ujawniania danych osobowych u\u017cytkownik\u00f3w. Dane osobowe u\u017cytkownika s\u0105 wykorzystywane przez KuKirin do wspierania szeregu r\u00f3\u017cnych dzia\u0142a\u0144. S\u0105 one wymienione w poni\u017cszej tabeli wraz z rodzajami wykorzystywanych danych i podstawami prawnymi, na kt\u00f3rych opieramy si\u0119 podczas ich przetwarzania, w tym, w stosownych przypadkach, naszymi uzasadnionymi interesami. Nale\u017cy pami\u0119ta\u0107, \u017ce mo\u017cemy przetwarza\u0107 dane osobowe u\u017cytkownika w oparciu o wi\u0119cej ni\u017c jedn\u0105 podstaw\u0119 prawn\u0105, w zale\u017cno\u015bci od konkretnej dzia\u0142alno\u015bci. Prosimy o kontakt, je\u015bli potrzebuj\u0105 Pa\u0144stwo szczeg\u00f3\u0142owych informacji na temat konkretnej podstawy prawnej, na kt\u00f3rej opieramy si\u0119 przy przetwarzaniu Pa\u0144stwa danych osobowych, w przypadku gdy w poni\u017cszej tabeli przedstawiono wi\u0119cej ni\u017c jedn\u0105 podstaw\u0119.\u00a0<\/p>\n<p>5.5 Utworzenie konta i zarejestrowanie si\u0119 jako nowy klient (bezpo\u015brednio lub za po\u015brednictwem medi\u00f3w spo\u0142eczno\u015bciowych).\u00a0<\/p>\n<p>5.6 Zarz\u0105dzanie naszymi relacjami z u\u017cytkownikiem, w tym dostarczanie u\u017cytkownikowi wszelkich informacji, produkt\u00f3w i us\u0142ug, o kt\u00f3re u\u017cytkownik prosi; powiadamianie u\u017cytkownika o zmianach w naszych us\u0142ugach, warunkach lub polityce prywatno\u015bci; proszenie u\u017cytkownika o pozostawienie recenzji lub wype\u0142nienie ankiety.\u00a0<\/p>\n<p>5.7 W celu umo\u017cliwienia u\u017cytkownikowi wzi\u0119cia udzia\u0142u w konkursie, wydarzeniu, ankiecie lub otrzymania nagrody.\u00a0<\/p>\n<p>5.8 Administrowanie, ochrona i ulepszanie naszej dzia\u0142alno\u015bci i naszej strony internetowej\/aplikacji, w tym rozwi\u0105zywanie problem\u00f3w, analiza danych, testowanie, konserwacja systemu, wsparcie, analiza danych, raportowanie i hosting danych; ustawianie domy\u015blnych opcji dla u\u017cytkownika, takich jak j\u0119zyk i waluta.\u00a0\u00a0<\/p>\n<p>5.9 Dostarczanie u\u017cytkownikowi odpowiednich tre\u015bci internetowych, reklam online i informacji oraz mierzenie skuteczno\u015bci dostarczanych reklam.\u00a0<\/p>\n<p>5.10 Wykorzystywanie analizy danych do: ulepszania naszej strony internetowej, produkt\u00f3w, us\u0142ug, marketingu, relacji z klientami i do\u015bwiadcze\u0144; oraz do cel\u00f3w bada\u0144 rynkowych, statystycznych i ankietowych.\u00a0<\/p>\n<p>5.11 Rekomendowanie produkt\u00f3w, us\u0142ug, rabat\u00f3w i ofert, kt\u00f3re mog\u0105 by\u0107 interesuj\u0105ce dla u\u017cytkownika, w tym wysy\u0142anie takich informacji poczt\u0105 elektroniczn\u0105, poczt\u0105 tradycyjn\u0105 lub SMS-em.\u00a0<\/p>\n<p>5.12 W celu informowania lub przypominania u\u017cytkownikowi za po\u015brednictwem poczty elektronicznej o wszelkich zadaniach wykonywanych za po\u015brednictwem naszej strony internetowej, kt\u00f3re pozostaj\u0105 niezako\u0144czone, takich jak niekompletne zam\u00f3wienia lub porzucone koszyki, b\u0119dziemy wykorzystywa\u0107 dane osobowe u\u017cytkownika wy\u0142\u0105cznie do cel\u00f3w, dla kt\u00f3rych je zgromadzili\u015bmy, chyba \u017ce zasadnie uznamy, \u017ce musimy je wykorzysta\u0107 z innego powodu, a pow\u00f3d ten jest zgodny z pierwotnym celem. Je\u015bli b\u0119dziemy chcieli wykorzysta\u0107 dane osobowe u\u017cytkownika w niepowi\u0105zanym celu, powiadomimy go o tym i wyja\u015bnimy podstaw\u0119 prawn\u0105, kt\u00f3ra nam na to pozwala. Mo\u017cemy przetwarza\u0107 dane osobowe bez zgody u\u017cytkownika, zgodnie z powy\u017cszymi zasadami, je\u015bli jest to wymagane lub dozwolone przez prawo. B\u0119dziemy przechowywa\u0107 dane osobowe u\u017cytkownika przez okres nie d\u0142u\u017cszy ni\u017c jest to konieczne do cel\u00f3w, dla kt\u00f3rych zosta\u0142y one przekazane, oraz do wype\u0142nienia naszych zobowi\u0105za\u0144 prawnych. Dalsze szczeg\u00f3\u0142y dotycz\u0105ce okres\u00f3w, przez kt\u00f3re przechowujemy dane, s\u0105 dost\u0119pne na \u017c\u0105danie.\u00a0<\/p>\n<h3>6. Informacje o plikach cookie\u00a0<\/h3>\n<p>U\u017cywamy plik\u00f3w \"cookie\" do przechowywania okre\u015blonych informacji o u\u017cytkowniku i \u015bledzenia jego wizyt na Stronie, zar\u00f3wno za po\u015brednictwem komputera, jak i urz\u0105dzenia mobilnego. Nierzadko strony internetowe u\u017cywaj\u0105 plik\u00f3w cookie w celu poprawy identyfikacji odwiedzaj\u0105cych. \"Plik cookie\" to niewielka ilo\u015b\u0107 danych wysy\u0142anych do przegl\u0105darki i przechowywanych na dysku twardym komputera lub urz\u0105dzenia mobilnego. Je\u015bli u\u017cytkownik nie dezaktywuje lub nie usunie pliku cookie, za ka\u017cdym razem, gdy korzysta z tej samej przegl\u0105darki lub urz\u0105dzenia mobilnego w celu uzyskania dost\u0119pu do Witryny, nasze serwery internetowe zostan\u0105 powiadomione o jego wizycie w Witrynie, a my z kolei mo\u017cemy mie\u0107 wiedz\u0119 o jego wizycie i schemacie korzystania z Witryny.\u00a0\u00a0<\/p>\n<p>Pliki cookie umo\u017cliwiaj\u0105 nam zapami\u0119tywanie informacji u\u017cytkownika, dzi\u0119ki czemu nie musi on wprowadza\u0107 ich ponownie za ka\u017cdym razem, gdy korzysta z Witryny. Ponadto u\u017cywamy plik\u00f3w cookie do zarz\u0105dzania bezpiecze\u0144stwem naszej Witryny, gromadzenia informacji o korzystaniu z niej przez u\u017cytkownik\u00f3w; badania wzorc\u00f3w odwiedzin i prowadzenia reklam opartych na zainteresowaniach; pomagania naszym partnerom w \u015bledzeniu wizyt u\u017cytkownik\u00f3w w Witrynie oraz \u015bledzenia post\u0119p\u00f3w i udzia\u0142u w promocjach. W tych dodatkowych celach okre\u015blonych powy\u017cej, u\u017cytkownik mo\u017ce okre\u015bli\u0107, czy i w jaki spos\u00f3b plik cookie b\u0119dzie akceptowany, konfiguruj\u0105c ustawienia prywatno\u015bci przegl\u0105darki u\u017cywanej do uzyskiwania dost\u0119pu do Witryny lub ustawienia prywatno\u015bci urz\u0105dzenia mobilnego. Je\u015bli u\u017cytkownik dostosuje ustawienia prywatno\u015bci w przegl\u0105darce, urz\u0105dzenie mobilne b\u0119dzie nadal gromadzi\u0107 dane, chyba \u017ce u\u017cytkownik dostosuje ustawienia prywatno\u015bci urz\u0105dzenia i odwrotnie. Niekt\u00f3re funkcje Witryny zale\u017c\u0105 od plik\u00f3w cookie.\u00a0<\/p>\n<p>Nale\u017cy pami\u0119ta\u0107, \u017ce je\u015bli u\u017cytkownik zdecyduje si\u0119 zablokowa\u0107 pliki cookie, mo\u017ce nie by\u0107 w stanie zalogowa\u0107 si\u0119 lub korzysta\u0107 z tych funkcji, a preferencje zale\u017cne od plik\u00f3w cookie mog\u0105 zosta\u0107 utracone.  Korzystamy z szeregu narz\u0119dzi analitycznych i ukierunkowanych narz\u0119dzi reklamowych w celu wy\u015bwietlania u\u017cytkownikowi odpowiednich tre\u015bci w naszej witrynie internetowej oraz reklam online w innych witrynach internetowych i aplikacjach (jak opisano powy\u017cej), dostarczania u\u017cytkownikowi odpowiednich tre\u015bci w komunikacji marketingowej (w stosownych przypadkach) oraz pomiaru skuteczno\u015bci dostarczanych reklam.\u00a0<\/p>\n<p>Na przyk\u0142ad u\u017cywamy narz\u0119dzi takich jak Google Analytics do analizowania danych reklamowych Google opartych na zainteresowaniach i\/lub danych odbiorc\u00f3w zewn\u0119trznych (takich jak wiek, stan cywilny, wydarzenia \u017cyciowe, p\u0142e\u0107 i zainteresowania) w celu kierowania i ulepszania naszych kampanii marketingowych, strategii marketingowych i tre\u015bci witryny. Mo\u017cemy r\u00f3wnie\u017c korzysta\u0107 z narz\u0119dzi dostarczanych przez inne strony trzecie, takie jak Facebook. Nasza witryna internetowa mo\u017ce zawiera\u0107 \u0142\u0105cza do i z witryn internetowych naszych sieci partnerskich, reklamodawc\u00f3w i podmiot\u00f3w stowarzyszonych lub do platform medi\u00f3w spo\u0142eczno\u015bciowych. W przypadku klikni\u0119cia \u0142\u0105cza do kt\u00f3rejkolwiek z tych witryn nale\u017cy pami\u0119ta\u0107, \u017ce witryny te maj\u0105 w\u0142asne polityki prywatno\u015bci i \u017ce nie ponosimy \u017cadnej odpowiedzialno\u015bci za te polityki. Prosimy o zapoznanie si\u0119 z tymi politykami przed przes\u0142aniem jakichkolwiek danych osobowych na ich strony internetowe.\u00a0<\/p>\n<h3>7. Jak udost\u0119pniamy dane u\u017cytkownika\u00a0<\/h3>\n<p>Nie sprzedajemy, nie wynajmujemy, nie handlujemy, nie udzielamy licencji ani w \u017caden inny spos\u00f3b nie ujawniamy ani nie udost\u0119pniamy nikomu danych osobowych lub finansowych u\u017cytkownika, z wyj\u0105tkiem nast\u0119puj\u0105cych szczeg\u00f3lnych sytuacji:\u00a0\u00a0\u00a0\u00a0\u00a0<\/p>\n<p>7.1 Zewn\u0119trzni dostawcy us\u0142ug: Podobnie jak wi\u0119kszo\u015b\u0107 sprzedawc\u00f3w internetowych, czasami korzystamy z us\u0142ug zewn\u0119trznych dostawc\u00f3w us\u0142ug w celu wykonywania okre\u015blonych funkcji w naszym imieniu. Wszelkie ujawniane im informacje maj\u0105 na celu wy\u0142\u0105cznie pomoc w \u015bwiadczeniu przez nich us\u0142ug. Na przyk\u0142ad, podajemy imi\u0119 i nazwisko u\u017cytkownika, adres do wysy\u0142ki i numer telefonu partnerom takim jak DHL w celu zagwarantowania dostawy zam\u00f3wie\u0144 u\u017cytkownika, a tak\u017ce mo\u017cemy wykorzystywa\u0107 odpowiednie informacje o kliencie w celu monitorowania jako\u015bci us\u0142ug strony trzeciej.\u00a0<\/p>\n<p>7.2 Prawny wym\u00f3g ujawnienia informacji: Mo\u017cemy by\u0107 zobowi\u0105zani do ujawnienia informacji w przypadku wezwania s\u0105dowego, nakazu s\u0105dowego lub \u017c\u0105dania przez funkcjonariuszy organ\u00f3w \u015bcigania prowadz\u0105cych dochodzenie, lub je\u015bli jeste\u015bmy w inny spos\u00f3b zobowi\u0105zani przez prawo do ujawnienia takich informacji. Ujawnimy r\u00f3wnie\u017c dane osobowe, gdy b\u0119dzie to konieczne do ochrony naszych praw lub egzekwowania naszych Warunk\u00f3w u\u017cytkowania i innych um\u00f3w. Na przyk\u0142ad, mo\u017cemy udost\u0119pnia\u0107 informacje w celu zmniejszenia ryzyka oszustwa lub zapobiegania oszustwom dokonywanym przez u\u017cytkownik\u00f3w, kt\u00f3rzy pr\u00f3buj\u0105 dokona\u0107 oszustwa lub innych nielegalnych dzia\u0142a\u0144 w naszej Witrynie.\u00a0<\/p>\n<p>7.3 Fuzja i\/lub sprzeda\u017c aktyw\u00f3w: Zazwyczaj nie sprzedajemy, nie handlujemy ani nie wypo\u017cyczamy danych osobowych innym firmom w ramach naszej dzia\u0142alno\u015bci. Mo\u017cliwe jest jednak, \u017ce przejmiemy inn\u0105 sp\u00f3\u0142k\u0119, po\u0142\u0105czymy si\u0119 z ni\u0105 lub zostaniemy przez ni\u0105 przej\u0119ci, lub \u017ce pozb\u0119dziemy si\u0119 cz\u0119\u015bci lub ca\u0142o\u015bci naszych aktyw\u00f3w, w kt\u00f3rym to przypadku dane osobowe u\u017cytkownika mog\u0105 zosta\u0107 ujawnione innej sp\u00f3\u0142ce, zgodnie z obowi\u0105zuj\u0105c\u0105 Polityk\u0105 prywatno\u015bci.\u00a0<\/p>\n<p>7.4 Informacje nieumo\u017cliwiaj\u0105ce identyfikacji u\u017cytkownika: Mo\u017cemy udost\u0119pnia\u0107 stronom trzecim, takim jak partnerzy reklamowi, informacje, kt\u00f3re nie identyfikuj\u0105 u\u017cytkownika, takie jak liczba dziennych odwiedzaj\u0105cych dan\u0105 stron\u0119 lub wielko\u015b\u0107 zam\u00f3wienia z\u0142o\u017conego w okre\u015blonym dniu.<\/p>\n<h3>8. Prawa u\u017cytkownika do danych osobowych\u00a0\u00a0<\/h3>\n<p>U\u017cytkownik ma kilka praw wynikaj\u0105cych z przepis\u00f3w dotycz\u0105cych prywatno\u015bci danych. Obejmuj\u0105 one, w pewnych okoliczno\u015bciach, prawo do:<\/p>\n<p>8.1 \u017b\u0105danie dost\u0119pu do danych osobowych<\/p>\n<p>8.2 \u017b\u0105danie poprawienia danych osobowych<\/p>\n<p>8.3 \u017b\u0105danie usuni\u0119cia danych osobowych u\u017cytkownika<\/p>\n<p>8.4 \u017b\u0105danie ograniczenia przetwarzania danych osobowych u\u017cytkownika<\/p>\n<p>8.5 \u017b\u0105danie przekazania danych osobowych u\u017cytkownika<\/p>\n<p>8.6 Sprzeciw wobec przetwarzania danych osobowych u\u017cytkownika<\/p>\n<p>8.7 Sprzeciw wobec zautomatyzowanego podejmowania decyzji<\/p>\n<h3>9. Zmiany w niniejszej Polityce prywatno\u015bci<\/h3>\n<p>Od czasu do czasu mo\u017cemy zmieni\u0107 niniejsz\u0105 polityk\u0119 prywatno\u015bci. W przypadku jakichkolwiek istotnych zmian opublikujemy aktualizacje na naszej stronie internetowej i w aplikacjach lub poinformujemy Ci\u0119 o nich poczt\u0105 elektroniczn\u0105. Niniejsza Polityka prywatno\u015bci zosta\u0142a ostatnio zaktualizowana 4 wrze\u015bnia 2024 r.<\/p>\t\t\t\t\t\t\t\t<\/div>\n\t\t\t\t<\/div>\n\t\t\t\t\t<\/div>\n\t\t\t\t<\/div>\n\t\t\t\t<\/div>","protected":false},"excerpt":{"rendered":"<p>Here is kukirin-scooter-parts.com (hereinafter referred to as \u201cwe\u201d, \u201cus\u201d or \u201cKuKirin\u201d, &#8220;Site&#8221;), we are committed to protecting and respecting the privacy of your personal data. This privacy policy explains how your data is collected, used, transferred, and disclosed by KuKirin. It applies to data collected when you use our websites when you interact with us &#8230; <a title=\"Polityka prywatno\u015bci\" class=\"read-more\" href=\"https:\/\/kukirin-scooter-parts.com\/pl\/privacy-policy\/\" aria-label=\"Read more about Privacy Policy\">Dowiedz si\u0119 wi\u0119cej<\/a><\/p>","protected":false},"author":1,"featured_media":0,"parent":0,"menu_order":0,"comment_status":"closed","ping_status":"open","template":"","meta":{"footnotes":""},"class_list":["post-3","page","type-page","status-publish"],"_links":{"self":[{"href":"https:\/\/kukirin-scooter-parts.com\/pl\/wp-json\/wp\/v2\/pages\/3","targetHints":{"allow":["GET"]}}],"collection":[{"href":"https:\/\/kukirin-scooter-parts.com\/pl\/wp-json\/wp\/v2\/pages"}],"about":[{"href":"https:\/\/kukirin-scooter-parts.com\/pl\/wp-json\/wp\/v2\/types\/page"}],"author":[{"embeddable":true,"href":"https:\/\/kukirin-scooter-parts.com\/pl\/wp-json\/wp\/v2\/users\/1"}],"replies":[{"embeddable":true,"href":"https:\/\/kukirin-scooter-parts.com\/pl\/wp-json\/wp\/v2\/comments?post=3"}],"version-history":[{"count":4,"href":"https:\/\/kukirin-scooter-parts.com\/pl\/wp-json\/wp\/v2\/pages\/3\/revisions"}],"predecessor-version":[{"id":92,"href":"https:\/\/kukirin-scooter-parts.com\/pl\/wp-json\/wp\/v2\/pages\/3\/revisions\/92"}],"wp:attachment":[{"href":"https:\/\/kukirin-scooter-parts.com\/pl\/wp-json\/wp\/v2\/media?parent=3"}],"curies":[{"name":"wp","href":"https:\/\/api.w.org\/{rel}","templated":true}]}}