{"id":67,"date":"2024-09-02T03:57:53","date_gmt":"2024-09-02T03:57:53","guid":{"rendered":"https:\/\/kukirin-scooter-parts.com\/?page_id=67"},"modified":"2024-09-27T10:18:13","modified_gmt":"2024-09-27T10:18:13","slug":"shipping-delivery","status":"publish","type":"page","link":"https:\/\/kukirin-scooter-parts.com\/nl\/shipping-delivery\/","title":{"rendered":"Verzending en levering"},"content":{"rendered":"<div data-elementor-type=\"wp-page\" data-elementor-id=\"67\" class=\"elementor elementor-67\" data-elementor-post-type=\"page\">\n\t\t\t\t<div class=\"elementor-element elementor-element-df66abb e-flex e-con-boxed e-con e-parent\" data-id=\"df66abb\" data-element_type=\"container\" data-e-type=\"container\">\n\t\t\t\t\t<div class=\"e-con-inner\">\n\t\t\t\t<div class=\"elementor-element elementor-element-3920418 elementor-widget elementor-widget-text-editor\" data-id=\"3920418\" data-element_type=\"widget\" data-e-type=\"widget\" data-widget_type=\"text-editor.default\">\n\t\t\t\t<div class=\"elementor-widget-container\">\n\t\t\t\t\t\t\t\t\t<p>Verzendmethoden<br \/>We werken met DPD, UPS en GLS voor onze leveringen. We sturen onze klanten de verzendinformatie per e-mail zodra de verzending is gestart, inclusief de verzenddatum, het volgnummer en de volgsite.<\/p><p>Verzending vanaf<br \/>De lokale magazijnen in Polen.<\/p><p>Verzenden naar<br \/>Alle EU-landen, behalve Cyprus, Malta en enkele afgelegen eilanden.<\/p><p>Verzendtijd<\/p><p>Vanuit Polen naar Oostenrijk, Belgi\u00eb, Bulgarije, Kroati\u00eb, Tsjechi\u00eb, Denemarken, Estland, Finland, Frankrijk, Duitsland, Griekenland, Hongarije, Ierland, Itali\u00eb, Letland, Litouwen, Luxemburg, Nederland, Polen, Portugal, Roemeni\u00eb, Slowakije, Sloveni\u00eb, Spanje, Zweden duurt 5-7 werkdagen (deze levertijd is een schatting en kan vertraagd zijn tijdens Europese feestdagen).<\/p><p>Opmerking:.<\/p><p>Scooter onderdelen producten inventaris wordt regelmatig bijgewerkt, we hebben geen manier om de inventaris van elk onderdeel product bij te werken in een tijdige wijze, als je de zorg over serieus de aankomsttijd, neem dan contact met ons op voordat u een bestelling plaatst of er inventaris, en dan beslissen of te bestellen<\/p><p>Verzendkosten<\/p><p>Bestellingen boven de \u20ac35 worden gratis verzonden. Voor bestellingen onder de \u20ac35 worden verzendkosten van \u20ac10 per bestelling in rekening gebracht. Invoerrechten worden betaald wanneer de goederen naar het magazijn in Polen worden verzonden, je hoeft geen douanerechten te betalen.<\/p>\t\t\t\t\t\t\t\t<\/div>\n\t\t\t\t<\/div>\n\t\t\t\t\t<\/div>\n\t\t\t\t<\/div>\n\t\t\t\t<\/div>","protected":false},"excerpt":{"rendered":"<p>Shipping methodsWe work with DPD, UPS and GLS shipping companies for our deliveries. We\u2019ll send the shipping information to our customers by emails as soon as the shipping is started, including the shipping date, the tracking number and the tracking site. Shipping fromThe local warehouses in Poland. Shipping toAll EU countries, except for Cyprus, Malta &#8230; <a title=\"Shipping &amp; Delivery\" class=\"read-more\" href=\"https:\/\/kukirin-scooter-parts.com\/nl\/shipping-delivery\/\" aria-label=\"Lees meer over Shipping &amp; Delivery\">Lees verder<\/a><\/p>","protected":false},"author":1,"featured_media":0,"parent":0,"menu_order":0,"comment_status":"closed","ping_status":"closed","template":"","meta":{"footnotes":""},"class_list":["post-67","page","type-page","status-publish"],"_links":{"self":[{"href":"https:\/\/kukirin-scooter-parts.com\/nl\/wp-json\/wp\/v2\/pages\/67","targetHints":{"allow":["GET"]}}],"collection":[{"href":"https:\/\/kukirin-scooter-parts.com\/nl\/wp-json\/wp\/v2\/pages"}],"about":[{"href":"https:\/\/kukirin-scooter-parts.com\/nl\/wp-json\/wp\/v2\/types\/page"}],"author":[{"embeddable":true,"href":"https:\/\/kukirin-scooter-parts.com\/nl\/wp-json\/wp\/v2\/users\/1"}],"replies":[{"embeddable":true,"href":"https:\/\/kukirin-scooter-parts.com\/nl\/wp-json\/wp\/v2\/comments?post=67"}],"version-history":[{"count":10,"href":"https:\/\/kukirin-scooter-parts.com\/nl\/wp-json\/wp\/v2\/pages\/67\/revisions"}],"predecessor-version":[{"id":539,"href":"https:\/\/kukirin-scooter-parts.com\/nl\/wp-json\/wp\/v2\/pages\/67\/revisions\/539"}],"wp:attachment":[{"href":"https:\/\/kukirin-scooter-parts.com\/nl\/wp-json\/wp\/v2\/media?parent=67"}],"curies":[{"name":"wp","href":"https:\/\/api.w.org\/{rel}","templated":true}]}}