{"id":69,"date":"2024-09-02T03:59:33","date_gmt":"2024-09-02T03:59:33","guid":{"rendered":"https:\/\/kukirin-scooter-parts.com\/?page_id=69"},"modified":"2024-09-02T08:23:12","modified_gmt":"2024-09-02T08:23:12","slug":"warranty-policy","status":"publish","type":"page","link":"https:\/\/kukirin-scooter-parts.com\/it\/warranty-policy\/","title":{"rendered":"Politica di garanzia"},"content":{"rendered":"<div data-elementor-type=\"wp-page\" data-elementor-id=\"69\" class=\"elementor elementor-69\" data-elementor-post-type=\"page\">\n\t\t\t\t<div class=\"elementor-element elementor-element-438fa0d e-flex e-con-boxed e-con e-parent\" data-id=\"438fa0d\" data-element_type=\"container\" data-e-type=\"container\">\n\t\t\t\t\t<div class=\"e-con-inner\">\n\t\t\t\t<div class=\"elementor-element elementor-element-339e41b elementor-widget elementor-widget-text-editor\" data-id=\"339e41b\" data-element_type=\"widget\" data-e-type=\"widget\" data-widget_type=\"text-editor.default\">\n\t\t\t\t<div class=\"elementor-widget-container\">\n\t\t\t\t\t\t\t\t\t<p>Batteria<\/p><p>KuKirin Scooter Parts offre una garanzia di 6 mesi con la batteria, se la batteria \u00e8 difettosa, spediremo il\/i ricambio\/i senza alcun costo.<\/p><p>Tutti i reclami in garanzia della batteria e del pacco batteria sono soggetti alle seguenti condizioni e limitazioni:<\/p><p>Condizioni e limitazioni<\/p><p>1. La batteria deve avere le dimensioni, il design e la capacit\u00e0 adeguati all'applicazione. Il mancato utilizzo della batteria appropriata per l'applicazione invalider\u00e0 tutte le garanzie.<br \/>2. La batteria deve essere maneggiata, immagazzinata e installata correttamente. L'installazione finale deve essere completata entro due mesi dalla data di ricevimento.<br \/>3. La batteria deve essere utilizzata in combinazione con un sistema di ricarica a tensione costante e corrente limitata e deve essere utilizzata e mantenuta in conformit\u00e0 alle istruzioni.<br \/>4. L'utente dovr\u00e0 consentire l'esame della batteria da parte di un rappresentante della KuKirin Scooter Parts, rispedendo le batterie a noi per l'esame della richiesta di garanzia.<br \/>5. Alla batteria sostitutiva si applica solo la parte residua non utilizzata della garanzia della batteria originale.<br \/>6. La garanzia \u00e8 nulla se la batteria \u00e8 soggetta a uso improprio, abuso o danni fisici visibili, o se la batteria diventa inutilizzabile a causa di incendi, rottami, inondazioni, congelamento o altre cause di forza maggiore.<br \/>7. Le garanzie di cui sopra sostituiscono tutte le altre garanzie, espresse o implicite, compresa, senza limitazione, qualsiasi garanzia implicita di commerciabilit\u00e0 o idoneit\u00e0. In nessun caso KuKirin Scooter Parts sar\u00e0 responsabile di eventuali incidenti KuKirin Scooter Parts.com non sar\u00e0 responsabile di eventuali difetti o violazioni di contratti relativi alla qualit\u00e0 o alle prestazioni delle apparecchiature di cui sopra in base a qualsiasi teoria legale.<br \/>8. Le presenti garanzie limitate si applicano all'acquirente originale (utente) e non sono trasferibili.<br \/>9. L'utente dovr\u00e0 informare tempestivamente KuKirin Scooter Parts in caso di presunto difetto.<\/p><p>Per presentare una richiesta di garanzia per qualsiasi batteria, inviare un'e-mail all'indirizzo info@kukirin-scooter-parts.com con le seguenti informazioni:<\/p><p>Nome<br \/>Indirizzo<br \/>Numero d'ordine<br \/>Codice data impresso sulla batteria<\/p><p>Altri articoli<\/p><p>KuKirin Scooter Parts offre una garanzia di 12 mesi per gli altri articoli, ad eccezione della batteria.<br \/>Tutte le richieste di garanzia per altri articoli del negozio sono soggette alle seguenti condizioni e limitazioni:<\/p><p>Condizioni e limitazioni<\/p><p>1. L'utente deve consentire l'esame dell'articolo da parte di un rappresentante della societ\u00e0 KuKirin Scooter Parts.<br \/>2. All'articolo sostitutivo si applica solo la parte residua non utilizzata della garanzia dell'articolo originale.<br \/>3. La garanzia \u00e8 nulla se l'articolo \u00e8 soggetto a uso improprio, abuso o danni fisici visibili, o se diventa inutilizzabile a causa di incendi, rottami, inondazioni, congelamento o qualsiasi altra causa di forza maggiore.<br \/>4. Le garanzie sopra indicate sostituiscono tutte le altre garanzie, espresse o implicite, compresa, senza limitazioni, qualsiasi garanzia implicita di commerciabilit\u00e0 o idoneit\u00e0. In nessun caso KuKirin Scooter Parts sar\u00e0 responsabile di danni o perdite accidentali o consequenziali. Come indicato nel presente documento, KuKirin Scooter Parts non sar\u00e0 responsabile di eventuali difetti o violazioni di contratti relativi alla qualit\u00e0 o alle prestazioni delle apparecchiature di cui sopra in base a qualsiasi teoria legale.<br \/>5. La presente garanzia limitata si applica all'acquirente originale (utente) e non \u00e8 trasferibile.<br \/>6. L'utente dovr\u00e0 informare tempestivamente KuKirin Scooter Parts in caso di presunto difetto.<br \/>7. Qualsiasi altra garanzia implicita su queste parti, tra cui, ma non solo, la commerciabilit\u00e0 e l'idoneit\u00e0 per uno scopo particolare, \u00e8 declinata. In nessun caso KuKirin Scooter Parts sar\u00e0 responsabile di danni o perdite accidentali o consequenziali. Come indicato nel presente documento, KuKirin Scooter Parts non sar\u00e0 responsabile di eventuali difetti o violazioni di contratti relativi alla qualit\u00e0 o alle prestazioni delle apparecchiature di cui sopra in base a qualsiasi teoria legale.<\/p><p><b>Procedura<\/b><\/p><p>Per presentare un reclamo in garanzia, inviateci un'e-mail all'indirizzo info@kukirin-scooter-parts.com con i dettagli del problema riscontrato con l'articolo.<\/p>\t\t\t\t\t\t\t\t<\/div>\n\t\t\t\t<\/div>\n\t\t\t\t\t<\/div>\n\t\t\t\t<\/div>\n\t\t\t\t<\/div>","protected":false},"excerpt":{"rendered":"<p>Battery KuKirin Scooter Parts offer 6-month warranty with battery\uff0cif determines the battery to be defective, we will ship the replacement(s) without charge. All battery and battery pack warranty claims are subject to the following conditions and limitations: Conditions and Limitations 1. The battery shall be the proper size, design, and capacity for the application. Failure &#8230; <a title=\"Politica di garanzia\" class=\"read-more\" href=\"https:\/\/kukirin-scooter-parts.com\/it\/warranty-policy\/\" aria-label=\"Per saperne di pi\u00f9 su Warranty Policy\">Leggi tutto<\/a><\/p>","protected":false},"author":1,"featured_media":0,"parent":0,"menu_order":0,"comment_status":"closed","ping_status":"closed","template":"","meta":{"footnotes":""},"class_list":["post-69","page","type-page","status-publish"],"_links":{"self":[{"href":"https:\/\/kukirin-scooter-parts.com\/it\/wp-json\/wp\/v2\/pages\/69","targetHints":{"allow":["GET"]}}],"collection":[{"href":"https:\/\/kukirin-scooter-parts.com\/it\/wp-json\/wp\/v2\/pages"}],"about":[{"href":"https:\/\/kukirin-scooter-parts.com\/it\/wp-json\/wp\/v2\/types\/page"}],"author":[{"embeddable":true,"href":"https:\/\/kukirin-scooter-parts.com\/it\/wp-json\/wp\/v2\/users\/1"}],"replies":[{"embeddable":true,"href":"https:\/\/kukirin-scooter-parts.com\/it\/wp-json\/wp\/v2\/comments?post=69"}],"version-history":[{"count":4,"href":"https:\/\/kukirin-scooter-parts.com\/it\/wp-json\/wp\/v2\/pages\/69\/revisions"}],"predecessor-version":[{"id":104,"href":"https:\/\/kukirin-scooter-parts.com\/it\/wp-json\/wp\/v2\/pages\/69\/revisions\/104"}],"wp:attachment":[{"href":"https:\/\/kukirin-scooter-parts.com\/it\/wp-json\/wp\/v2\/media?parent=69"}],"curies":[{"name":"wp","href":"https:\/\/api.w.org\/{rel}","templated":true}]}}