{"id":65,"date":"2024-09-02T03:55:17","date_gmt":"2024-09-02T03:55:17","guid":{"rendered":"https:\/\/kukirin-scooter-parts.com\/?page_id=65"},"modified":"2024-09-02T07:28:52","modified_gmt":"2024-09-02T07:28:52","slug":"terms-of-service","status":"publish","type":"page","link":"https:\/\/kukirin-scooter-parts.com\/it\/terms-of-service\/","title":{"rendered":"Termini di servizio"},"content":{"rendered":"<div data-elementor-type=\"wp-page\" data-elementor-id=\"65\" class=\"elementor elementor-65\" data-elementor-post-type=\"page\">\n\t\t\t\t<div class=\"elementor-element elementor-element-9797c62 e-flex e-con-boxed e-con e-parent\" data-id=\"9797c62\" data-element_type=\"container\" data-e-type=\"container\">\n\t\t\t\t\t<div class=\"e-con-inner\">\n\t\t\t\t<div class=\"elementor-element elementor-element-53fff2a elementor-widget elementor-widget-text-editor\" data-id=\"53fff2a\" data-element_type=\"widget\" data-e-type=\"widget\" data-widget_type=\"text-editor.default\">\n\t\t\t\t<div class=\"elementor-widget-container\">\n\t\t\t\t\t\t\t\t\t<p>Benvenuti su kukirin-scooter-parts.com! Le presenti Condizioni d'uso descrivono i termini e le condizioni applicabili all'accesso e all'utilizzo del sito web kukirin-scooter.com. La presente dichiarazione \u00e8 un accordo legalmente vincolante tra l'utente (o gli utenti) del sito (di seguito denominato \"utente\", \"membro\", \"cliente\" o \"utente\") e kukirin-scooter.com (di seguito denominato \"noi\", \"nostro\", \"noi\" o \"KuKirin\", \"sito\"), Si prega di leggere attentamente i presenti termini e condizioni prima di ordinare qualsiasi prodotto dal nostro sito.<\/p><h2><strong><b>Accordo con l'utente<\/b><\/strong><\/h2><p>Accedendo, navigando o utilizzando questo sito web, l'utente accetta di essere vincolato dai termini e dalle condizioni d'uso di questo sito web e da tutte le leggi e i regolamenti applicabili, accettando di essere responsabile del rispetto di tutte le leggi locali applicabili. Se non siete d'accordo con uno qualsiasi di questi termini, vi \u00e8 vietato utilizzare o accedere a questo sito web. I materiali contenuti in questo sito web sono protetti dalle leggi vigenti in materia di copyright e marchi di fabbrica. I nostri prodotti e servizi sono rivolti principalmente agli adulti. Se siete minorenni, garantite di visitare il Sito sotto la supervisione di un genitore o di un tutore legale.<\/p><h3><strong><b>1. Condizione dell'accordo\u00a0<\/b><\/strong><\/h3><p>1.1 Come condizione per l'accesso e l'utilizzo del Sito o dei Servizi, l'utente accetta di rispettare tutte le leggi e i regolamenti applicabili quando utilizza il Sito o i Servizi.\u00a0<\/p><p>1.2 L'utente accetta di utilizzare il Sito o i Servizi esclusivamente per scopi privati e interni. L'utente accetta che (a) non copier\u00e0, riprodurr\u00e0, scaricher\u00e0, ripubblicher\u00e0, vender\u00e0, distribuir\u00e0 o rivender\u00e0 alcun Servizio o alcuna informazione, testo, immagine, grafica, videoclip, suono, directory, file, database o elenchi, ecc. disponibili sul o attraverso il Sito (il \"Contenuto del Sito\"), e (b) non copier\u00e0, riprodurr\u00e0, scaricher\u00e0, compiler\u00e0 o utilizzer\u00e0 in altro modo alcun Contenuto del Sito allo scopo di gestire un'attivit\u00e0 in concorrenza con KuKirin o di sfruttare in altro modo commercialmente il Contenuto del Sito. \u00c8 vietato il recupero sistematico del Contenuto del Sito per creare o compilare, direttamente o indirettamente, una raccolta, una compilazione, un database o una directory (tramite robot, spider, dispositivi automatici o processi manuali) senza l'autorizzazione scritta di KuKirin. \u00c8 vietato l'utilizzo di qualsiasi contenuto o materiale del Sito per qualsiasi scopo non espressamente consentito dalle Condizioni.<br \/>\u00a0<\/p><p>1.3 L'utente deve leggere l'Informativa sulla privacy di KuKirin che regola la protezione e l'utilizzo dei dati personali degli utenti in possesso di KuKirin e dei suoi affiliati. L'utente accetta l'utilizzo delle informazioni personali che lo riguardano in conformit\u00e0 con la Politica sulla Privacy.\u00a0<\/p><p>1.4 KuKirin pu\u00f2 consentire agli Utenti di accedere a contenuti, prodotti o servizi offerti da terzi attraverso collegamenti ipertestuali (sotto forma di link word, banner, canali o altro), API o in altro modo ai siti web di tali terzi. L'utente \u00e8 invitato a leggere i termini e le condizioni e\/o le politiche sulla privacy di tali siti web prima di utilizzare il Sito. L'utente riconosce che KuKirin non ha alcun controllo su tali siti web di terze parti, non monitora tali siti web e non sar\u00e0 responsabile di tali siti web o di qualsiasi contenuto, prodotto o servizio reso disponibile su tali siti web.<\/p><p>1.5 L'utente si impegna a non intraprendere alcuna azione volta a minare l'integrit\u00e0 dei sistemi informatici o delle reti di KuKirin e\/o di qualsiasi altro utente, n\u00e9 a ottenere un accesso non autorizzato a tali sistemi informatici o reti.\u00a0<\/p><p>1.6 L'Utente si impegna a non intraprendere alcuna azione che possa minare l'integrit\u00e0 del sistema di feedback di KuKirin, come ad esempio lasciare un feedback positivo per se stesso utilizzando ID secondari o tramite terzi o lasciando un feedback negativo non documentato per un altro Utente.<\/p><h3><strong><b>2. Responsabilit\u00e0 dell'utente\u00a0<\/b><\/strong><\/h3><p>2.1 L'Utente deve essere registrato sul Sito per utilizzare alcuni Servizi. Salvo approvazione di KuKirin, un Utente pu\u00f2 registrare un solo account sul Sito. KuKirin pu\u00f2 cancellare o terminare l'account di un Utente se ha motivo di sospettare che l'Utente abbia registrato o controllato contemporaneamente due o pi\u00f9 account utente. Inoltre, KuKirin pu\u00f2 rifiutare la richiesta di registrazione dell'Utente per qualsiasi motivo.\u00a0<\/p><p>2.2 Al momento della registrazione sul Sito, KuKirin assegner\u00e0 un account e rilascer\u00e0 un ID utente e una password (quest'ultima sar\u00e0 scelta dall'Utente registrato durante la registrazione) a ciascun Utente registrato. L'account pu\u00f2 avere una casella di posta elettronica basata sul web con uno spazio di memoria limitato per l'invio o la ricezione di e-mail da parte dell'utente. Diventando un Utente di KuKirin, l'Utente acconsente ad autorizzare KuKirin a conservare e utilizzare le informazioni dell'Utente in conformit\u00e0 con la Politica sulla privacy.\u00a0<\/p><p>2.3 Una serie di ID utente e password \u00e8 unica per un singolo account. Ogni utente \u00e8 l'unico responsabile del mantenimento della riservatezza e della sicurezza del proprio ID utente e della propria password e di tutte le attivit\u00e0 svolte nell'ambito del proprio account. Nessun utente pu\u00f2 condividere, assegnare o consentire l'utilizzo del proprio account utente, ID o password da parte di un'altra persona al di fuori della propria entit\u00e0 commerciale. L'Utente si impegna a notificare immediatamente a KuKirin qualsiasi uso non autorizzato della propria password o del proprio account o qualsiasi altra violazione della sicurezza del proprio account.\u00a0<\/p><p>2.4 L'Utente accetta che tutte le attivit\u00e0 che si svolgono con il suo account (compresi, a titolo esemplificativo, la pubblicazione di informazioni sull'azienda o sui prodotti, l'accettazione di eventuali Accordi o regole aggiuntive, la sottoscrizione o il pagamento di servizi, l'invio di e-mail con l'account di posta elettronica) saranno considerate autorizzate dall'Utente.\u00a0<\/p><p>2.5 L'Utente riconosce che la condivisione dell'account dell'Utente con altre persone, o il fatto di permettere a pi\u00f9 utenti di utilizzare l'account dell'Utente (collettivamente, \"usi multipli\"), pu\u00f2 causare danni irreparabili a KuKirin o ad altri Utenti del Sito. L'Utente si impegna a risarcire KuKirin, i suoi affiliati, direttori, dipendenti, agenti e rappresentanti da qualsiasi perdita o danno (ivi compresa, a titolo esemplificativo e non esaustivo, la perdita di profitti) subiti a causa dell'utilizzo multiplo dell'account dell'Utente. L'Utente accetta inoltre che, in caso di utilizzo multiplo dell'account o di mancato mantenimento della sicurezza dell'account da parte dell'Utente, KuKirin non sar\u00e0 responsabile di eventuali perdite o danni derivanti da tale violazione e avr\u00e0 il diritto di sospendere o chiudere l'account dell'Utente senza alcuna responsabilit\u00e0 nei suoi confronti.\u00a0<\/p><p>2.6 L'Utente garantisce che le informazioni fornite al momento della registrazione del proprio account KuKirin sono accurate, veritiere, legali e valide e appartengono esclusivamente all'Utente. L'utente \u00e8 l'unico responsabile dell'accuratezza dei dati che fornisce a KuKirin, che non sar\u00e0 responsabile e non offrir\u00e0 alcun risarcimento in caso di informazioni errate.\u00a0<\/p><p>2.7 L'Utente avr\u00e0 la possibilit\u00e0 di annullare l'ordine solo se precedente alla spedizione contattando il nostro centro di assistenza. KuKirin si riserva il diritto di annullare l'ordine per strategia operativa con preavviso all'account dell'Utente. Tuttavia, una volta che l'ordine \u00e8 stato spedito, l'ordine non pu\u00f2 essere annullato, modificato o rimborsato. Al ricevimento del pacco, entra in vigore la nostra politica di restituzione.\u00a0<\/p><p>2.8 L'utente deve avere la possibilit\u00e0 di iscriversi o cancellare l'iscrizione alla newsletter al momento della registrazione.\u00a0<\/p><p>2.9 L'Utente comprende e accetta che KuKirin avr\u00e0 il diritto di interrompere temporaneamente o permanentemente tutti o parte dei servizi in qualsiasi momento in base alle proprie esigenze commerciali (inclusi, ma non limitati a, i casi di violazione dei termini e delle condizioni di KuKirin, commenti o comportamenti inaccettabili e irragionevoli nei confronti dell'immagine del marchio KuKirin).\u00a0\u00a0<\/p><p>2.10 In caso di dubbi o reclami relativi al nostro servizio, si prega di inviare un'e-mail direttamente all'indirizzo Contattaci. Avete anche il diritto di presentare un reclamo alle autorit\u00e0 ufficiali. Tuttavia, apprezzeremmo la possibilit\u00e0 di risolvere i vostri dubbi prima che vi rivolgiate a terzi, pertanto vi invitiamo a contattarci in prima istanza.<\/p><h3><strong><b>3. Condizioni di utilizzo\u00a0<\/b><\/strong><\/h3><p>3.1 Licenza<\/p><p>Uso \u00c8 concesso il permesso di scaricare temporaneamente una copia dei materiali (informazioni o software) dal sito web kukirin-scooter.com solo per una visione transitoria personale e non commerciale. Questa \u00e8 la concessione di una licenza, non un trasferimento di titolo di propriet\u00e0 e in base a questa licenza, non \u00e8 possibile modificare o copiare i materiali, utilizzare i materiali per qualsiasi scopo commerciale, o per qualsiasi esposizione pubblica (commerciale o non commerciale) tentare di decompilare o decodificare qualsiasi software contenuto nel sito web kukirin-scooter.com, rimuovere qualsiasi copyright o altre notazioni proprietarie dai materiali, o trasferire i materiali a un'altra persona o \"mirror\" i materiali su qualsiasi altro server. Questa licenza termina automaticamente se l'utente viola una qualsiasi di queste restrizioni e pu\u00f2 essere revocata da kukirin-scooter.com in qualsiasi momento. Al termine della visione di questi materiali o alla cessazione della presente licenza, l'utente dovr\u00e0 distruggere qualsiasi materiale scaricato in suo possesso, sia in formato elettronico che cartaceo.\u00a0<\/p><p>3.2 Esclusione di responsabilit\u00e0<\/p><p>Il materiale presente sul sito web kukirin-scooter.com viene fornito \"cos\u00ec com'\u00e8\". kukirin-scooter.com non fornisce alcuna garanzia, espressa o implicita, e con la presente esclude e nega tutte le altre garanzie, incluse, senza limitazioni, garanzie implicite o condizioni di commerciabilit\u00e0, idoneit\u00e0 per uno scopo particolare o non violazione della propriet\u00e0 intellettuale.\u00a0<\/p><p>3.3 Limitazioni<\/p><p>In nessun caso kukirin-scooter.com o i suoi fornitori saranno responsabili per eventuali danni (inclusi, senza limitazioni, danni per perdita di dati o profitti, o a causa di interruzione dell'attivit\u00e0) derivanti dall'uso o dall'impossibilit\u00e0 di utilizzare i materiali presenti su kukirin-scooter.com, anche se kukirin-scooter.com o un rappresentante autorizzato di kukirin-scooter.com sono stati informati oralmente o per iscritto della possibilit\u00e0 di tali danni. Poich\u00e9 alcune giurisdizioni non ammettono limitazioni alle garanzie implicite o limitazioni di responsabilit\u00e0 per danni conseguenti o accidentali, tali limitazioni potrebbero non essere applicabili all'utente.<\/p><p>3.4 Revisioni ed errori<\/p><p>I materiali presenti sul sito web di kukirin-scooter.com potrebbero includere errori tecnici, tipografici o fotografici. Inoltre, kukirin-scooter.com non garantisce che i materiali presenti sul suo sito web siano accurati, completi o aggiornati. Inoltre, kukirin-scooter.com pu\u00f2 apportare modifiche ai materiali contenuti nel suo sito web in qualsiasi momento senza preavviso. Inoltre, kukirin-scooter.com non si impegna ad aggiornare i materiali.<\/p><p>3,5 Collegamenti<\/p><p>Il sito web kukirin-scooter.com non ha esaminato tutti i siti web collegati al proprio sito Internet e non \u00e8 responsabile dei contenuti di tali siti web collegati. L'inclusione di tali link non implica l'approvazione del sito da parte di kukirin-scooter.com. L'uso di tali siti web collegati \u00e8 a rischio e pericolo dell'utente.<\/p><p>3.6 Modifiche alle condizioni d'uso del sito web<\/p><p>Il sito web kukirin-scooter.com pu\u00f2 rivedere questi termini d'uso per il suo sito web in qualsiasi momento senza alcun preavviso. Utilizzando questo sito web, l'utente accetta di essere vincolato dalla versione pi\u00f9 recente di questi termini e condizioni d'uso, o da altre violazioni dei diritti. Inoltre, kukirin-scooter.com non garantisce n\u00e9 rilascia alcuna dichiarazione in merito all'accuratezza, ai risultati probabili o all'affidabilit\u00e0 dell'uso dei materiali presenti sul proprio sito Internet o altrimenti relativi a tali materiali o a qualsiasi altro sito Web collegato a questo sito.<\/p><h3>\u00a0<\/h3><h3>4. Legge applicabile<\/h3><p>I presenti Termini di servizio e qualsiasi accordo separato con cui vi forniamo saranno regolati e interpretati in conformit\u00e0 con le leggi del Regno Unito.<\/p>\t\t\t\t\t\t\t\t<\/div>\n\t\t\t\t<\/div>\n\t\t\t\t\t<\/div>\n\t\t\t\t<\/div>\n\t\t\t\t<\/div>","protected":false},"excerpt":{"rendered":"<p>Welcome to kukirin-scooter-parts.com! These Terms of Use describe the terms and conditions applicable to your access and use of the website at kukirin-scooter.com. This statement is a legally binding agreement between you as the user(s) of the Site (referred to as \u201cyou\u201d, \u201cMember\u201d, &#8220;Customer&#8221; or \u201cUser\u201d hereinafter) and the kukirin-scooter.com (referred to as \u201cwe\u201d, \u201cour\u201d, &#8230; <a title=\"Termini di servizio\" class=\"read-more\" href=\"https:\/\/kukirin-scooter-parts.com\/it\/terms-of-service\/\" aria-label=\"Per saperne di pi\u00f9 su Terms of Service\">Leggi tutto<\/a><\/p>","protected":false},"author":1,"featured_media":0,"parent":0,"menu_order":0,"comment_status":"closed","ping_status":"closed","template":"","meta":{"footnotes":""},"class_list":["post-65","page","type-page","status-publish"],"_links":{"self":[{"href":"https:\/\/kukirin-scooter-parts.com\/it\/wp-json\/wp\/v2\/pages\/65","targetHints":{"allow":["GET"]}}],"collection":[{"href":"https:\/\/kukirin-scooter-parts.com\/it\/wp-json\/wp\/v2\/pages"}],"about":[{"href":"https:\/\/kukirin-scooter-parts.com\/it\/wp-json\/wp\/v2\/types\/page"}],"author":[{"embeddable":true,"href":"https:\/\/kukirin-scooter-parts.com\/it\/wp-json\/wp\/v2\/users\/1"}],"replies":[{"embeddable":true,"href":"https:\/\/kukirin-scooter-parts.com\/it\/wp-json\/wp\/v2\/comments?post=65"}],"version-history":[{"count":4,"href":"https:\/\/kukirin-scooter-parts.com\/it\/wp-json\/wp\/v2\/pages\/65\/revisions"}],"predecessor-version":[{"id":95,"href":"https:\/\/kukirin-scooter-parts.com\/it\/wp-json\/wp\/v2\/pages\/65\/revisions\/95"}],"wp:attachment":[{"href":"https:\/\/kukirin-scooter-parts.com\/it\/wp-json\/wp\/v2\/media?parent=65"}],"curies":[{"name":"wp","href":"https:\/\/api.w.org\/{rel}","templated":true}]}}