{"id":1069,"date":"2024-12-17T09:13:27","date_gmt":"2024-12-17T09:13:27","guid":{"rendered":"https:\/\/kukirin-scooter-parts.com\/?post_type=product&#038;p=1069"},"modified":"2025-03-18T08:51:13","modified_gmt":"2025-03-18T08:51:13","slug":"kukirin-g3-pro-front-rear-shock-absorber","status":"publish","type":"product","link":"https:\/\/kukirin-scooter-parts.com\/hu\/termek\/kukirin-g3-pro-front-rear-shock-absorber\/","title":{"rendered":"KuKirin G3 Pro els\u0151 \u00e9s h\u00e1ts\u00f3 leng\u00e9scsillap\u00edt\u00f3"},"content":{"rendered":"","protected":false},"excerpt":{"rendered":"","protected":false},"featured_media":962,"comment_status":"open","ping_status":"closed","template":"","meta":[],"product_brand":[],"product_cat":[29],"product_tag":[43],"class_list":{"0":"post-1069","1":"product","2":"type-product","3":"status-publish","4":"has-post-thumbnail","6":"product_cat-g3-pro-parts","7":"product_tag-g3-pro-parts","9":"first","10":"instock","11":"shipping-taxable","12":"purchasable","13":"product-type-variable"},"_links":{"self":[{"href":"https:\/\/kukirin-scooter-parts.com\/hu\/wp-json\/wp\/v2\/product\/1069","targetHints":{"allow":["GET"]}}],"collection":[{"href":"https:\/\/kukirin-scooter-parts.com\/hu\/wp-json\/wp\/v2\/product"}],"about":[{"href":"https:\/\/kukirin-scooter-parts.com\/hu\/wp-json\/wp\/v2\/types\/product"}],"replies":[{"embeddable":true,"href":"https:\/\/kukirin-scooter-parts.com\/hu\/wp-json\/wp\/v2\/comments?post=1069"}],"wp:featuredmedia":[{"embeddable":true,"href":"https:\/\/kukirin-scooter-parts.com\/hu\/wp-json\/wp\/v2\/media\/962"}],"wp:attachment":[{"href":"https:\/\/kukirin-scooter-parts.com\/hu\/wp-json\/wp\/v2\/media?parent=1069"}],"wp:term":[{"taxonomy":"product_brand","embeddable":true,"href":"https:\/\/kukirin-scooter-parts.com\/hu\/wp-json\/wp\/v2\/product_brand?post=1069"},{"taxonomy":"product_cat","embeddable":true,"href":"https:\/\/kukirin-scooter-parts.com\/hu\/wp-json\/wp\/v2\/product_cat?post=1069"},{"taxonomy":"product_tag","embeddable":true,"href":"https:\/\/kukirin-scooter-parts.com\/hu\/wp-json\/wp\/v2\/product_tag?post=1069"}],"curies":[{"name":"wp","href":"https:\/\/api.w.org\/{rel}","templated":true}]}}