{"id":65,"date":"2024-09-02T03:55:17","date_gmt":"2024-09-02T03:55:17","guid":{"rendered":"https:\/\/kukirin-scooter-parts.com\/?page_id=65"},"modified":"2024-09-02T07:28:52","modified_gmt":"2024-09-02T07:28:52","slug":"terms-of-service","status":"publish","type":"page","link":"https:\/\/kukirin-scooter-parts.com\/hu\/terms-of-service\/","title":{"rendered":"Szolg\u00e1ltat\u00e1si felt\u00e9telek"},"content":{"rendered":"<div data-elementor-type=\"wp-page\" data-elementor-id=\"65\" class=\"elementor elementor-65\" data-elementor-post-type=\"page\">\n\t\t\t\t<div class=\"elementor-element elementor-element-9797c62 e-flex e-con-boxed e-con e-parent\" data-id=\"9797c62\" data-element_type=\"container\" data-e-type=\"container\">\n\t\t\t\t\t<div class=\"e-con-inner\">\n\t\t\t\t<div class=\"elementor-element elementor-element-53fff2a elementor-widget elementor-widget-text-editor\" data-id=\"53fff2a\" data-element_type=\"widget\" data-e-type=\"widget\" data-widget_type=\"text-editor.default\">\n\t\t\t\t<div class=\"elementor-widget-container\">\n\t\t\t\t\t\t\t\t\t<p>\u00dcdv\u00f6z\u00f6lj\u00fck a kukirin-scooter-parts.com oldalon! A jelen Haszn\u00e1lati felt\u00e9telek a kukirin-scooter.com weboldalhoz val\u00f3 hozz\u00e1f\u00e9r\u00e9sre \u00e9s annak haszn\u00e1lat\u00e1ra vonatkoz\u00f3 felt\u00e9teleket \u00edrj\u00e1k le. Ez a nyilatkozat egy jogilag k\u00f6telez\u0151 \u00e9rv\u00e9ny\u0171 meg\u00e1llapod\u00e1s az \u00d6n, mint a webhely felhaszn\u00e1l\u00f3ja(i) (a tov\u00e1bbiakban \"\u00d6n\", \"Tag\", \"\u00dcgyf\u00e9l\" vagy \"Felhaszn\u00e1l\u00f3\") \u00e9s a kukirin-scooter.com (a tov\u00e1bbiakban \"mi\", \"mi\u00e9nk\", \"minket\" vagy \"KuKirin\", \"webhely\") k\u00f6z\u00f6tt, K\u00e9rj\u00fck, olvassa el figyelmesen ezeket a felt\u00e9teleket, miel\u0151tt b\u00e1rmilyen term\u00e9ket rendelne webhely\u00fcnkr\u0151l.<\/p><h2><strong><b>Felhaszn\u00e1l\u00f3i meg\u00e1llapod\u00e1s<\/b><\/strong><\/h2><p>A weboldal el\u00e9r\u00e9s\u00e9vel, b\u00f6ng\u00e9sz\u00e9s\u00e9vel vagy haszn\u00e1lat\u00e1val \u00d6n elfogadja a weboldal felhaszn\u00e1l\u00e1si felt\u00e9teleit \u00e9s az \u00f6sszes vonatkoz\u00f3 t\u00f6rv\u00e9nyt \u00e9s rendeletet, \u00e9s elfogadja, hogy \u00d6n felel\u0151s az alkalmazand\u00f3 helyi t\u00f6rv\u00e9nyek betart\u00e1s\u00e1\u00e9rt. Ha \u00d6n nem \u00e9rt egyet ezen felt\u00e9telek b\u00e1rmelyik\u00e9vel, akkor tilos a weboldal haszn\u00e1lata vagy a weboldalhoz val\u00f3 hozz\u00e1f\u00e9r\u00e9s. A weboldalon tal\u00e1lhat\u00f3 anyagok a vonatkoz\u00f3 szerz\u0151i jogi \u00e9s v\u00e9djegyjogok v\u00e9delme alatt \u00e1llnak. Term\u00e9keink \u00e9s szolg\u00e1ltat\u00e1saink els\u0151sorban feln\u0151tteknek sz\u00f3lnak. Ha \u00d6n kiskor\u00fa, k\u00e9rj\u00fck, szavatolja, hogy sz\u00fcl\u0151 vagy t\u00f6rv\u00e9nyes k\u00e9pvisel\u0151 fel\u00fcgyelete alatt l\u00e1togatja a webhelyet.<\/p><h3><strong><b>1. Meg\u00e1llapod\u00e1s felt\u00e9tele\u00a0<\/b><\/strong><\/h3><p>1.1 A Honlaphoz vagy a Szolg\u00e1ltat\u00e1sokhoz val\u00f3 hozz\u00e1f\u00e9r\u00e9s \u00e9s azok haszn\u00e1lat\u00e1nak felt\u00e9telek\u00e9nt \u00d6n v\u00e1llalja, hogy a Honlap vagy a Szolg\u00e1ltat\u00e1sok haszn\u00e1lata sor\u00e1n betartja az \u00f6sszes vonatkoz\u00f3 t\u00f6rv\u00e9nyt \u00e9s rendeletet.\u00a0<\/p><p>1.2 \u00d6n beleegyezik, hogy a Webhelyet vagy a Szolg\u00e1ltat\u00e1sokat kiz\u00e1r\u00f3lag saj\u00e1t mag\u00e1n- \u00e9s bels\u0151 c\u00e9ljaira haszn\u00e1lja. \u00d6n v\u00e1llalja, hogy (a) nem m\u00e1solja, nem reproduk\u00e1lja, nem t\u00f6lti le, nem teszi \u00fajra k\u00f6zz\u00e9, nem adja el, nem terjeszti \u00e9s nem \u00e9rt\u00e9kes\u00edti tov\u00e1bb a Szolg\u00e1ltat\u00e1sokat vagy a Webhelyen vagy azon kereszt\u00fcl el\u00e9rhet\u0151 inform\u00e1ci\u00f3kat, sz\u00f6vegeket, k\u00e9peket, grafik\u00e1kat, videoklipeket, hangokat, k\u00f6nyvt\u00e1rakat, f\u00e1jlokat, adatb\u00e1zisokat vagy list\u00e1kat stb. (\"Webhely tartalma\"), \u00e9s (b) nem m\u00e1solja, nem reproduk\u00e1lja, nem t\u00f6lti le, nem \u00e1ll\u00edtja \u00f6ssze \u00e9s nem haszn\u00e1lja fel m\u00e1s m\u00f3don a Webhely tartalm\u00e1t a KuKirin-nel verseng\u0151 v\u00e1llalkoz\u00e1s m\u0171k\u00f6dtet\u00e9se vagy a Webhely tartalm\u00e1nak egy\u00e9b m\u00f3don t\u00f6rt\u00e9n\u0151 kereskedelmi c\u00e9l\u00fa hasznos\u00edt\u00e1sa c\u00e9lj\u00e1b\u00f3l. A KuKirin \u00edr\u00e1sbeli enged\u00e9lye n\u00e9lk\u00fcl tilos a Honlap Tartalm\u00e1nak a Honlapr\u00f3l t\u00f6rt\u00e9n\u0151 szisztematikus lek\u00e9rdez\u00e9se gy\u0171jtem\u00e9ny, \u00f6ssze\u00e1ll\u00edt\u00e1s, adatb\u00e1zis vagy k\u00f6nyvt\u00e1r k\u00f6zvetlen vagy k\u00f6zvetett l\u00e9trehoz\u00e1sa vagy \u00f6ssze\u00e1ll\u00edt\u00e1sa c\u00e9lj\u00e1b\u00f3l (ak\u00e1r robotok, p\u00f3kok, automatikus eszk\u00f6z\u00f6k vagy k\u00e9zi elj\u00e1r\u00e1sok seg\u00edts\u00e9g\u00e9vel). Tilos a Webhelyen tal\u00e1lhat\u00f3 b\u00e1rmely tartalom vagy anyag felhaszn\u00e1l\u00e1sa a Felt\u00e9telekben kifejezetten nem enged\u00e9lyezett c\u00e9lokra.<br \/>\u00a0<\/p><p>1.3 El kell olvasnia a KuKirin Adatv\u00e9delmi Szab\u00e1lyzat\u00e1t, amely a KuKirin \u00e9s kapcsolt v\u00e1llalkoz\u00e1saink birtok\u00e1ban l\u00e9v\u0151, a Felhaszn\u00e1l\u00f3kra vonatkoz\u00f3 szem\u00e9lyes adatok v\u00e9delm\u00e9t \u00e9s felhaszn\u00e1l\u00e1s\u00e1t szab\u00e1lyozza. \u00d6n beleegyezik az \u00d6nre vonatkoz\u00f3 szem\u00e9lyes adatainak az Adatv\u00e9delmi ir\u00e1nyelvekkel \u00f6sszhangban t\u00f6rt\u00e9n\u0151 felhaszn\u00e1l\u00e1s\u00e1ba.\u00a0<\/p><p>1.4 A KuKirin lehet\u0151v\u00e9 teheti a Felhaszn\u00e1l\u00f3k sz\u00e1m\u00e1ra, hogy harmadik felek \u00e1ltal k\u00edn\u00e1lt tartalmakhoz, term\u00e9kekhez vagy szolg\u00e1ltat\u00e1sokhoz f\u00e9rjenek hozz\u00e1 hiperhivatkoz\u00e1sokon (sz\u00f3hivatkoz\u00e1sok, bannerek, csatorn\u00e1k vagy m\u00e1s m\u00f3don), API-kon vagy m\u00e1s m\u00f3don az ilyen harmadik felek weboldalaihoz. Felh\u00edvjuk figyelm\u00e9t, hogy a Webhely haszn\u00e1lata el\u0151tt olvassa el az ilyen webhelyek \u00e1ltal\u00e1nos szerz\u0151d\u00e9si felt\u00e9teleit \u00e9s\/vagy adatv\u00e9delmi ir\u00e1nyelveit. \u00d6n tudom\u00e1sul veszi, hogy a KuKirin nem rendelkezik az ilyen harmadik felek weboldalai felett, nem ellen\u0151rzi az ilyen weboldalakat, \u00e9s nem v\u00e1llal felel\u0151ss\u00e9get vagy felel\u0151ss\u00e9get senkivel szemben az ilyen weboldalak\u00e9rt, illetve az ilyen weboldalakon el\u00e9rhet\u0151v\u00e9 tett tartalmak\u00e9rt, term\u00e9kek\u00e9rt vagy szolg\u00e1ltat\u00e1sok\u00e9rt.<\/p><p>1.5 \u00d6n v\u00e1llalja, hogy nem tesz semmilyen l\u00e9p\u00e9st a KuKirin \u00e9s\/vagy b\u00e1rmely m\u00e1s Felhaszn\u00e1l\u00f3 sz\u00e1m\u00edt\u00f3g\u00e9pes rendszereinek vagy h\u00e1l\u00f3zatainak integrit\u00e1s\u00e1nak al\u00e1\u00e1s\u00e1s\u00e1ra, illetve az ilyen sz\u00e1m\u00edt\u00f3g\u00e9pes rendszerekhez vagy h\u00e1l\u00f3zatokhoz val\u00f3 jogosulatlan hozz\u00e1f\u00e9r\u00e9s megszerz\u00e9s\u00e9re.\u00a0<\/p><p>1.6 \u00d6n v\u00e1llalja, hogy nem tesz olyan l\u00e9p\u00e9seket, amelyek al\u00e1\u00e1shatj\u00e1k a KuKirin visszajelz\u00e9si rendszer\u00e9nek integrit\u00e1s\u00e1t, p\u00e9ld\u00e1ul nem hagy pozit\u00edv visszajelz\u00e9st mag\u00e1nak m\u00e1sodlagos tagi azonos\u00edt\u00f3k haszn\u00e1lat\u00e1val vagy harmadik f\u00e9l \u00e1ltal, vagy nem hagy megalapozatlan negat\u00edv visszajelz\u00e9st egy m\u00e1sik Felhaszn\u00e1l\u00f3nak.<\/p><h3><strong><b>2. A felhaszn\u00e1l\u00f3 felel\u0151ss\u00e9gei\u00a0<\/b><\/strong><\/h3><p>2.1 Egyes Szolg\u00e1ltat\u00e1sok haszn\u00e1lat\u00e1hoz a Felhaszn\u00e1l\u00f3nak regisztr\u00e1lnia kell a Webhelyen. A KuKirin j\u00f3v\u00e1hagy\u00e1s\u00e1nak kiv\u00e9tel\u00e9vel egy Felhaszn\u00e1l\u00f3 csak egy felhaszn\u00e1l\u00f3i fi\u00f3kot regisztr\u00e1lhat a Webhelyen. A KuKirin t\u00f6r\u00f6lheti vagy megsz\u00fcntetheti a Felhaszn\u00e1l\u00f3 fi\u00f3kj\u00e1t, ha a KuKirin okkal felt\u00e9telezi, hogy a Felhaszn\u00e1l\u00f3 egyidej\u0171leg k\u00e9t vagy t\u00f6bb felhaszn\u00e1l\u00f3i fi\u00f3kot regisztr\u00e1lt vagy ir\u00e1ny\u00edtott. Tov\u00e1bb\u00e1 a KuKirin b\u00e1rmilyen okb\u00f3l elutas\u00edthatja a Felhaszn\u00e1l\u00f3 regisztr\u00e1ci\u00f3s k\u00e9relm\u00e9t.\u00a0<\/p><p>2.2 A Honlapon t\u00f6rt\u00e9n\u0151 regisztr\u00e1ci\u00f3t k\u00f6vet\u0151en a KuKirin minden regisztr\u00e1lt felhaszn\u00e1l\u00f3nak fi\u00f3kot rendel, \u00e9s felhaszn\u00e1l\u00f3i azonos\u00edt\u00f3t \u00e9s jelsz\u00f3t ad ki (ez ut\u00f3bbit a regisztr\u00e1lt felhaszn\u00e1l\u00f3 v\u00e1lasztja ki a regisztr\u00e1ci\u00f3 sor\u00e1n). A fi\u00f3k rendelkezhet egy webalap\u00fa e-mail fi\u00f3kkal, amely korl\u00e1tozott t\u00e1rhelyet biztos\u00edt a felhaszn\u00e1l\u00f3 sz\u00e1m\u00e1ra az e-mailek k\u00fcld\u00e9s\u00e9hez vagy fogad\u00e1s\u00e1hoz. A KuKirin Felhaszn\u00e1l\u00f3v\u00e1 v\u00e1l\u00e1ssal \u00d6n hozz\u00e1j\u00e1rul ahhoz, hogy a KuKirin az \u00d6n adatait az Adatv\u00e9delmi szab\u00e1lyzatnak megfelel\u0151en t\u00e1rolja \u00e9s haszn\u00e1lja fel.\u00a0<\/p><p>2.3 A felhaszn\u00e1l\u00f3i azonos\u00edt\u00f3 \u00e9s a jelsz\u00f3 csak egy fi\u00f3khoz tartozik. Minden felhaszn\u00e1l\u00f3 egyed\u00fcl felel\u0151s a felhaszn\u00e1l\u00f3i azonos\u00edt\u00f3 \u00e9s jelsz\u00f3 titkoss\u00e1g\u00e1nak \u00e9s biztons\u00e1g\u00e1nak meg\u0151rz\u00e9s\u00e9\u00e9rt, valamint a fi\u00f3kja alatt v\u00e9gzett minden tev\u00e9kenys\u00e9g\u00e9rt. Egyetlen felhaszn\u00e1l\u00f3 sem oszthatja meg, ruh\u00e1zhatja \u00e1t vagy engedheti meg, hogy a felhaszn\u00e1l\u00f3i fi\u00f3kj\u00e1t, azonos\u00edt\u00f3j\u00e1t vagy jelszav\u00e1t a saj\u00e1t \u00fczleti egys\u00e9g\u00e9n k\u00edv\u00fcl m\u00e1s szem\u00e9ly haszn\u00e1lja. A felhaszn\u00e1l\u00f3 v\u00e1llalja, hogy azonnal \u00e9rtes\u00edti a KuKirint, ha tudom\u00e1s\u00e1ra jut a jelszava vagy fi\u00f3kja jogosulatlan haszn\u00e1lata, vagy a fi\u00f3kja biztons\u00e1g\u00e1nak b\u00e1rmilyen m\u00e1s megs\u00e9rt\u00e9se.\u00a0<\/p><p>2.4 A Felhaszn\u00e1l\u00f3 beleegyezik, hogy minden olyan tev\u00e9kenys\u00e9g, amely a fi\u00f3kja alatt t\u00f6rt\u00e9nik (bele\u00e9rtve, de nem kiz\u00e1r\u00f3lagosan, a c\u00e9g- vagy term\u00e9kinform\u00e1ci\u00f3k k\u00f6zz\u00e9t\u00e9tel\u00e9t, a Kieg\u00e9sz\u00edt\u0151 meg\u00e1llapod\u00e1sok vagy szab\u00e1lyok elfogad\u00e1s\u00e1ra val\u00f3 kattint\u00e1st, a szolg\u00e1ltat\u00e1sokra val\u00f3 feliratkoz\u00e1st vagy azok\u00e9rt val\u00f3 fizet\u00e9st, az e-mail fi\u00f3k haszn\u00e1lat\u00e1val t\u00f6rt\u00e9n\u0151 e-mail k\u00fcld\u00e9st), a Felhaszn\u00e1l\u00f3 \u00e1ltal enged\u00e9lyezettnek tekintend\u0151.\u00a0<\/p><p>2.5 A Felhaszn\u00e1l\u00f3 tudom\u00e1sul veszi, hogy a fi\u00f3kj\u00e1nak m\u00e1s szem\u00e9lyekkel val\u00f3 megoszt\u00e1sa, vagy t\u00f6bb felhaszn\u00e1l\u00f3nak a fi\u00f3kja haszn\u00e1lat\u00e1nak enged\u00e9lyez\u00e9se (egy\u00fcttesen \"t\u00f6bbsz\u00f6r\u00f6s haszn\u00e1lat\") helyrehozhatatlan k\u00e1rokat okozhat a KuKirin vagy a Webhely m\u00e1s Felhaszn\u00e1l\u00f3i sz\u00e1m\u00e1ra. A Felhaszn\u00e1l\u00f3 k\u00f6teles k\u00e1rtalan\u00edtani a KuKirint, kapcsolt v\u00e1llalkoz\u00e1sait, igazgat\u00f3it, alkalmazottait, \u00fcgyn\u00f6keit \u00e9s k\u00e9pvisel\u0151it minden olyan vesztes\u00e9g vagy k\u00e1r (bele\u00e9rtve, de nem kiz\u00e1r\u00f3lagosan az elmaradt nyeres\u00e9get) ellen, amelyet a fi\u00f3kja t\u00f6bbsz\u00f6ri haszn\u00e1lata miatt szenved el. A Felhaszn\u00e1l\u00f3 tov\u00e1bb\u00e1 elfogadja, hogy a fi\u00f3kj\u00e1nak t\u00f6bbsz\u00f6ri haszn\u00e1lata vagy a Felhaszn\u00e1l\u00f3 \u00e1ltal a fi\u00f3kja biztons\u00e1g\u00e1nak fenntart\u00e1sa ter\u00e9n elk\u00f6vetett mulaszt\u00e1s eset\u00e9n a KuKirin nem v\u00e1llal felel\u0151ss\u00e9get az ilyen jogs\u00e9rt\u00e9sb\u0151l ered\u0151 vesztes\u00e9gek\u00e9rt vagy k\u00e1rok\u00e9rt, \u00e9s jogosult a Felhaszn\u00e1l\u00f3 fi\u00f3kj\u00e1t felf\u00fcggeszteni vagy megsz\u00fcntetni an\u00e9lk\u00fcl, hogy a Felhaszn\u00e1l\u00f3val szemben felel\u0151ss\u00e9ggel tartozna.\u00a0<\/p><p>2.6 A Felhaszn\u00e1l\u00f3 garant\u00e1lja, hogy a KuKirin fi\u00f3k regisztr\u00e1l\u00e1sakor megadott adatok pontosak, igazak, t\u00f6rv\u00e9nyesek \u00e9s \u00e9rv\u00e9nyesek, \u00e9s kiz\u00e1r\u00f3lag az \u00d6n tulajdon\u00e1t k\u00e9pezik. A Felhaszn\u00e1l\u00f3k kiz\u00e1r\u00f3lagosan felel\u0151sek a KuKirin sz\u00e1m\u00e1ra megadott adatok pontoss\u00e1g\u00e1\u00e9rt, \u00e9s a KuKirin nem v\u00e1llal felel\u0151ss\u00e9get \u00e9s nem ny\u00fajt semmilyen k\u00e1rt\u00e9r\u00edt\u00e9st a helytelen inform\u00e1ci\u00f3k eset\u00e9n.\u00a0<\/p><p>2.7 A Felhaszn\u00e1l\u00f3nak csak akkor van lehet\u0151s\u00e9ge a megrendel\u00e9s t\u00f6rl\u00e9s\u00e9re, ha a sz\u00e1ll\u00edt\u00e1s el\u0151tt kapcsolatba l\u00e9p \u00fcgyf\u00e9lszolg\u00e1latunkkal. \u00c9s KuKirin fenntartja a jogot, hogy t\u00f6r\u00f6lje a megrendel\u00e9st a m\u0171k\u00f6d\u00e9si strat\u00e9gia el\u0151zetes \u00e9rtes\u00edt\u00e9ssel a felhaszn\u00e1l\u00f3i fi\u00f3k. Azonban, ha a megrendel\u00e9s m\u00e1r elk\u00fcld\u00e9sre ker\u00fclt, a megrendel\u00e9s nem t\u00f6r\u00f6lhet\u0151, nem m\u00f3dos\u00edthat\u00f3 \u00e9s nem t\u00e9r\u00edthet\u0151 vissza. A csomag \u00e1tv\u00e9telekor l\u00e9p hat\u00e1lyba a visszak\u00fcld\u00e9si szab\u00e1lyzatunk.\u00a0<\/p><p>2.8 A Felhaszn\u00e1l\u00f3nak a regisztr\u00e1ci\u00f3 sor\u00e1n lehet\u0151s\u00e9get kell biztos\u00edtani a h\u00edrlev\u00e9lre val\u00f3 feliratkoz\u00e1sra vagy lemond\u00e1sra.\u00a0<\/p><p>2.9 A Felhaszn\u00e1l\u00f3 meg\u00e9rti \u00e9s elfogadja, hogy a KuKirin jogosult a szolg\u00e1ltat\u00e1sok eg\u00e9sz\u00e9t vagy egy r\u00e9sz\u00e9t b\u00e1rmikor ideiglenesen vagy v\u00e9glegesen megsz\u00fcntetni saj\u00e1t \u00fczleti ig\u00e9nyeinek megfelel\u0151en (bele\u00e9rtve, de nem kiz\u00e1r\u00f3lagosan az olyan eseteket, mint a KuKirin \u00e1ltal\u00e1nos szerz\u0151d\u00e9si felt\u00e9teleinek megs\u00e9rt\u00e9se, elfogadhatatlan \u00e9s \u00e9sszer\u0171tlen megjegyz\u00e9sek vagy viselked\u00e9s a KuKirin m\u00e1rkaim\u00e1zs\u00e1val szemben).\u00a0\u00a0<\/p><p>2.10 Ha b\u00e1rmilyen agg\u00e1lya vagy panasza van a szolg\u00e1ltat\u00e1sunkkal kapcsolatban, k\u00e9rj\u00fck, \u00edrjon nek\u00fcnk k\u00f6zvetlen\u00fcl a Kapcsolat c\u00edmre. \u00d6nnek joga van ahhoz is, hogy hivatalos hat\u00f3s\u00e1gokn\u00e1l panaszt tegyen. Mi azonban \u00f6r\u00f6mmel venn\u00e9nk, ha m\u00e9g azel\u0151tt foglalkozhatn\u00e1nk az agg\u00e1lyaival, miel\u0151tt harmadik f\u00e9lhez fordulna, ez\u00e9rt k\u00e9rj\u00fck, hogy els\u0151 k\u00f6rben vegye fel vel\u00fcnk a kapcsolatot.<\/p><h3><strong><b>3. Haszn\u00e1lati felt\u00e9telek\u00a0<\/b><\/strong><\/h3><p>3.1 Licenc<\/p><p>Haszn\u00e1lat A kukirin-scooter.com weboldalon tal\u00e1lhat\u00f3 anyagok (inform\u00e1ci\u00f3k vagy szoftverek) egy p\u00e9ld\u00e1ny\u00e1nak ideiglenes let\u00f6lt\u00e9se enged\u00e9lyezett, kiz\u00e1r\u00f3lag szem\u00e9lyes \u00e9s nem kereskedelmi c\u00e9l\u00fa, \u00e1tmeneti megtekint\u00e9sre. Ez egy enged\u00e9ly megad\u00e1sa, nem pedig a tulajdonjog \u00e1truh\u00e1z\u00e1sa, \u00e9s ezen enged\u00e9ly \u00e9rtelm\u00e9ben \u00d6n nem m\u00f3dos\u00edthatja vagy m\u00e1solhatja az anyagokat, nem haszn\u00e1lhatja az anyagokat kereskedelmi c\u00e9lokra vagy b\u00e1rmilyen nyilv\u00e1nos (kereskedelmi vagy nem kereskedelmi) megjelen\u00edt\u00e9sre, nem k\u00eds\u00e9relheti meg a kukirin-scooter.com weboldalon tal\u00e1lhat\u00f3 szoftverek dekompil\u00e1l\u00e1s\u00e1t vagy visszafejt\u00e9s\u00e9t, nem t\u00e1vol\u00edthatja el a szerz\u0151i jogokat vagy m\u00e1s tulajdonjogi megjegyz\u00e9seket az anyagokb\u00f3l, nem adhatja \u00e1t az anyagokat m\u00e1s szem\u00e9lynek, \u00e9s nem \"t\u00fckr\u00f6zheti\" az anyagokat m\u00e1s szerveren. Ez az enged\u00e9ly automatikusan megsz\u0171nik, ha \u00d6n megs\u00e9rti ezen korl\u00e1toz\u00e1sok b\u00e1rmelyik\u00e9t, \u00e9s a kukirin-scooter.com b\u00e1rmikor felmondhatja. Az anyagok megtekint\u00e9s\u00e9nek befejez\u00e9sekor vagy a jelen licenc megsz\u0171n\u00e9sekor \u00d6n k\u00f6teles megsemmis\u00edteni a birtok\u00e1ban l\u00e9v\u0151 let\u00f6lt\u00f6tt anyagokat, ak\u00e1r elektronikus, ak\u00e1r nyomtatott form\u00e1ban.\u00a0<\/p><p>3.2 Jogi nyilatkozat<\/p><p>A kukirin-scooter.com weboldalon tal\u00e1lhat\u00f3 anyagok \"\u00fagy, ahogy van\".A kukirin-scooter.com nem v\u00e1llal semmilyen kifejezett vagy hallgat\u00f3lagos garanci\u00e1t, \u00e9s ezennel kiz\u00e1r minden m\u00e1s garanci\u00e1t, bele\u00e9rtve, de nem korl\u00e1tozva, az eladhat\u00f3s\u00e1gra, az adott c\u00e9lra val\u00f3 alkalmass\u00e1gra vagy a szellemi tulajdon nem s\u00e9r\u00fcl\u00e9s\u00e9re vonatkoz\u00f3 hallgat\u00f3lagos garanci\u00e1kat vagy felt\u00e9teleket.\u00a0<\/p><p>3.3 Korl\u00e1toz\u00e1sok<\/p><p>A kukirin-scooter.com vagy besz\u00e1ll\u00edt\u00f3i semmilyen k\u00f6r\u00fclm\u00e9nyek k\u00f6z\u00f6tt nem v\u00e1llalnak felel\u0151ss\u00e9get a kukirin-scooter.com-on tal\u00e1lhat\u00f3 anyagok haszn\u00e1lat\u00e1b\u00f3l vagy haszn\u00e1lat\u00e1nak lehetetlens\u00e9g\u00e9b\u0151l ered\u0151 k\u00e1rok\u00e9rt (bele\u00e9rtve, korl\u00e1toz\u00e1s n\u00e9lk\u00fcl, az adatok vagy nyeres\u00e9g elveszt\u00e9s\u00e9b\u0151l, vagy az \u00fczletmenet megszak\u00edt\u00e1s\u00e1b\u00f3l ered\u0151 k\u00e1rokat), m\u00e9g akkor sem, ha a kukirin-scooter.com-ot vagy a kukirin-scooter.com felhatalmazott k\u00e9pvisel\u0151j\u00e9t sz\u00f3ban vagy \u00edr\u00e1sban \u00e9rtes\u00edtett\u00e9k az ilyen k\u00e1rok lehet\u0151s\u00e9g\u00e9r\u0151l. Mivel egyes joghat\u00f3s\u00e1gok nem enged\u00e9lyezik a hallgat\u00f3lagos garanci\u00e1k korl\u00e1toz\u00e1s\u00e1t, illetve a k\u00f6vetkezm\u00e9nyes vagy v\u00e9letlen k\u00e1rok\u00e9rt val\u00f3 felel\u0151ss\u00e9g korl\u00e1toz\u00e1s\u00e1t, ezek a korl\u00e1toz\u00e1sok nem felt\u00e9tlen\u00fcl vonatkoznak \u00d6nre.<\/p><p>3.4 M\u00f3dos\u00edt\u00e1sok \u00e9s jav\u00edt\u00e1sok<\/p><p>A kukirin-scooter.com weboldalon megjelen\u0151 anyagok technikai, tipogr\u00e1fiai vagy f\u00e9nyk\u00e9p\u00e9szeti hib\u00e1kat tartalmazhatnak. A kukirin-scooter.com nem garant\u00e1lja, hogy a honlapj\u00e1n tal\u00e1lhat\u00f3 anyagok pontosak, teljesek vagy aktu\u00e1lisak. Tov\u00e1bb\u00e1 a kukirin-scooter.com b\u00e1rmikor, el\u0151zetes \u00e9rtes\u00edt\u00e9s n\u00e9lk\u00fcl m\u00f3dos\u00edthatja a weboldal\u00e1n tal\u00e1lhat\u00f3 anyagokat. Tov\u00e1bb\u00e1 a kukirin-scooter.com nem v\u00e1llal k\u00f6telezetts\u00e9get az anyagok friss\u00edt\u00e9s\u00e9re.<\/p><p>3.5 Linkek<\/p><p>A kukirin-scooter.com weboldal nem ellen\u0151rizte az \u00f6sszes olyan weboldalt, amelyhez az internetes oldal\u00e1hoz kapcsol\u00f3dik, \u00e9s nem felel az ilyen hivatkozott weboldalak tartalm\u00e1\u00e9rt. Az ilyen linkek felt\u00fcntet\u00e9se nem jelenti azt, hogy a kukirin-scooter.com j\u00f3v\u00e1hagyja az adott weboldalt. Az ilyen hivatkozott weboldalak haszn\u00e1lata a felhaszn\u00e1l\u00f3 saj\u00e1t felel\u0151ss\u00e9g\u00e9re t\u00f6rt\u00e9nik.<\/p><p>3.6 A weboldal haszn\u00e1lati felt\u00e9teleinek m\u00f3dos\u00edt\u00e1sa<\/p><p>A kukirin-scooter.com weboldal b\u00e1rmikor, el\u0151zetes \u00e9rtes\u00edt\u00e9s n\u00e9lk\u00fcl fel\u00fclvizsg\u00e1lhatja a weboldal haszn\u00e1lat\u00e1nak felt\u00e9teleit. A weboldal haszn\u00e1lat\u00e1val \u00d6n elfogadja, hogy a jelen felhaszn\u00e1l\u00e1si felt\u00e9telek mindenkor aktu\u00e1lis v\u00e1ltozata, illetve egy\u00e9b jogs\u00e9relmek k\u00f6tik. Tov\u00e1bb\u00e1 a kukirin-scooter.com nem garant\u00e1lja \u00e9s nem v\u00e1llal semmilyen felel\u0151ss\u00e9get az internetes weboldal\u00e1n tal\u00e1lhat\u00f3 anyagok pontoss\u00e1g\u00e1\u00e9rt, v\u00e1rhat\u00f3 eredm\u00e9nyei\u00e9rt vagy megb\u00edzhat\u00f3s\u00e1g\u00e1\u00e9rt, illetve az ilyen anyagokkal vagy a weboldalhoz kapcsol\u00f3d\u00f3 b\u00e1rmely m\u00e1s weboldalon tal\u00e1lhat\u00f3 anyagokkal kapcsolatban.<\/p><h3>\u00a0<\/h3><h3>4. Ir\u00e1nyad\u00f3 jog<\/h3><p>Ezekre a szolg\u00e1ltat\u00e1si felt\u00e9telekre \u00e9s minden k\u00fcl\u00f6n meg\u00e1llapod\u00e1sra, amely \u00e1ltalunk ny\u00fajtunk \u00d6nnek, az Egyes\u00fclt Kir\u00e1lys\u00e1g t\u00f6rv\u00e9nyei az ir\u00e1nyad\u00f3k, \u00e9s az Egyes\u00fclt Kir\u00e1lys\u00e1g t\u00f6rv\u00e9nyei szerint kell \u00e9rtelmezni.<\/p>\t\t\t\t\t\t\t\t<\/div>\n\t\t\t\t<\/div>\n\t\t\t\t\t<\/div>\n\t\t\t\t<\/div>\n\t\t\t\t<\/div>","protected":false},"excerpt":{"rendered":"<p>Welcome to kukirin-scooter-parts.com! These Terms of Use describe the terms and conditions applicable to your access and use of the website at kukirin-scooter.com. This statement is a legally binding agreement between you as the user(s) of the Site (referred to as \u201cyou\u201d, \u201cMember\u201d, &#8220;Customer&#8221; or \u201cUser\u201d hereinafter) and the kukirin-scooter.com (referred to as \u201cwe\u201d, \u201cour\u201d, &#8230; <a title=\"Szolg\u00e1ltat\u00e1si felt\u00e9telek\" class=\"read-more\" href=\"https:\/\/kukirin-scooter-parts.com\/hu\/terms-of-service\/\" aria-label=\"Read more about Terms of Service\">Olvass tov\u00e1bb<\/a><\/p>","protected":false},"author":1,"featured_media":0,"parent":0,"menu_order":0,"comment_status":"closed","ping_status":"closed","template":"","meta":{"footnotes":""},"class_list":["post-65","page","type-page","status-publish"],"_links":{"self":[{"href":"https:\/\/kukirin-scooter-parts.com\/hu\/wp-json\/wp\/v2\/pages\/65","targetHints":{"allow":["GET"]}}],"collection":[{"href":"https:\/\/kukirin-scooter-parts.com\/hu\/wp-json\/wp\/v2\/pages"}],"about":[{"href":"https:\/\/kukirin-scooter-parts.com\/hu\/wp-json\/wp\/v2\/types\/page"}],"author":[{"embeddable":true,"href":"https:\/\/kukirin-scooter-parts.com\/hu\/wp-json\/wp\/v2\/users\/1"}],"replies":[{"embeddable":true,"href":"https:\/\/kukirin-scooter-parts.com\/hu\/wp-json\/wp\/v2\/comments?post=65"}],"version-history":[{"count":4,"href":"https:\/\/kukirin-scooter-parts.com\/hu\/wp-json\/wp\/v2\/pages\/65\/revisions"}],"predecessor-version":[{"id":95,"href":"https:\/\/kukirin-scooter-parts.com\/hu\/wp-json\/wp\/v2\/pages\/65\/revisions\/95"}],"wp:attachment":[{"href":"https:\/\/kukirin-scooter-parts.com\/hu\/wp-json\/wp\/v2\/media?parent=65"}],"curies":[{"name":"wp","href":"https:\/\/api.w.org\/{rel}","templated":true}]}}