{"id":61,"date":"2024-09-02T03:53:01","date_gmt":"2024-09-02T03:53:01","guid":{"rendered":"https:\/\/kukirin-scooter-parts.com\/?page_id=61"},"modified":"2024-09-02T07:13:39","modified_gmt":"2024-09-02T07:13:39","slug":"about-us","status":"publish","type":"page","link":"https:\/\/kukirin-scooter-parts.com\/hu\/about-us\/","title":{"rendered":"R\u00f3lunk"},"content":{"rendered":"<div data-elementor-type=\"wp-page\" data-elementor-id=\"61\" class=\"elementor elementor-61\" data-elementor-post-type=\"page\">\n\t\t\t\t<div class=\"elementor-element elementor-element-7594f32 e-flex e-con-boxed e-con e-parent\" data-id=\"7594f32\" data-element_type=\"container\" data-e-type=\"container\">\n\t\t\t\t\t<div class=\"e-con-inner\">\n\t\t\t\t<div class=\"elementor-element elementor-element-5c8e2ed elementor-widget elementor-widget-text-editor\" data-id=\"5c8e2ed\" data-element_type=\"widget\" data-e-type=\"widget\" data-widget_type=\"text-editor.default\">\n\t\t\t\t<div class=\"elementor-widget-container\">\n\t\t\t\t\t\t\t\t\t<p>kukirin-scooter-parts.com, a hivatalos Kukirin robog\u00f3 alkatr\u00e9szek \u00e9s tartoz\u00e9kok megb\u00edzhat\u00f3 forr\u00e1sa. Mindent megtesz\u00fcnk az\u00e9rt, hogy kiv\u00e1l\u00f3 min\u0151s\u00e9g\u0171, eredeti alkatr\u00e9szekkel seg\u00edts\u00fcnk abban, hogy Kukirin robog\u00f3ja a lehet\u0151 legjobban m\u0171k\u00f6dj\u00f6n.<\/p>\n<p>Elk\u00f6telezett online \u00e1ruh\u00e1zk\u00e9nt tudjuk, mennyire fontos, hogy kifejezetten az \u00d6n j\u00e1rm\u0171v\u00e9hez k\u00e9sz\u00fclt alkatr\u00e9szekkel tartsa karban j\u00e1rm\u0171v\u00e9t. Ez\u00e9rt csak hivatalos Kukirin alkatr\u00e9szeket k\u00edn\u00e1lunk, biztos\u00edtva, hogy minden, amit n\u00e1lunk v\u00e1s\u00e1rol, pontosan megfelel a forr\u00e1sgy\u00e1rt\u00f3 - a Kukirin gy\u00e1r - \u00e1ltal meghat\u00e1rozott szabv\u00e1nyoknak.<\/p>\n<p>C\u00e9lunk, hogy v\u00e1s\u00e1rl\u00e1si \u00e9lm\u00e9ny\u00e9t a lehet\u0151 legg\u00f6rd\u00fcl\u00e9kenyebb\u00e9 tegy\u00fck, kiv\u00e1l\u00f3 \u00fcgyf\u00e9lszolg\u00e1latot, gyors sz\u00e1ll\u00edt\u00e1st \u00e9s sz\u00e9les term\u00e9kv\u00e1laszt\u00e9kot k\u00edn\u00e1lva. A Kukirin robog\u00f3 alkatr\u00e9szek hivatalos forr\u00e1sak\u00e9nt, ak\u00e1r egy alkatr\u00e9sz cser\u00e9j\u00e9re, ak\u00e1r egy friss\u00edt\u00e9sre v\u00e1gysz, mindent megtal\u00e1lsz n\u00e1lunk, amire sz\u00fcks\u00e9ged van ahhoz, hogy Kukirin robog\u00f3dat cs\u00facsform\u00e1ban tartsd.<\/p>\n<p>K\u00f6sz\u00f6nj\u00fck, hogy a KuKirint v\u00e1lasztotta. Az\u00e9rt vagyunk itt, hogy t\u00e1mogassuk az utaz\u00e1s\u00e1t, b\u00e1rhov\u00e1 is vezet.<\/p>\t\t\t\t\t\t\t\t<\/div>\n\t\t\t\t<\/div>\n\t\t\t\t\t<\/div>\n\t\t\t\t<\/div>\n\t\t\t\t<\/div>","protected":false},"excerpt":{"rendered":"<p>kukirin-scooter-parts.com, your trusted source for official Kukirin scooter spare parts and accessories. We\u2019re all about helping you keep your Kukirin scooter running at its best with high-quality, original components. As a dedicated online store, we know how important it is to maintain your ride with parts that are made specifically for it. That\u2019s why we &#8230; <a title=\"R\u00f3lunk\" class=\"read-more\" href=\"https:\/\/kukirin-scooter-parts.com\/hu\/about-us\/\" aria-label=\"Read more about About Us\">Olvass tov\u00e1bb<\/a><\/p>","protected":false},"author":1,"featured_media":0,"parent":0,"menu_order":0,"comment_status":"closed","ping_status":"closed","template":"","meta":{"footnotes":""},"class_list":["post-61","page","type-page","status-publish"],"_links":{"self":[{"href":"https:\/\/kukirin-scooter-parts.com\/hu\/wp-json\/wp\/v2\/pages\/61","targetHints":{"allow":["GET"]}}],"collection":[{"href":"https:\/\/kukirin-scooter-parts.com\/hu\/wp-json\/wp\/v2\/pages"}],"about":[{"href":"https:\/\/kukirin-scooter-parts.com\/hu\/wp-json\/wp\/v2\/types\/page"}],"author":[{"embeddable":true,"href":"https:\/\/kukirin-scooter-parts.com\/hu\/wp-json\/wp\/v2\/users\/1"}],"replies":[{"embeddable":true,"href":"https:\/\/kukirin-scooter-parts.com\/hu\/wp-json\/wp\/v2\/comments?post=61"}],"version-history":[{"count":7,"href":"https:\/\/kukirin-scooter-parts.com\/hu\/wp-json\/wp\/v2\/pages\/61\/revisions"}],"predecessor-version":[{"id":83,"href":"https:\/\/kukirin-scooter-parts.com\/hu\/wp-json\/wp\/v2\/pages\/61\/revisions\/83"}],"wp:attachment":[{"href":"https:\/\/kukirin-scooter-parts.com\/hu\/wp-json\/wp\/v2\/media?parent=61"}],"curies":[{"name":"wp","href":"https:\/\/api.w.org\/{rel}","templated":true}]}}