{"id":3,"date":"2024-08-28T09:48:00","date_gmt":"2024-08-28T09:48:00","guid":{"rendered":"http:\/\/kukirin-scooter-parts.com\/?page_id=3"},"modified":"2024-09-02T07:25:46","modified_gmt":"2024-09-02T07:25:46","slug":"privacy-policy","status":"publish","type":"page","link":"https:\/\/kukirin-scooter-parts.com\/hu\/privacy-policy\/","title":{"rendered":"Adatv\u00e9delmi ir\u00e1nyelvek"},"content":{"rendered":"<div data-elementor-type=\"wp-page\" data-elementor-id=\"3\" class=\"elementor elementor-3\" data-elementor-post-type=\"page\">\n\t\t\t\t<div class=\"elementor-element elementor-element-250f5984 e-flex e-con-boxed e-con e-parent\" data-id=\"250f5984\" data-element_type=\"container\" data-e-type=\"container\">\n\t\t\t\t\t<div class=\"e-con-inner\">\n\t\t\t\t<div class=\"elementor-element elementor-element-2760fd46 elementor-widget elementor-widget-text-editor\" data-id=\"2760fd46\" data-element_type=\"widget\" data-e-type=\"widget\" data-widget_type=\"text-editor.default\">\n\t\t\t\t<div class=\"elementor-widget-container\">\n\t\t\t\t\t\t\t\t\t<p><\/p>\n<p>A kukirin-scooter-parts.com (a tov\u00e1bbiakban \"mi\", \"minket\" vagy \"KuKirin\", \"Webhely\") elk\u00f6telezettek vagyunk az \u00d6n szem\u00e9lyes adatainak v\u00e9delme \u00e9s tiszteletben tart\u00e1sa mellett. Ez az adatv\u00e9delmi szab\u00e1lyzat ismerteti, hogy a KuKirin hogyan gy\u0171jti, haszn\u00e1lja fel, tov\u00e1bb\u00edtja \u00e9s teszi k\u00f6zz\u00e9 az \u00d6n adatait. Ez a weboldalaink haszn\u00e1lata sor\u00e1n gy\u0171jt\u00f6tt adatokra vonatkozik, amikor \u00d6n a k\u00f6z\u00f6ss\u00e9gi m\u00e9di\u00e1n, e-mailen vagy telefonon kereszt\u00fcl l\u00e9p kapcsolatba vel\u00fcnk, vagy amikor r\u00e9szt vesz a versenyeinken vagy esem\u00e9nyeinken. Ez a meg\u00e1llapod\u00e1s a k\u00f6vetkez\u0151kre terjed ki:<\/p>\n<h2 class=\"wp-block-heading\"><strong>1. Az \u00d6n ir\u00e1nti elk\u00f6telezetts\u00e9g\u00fcnk\u00a0<\/strong><br \/><strong>2. Hogyan biztos\u00edtjuk az \u00d6n adatait\u00a0\u00a0<\/strong><br \/><strong>3. Az \u00e1ltalunk gy\u0171jt\u00f6tt szem\u00e9lyes adatok\u00a0<\/strong><br \/><strong>4. Hogyan gy\u0171jtj\u00fck az \u00d6n adatait\u00a0<\/strong><br \/><strong>5. Hogyan haszn\u00e1ljuk fel az \u00d6n adatait\u00a0<\/strong><br \/><strong>6. A s\u00fctikr\u0151l\u00a0<\/strong><br \/><strong>7. Hogyan osztjuk meg az \u00d6n adatait\u00a0<\/strong><br \/><strong>8. Az \u00d6n szem\u00e9lyes adataihoz f\u0171z\u0151d\u0151 jogai\u00a0<\/strong><br \/><strong>9. A jelen adatv\u00e9delmi szab\u00e1lyzat m\u00f3dos\u00edt\u00e1sai<\/strong><\/h2>\n<h3>1. Az \u00d6n ir\u00e1nti elk\u00f6telezetts\u00e9g\u00fcnk<\/h3>\n<h2 class=\"wp-block-heading\">Komolyan vessz\u00fck szem\u00e9lyes adatainak v\u00e9delm\u00e9t, \u00e9s az \u00d6n szem\u00e9lyes adatait tisztess\u00e9gesen, jogszer\u0171en \u00e9s \u00e1tl\u00e1that\u00f3an kezelj\u00fck. Ez az adatv\u00e9delmi szab\u00e1lyzat ismerteti az \u00d6nr\u0151l gy\u0171jt\u00f6tt szem\u00e9lyes adatokat \u00e9s azok felhaszn\u00e1l\u00e1s\u00e1nak m\u00f3dj\u00e1t. Szem\u00e9lyes adatait kiz\u00e1r\u00f3lag a k\u00f6vetkez\u0151 c\u00e9lokra gy\u0171jtj\u00fck \u00e9s haszn\u00e1ljuk fel:<\/h2>\n<ul>\n<li>Jav\u00edtsuk szolg\u00e1ltat\u00e1sainkat;<\/li>\n<li>Jogi k\u00f6telezetts\u00e9geink teljes\u00edt\u00e9se.<\/li>\n<\/ul>\n<h3>2. Hogyan biztos\u00edtjuk az \u00d6n adatait<\/h3>\n<p>Megfelel\u0151 szervezeti biztos\u00edt\u00e9kokkal \u00e9s biztons\u00e1gi int\u00e9zked\u00e9sekkel v\u00e9dj\u00fck az \u00d6n adatait a v\u00e9letlen elveszt\u00e9st\u0151l, felhaszn\u00e1l\u00e1st\u00f3l, illet\u00e9ktelen hozz\u00e1f\u00e9r\u00e9st\u0151l, megv\u00e1ltoztat\u00e1st\u00f3l vagy nyilv\u00e1noss\u00e1gra hozatalt\u00f3l. Az \u00d6n b\u00f6ng\u00e9sz\u0151je \u00e9s a weboldalunk k\u00f6z\u00f6tti kommunik\u00e1ci\u00f3 biztons\u00e1gos, titkos\u00edtott kapcsolatot haszn\u00e1l minden olyan esetben, amikor az \u00d6n szem\u00e9lyes adatair\u00f3l van sz\u00f3. Az \u00d6n adatait titkos\u00edtjuk \u00e9s biztons\u00e1gos, t\u0171zfal m\u00f6g\u00e9 rejtett szervereken t\u00e1roljuk. Minden olyan harmadik f\u00e9lt\u0151l, akivel szerz\u0151d\u00e9st k\u00f6t\u00fcnk az \u00d6n szem\u00e9lyes adatainak a nev\u00fcnkben t\u00f6rt\u00e9n\u0151 feldolgoz\u00e1s\u00e1ra, megk\u00f6vetelj\u00fck, hogy biztons\u00e1gi int\u00e9zked\u00e9sekkel v\u00e9dje az \u00d6n adatait, \u00e9s hogy ezeket az adatokat a t\u00f6rv\u00e9nyeknek megfelel\u0151en kezelje. Szem\u00e9lyes adatok megs\u00e9rt\u00e9s\u00e9nek szerencs\u00e9tlen esete eset\u00e9n \u00e9rtes\u00edtj\u00fck \u00d6nt \u00e9s az alkalmazand\u00f3 jogszab\u00e1lyokat, amikor erre t\u00f6rv\u00e9nyileg k\u00f6telesek vagyunk.<\/p>\n<h3>3. Az \u00e1ltalunk gy\u0171jt\u00f6tt szem\u00e9lyes adatok\u00a0<\/h3>\n<p>3.1 E-mail c\u00edm, bele\u00e9rtve a j\u00f3v\u00e1hagyott harmadik felek \u00e1ltal megadott e-mail c\u00edmet is.<\/p>\n<p>3.2 Sz\u00e1ll\u00edt\u00e1si inform\u00e1ci\u00f3k, bele\u00e9rtve a nevet, az orsz\u00e1got \u00e9s a telefonsz\u00e1mot. Amikor egy megrendel\u00e9ssel kapcsolatos inform\u00e1ci\u00f3kat kell t\u00e1rolnunk, azokat SSL-titkos\u00edt\u00e1ssal vissz\u00fck be az adatb\u00e1zisunkba. B\u00e1r weboldalunkat \u00e1ltal\u00e1nos c\u00e9lk\u00f6z\u00f6ns\u00e9gnek tervezt\u00fck, tudatosan nem gy\u0171jt\u00fcnk adatokat olyan gyermekekt\u0151l, akik nem haszn\u00e1lhatj\u00e1k vagy k\u00fcldhetik el az adatokat a weboldalra.<\/p>\n<h3>4. Hogyan gy\u0171jtj\u00fck az \u00d6n adatait<\/h3>\n<p>A k\u00f6vetkez\u0151 m\u00f3dokon gy\u0171jthet\u00fcnk \u00d6nr\u0151l szem\u00e9lyes adatokat:\u00a0<\/p>\n<h2 class=\"wp-block-heading\">4.1 K\u00f6zvetlen k\u00f6lcs\u00f6nhat\u00e1sok: \u00d6n megadhatja nek\u00fcnk szem\u00e9lyazonoss\u00e1gi, kapcsolattart\u00e1si, p\u00e9nz\u00fcgyi, tranzakci\u00f3s, profil-, marketing- \u00e9s kommunik\u00e1ci\u00f3s adatait \u0171rlapok kit\u00f6lt\u00e9s\u00e9vel, inform\u00e1ci\u00f3k online megad\u00e1s\u00e1val, illetve a vel\u00fcnk postai \u00faton, telefonon, e-mailben, telefonon vagy m\u00e1s m\u00f3don t\u00f6rt\u00e9n\u0151 levelez\u00e9ssel. Ez mag\u00e1ban foglalja az \u00d6n \u00e1ltal megadott szem\u00e9lyes adatokat, p\u00e9ld\u00e1ul amikor \u00d6n:<\/h2>\n<ul>\n<li>Hozzon l\u00e9tre egy fi\u00f3kot a weboldalunkon;\u00a0<\/li>\n<li>Iratkozzon fel h\u00edrlevel\u00fcnkre, vitaf\u00f3rumainkra \u00e9s a k\u00f6z\u00f6ss\u00e9gi oldalakra;<\/li>\n<li>T\u00f6lts\u00f6n ki egy \u00f6nk\u00e9ntes piackutat\u00e1si felm\u00e9r\u00e9st;<\/li>\n<li>L\u00e9pjen kapcsolatba vel\u00fcnk \u00e9rdekl\u0151d\u00e9ssel vagy probl\u00e9ma bejelent\u00e9s\u00e9vel (telefonon, e-mailben, k\u00f6z\u00f6ss\u00e9gi m\u00e9di\u00e1ban vagy \u00fczenetk\u00fcld\u0151 szolg\u00e1ltat\u00e1ssal);<\/li>\n<li>Amikor a k\u00f6z\u00f6ss\u00e9gi m\u00e9di\u00e1n kereszt\u00fcl bejelentkezik a weboldalunkra.<\/li>\n<\/ul>\n<p>4.2 K\u00f6zvetett k\u00f6lcs\u00f6nhat\u00e1sok: S\u00fctik, szervernapl\u00f3k \u00e9s m\u00e1s hasonl\u00f3 technol\u00f3gi\u00e1k seg\u00edts\u00e9g\u00e9vel automatikusan gy\u0171jthetj\u00fck a technikai adatokat. Tov\u00e1bbi r\u00e9szletek\u00e9rt k\u00e9rj\u00fck, tekintse meg a S\u00fctikr\u0151l sz\u00f3l\u00f3 r\u00e9szt.<\/p>\n<h2 class=\"wp-block-heading\">4.3 Harmadik felek: Szem\u00e9lyes adatokat kaphatunk \u00d6nr\u0151l k\u00fcl\u00f6nb\u00f6z\u0151 harmadik felekt\u0151l, t\u00f6bbek k\u00f6z\u00f6tt:\u00a0<\/h2>\n<ul>\n<li>Kapcsol\u00f3d\u00f3 harmadik felek, bele\u00e9rtve az elemz\u00e9si szolg\u00e1ltat\u00f3kat, mint p\u00e9ld\u00e1ul a Google;\u00a0<\/li>\n<li>Partnerh\u00e1l\u00f3zatok, amelyeken kereszt\u00fcl \u00d6n a weboldalunkat el\u00e9rte;<\/li>\n<li>K\u00f6z\u00f6ss\u00e9gi m\u00e9diaplatformok, amikor \u00d6n a k\u00f6z\u00f6ss\u00e9gi m\u00e9diaplatformok haszn\u00e1lat\u00e1val jelentkezik be a weboldalunkra.<\/li>\n<\/ul>\n<h3>5. Hogyan haszn\u00e1ljuk fel az \u00d6n adatait<\/h3>\n<p>Csak akkor gy\u0171jtj\u00fck \u00e9s dolgozzuk fel az \u00d6n szem\u00e9lyes adatait, ha erre jogalapunk van. Adatkezel\u0151k\u00e9nt az \u00d6n szem\u00e9lyes adatainak gy\u0171jt\u00e9s\u00e9nek \u00e9s felhaszn\u00e1l\u00e1s\u00e1nak jogalapja att\u00f3l f\u00fcgg\u0151en v\u00e1ltozik, hogy milyen m\u00f3don \u00e9s milyen c\u00e9lb\u00f3l gy\u0171jt\u00f6tt\u00fck azokat. Csak akkor gy\u0171jtj\u00fck \u00e9s dolgozzuk fel az \u00d6n szem\u00e9lyes adatait, ha erre jogalapunk van. Adatkezel\u0151k\u00e9nt az \u00d6n szem\u00e9lyes adatainak gy\u0171jt\u00e9s\u00e9nek \u00e9s felhaszn\u00e1l\u00e1s\u00e1nak jogalapja att\u00f3l f\u00fcgg\u0151en v\u00e1ltozik, hogy milyen m\u00f3don \u00e9s milyen c\u00e9lb\u00f3l gy\u0171jt\u00f6tt\u00fck azokat. Csak akkor gy\u0171jt\u00fcnk \u00d6nt\u0151l szem\u00e9lyes adatokat, ha:<\/p>\n<p>5.1 Megvan az \u00d6n hozz\u00e1j\u00e1rul\u00e1sa ehhez<\/p>\n<p>5.2 Az \u00d6n szem\u00e9lyes adataira az \u00d6nnel k\u00f6t\u00f6tt szerz\u0151d\u00e9s teljes\u00edt\u00e9s\u00e9hez van sz\u00fcks\u00e9g\u00fcnk. P\u00e9ld\u00e1ul az \u00d6nt\u0151l sz\u00e1rmaz\u00f3 fizet\u00e9s feldolgoz\u00e1s\u00e1hoz, az \u00d6n megrendel\u00e9s\u00e9nek teljes\u00edt\u00e9s\u00e9hez vagy a megrendel\u00e9ssel kapcsolatos \u00fcgyf\u00e9lszolg\u00e1lat ell\u00e1t\u00e1s\u00e1hoz.<\/p>\n<p>5.3 Az adatkezel\u00e9s jogos \u00e9rdekeink alapj\u00e1n t\u00f6rt\u00e9nik, \u00e9s az \u00d6n jogai nem \u00edrj\u00e1k fel\u00fcl azokat.<\/p>\n<p>5.4 Jogilag k\u00f6telesek vagyunk szem\u00e9lyes adatokat gy\u0171jteni vagy k\u00f6zz\u00e9tenni \u00d6nt\u0151l. Az \u00d6n szem\u00e9lyes adatait a KuKirin k\u00fcl\u00f6nb\u00f6z\u0151 tev\u00e9kenys\u00e9gek t\u00e1mogat\u00e1s\u00e1ra haszn\u00e1lja fel. Ezeket az al\u00e1bbi t\u00e1bl\u00e1zat tartalmazza a felhaszn\u00e1lt adatok t\u00edpus\u00e1val \u00e9s a feldolgoz\u00e1suk sor\u00e1n hivatkozott jogalapokkal egy\u00fctt, bele\u00e9rtve adott esetben a jogos \u00e9rdekeinket is. Felh\u00edvjuk figyelm\u00e9t, hogy az \u00d6n szem\u00e9lyes adatait az adott tev\u00e9kenys\u00e9gt\u0151l f\u00fcgg\u0151en egyn\u00e9l t\u00f6bb jogalapon is feldolgozhatjuk. K\u00e9rj\u00fck, vegye fel vel\u00fcnk a kapcsolatot, ha r\u00e9szletekre van sz\u00fcks\u00e9ge azzal kapcsolatban, hogy milyen konkr\u00e9t jogalapra t\u00e1maszkodunk az \u00d6n szem\u00e9lyes adatainak feldolgoz\u00e1sa sor\u00e1n, amennyiben az al\u00e1bbi t\u00e1bl\u00e1zatban egyn\u00e9l t\u00f6bb jogalapot hat\u00e1roztunk meg.\u00a0<\/p>\n<p>5.5 Fi\u00f3k l\u00e9trehoz\u00e1sa \u00e9s \u00faj \u00fcgyf\u00e9lk\u00e9nt val\u00f3 regisztr\u00e1ci\u00f3 (ak\u00e1r k\u00f6zvetlen\u00fcl, ak\u00e1r a k\u00f6z\u00f6ss\u00e9gi m\u00e9di\u00e1n kereszt\u00fcl).\u00a0<\/p>\n<p>5.6 Az \u00d6nnel val\u00f3 kapcsolatunk kezel\u00e9se, bele\u00e9rtve az \u00d6n \u00e1ltal t\u0151l\u00fcnk k\u00e9rt inform\u00e1ci\u00f3k, term\u00e9kek \u00e9s szolg\u00e1ltat\u00e1sok biztos\u00edt\u00e1s\u00e1t; \u00e9rtes\u00edt\u00e9s szolg\u00e1ltat\u00e1saink, felt\u00e9teleink vagy adatv\u00e9delmi szab\u00e1lyzatunk v\u00e1ltoz\u00e1sair\u00f3l; felk\u00e9r\u00e9s arra, hogy hagyjon v\u00e9lem\u00e9nyt vagy vegyen r\u00e9szt felm\u00e9r\u00e9sben.\u00a0<\/p>\n<p>5.7 Annak \u00e9rdek\u00e9ben, hogy \u00d6n r\u00e9szt vehessen egy versenyen, esem\u00e9nyen, felm\u00e9r\u00e9sben vagy jutalomban r\u00e9szes\u00fclj\u00f6n.\u00a0<\/p>\n<p>5.8 \u00dczlet\u00fcnk \u00e9s weboldalunk\/alkalmaz\u00e1sunk adminisztr\u00e1l\u00e1sa, v\u00e9delme \u00e9s fejleszt\u00e9se, bele\u00e9rtve a hibaelh\u00e1r\u00edt\u00e1st, adatelemz\u00e9st, tesztel\u00e9st, rendszerkarbantart\u00e1st, t\u00e1mogat\u00e1st, adatelemz\u00e9st, jelent\u00e9st\u00e9telt \u00e9s az adatok t\u00e1rhely\u00e9t; alap\u00e9rtelmezett be\u00e1ll\u00edt\u00e1sok be\u00e1ll\u00edt\u00e1sa az \u00d6n sz\u00e1m\u00e1ra, p\u00e9ld\u00e1ul nyelv \u00e9s p\u00e9nznem.\u00a0\u00a0<\/p>\n<p>5.9 A weboldal megfelel\u0151 tartalm\u00e1nak, online hirdet\u00e9seknek \u00e9s inform\u00e1ci\u00f3knak az \u00d6n sz\u00e1m\u00e1ra t\u00f6rt\u00e9n\u0151 szolg\u00e1ltat\u00e1sa; valamint a ny\u00fajtott rekl\u00e1mok hat\u00e9konys\u00e1g\u00e1nak m\u00e9r\u00e9se.\u00a0<\/p>\n<p>5.10 Az adatelemz\u00e9s felhaszn\u00e1l\u00e1sa a k\u00f6vetkez\u0151 c\u00e9lokra: weboldalunk, term\u00e9keink, szolg\u00e1ltat\u00e1saink, marketing\u00fcnk, \u00fcgyf\u00e9lkapcsolataink \u00e9s tapasztalataink jav\u00edt\u00e1sa; valamint piackutat\u00e1si, statisztikai \u00e9s felm\u00e9r\u00e9si c\u00e9lokra.\u00a0<\/p>\n<p>5.11 Az \u00d6nt \u00e9rdekl\u0151 term\u00e9kek, szolg\u00e1ltat\u00e1sok, kedvezm\u00e9nyek \u00e9s aj\u00e1nlatok aj\u00e1nl\u00e1sa, bele\u00e9rtve az ilyen inform\u00e1ci\u00f3k e-mailben, postai \u00faton vagy SMS-ben t\u00f6rt\u00e9n\u0151 megk\u00fcld\u00e9s\u00e9t.\u00a0<\/p>\n<p>5.12 Annak \u00e9rdek\u00e9ben, hogy e-mailben t\u00e1j\u00e9koztassuk vagy eml\u00e9keztess\u00fck \u00d6nt a weboldalunkon kereszt\u00fcl elv\u00e9gzett, de befejezetlen\u00fcl maradt feladatokr\u00f3l, p\u00e9ld\u00e1ul a befejezetlen megrendel\u00e9sekr\u0151l vagy az elhagyott kosarakr\u00f3l csak arra a c\u00e9lra haszn\u00e1ljuk fel az \u00d6n szem\u00e9lyes adatait, amelyre azokat gy\u0171jt\u00f6tt\u00fck, kiv\u00e9ve, ha \u00e9sszer\u0171en \u00fagy v\u00e9lj\u00fck, hogy m\u00e1s okb\u00f3l kell felhaszn\u00e1lnunk azokat, \u00e9s ez az ok \u00f6sszeegyeztethet\u0151 az eredeti c\u00e9llal. Ha az \u00d6n szem\u00e9lyes adatait nem kapcsol\u00f3d\u00f3 c\u00e9lra k\u00edv\u00e1njuk felhaszn\u00e1lni, akkor err\u0151l \u00e9rtes\u00edtj\u00fck \u00d6nt, \u00e9s megmagyar\u00e1zzuk, hogy milyen jogalap alapj\u00e1n tehetj\u00fck ezt meg. A fenti szab\u00e1lyoknak megfelel\u0151en az \u00d6n hozz\u00e1j\u00e1rul\u00e1sa n\u00e9lk\u00fcl is feldolgozhatunk szem\u00e9lyes adatokat, amennyiben ezt jogszab\u00e1ly \u00edrja el\u0151 vagy enged\u00e9lyezi. Az \u00d6n szem\u00e9lyes adatait csak addig \u0151rizz\u00fck meg, am\u00edg az a megadott c\u00e9l(ok)hoz \u00e9s a jogi k\u00f6telezetts\u00e9geink teljes\u00edt\u00e9s\u00e9hez sz\u00fcks\u00e9ges. Tov\u00e1bbi r\u00e9szletek arr\u00f3l, hogy milyen ideig \u0151rizz\u00fck meg az adatokat, k\u00e9r\u00e9sre rendelkez\u00e9sre \u00e1llnak.\u00a0<\/p>\n<h3>6. A s\u00fctikr\u0151l\u00a0<\/h3>\n<p>\"S\u00fctiket\" haszn\u00e1lunk az \u00d6nre vonatkoz\u00f3 konkr\u00e9t inform\u00e1ci\u00f3k t\u00e1rol\u00e1s\u00e1ra \u00e9s a Webhelyen tett l\u00e1togat\u00e1sainak nyomon k\u00f6vet\u00e9s\u00e9re, ak\u00e1r sz\u00e1m\u00edt\u00f3g\u00e9pen, ak\u00e1r mobileszk\u00f6z\u00f6n kereszt\u00fcl. Nem ritka, hogy a webhelyek s\u00fctiket haszn\u00e1lnak a l\u00e1togat\u00f3ik azonos\u00edt\u00e1s\u00e1nak jav\u00edt\u00e1sa \u00e9rdek\u00e9ben A \"s\u00fcti\" egy kis mennyis\u00e9g\u0171 adat, amelyet az \u00d6n b\u00f6ng\u00e9sz\u0151j\u00e9hez k\u00fcld\u00fcnk, \u00e9s az \u00d6n sz\u00e1m\u00edt\u00f3g\u00e9p\u00e9nek vagy mobileszk\u00f6z\u00e9nek merevlemez\u00e9n t\u00e1rolunk. Ha nem kapcsolja ki vagy nem t\u00f6rli a cookie-t, minden alkalommal, amikor ugyanazzal a b\u00f6ng\u00e9sz\u0151vel vagy mobileszk\u00f6zzel l\u00e9p be a Webhelyre, webszerver\u00fcnk \u00e9rtes\u00edt\u00e9st kap a Webhelyen tett l\u00e1togat\u00e1s\u00e1r\u00f3l, \u00e9s \u00edgy mi is tudom\u00e1st szerezhet\u00fcnk az \u00d6n l\u00e1togat\u00e1s\u00e1r\u00f3l \u00e9s az \u00d6n haszn\u00e1lati mint\u00e1j\u00e1r\u00f3l.\u00a0\u00a0<\/p>\n<p>A s\u00fctik lehet\u0151v\u00e9 teszik sz\u00e1munkra, hogy megjegyezz\u00fck az \u00d6n adatait, \u00edgy nem kell minden alkalommal \u00fajra megadnia azokat, amikor a Webhelyet haszn\u00e1lja. Ezen t\u00falmen\u0151en s\u00fctiket haszn\u00e1lunk a Webhely biztons\u00e1g\u00e1nak kezel\u00e9s\u00e9re, a felhaszn\u00e1l\u00f3k \u00e1ltali haszn\u00e1latra vonatkoz\u00f3 inform\u00e1ci\u00f3k gy\u0171jt\u00e9s\u00e9re; a l\u00e1togat\u00e1si szok\u00e1sok kutat\u00e1s\u00e1ra \u00e9s az \u00e9rdekl\u0151d\u00e9sen alapul\u00f3 hirdet\u00e9sek lebonyol\u00edt\u00e1s\u00e1ra; partnereink seg\u00edt\u00e9s\u00e9re a felhaszn\u00e1l\u00f3k Webhelyen tett l\u00e1togat\u00e1sainak nyomon k\u00f6vet\u00e9s\u00e9ben, valamint a prom\u00f3ci\u00f3kban val\u00f3 el\u0151rehalad\u00e1s \u00e9s r\u00e9szv\u00e9tel nyomon k\u00f6vet\u00e9s\u00e9re. A fentiekben meghat\u00e1rozott tov\u00e1bbi c\u00e9lokra a Honlaphoz val\u00f3 hozz\u00e1f\u00e9r\u00e9shez haszn\u00e1lt b\u00f6ng\u00e9sz\u0151 adatv\u00e9delmi be\u00e1ll\u00edt\u00e1s\u00e1nak vagy a mobilk\u00e9sz\u00fcl\u00e9k adatv\u00e9delmi be\u00e1ll\u00edt\u00e1s\u00e1nak konfigur\u00e1l\u00e1s\u00e1val meghat\u00e1rozhatja, hogy elfogadja-e \u00e9s hogyan fogadja el a cookie-kat. Ha m\u00f3dos\u00edtja a b\u00f6ng\u00e9sz\u0151 adatv\u00e9delmi be\u00e1ll\u00edt\u00e1s\u00e1t, a mobilk\u00e9sz\u00fcl\u00e9ke folytatja az adatgy\u0171jt\u00e9st, hacsak nem m\u00f3dos\u00edtja a k\u00e9sz\u00fcl\u00e9k adatv\u00e9delmi be\u00e1ll\u00edt\u00e1s\u00e1t, \u00e9s ford\u00edtva. A Webhely bizonyos funkci\u00f3i a s\u00fctikt\u0151l f\u00fcggenek.\u00a0<\/p>\n<p>K\u00e9rj\u00fck, vegye figyelembe, hogy ha \u00fagy d\u00f6nt, hogy letiltja a s\u00fctiket, akkor el\u0151fordulhat, hogy nem tud majd bejelentkezni vagy haszn\u00e1lni ezeket a funkci\u00f3kat, \u00e9s a s\u00fctikt\u0151l f\u00fcgg\u0151 be\u00e1ll\u00edt\u00e1sok elveszhetnek.  Sz\u00e1mos elemz\u00e9si \u00e9s c\u00e9lzott hirdet\u00e9si eszk\u00f6zt haszn\u00e1lunk, hogy relev\u00e1ns weboldali tartalmat jelen\u00edts\u00fcnk meg \u00d6nnek a weboldalunkon \u00e9s online hirdet\u00e9seket m\u00e1s weboldalakon \u00e9s alkalmaz\u00e1sokban (a fent le\u00edrtak szerint), relev\u00e1ns tartalmat juttassunk el \u00d6nnek a marketingkommunik\u00e1ci\u00f3ban (adott esetben), valamint hogy m\u00e9rj\u00fck a ny\u00fajtott hirdet\u00e9sek hat\u00e9konys\u00e1g\u00e1t.\u00a0<\/p>\n<p>P\u00e9ld\u00e1ul olyan eszk\u00f6z\u00f6ket haszn\u00e1lunk, mint a Google Analytics, hogy elemezz\u00fck a Google \u00e9rdekl\u0151d\u00e9s-alap\u00fa hirdet\u00e9si adatait \u00e9s\/vagy harmadik f\u00e9l k\u00f6z\u00f6ns\u00e9gadatait (p\u00e9ld\u00e1ul \u00e9letkor, csal\u00e1di \u00e1llapot, \u00e9letesem\u00e9ny, nem \u00e9s \u00e9rdekl\u0151d\u00e9si k\u00f6r) marketingkamp\u00e1nyaink, marketingstrat\u00e9gi\u00e1ink \u00e9s weboldalunk tartalm\u00e1nak c\u00e9lz\u00e1sa \u00e9s jav\u00edt\u00e1sa \u00e9rdek\u00e9ben. M\u00e1s harmadik felek, p\u00e9ld\u00e1ul a Facebook \u00e1ltal biztos\u00edtott eszk\u00f6z\u00f6ket is haszn\u00e1lhatunk. Weboldalunk tartalmazhat partnerh\u00e1l\u00f3zataink, hirdet\u0151ink \u00e9s kapcsolt v\u00e1llalkoz\u00e1saink weboldalaira, illetve a k\u00f6z\u00f6ss\u00e9gi m\u00e9diaplatformokra mutat\u00f3 \u00e9s onnan indul\u00f3 linkeket. Ha k\u00f6veti az ilyen webhelyekre mutat\u00f3 linket, k\u00e9rj\u00fck, vegye figyelembe, hogy ezek a webhelyek saj\u00e1t adatv\u00e9delmi ir\u00e1nyelvekkel rendelkeznek, \u00e9s mi nem v\u00e1llalunk semmilyen felel\u0151ss\u00e9get vagy felel\u0151ss\u00e9get ezek\u00e9rt az ir\u00e1nyelvek\u00e9rt. K\u00e9rj\u00fck, ellen\u0151rizze ezeket a szab\u00e1lyzatokat, miel\u0151tt b\u00e1rmilyen szem\u00e9lyes adatot megk\u00fcldene a webhelyeiken.\u00a0<\/p>\n<h3>7. Hogyan osztjuk meg az \u00d6n adatait\u00a0<\/h3>\n<p>Nem adjuk el, nem adjuk b\u00e9rbe, nem keresked\u00fcnk, nem adunk licencet, \u00e9s nem adjuk ki vagy osztjuk meg m\u00e1s m\u00f3don az \u00d6n szem\u00e9lyes vagy p\u00e9nz\u00fcgyi adatait senkinek, kiv\u00e9ve a k\u00f6vetkez\u0151 k\u00fcl\u00f6nleges helyzetekben:\u00a0\u00a0\u00a0\u00a0\u00a0<\/p>\n<p>7.1 Harmadik f\u00e9l szolg\u00e1ltat\u00f3k: A legt\u00f6bb online keresked\u0151h\u00f6z hasonl\u00f3an n\u00e9ha mi is ig\u00e9nybe vesz\u00fcnk harmadik f\u00e9l szolg\u00e1ltat\u00f3kat, hogy bizonyos funkci\u00f3kat v\u00e9gezzenek el a nev\u00fcnkben. A nekik \u00e1tadott inform\u00e1ci\u00f3k kiz\u00e1r\u00f3lag a szolg\u00e1ltat\u00e1s ny\u00fajt\u00e1s\u00e1nak el\u0151seg\u00edt\u00e9s\u00e9re szolg\u00e1lnak. P\u00e9ld\u00e1ul megadjuk az \u00d6n nev\u00e9t, sz\u00e1ll\u00edt\u00e1si c\u00edm\u00e9t \u00e9s telefonsz\u00e1m\u00e1t az olyan partnereknek, mint a DHL, hogy garant\u00e1ljuk a megrendel\u00e9sek k\u00e9zbes\u00edt\u00e9s\u00e9t, \u00e9s felhaszn\u00e1lhatjuk a vonatkoz\u00f3 \u00fcgyf\u00e9ladatokat a harmadik f\u00e9l szolg\u00e1ltat\u00e1s\u00e1nak min\u0151s\u00e9g\u00e9nek ellen\u0151rz\u00e9s\u00e9hez.\u00a0<\/p>\n<p>7.2 Az inform\u00e1ci\u00f3k k\u00f6zz\u00e9t\u00e9tel\u00e9re vonatkoz\u00f3 jogi k\u00f6telezetts\u00e9g: Ha beid\u00e9znek, b\u00edr\u00f3s\u00e1gi v\u00e9gz\u00e9st kapunk, vagy a nyomoz\u00e1st folytat\u00f3 b\u0171n\u00fcld\u00f6z\u0151 hat\u00f3s\u00e1gok k\u00e9rik, vagy ha egy\u00e9bk\u00e9nt t\u00f6rv\u00e9ny k\u00f6telez benn\u00fcnket az ilyen inform\u00e1ci\u00f3k k\u00f6zz\u00e9t\u00e9tel\u00e9re. Szem\u00e9lyes adatokat akkor is kiadunk, ha ez sz\u00fcks\u00e9ges jogi jogaink v\u00e9delm\u00e9hez vagy a Felhaszn\u00e1l\u00e1si felt\u00e9teleink \u00e9s egy\u00e9b meg\u00e1llapod\u00e1saink \u00e9rv\u00e9nyes\u00edt\u00e9s\u00e9hez. Megoszthatjuk p\u00e9ld\u00e1ul az inform\u00e1ci\u00f3kat a csal\u00e1s kock\u00e1zat\u00e1nak cs\u00f6kkent\u00e9se \u00e9rdek\u00e9ben, vagy a Webhely\u00fcnk\u00f6n csal\u00e1st vagy m\u00e1s illeg\u00e1lis tev\u00e9kenys\u00e9get megk\u00eds\u00e9rl\u0151 felhaszn\u00e1l\u00f3k \u00e1ltal elk\u00f6vetett csal\u00e1sok megel\u0151z\u00e9se \u00e9rdek\u00e9ben.\u00a0<\/p>\n<p>7.3 Egyes\u00fcl\u00e9s \u00e9s\/vagy eszk\u00f6z\u00e9rt\u00e9kes\u00edt\u00e9s: \u00dczleti tev\u00e9kenys\u00e9g\u00fcnk sor\u00e1n \u00e1ltal\u00e1ban nem adunk el, nem keresked\u00fcnk szem\u00e9lyes adatokkal, \u00e9s nem adjuk b\u00e9rbe azokat m\u00e1s v\u00e1llalatoknak. Lehets\u00e9ges azonban, hogy felv\u00e1s\u00e1rolunk, egyes\u00fcl\u00fcnk egy m\u00e1sik c\u00e9ggel, vagy felv\u00e1s\u00e1rol minket egy m\u00e1sik c\u00e9g, vagy hogy elidegen\u00edtj\u00fck eszk\u00f6zeink egy r\u00e9sz\u00e9t vagy eg\u00e9sz\u00e9t, amely esetben az \u00d6n szem\u00e9lyes adatai egy m\u00e1sik c\u00e9gnek is \u00e1tadhat\u00f3k, a hat\u00e1lyos Adatv\u00e9delmi ir\u00e1nyelvekre is figyelemmel.\u00a0<\/p>\n<p>7.4 Nem szem\u00e9lyazonos\u00edt\u00e1sra alkalmas inform\u00e1ci\u00f3k: Megoszthatunk olyan inform\u00e1ci\u00f3kat, amelyek nem azonos\u00edtj\u00e1k \u00d6nt vagy b\u00e1rmely felhaszn\u00e1l\u00f3t, p\u00e9ld\u00e1ul egy adott oldal napi l\u00e1togat\u00f3inak sz\u00e1m\u00e1t vagy egy adott napon leadott megrendel\u00e9s nagys\u00e1g\u00e1t, harmadik felekkel, p\u00e9ld\u00e1ul hirdet\u00e9si partnerekkel.<\/p>\n<h3>8. Az \u00d6n szem\u00e9lyes adataihoz f\u0171z\u0151d\u0151 jogai\u00a0\u00a0<\/h3>\n<p>Az adatv\u00e9delmi jogszab\u00e1lyok \u00e9rtelm\u00e9ben sz\u00e1mos joggal rendelkezik. Ezek k\u00f6z\u00e9 tartozik bizonyos k\u00f6r\u00fclm\u00e9nyek k\u00f6z\u00f6tt a k\u00f6vetkez\u0151kh\u00f6z val\u00f3 jog:<\/p>\n<p>8.1 Szem\u00e9lyes adataihoz val\u00f3 hozz\u00e1f\u00e9r\u00e9s k\u00e9r\u00e9se<\/p>\n<p>8.2 Szem\u00e9lyes adatainak helyesb\u00edt\u00e9s\u00e9t k\u00e9rheti<\/p>\n<p>8.3 Szem\u00e9lyes adatai t\u00f6rl\u00e9s\u00e9nek k\u00e9r\u00e9se<\/p>\n<p>8.4 K\u00e9rheti szem\u00e9lyes adatai feldolgoz\u00e1s\u00e1nak korl\u00e1toz\u00e1s\u00e1t<\/p>\n<p>8.5 Szem\u00e9lyes adatai tov\u00e1bb\u00edt\u00e1s\u00e1nak k\u00e9r\u00e9se<\/p>\n<p>8.6 Tiltakoz\u00e1s a szem\u00e9lyes adatok feldolgoz\u00e1sa ellen<\/p>\n<p>8.7 Tiltakoz\u00e1s az automatiz\u00e1lt d\u00f6nt\u00e9shozatal ellen<\/p>\n<h3>9. A jelen Adatv\u00e9delmi szab\u00e1lyzat m\u00f3dos\u00edt\u00e1sai<\/h3>\n<p>Id\u0151r\u0151l id\u0151re megv\u00e1ltoztathatjuk ezt az adatv\u00e9delmi szab\u00e1lyzatot. Ha jelent\u0151s v\u00e1ltoz\u00e1sok t\u00f6rt\u00e9nnek, a friss\u00edt\u00e9seket k\u00f6zz\u00e9tessz\u00fck a weboldalunkon \u00e9s az alkalmaz\u00e1sokon, vagy e-mailben \u00e9rtes\u00edtj\u00fck \u00d6nt. Ezt az adatv\u00e9delmi szab\u00e1lyzatot legut\u00f3bb 2024. szeptember 4-\u00e9n friss\u00edtett\u00fck.<\/p>\t\t\t\t\t\t\t\t<\/div>\n\t\t\t\t<\/div>\n\t\t\t\t\t<\/div>\n\t\t\t\t<\/div>\n\t\t\t\t<\/div>","protected":false},"excerpt":{"rendered":"<p>Here is kukirin-scooter-parts.com (hereinafter referred to as \u201cwe\u201d, \u201cus\u201d or \u201cKuKirin\u201d, &#8220;Site&#8221;), we are committed to protecting and respecting the privacy of your personal data. This privacy policy explains how your data is collected, used, transferred, and disclosed by KuKirin. It applies to data collected when you use our websites when you interact with us &#8230; <a title=\"Adatv\u00e9delmi ir\u00e1nyelvek\" class=\"read-more\" href=\"https:\/\/kukirin-scooter-parts.com\/hu\/privacy-policy\/\" aria-label=\"Read more about Privacy Policy\">Olvass tov\u00e1bb<\/a><\/p>","protected":false},"author":1,"featured_media":0,"parent":0,"menu_order":0,"comment_status":"closed","ping_status":"open","template":"","meta":{"footnotes":""},"class_list":["post-3","page","type-page","status-publish"],"_links":{"self":[{"href":"https:\/\/kukirin-scooter-parts.com\/hu\/wp-json\/wp\/v2\/pages\/3","targetHints":{"allow":["GET"]}}],"collection":[{"href":"https:\/\/kukirin-scooter-parts.com\/hu\/wp-json\/wp\/v2\/pages"}],"about":[{"href":"https:\/\/kukirin-scooter-parts.com\/hu\/wp-json\/wp\/v2\/types\/page"}],"author":[{"embeddable":true,"href":"https:\/\/kukirin-scooter-parts.com\/hu\/wp-json\/wp\/v2\/users\/1"}],"replies":[{"embeddable":true,"href":"https:\/\/kukirin-scooter-parts.com\/hu\/wp-json\/wp\/v2\/comments?post=3"}],"version-history":[{"count":4,"href":"https:\/\/kukirin-scooter-parts.com\/hu\/wp-json\/wp\/v2\/pages\/3\/revisions"}],"predecessor-version":[{"id":92,"href":"https:\/\/kukirin-scooter-parts.com\/hu\/wp-json\/wp\/v2\/pages\/3\/revisions\/92"}],"wp:attachment":[{"href":"https:\/\/kukirin-scooter-parts.com\/hu\/wp-json\/wp\/v2\/media?parent=3"}],"curies":[{"name":"wp","href":"https:\/\/api.w.org\/{rel}","templated":true}]}}