{"id":11,"date":"2024-09-02T07:47:47","date_gmt":"2024-09-02T07:47:47","guid":{"rendered":"https:\/\/kukirin-scooter-parts.com\/?page_id=11"},"modified":"2024-09-02T07:47:48","modified_gmt":"2024-09-02T07:47:48","slug":"refund_returns","status":"publish","type":"page","link":"https:\/\/kukirin-scooter-parts.com\/hu\/refund_returns\/","title":{"rendered":"Visszat\u00e9r\u00edt\u00e9si \u00e9s visszat\u00e9r\u00edt\u00e9si politika"},"content":{"rendered":"<div data-elementor-type=\"wp-page\" data-elementor-id=\"11\" class=\"elementor elementor-11\" data-elementor-post-type=\"page\">\n\t\t\t\t<div class=\"elementor-element elementor-element-7db694f0 e-flex e-con-boxed e-con e-parent\" data-id=\"7db694f0\" data-element_type=\"container\" data-e-type=\"container\">\n\t\t\t\t\t<div class=\"e-con-inner\">\n\t\t\t\t<div class=\"elementor-element elementor-element-17ba640e elementor-widget elementor-widget-text-editor\" data-id=\"17ba640e\" data-element_type=\"widget\" data-e-type=\"widget\" data-widget_type=\"text-editor.default\">\n\t\t\t\t<div class=\"elementor-widget-container\">\n\t\t\t\t\t\t\t\t\t\n<p>Ha a megrendel\u00e9s lead\u00e1sa ut\u00e1n visszat\u00e9r\u00edt\u00e9st vagy visszak\u00fcld\u00e9st k\u00e9r, k\u00e9rj\u00fck, olvassa el az al\u00e1bbi visszak\u00fcld\u00e9si \u00e9s visszat\u00e9r\u00edt\u00e9si szab\u00e1lyzatot.(Alkalmaz\u00e1si ter\u00fclet Ez a szab\u00e1lyzat a weboldalunkon v\u00e1s\u00e1rolt \u00f6sszes term\u00e9kre vonatkozik.)<\/p>\n<ul>\n<li>Visszat\u00e9r\u00edt\u00e9si \u00e9s visszat\u00e9r\u00edt\u00e9si felt\u00e9telek<\/li>\n<\/ul>\n<p>S\u00e9r\u00fclt vagy hib\u00e1s term\u00e9kek: Ha s\u00e9r\u00fclt vagy hib\u00e1s term\u00e9ket kap, k\u00e9rj\u00fck, a term\u00e9k k\u00e9zhezv\u00e9tel\u00e9t\u0151l sz\u00e1m\u00edtott 5 napon bel\u00fcl l\u00e9pjen kapcsolatba vel\u00fcnk.<br \/>Helytelen term\u00e9k: Ha a kapott term\u00e9k nem felel meg a megrendel\u00e9s\u00e9nek, k\u00e9rj\u00fck, a term\u00e9k k\u00e9zhezv\u00e9tel\u00e9t\u0151l sz\u00e1m\u00edtott 5 napon bel\u00fcl l\u00e9pjen kapcsolatba vel\u00fcnk a visszak\u00fcld\u00e9s vagy csere \u00e9rdek\u00e9ben.<\/p>\n<ul>\n<li>Visszat\u00e9r\u00edt\u00e9sre vagy visszat\u00e9r\u00edt\u00e9sre nem jogosult helyzetek A k\u00f6vetkez\u0151 helyzetek nem jogosultak visszat\u00e9r\u00edt\u00e9sre vagy visszat\u00e9r\u00edt\u00e9sre:<\/li>\n<\/ul>\n<p>A robog\u00f3alkatr\u00e9szek speci\u00e1lis \u00e1rukhoz tartoznak, nem t\u00e1mogatj\u00e1k a visszat\u00e9r\u00e9st \u00e9s cser\u00e9t, ha nincs min\u0151s\u00e9gi probl\u00e9ma<\/p>\n<ul>\n<li>Visszat\u00e9r\u00e9si folyamat<\/li>\n<\/ul>\n<p>Ha min\u0151s\u00e9gi probl\u00e9m\u00e1val rendelkez\u0151 term\u00e9ket kap, vagy hib\u00e1s term\u00e9ket kap, k\u00e9rj\u00fck, l\u00e9pjen vel\u00fcnk k\u00f6zvetlen\u00fcl kapcsolatba, \u00e9s t\u00e1j\u00e9koztasson minket a rendel\u00e9si sz\u00e1m\u00e1r\u00f3l.<br \/>Visszasz\u00e1ll\u00edt\u00e1si d\u00edjak: A min\u0151s\u00e9gi probl\u00e9m\u00e1k miatt visszak\u00fcld\u00f6tt term\u00e9kek visszak\u00fcld\u00e9si k\u00f6lts\u00e9geit mi \u00e1lljuk.<\/p>\n<ul>\n<li>Visszat\u00e9r\u00edt\u00e9si folyamat<\/li>\n<\/ul>\n<p>Visszat\u00e9r\u00edt\u00e9si m\u00f3d: A visszat\u00e9r\u00edt\u00e9s az eredeti fizet\u00e9si m\u00f3dra t\u00f6rt\u00e9nik, \u00e9s 3-5 napon bel\u00fcl befejez\u0151dik.<br \/>Miut\u00e1n a visszat\u00e9r\u00edt\u00e9si folyamat elindul, a bankodt\u00f3l f\u00fcgg\u0151en 5-7 napot vesz ig\u00e9nybe, mire a visszat\u00e9r\u00edt\u00e9s meg\u00e9rkezik.<\/p>\n<ul>\n<li>Lemond\u00e1s (A term\u00e9ket kisz\u00e1ll\u00edtott\u00e1k):<\/li>\n<\/ul>\n<p>Nem t\u00e1mogatjuk a sz\u00e1ll\u00edtott robog\u00f3alkatr\u00e9sz-term\u00e9kek rendel\u00e9seinek t\u00f6rl\u00e9s\u00e9t \u00e9s visszak\u00fcld\u00e9s\u00e9t.<\/p>\n<ul>\n<li>El\u0151rendel\u00e9sek t\u00f6rl\u00e9se:<\/li>\n<\/ul>\n<p>Minden el\u0151rendel\u00e9s eset\u00e9n, ha szem\u00e9lyes okokb\u00f3l lemondja a megrendel\u00e9s\u00e9t, miel\u0151tt az kisz\u00e1ll\u00edt\u00e1sra ker\u00fclne, a tranzakci\u00f3s d\u00edj az \u00d6nt terheli.<\/p>\n<ul>\n<li>Nem a kukirin-escooter.com-t\u00f3l v\u00e1s\u00e1rolt term\u00e9k eset\u00e9n:<\/li>\n<\/ul>\n<p>A nem ezen az oldalon v\u00e1s\u00e1rolt term\u00e9kek eset\u00e9ben nem tudunk megold\u00e1st ny\u00fajtani, k\u00e9rj\u00fck, forduljon k\u00f6zvetlen\u00fcl a sz\u00e1ll\u00edt\u00f3j\u00e1hoz.<\/p>\n<ul>\n<li>Seg\u00edts\u00e9gre van sz\u00fcks\u00e9ge?<\/li>\n<\/ul>\n<p>Ha b\u00e1rmilyen k\u00e9rd\u00e9se van, vagy tov\u00e1bbi seg\u00edts\u00e9gre van sz\u00fcks\u00e9ge, k\u00e9rj\u00fck, l\u00e9pjen kapcsolatba vel\u00fcnk: info@kukirin-scooter-parts.com<\/p>\n<ul>\n<li>Politikai friss\u00edt\u00e9sek<\/li>\n<\/ul>\n<p>Fenntartjuk a jogot, hogy ezt a szab\u00e1lyzatot b\u00e1rmikor friss\u00edts\u00fck. K\u00e9rj\u00fck, v\u00e1s\u00e1rl\u00e1s el\u0151tt ellen\u0151rizze a visszak\u00fcld\u00e9si \u00e9s visszat\u00e9r\u00edt\u00e9si szab\u00e1lyzat legfrissebb v\u00e1ltozat\u00e1t.<\/p>\n\t\t\t\t\t\t\t\t<\/div>\n\t\t\t\t<\/div>\n\t\t\t\t\t<\/div>\n\t\t\t\t<\/div>\n\t\t\t\t<\/div>","protected":false},"excerpt":{"rendered":"<p>If you request refund or return after placing an order, please refer to the following return and refund policy.(scope of Application This policy applies to all products purchased on our website.) Return and Refund Conditions Damaged or Defective Products: If you receive a product that is damaged or defective, please contact us within 5 days &#8230; <a title=\"Visszat\u00e9r\u00edt\u00e9si \u00e9s visszat\u00e9r\u00edt\u00e9si politika\" class=\"read-more\" href=\"https:\/\/kukirin-scooter-parts.com\/hu\/refund_returns\/\" aria-label=\"Read more about Refund and Returns Policy\">Olvass tov\u00e1bb<\/a><\/p>","protected":false},"author":1,"featured_media":0,"parent":0,"menu_order":0,"comment_status":"closed","ping_status":"closed","template":"","meta":{"footnotes":""},"class_list":["post-11","page","type-page","status-publish"],"_links":{"self":[{"href":"https:\/\/kukirin-scooter-parts.com\/hu\/wp-json\/wp\/v2\/pages\/11","targetHints":{"allow":["GET"]}}],"collection":[{"href":"https:\/\/kukirin-scooter-parts.com\/hu\/wp-json\/wp\/v2\/pages"}],"about":[{"href":"https:\/\/kukirin-scooter-parts.com\/hu\/wp-json\/wp\/v2\/types\/page"}],"author":[{"embeddable":true,"href":"https:\/\/kukirin-scooter-parts.com\/hu\/wp-json\/wp\/v2\/users\/1"}],"replies":[{"embeddable":true,"href":"https:\/\/kukirin-scooter-parts.com\/hu\/wp-json\/wp\/v2\/comments?post=11"}],"version-history":[{"count":4,"href":"https:\/\/kukirin-scooter-parts.com\/hu\/wp-json\/wp\/v2\/pages\/11\/revisions"}],"predecessor-version":[{"id":99,"href":"https:\/\/kukirin-scooter-parts.com\/hu\/wp-json\/wp\/v2\/pages\/11\/revisions\/99"}],"wp:attachment":[{"href":"https:\/\/kukirin-scooter-parts.com\/hu\/wp-json\/wp\/v2\/media?parent=11"}],"curies":[{"name":"wp","href":"https:\/\/api.w.org\/{rel}","templated":true}]}}