{"id":67,"date":"2024-09-02T03:57:53","date_gmt":"2024-09-02T03:57:53","guid":{"rendered":"https:\/\/kukirin-scooter-parts.com\/?page_id=67"},"modified":"2024-09-27T10:18:13","modified_gmt":"2024-09-27T10:18:13","slug":"shipping-delivery","status":"publish","type":"page","link":"https:\/\/kukirin-scooter-parts.com\/fr\/shipping-delivery\/","title":{"rendered":"Exp\u00e9dition et livraison"},"content":{"rendered":"<div data-elementor-type=\"wp-page\" data-elementor-id=\"67\" class=\"elementor elementor-67\" data-elementor-post-type=\"page\">\n\t\t\t\t<div class=\"elementor-element elementor-element-df66abb e-flex e-con-boxed e-con e-parent\" data-id=\"df66abb\" data-element_type=\"container\" data-e-type=\"container\">\n\t\t\t\t\t<div class=\"e-con-inner\">\n\t\t\t\t<div class=\"elementor-element elementor-element-3920418 elementor-widget elementor-widget-text-editor\" data-id=\"3920418\" data-element_type=\"widget\" data-e-type=\"widget\" data-widget_type=\"text-editor.default\">\n\t\t\t\t<div class=\"elementor-widget-container\">\n\t\t\t\t\t\t\t\t\t<p>M\u00e9thodes d'exp\u00e9dition<br \/>Nous travaillons avec les soci\u00e9t\u00e9s de transport DPD, UPS et GLS pour nos livraisons. Nous envoyons les informations relatives \u00e0 l'exp\u00e9dition \u00e0 nos clients par courrier \u00e9lectronique d\u00e8s que l'exp\u00e9dition est lanc\u00e9e, y compris la date d'exp\u00e9dition, le num\u00e9ro de suivi et le site de suivi.<\/p><p>Exp\u00e9dition \u00e0 partir de<br \/>Les entrep\u00f4ts locaux en Pologne.<\/p><p>Exp\u00e9dition \u00e0<br \/>Tous les pays de l'UE, \u00e0 l'exception de Chypre, de Malte et de certaines \u00eeles \u00e9loign\u00e9es.<\/p><p>D\u00e9lai d'exp\u00e9dition<\/p><p>De la Pologne vers l'Autriche, la Belgique, la Bulgarie, la Croatie, la Tch\u00e9quie, le Danemark, l'Estonie, la Finlande, la France, l'Allemagne, la Gr\u00e8ce, la Hongrie, l'Irlande, l'Italie, la Lettonie, la Lituanie, le Luxembourg, les Pays-Bas, la Pologne, le Portugal, la Roumanie, la Slovaquie, la Slov\u00e9nie, l'Espagne et la Su\u00e8de, le d\u00e9lai de livraison est de 5 \u00e0 7 jours ouvrables\uff08Ce d\u00e9lai de livraison est une estimation et peut \u00eatre retard\u00e9 pendant les vacances europ\u00e9ennes).<\/p><p>Note\uff1a<\/p><p>L'inventaire des pi\u00e8ces de scooter est mis \u00e0 jour fr\u00e9quemment, nous n'avons aucun moyen de mettre \u00e0 jour l'inventaire de chaque pi\u00e8ce de mani\u00e8re opportune, si vous vous souciez s\u00e9rieusement de l'heure d'arriv\u00e9e, veuillez nous contacter avant de passer une commande pour savoir s'il y a de l'inventaire, et ensuite d\u00e9cider de commander ou non.<\/p><p>Frais d'exp\u00e9dition<\/p><p>Pour les commandes d'une valeur sup\u00e9rieure \u00e0 35 euros, les frais de port sont gratuits. 10 euros par commande sont factur\u00e9s pour les commandes d'une valeur inf\u00e9rieure \u00e0 35 euros. Les taxes \u00e0 l'importation sont pay\u00e9es lorsque les marchandises sont exp\u00e9di\u00e9es \u00e0 l'entrep\u00f4t polonais, vous n'avez pas \u00e0 payer de droits de douane.<\/p>\t\t\t\t\t\t\t\t<\/div>\n\t\t\t\t<\/div>\n\t\t\t\t\t<\/div>\n\t\t\t\t<\/div>\n\t\t\t\t<\/div>","protected":false},"excerpt":{"rendered":"<p>Shipping methodsWe work with DPD, UPS and GLS shipping companies for our deliveries. We\u2019ll send the shipping information to our customers by emails as soon as the shipping is started, including the shipping date, the tracking number and the tracking site. Shipping fromThe local warehouses in Poland. Shipping toAll EU countries, except for Cyprus, Malta &#8230; <a title=\"Shipping &amp; Delivery\" class=\"read-more\" href=\"https:\/\/kukirin-scooter-parts.com\/fr\/shipping-delivery\/\" aria-label=\"En savoir plus sur Shipping &amp; Delivery\">Lire la suite<\/a><\/p>","protected":false},"author":1,"featured_media":0,"parent":0,"menu_order":0,"comment_status":"closed","ping_status":"closed","template":"","meta":{"footnotes":""},"class_list":["post-67","page","type-page","status-publish"],"_links":{"self":[{"href":"https:\/\/kukirin-scooter-parts.com\/fr\/wp-json\/wp\/v2\/pages\/67","targetHints":{"allow":["GET"]}}],"collection":[{"href":"https:\/\/kukirin-scooter-parts.com\/fr\/wp-json\/wp\/v2\/pages"}],"about":[{"href":"https:\/\/kukirin-scooter-parts.com\/fr\/wp-json\/wp\/v2\/types\/page"}],"author":[{"embeddable":true,"href":"https:\/\/kukirin-scooter-parts.com\/fr\/wp-json\/wp\/v2\/users\/1"}],"replies":[{"embeddable":true,"href":"https:\/\/kukirin-scooter-parts.com\/fr\/wp-json\/wp\/v2\/comments?post=67"}],"version-history":[{"count":10,"href":"https:\/\/kukirin-scooter-parts.com\/fr\/wp-json\/wp\/v2\/pages\/67\/revisions"}],"predecessor-version":[{"id":539,"href":"https:\/\/kukirin-scooter-parts.com\/fr\/wp-json\/wp\/v2\/pages\/67\/revisions\/539"}],"wp:attachment":[{"href":"https:\/\/kukirin-scooter-parts.com\/fr\/wp-json\/wp\/v2\/media?parent=67"}],"curies":[{"name":"wp","href":"https:\/\/api.w.org\/{rel}","templated":true}]}}