{"id":61,"date":"2024-09-02T03:53:01","date_gmt":"2024-09-02T03:53:01","guid":{"rendered":"https:\/\/kukirin-scooter-parts.com\/?page_id=61"},"modified":"2024-09-02T07:13:39","modified_gmt":"2024-09-02T07:13:39","slug":"about-us","status":"publish","type":"page","link":"https:\/\/kukirin-scooter-parts.com\/fr\/about-us\/","title":{"rendered":"\u00c0 propos de nous"},"content":{"rendered":"<div data-elementor-type=\"wp-page\" data-elementor-id=\"61\" class=\"elementor elementor-61\" data-elementor-post-type=\"page\">\n\t\t\t\t<div class=\"elementor-element elementor-element-7594f32 e-flex e-con-boxed e-con e-parent\" data-id=\"7594f32\" data-element_type=\"container\" data-e-type=\"container\">\n\t\t\t\t\t<div class=\"e-con-inner\">\n\t\t\t\t<div class=\"elementor-element elementor-element-5c8e2ed elementor-widget elementor-widget-text-editor\" data-id=\"5c8e2ed\" data-element_type=\"widget\" data-e-type=\"widget\" data-widget_type=\"text-editor.default\">\n\t\t\t\t<div class=\"elementor-widget-container\">\n\t\t\t\t\t\t\t\t\t<p>kukirin-scooter-parts.com, votre source de confiance pour les pi\u00e8ces d\u00e9tach\u00e9es et accessoires officiels de scooter Kukirin. Nous vous aidons \u00e0 maintenir votre scooter Kukirin au meilleur de sa forme gr\u00e2ce \u00e0 des composants d'origine de haute qualit\u00e9.<\/p>\n<p>En tant que boutique en ligne sp\u00e9cialis\u00e9e, nous savons \u00e0 quel point il est important d'entretenir votre v\u00e9hicule avec des pi\u00e8ces sp\u00e9cialement con\u00e7ues pour lui. C'est pourquoi nous ne proposons que des pi\u00e8ces officielles Kukirin, garantissant que tout ce que vous achetez chez nous r\u00e9pond aux normes exactes \u00e9tablies par le fabricant d'origine, l'usine Kukirin.<\/p>\n<p>Notre objectif est de rendre votre exp\u00e9rience d'achat aussi facile que possible, en vous offrant un service client de premier ordre, une livraison rapide et une large gamme de produits. En tant que source officielle de pi\u00e8ces d\u00e9tach\u00e9es pour scooter Kukirin, que vous cherchiez \u00e0 remplacer une pi\u00e8ce ou \u00e0 faire une mise \u00e0 niveau, nous avons tout ce qu'il vous faut pour garder votre scooter Kukirin en parfait \u00e9tat.<\/p>\n<p>Merci d'avoir choisi KuKirin. Nous sommes l\u00e0 pour vous soutenir dans vos d\u00e9placements, o\u00f9 qu'ils vous m\u00e8nent.<\/p>\t\t\t\t\t\t\t\t<\/div>\n\t\t\t\t<\/div>\n\t\t\t\t\t<\/div>\n\t\t\t\t<\/div>\n\t\t\t\t<\/div>","protected":false},"excerpt":{"rendered":"<p>kukirin-scooter-parts.com, your trusted source for official Kukirin scooter spare parts and accessories. We\u2019re all about helping you keep your Kukirin scooter running at its best with high-quality, original components. As a dedicated online store, we know how important it is to maintain your ride with parts that are made specifically for it. That\u2019s why we &#8230; <a title=\"\u00c0 propos de nous\" class=\"read-more\" href=\"https:\/\/kukirin-scooter-parts.com\/fr\/about-us\/\" aria-label=\"En savoir plus sur About Us\">Lire la suite<\/a><\/p>","protected":false},"author":1,"featured_media":0,"parent":0,"menu_order":0,"comment_status":"closed","ping_status":"closed","template":"","meta":{"footnotes":""},"class_list":["post-61","page","type-page","status-publish"],"_links":{"self":[{"href":"https:\/\/kukirin-scooter-parts.com\/fr\/wp-json\/wp\/v2\/pages\/61","targetHints":{"allow":["GET"]}}],"collection":[{"href":"https:\/\/kukirin-scooter-parts.com\/fr\/wp-json\/wp\/v2\/pages"}],"about":[{"href":"https:\/\/kukirin-scooter-parts.com\/fr\/wp-json\/wp\/v2\/types\/page"}],"author":[{"embeddable":true,"href":"https:\/\/kukirin-scooter-parts.com\/fr\/wp-json\/wp\/v2\/users\/1"}],"replies":[{"embeddable":true,"href":"https:\/\/kukirin-scooter-parts.com\/fr\/wp-json\/wp\/v2\/comments?post=61"}],"version-history":[{"count":7,"href":"https:\/\/kukirin-scooter-parts.com\/fr\/wp-json\/wp\/v2\/pages\/61\/revisions"}],"predecessor-version":[{"id":83,"href":"https:\/\/kukirin-scooter-parts.com\/fr\/wp-json\/wp\/v2\/pages\/61\/revisions\/83"}],"wp:attachment":[{"href":"https:\/\/kukirin-scooter-parts.com\/fr\/wp-json\/wp\/v2\/media?parent=61"}],"curies":[{"name":"wp","href":"https:\/\/api.w.org\/{rel}","templated":true}]}}