{"id":3,"date":"2024-08-28T09:48:00","date_gmt":"2024-08-28T09:48:00","guid":{"rendered":"http:\/\/kukirin-scooter-parts.com\/?page_id=3"},"modified":"2024-09-02T07:25:46","modified_gmt":"2024-09-02T07:25:46","slug":"privacy-policy","status":"publish","type":"page","link":"https:\/\/kukirin-scooter-parts.com\/fr\/privacy-policy\/","title":{"rendered":"Politique de confidentialit\u00e9"},"content":{"rendered":"<div data-elementor-type=\"wp-page\" data-elementor-id=\"3\" class=\"elementor elementor-3\" data-elementor-post-type=\"page\">\n\t\t\t\t<div class=\"elementor-element elementor-element-250f5984 e-flex e-con-boxed e-con e-parent\" data-id=\"250f5984\" data-element_type=\"container\" data-e-type=\"container\">\n\t\t\t\t\t<div class=\"e-con-inner\">\n\t\t\t\t<div class=\"elementor-element elementor-element-2760fd46 elementor-widget elementor-widget-text-editor\" data-id=\"2760fd46\" data-element_type=\"widget\" data-e-type=\"widget\" data-widget_type=\"text-editor.default\">\n\t\t\t\t<div class=\"elementor-widget-container\">\n\t\t\t\t\t\t\t\t\t<p><\/p>\n<p>Ici kukirin-scooter-parts.com (ci-apr\u00e8s d\u00e9nomm\u00e9 \"nous\" ou \"KuKirin\", \"Site\"), nous nous engageons \u00e0 prot\u00e9ger et \u00e0 respecter la confidentialit\u00e9 de vos donn\u00e9es personnelles. Cette politique de confidentialit\u00e9 explique comment vos donn\u00e9es sont collect\u00e9es, utilis\u00e9es, transf\u00e9r\u00e9es et divulgu\u00e9es par KuKirin. Elle s'applique aux donn\u00e9es collect\u00e9es lorsque vous utilisez nos sites web, lorsque vous interagissez avec nous via les m\u00e9dias sociaux, l'email ou le t\u00e9l\u00e9phone, ou lorsque vous participez \u00e0 nos concours ou \u00e9v\u00e9nements. Il couvre :<\/p>\n<h2 class=\"wp-block-heading\"><strong>1. Notre engagement envers vous\u00a0<\/strong><br \/><strong>2. Comment nous s\u00e9curisons vos donn\u00e9es\u00a0\u00a0<\/strong><br \/><strong>3. Les donn\u00e9es personnelles que nous collectons\u00a0<\/strong><br \/><strong>4. Comment nous collectons vos donn\u00e9es\u00a0<\/strong><br \/><strong>5. Comment nous utilisons vos donn\u00e9es\u00a0<\/strong><br \/><strong>6. A propos des cookies\u00a0<\/strong><br \/><strong>7. Comment nous partageons vos donn\u00e9es\u00a0<\/strong><br \/><strong>8. Vos droits sur vos donn\u00e9es personnelles\u00a0<\/strong><br \/><strong>9. Modifications de la pr\u00e9sente politique de confidentialit\u00e9<\/strong><\/h2>\n<h3>1. Notre engagement envers vous<\/h3>\n<h2 class=\"wp-block-heading\">Nous prenons au s\u00e9rieux la protection de vos donn\u00e9es personnelles et les traitons de mani\u00e8re \u00e9quitable, l\u00e9gale et transparente. La pr\u00e9sente politique de confidentialit\u00e9 d\u00e9crit les donn\u00e9es \u00e0 caract\u00e8re personnel que nous recueillons \u00e0 votre sujet et la mani\u00e8re dont elles sont utilis\u00e9es. Nous ne collecterons et n'utiliserons vos donn\u00e9es personnelles qu'aux fins suivantes :<\/h2>\n<ul>\n<li>Am\u00e9liorer nos services ;<\/li>\n<li>Assumer nos responsabilit\u00e9s l\u00e9gales.<\/li>\n<\/ul>\n<h3>2. Comment nous s\u00e9curisons vos donn\u00e9es<\/h3>\n<p>Nous avons mis en place des garanties organisationnelles et des mesures de s\u00e9curit\u00e9 appropri\u00e9es pour prot\u00e9ger vos donn\u00e9es contre la perte accidentelle, l'utilisation ou l'acc\u00e8s non autoris\u00e9, la modification ou la divulgation. La communication entre votre navigateur et notre site web utilise une connexion s\u00e9curis\u00e9e et crypt\u00e9e lorsque vos donn\u00e9es personnelles sont impliqu\u00e9es. Nous cryptons vos donn\u00e9es et les stockons sur des serveurs s\u00e9curis\u00e9s cach\u00e9s derri\u00e8re un pare-feu. Nous exigeons de tout tiers charg\u00e9 de traiter vos donn\u00e9es personnelles en notre nom qu'il mette en place des mesures de s\u00e9curit\u00e9 pour prot\u00e9ger vos donn\u00e9es et qu'il les traite conform\u00e9ment \u00e0 la loi. Dans le cas malheureux d'une violation de donn\u00e9es \u00e0 caract\u00e8re personnel, nous vous en informerons, ainsi que toute r\u00e9glementation applicable, lorsque nous sommes l\u00e9galement tenus de le faire.<\/p>\n<h3>3. Les donn\u00e9es personnelles que nous collectons\u00a0<\/h3>\n<p>3.1 Adresse \u00e9lectronique, y compris l'adresse \u00e9lectronique fournie par des tiers agr\u00e9\u00e9s associ\u00e9s.<\/p>\n<p>3.2 Informations relatives \u00e0 l'exp\u00e9dition, y compris le nom, le pays et le num\u00e9ro de t\u00e9l\u00e9phone. Lorsque nous devons stocker des informations relatives \u00e0 une commande, nous les introduisons dans notre base de donn\u00e9es par le biais d'un cryptage SSL. Bien que notre site web soit con\u00e7u pour un public g\u00e9n\u00e9ral, nous ne collectons pas sciemment de donn\u00e9es aupr\u00e8s d'enfants, qui ne sont pas autoris\u00e9s \u00e0 utiliser ou \u00e0 soumettre des donn\u00e9es sur le site web.<\/p>\n<h3>4. Comment nous collectons vos donn\u00e9es<\/h3>\n<p>Nous pouvons collecter des donn\u00e9es \u00e0 caract\u00e8re personnel vous concernant de la mani\u00e8re suivante :\u00a0<\/p>\n<h2 class=\"wp-block-heading\">4.1 Interactions directes : Vous pouvez nous communiquer vos donn\u00e9es d'identit\u00e9, de contact, financi\u00e8res, de transaction, de profil, de marketing et de communication en remplissant des formulaires, en saisissant des informations en ligne ou en correspondant avec nous par courrier, par t\u00e9l\u00e9phone, par courrier \u00e9lectronique, par t\u00e9l\u00e9phone ou de toute autre mani\u00e8re. Il s'agit notamment des donn\u00e9es \u00e0 caract\u00e8re personnel que vous fournissez, par exemple, lorsque vous.. :<\/h2>\n<ul>\n<li>Cr\u00e9ez un compte sur notre site web ;\u00a0<\/li>\n<li>Abonnez-vous \u00e0 notre lettre d'information, \u00e0 nos forums de discussion et \u00e0 nos sites de m\u00e9dias sociaux ;<\/li>\n<li>R\u00e9aliser une \u00e9tude de march\u00e9 volontaire ;<\/li>\n<li>Nous contacter pour une demande de renseignements ou pour signaler un probl\u00e8me (par t\u00e9l\u00e9phone, courriel, m\u00e9dias sociaux ou service de messagerie) ;<\/li>\n<li>Lorsque vous vous connectez \u00e0 notre site web via les m\u00e9dias sociaux.<\/li>\n<\/ul>\n<p>4.2 Interactions indirectes : Lorsque vous interagissez avec notre site web, nous pouvons collecter automatiquement les donn\u00e9es techniques en utilisant des cookies, des journaux de serveur et d'autres technologies similaires. Pour de plus amples informations, veuillez consulter la section \"Cookies\".<\/p>\n<h2 class=\"wp-block-heading\">4.3 Tiers : Nous pouvons recevoir des donn\u00e9es \u00e0 caract\u00e8re personnel vous concernant de la part de divers tiers, notamment :\u00a0<\/h2>\n<ul>\n<li>Des tiers associ\u00e9s, y compris des fournisseurs de services d'analyse tels que Google ;\u00a0<\/li>\n<li>Les r\u00e9seaux d'affili\u00e9s par l'interm\u00e9diaire desquels vous avez acc\u00e9d\u00e9 \u00e0 notre site web ;<\/li>\n<li>Les plateformes de m\u00e9dias sociaux lorsque vous vous connectez \u00e0 notre site web en utilisant ces plateformes de m\u00e9dias sociaux.<\/li>\n<\/ul>\n<h3>5. Comment nous utilisons vos donn\u00e9es<\/h3>\n<p>Nous ne collecterons et ne traiterons vos donn\u00e9es \u00e0 caract\u00e8re personnel que si nous disposons d'une base juridique pour le faire. En tant que responsable du traitement des donn\u00e9es, la base juridique de la collecte et de l'utilisation de vos donn\u00e9es \u00e0 caract\u00e8re personnel varie en fonction de la mani\u00e8re dont nous les avons collect\u00e9es et de la finalit\u00e9 de cette collecte. Nous ne collecterons et ne traiterons vos donn\u00e9es \u00e0 caract\u00e8re personnel que si nous disposons d'une base juridique pour le faire. En tant que responsable du traitement des donn\u00e9es, la base juridique de la collecte et de l'utilisation de vos donn\u00e9es \u00e0 caract\u00e8re personnel varie en fonction de la mani\u00e8re dont nous les avons collect\u00e9es et de l'objectif pour lequel nous les avons collect\u00e9es. Nous ne collecterons vos donn\u00e9es \u00e0 caract\u00e8re personnel que dans les cas suivants :<\/p>\n<p>5.1 Nous avons votre consentement pour le faire<\/p>\n<p>5.2 Nous avons besoin de vos donn\u00e9es personnelles pour ex\u00e9cuter un contrat avec vous. Par exemple, pour traiter un paiement de votre part, ex\u00e9cuter votre commande ou fournir une assistance \u00e0 la client\u00e8le li\u00e9e \u00e0 une commande.<\/p>\n<p>5.3 Le traitement est conforme \u00e0 nos int\u00e9r\u00eats l\u00e9gitimes et vos droits ne s'y opposent pas.<\/p>\n<p>5.4 Nous avons l'obligation l\u00e9gale de collecter ou de divulguer vos donn\u00e9es personnelles. Vos donn\u00e9es personnelles sont utilis\u00e9es par KuKirin pour soutenir une s\u00e9rie d'activit\u00e9s diff\u00e9rentes. Celles-ci sont \u00e9num\u00e9r\u00e9es dans le tableau ci-dessous avec les types de donn\u00e9es utilis\u00e9es et les bases juridiques sur lesquelles nous nous appuyons pour les traiter, y compris, le cas \u00e9ch\u00e9ant, nos int\u00e9r\u00eats l\u00e9gitimes. Veuillez noter que nous pouvons traiter vos donn\u00e9es \u00e0 caract\u00e8re personnel en utilisant plus d'une base l\u00e9gale, en fonction de l'activit\u00e9 sp\u00e9cifique concern\u00e9e. Veuillez nous contacter si vous avez besoin de d\u00e9tails sur la base juridique sp\u00e9cifique sur laquelle nous nous appuyons pour traiter vos donn\u00e9es \u00e0 caract\u00e8re personnel lorsque plus d'une base est indiqu\u00e9e dans le tableau ci-dessous.\u00a0<\/p>\n<p>5.5 Pour cr\u00e9er un compte et vous enregistrer en tant que nouveau client (soit directement, soit via les m\u00e9dias sociaux).\u00a0<\/p>\n<p>5.6 G\u00e9rer nos relations avec vous, notamment en vous fournissant les informations, produits et services que vous nous demandez, en vous informant des modifications apport\u00e9es \u00e0 nos services, \u00e0 nos conditions g\u00e9n\u00e9rales ou \u00e0 notre politique de confidentialit\u00e9, en vous demandant de laisser un avis ou de r\u00e9pondre \u00e0 une enqu\u00eate.\u00a0<\/p>\n<p>5.7 Pour vous permettre de participer \u00e0 un concours, \u00e0 un \u00e9v\u00e9nement, \u00e0 une enqu\u00eate ou de recevoir une r\u00e9compense.\u00a0<\/p>\n<p>5.8 Pour administrer, prot\u00e9ger et am\u00e9liorer nos activit\u00e9s et notre site web\/application, y compris le d\u00e9pannage, l'analyse des donn\u00e9es, les tests, la maintenance du syst\u00e8me, l'assistance, l'analyse des donn\u00e9es, l'\u00e9tablissement de rapports et l'h\u00e9bergement des donn\u00e9es ; la d\u00e9finition d'options par d\u00e9faut pour vous, telles que la langue et la devise.\u00a0\u00a0<\/p>\n<p>5.9 Fournir un contenu de site web, des publicit\u00e9s en ligne et des informations pertinentes pour vous ; et mesurer l'efficacit\u00e9 de la publicit\u00e9 fournie.\u00a0<\/p>\n<p>5.10 Utiliser l'analyse des donn\u00e9es pour : am\u00e9liorer notre site web, nos produits, nos services, notre marketing, nos relations avec les clients et nos exp\u00e9riences ; et \u00e0 des fins d'\u00e9tudes de march\u00e9, de statistiques et d'enqu\u00eates.\u00a0<\/p>\n<p>5.11 Recommander des produits, des services, des r\u00e9ductions et des offres susceptibles de vous int\u00e9resser, notamment en vous envoyant ces informations par courrier \u00e9lectronique, par courrier postal ou par SMS.\u00a0<\/p>\n<p>5.12 Pour vous informer ou vous rappeler par courrier \u00e9lectronique toute t\u00e2che effectu\u00e9e via notre site web qui reste inachev\u00e9e, telle que des commandes incompl\u00e8tes ou des paniers abandonn\u00e9s. Nous n'utiliserons vos donn\u00e9es \u00e0 caract\u00e8re personnel qu'aux fins pour lesquelles nous les avons collect\u00e9es, sauf si nous consid\u00e9rons raisonnablement que nous devons les utiliser pour une autre raison et que cette raison est compatible avec la finalit\u00e9 initiale. Si nous souhaitons utiliser vos donn\u00e9es \u00e0 caract\u00e8re personnel pour une finalit\u00e9 non li\u00e9e, nous vous en informerons et nous vous expliquerons la base juridique qui nous autorise \u00e0 le faire. Nous pouvons traiter des donn\u00e9es \u00e0 caract\u00e8re personnel sans votre consentement, conform\u00e9ment aux r\u00e8gles susmentionn\u00e9es, lorsque la loi l'exige ou le permet. Nous conserverons vos donn\u00e9es \u00e0 caract\u00e8re personnel pendant une dur\u00e9e n'exc\u00e9dant pas celle n\u00e9cessaire aux fins pour lesquelles elles ont \u00e9t\u00e9 fournies et pour satisfaire \u00e0 nos obligations l\u00e9gales. De plus amples d\u00e9tails sur les p\u00e9riodes pendant lesquelles nous conservons les donn\u00e9es sont disponibles sur demande.\u00a0<\/p>\n<h3>6. \u00c0 propos des cookies\u00a0<\/h3>\n<p>Nous utilisons des \"cookies\" pour stocker des informations sp\u00e9cifiques vous concernant et suivre vos visites sur le site, que ce soit par le biais d'un ordinateur ou d'un appareil mobile. Il n'est pas rare que les sites web utilisent des cookies pour am\u00e9liorer l'identification de leurs visiteurs. Un \"cookie\" est une petite quantit\u00e9 de donn\u00e9es envoy\u00e9e \u00e0 votre navigateur et stock\u00e9e sur le disque dur de votre ordinateur ou de votre appareil mobile. Si vous ne d\u00e9sactivez pas ou n'effacez pas le cookie, chaque fois que vous utilisez le m\u00eame navigateur ou le m\u00eame appareil mobile pour acc\u00e9der au site, nos serveurs web seront inform\u00e9s de votre visite sur le site et, \u00e0 leur tour, nous pourrons avoir connaissance de votre visite et de votre mode d'utilisation.\u00a0\u00a0<\/p>\n<p>Les cookies nous permettent de m\u00e9moriser vos informations afin que vous n'ayez pas \u00e0 les saisir \u00e0 nouveau \u00e0 chaque fois que vous utilisez le site. En outre, nous utilisons des cookies pour g\u00e9rer la s\u00e9curit\u00e9 de notre site, recueillir des informations sur l'utilisation par les utilisateurs, \u00e9tudier les habitudes de visite et faire de la publicit\u00e9 bas\u00e9e sur les centres d'int\u00e9r\u00eat, aider nos partenaires \u00e0 suivre les visites des utilisateurs sur le site et suivre les progr\u00e8s et la participation aux promotions. Pour ces objectifs suppl\u00e9mentaires identifi\u00e9s ci-dessus, vous pouvez d\u00e9terminer si et comment un cookie sera accept\u00e9 en configurant les param\u00e8tres de confidentialit\u00e9 du navigateur que vous utilisez pour acc\u00e9der au site ou les param\u00e8tres de confidentialit\u00e9 de votre appareil mobile. Si vous r\u00e9glez les param\u00e8tres de confidentialit\u00e9 du navigateur, votre appareil mobile continuera \u00e0 collecter des donn\u00e9es \u00e0 moins que vous ne r\u00e9gliez les param\u00e8tres de confidentialit\u00e9 de l'appareil et vice versa. Certaines fonctionnalit\u00e9s du site d\u00e9pendent des cookies.\u00a0<\/p>\n<p>Sachez que si vous choisissez de bloquer les cookies, il se peut que vous ne puissiez pas vous connecter ou utiliser ces fonctionnalit\u00e9s, et que les pr\u00e9f\u00e9rences qui d\u00e9pendent des cookies soient perdues.  Nous utilisons une gamme d'outils d'analyse et de publicit\u00e9 cibl\u00e9e pour vous afficher du contenu pertinent sur notre site Web et des publicit\u00e9s en ligne sur d'autres sites Web et applis (comme d\u00e9crit ci-dessus), vous fournir du contenu pertinent dans les communications marketing (le cas \u00e9ch\u00e9ant), et pour mesurer l'efficacit\u00e9 de la publicit\u00e9 fournie.\u00a0<\/p>\n<p>Par exemple, nous utilisons des outils tels que Google Analytics pour analyser les donn\u00e9es publicitaires bas\u00e9es sur les centres d'int\u00e9r\u00eat de Google et\/ou les donn\u00e9es d'audience de tiers (telles que l'\u00e2ge, l'\u00e9tat civil, les \u00e9v\u00e9nements de la vie, le sexe et les centres d'int\u00e9r\u00eat) afin de cibler et d'am\u00e9liorer nos campagnes de marketing, nos strat\u00e9gies de marketing et le contenu de notre site web. Nous pouvons \u00e9galement utiliser des outils fournis par d'autres tiers, tels que Facebook. Notre site web peut inclure des liens vers et depuis les sites web de nos r\u00e9seaux partenaires, annonceurs et affili\u00e9s, ou vers des plateformes de m\u00e9dias sociaux. Si vous suivez un lien vers l'un de ces sites web, veuillez noter que ces sites web ont leurs propres politiques de confidentialit\u00e9 et que nous n'acceptons aucune responsabilit\u00e9 pour ces politiques. Veuillez v\u00e9rifier ces politiques avant de soumettre des donn\u00e9es personnelles sur ces sites web.\u00a0<\/p>\n<h3>7. Comment nous partageons vos donn\u00e9es\u00a0<\/h3>\n<p>Nous ne vendons pas, ne louons pas, n'\u00e9changeons pas, ne conc\u00e9dons pas de licence, ne divulguons pas ou ne partageons pas vos informations personnelles ou financi\u00e8res avec qui que ce soit, sauf dans les situations sp\u00e9cifiques suivantes :\u00a0\u00a0\u00a0\u00a0\u00a0<\/p>\n<p>7.1 Prestataires de services tiers : Comme la plupart des commer\u00e7ants en ligne, nous faisons parfois appel \u00e0 des prestataires de services tiers pour ex\u00e9cuter des fonctions sp\u00e9cifiques en notre nom. Toutes les informations qui leur sont communiqu\u00e9es le sont uniquement dans le but de les aider \u00e0 fournir leurs services. Par exemple, nous fournissons votre nom, votre adresse de livraison et votre num\u00e9ro de t\u00e9l\u00e9phone \u00e0 des partenaires tels que DHL afin de garantir la livraison de vos commandes, et nous pouvons utiliser des informations pertinentes sur les clients afin de contr\u00f4ler la qualit\u00e9 du service de la tierce partie.\u00a0<\/p>\n<p>7.2 Obligation l\u00e9gale de divulguer des informations : Nous pouvons \u00eatre tenus de divulguer les informations en cas de citation \u00e0 compara\u00eetre, d'ordonnance d'un tribunal ou de demande des autorit\u00e9s charg\u00e9es de l'application de la loi dans le cadre d'une enqu\u00eate, ou si nous sommes autrement tenus par la loi de divulguer ces informations. Nous divulguerons \u00e9galement des informations personnelles si cela s'av\u00e8re n\u00e9cessaire pour prot\u00e9ger nos droits l\u00e9gaux ou faire respecter nos conditions d'utilisation et d'autres accords. Par exemple, nous pouvons partager des informations pour r\u00e9duire le risque de fraude ou pour pr\u00e9venir la fraude de la part d'utilisateurs qui tentent de commettre des fraudes ou d'autres activit\u00e9s ill\u00e9gales sur notre site.\u00a0<\/p>\n<p>7.3 Fusion et\/ou vente d'actifs : Normalement, nous ne vendons pas, n'\u00e9changeons pas et ne louons pas d'informations personnelles \u00e0 d'autres soci\u00e9t\u00e9s dans le cadre de nos activit\u00e9s. Toutefois, il est possible que nous acqu\u00e9rions, fusionnions ou soyons acquis par une autre soci\u00e9t\u00e9, ou que nous c\u00e9dions tout ou partie de nos actifs, auquel cas vos informations personnelles pourraient \u00eatre divulgu\u00e9es \u00e0 une autre soci\u00e9t\u00e9, sous r\u00e9serve de la politique de protection de la vie priv\u00e9e en vigueur.\u00a0<\/p>\n<p>7.4 Informations non personnellement identifiables : Nous pouvons partager des informations qui ne vous identifient pas ou qui n'identifient pas un utilisateur, telles que le nombre de visiteurs quotidiens d'une page particuli\u00e8re ou le volume d'une commande pass\u00e9e \u00e0 une certaine date, avec des tiers tels que des partenaires publicitaires.<\/p>\n<h3>8. Vos droits sur vos donn\u00e9es personnelles\u00a0\u00a0<\/h3>\n<p>La l\u00e9gislation sur la protection des donn\u00e9es vous conf\u00e8re plusieurs droits. Il s'agit notamment, dans certaines circonstances, du droit de :<\/p>\n<p>8.1 Demande d'acc\u00e8s \u00e0 vos donn\u00e9es personnelles<\/p>\n<p>8.2 Demander la correction de vos donn\u00e9es personnelles<\/p>\n<p>8.3 Demander l'effacement de vos donn\u00e9es \u00e0 caract\u00e8re personnel<\/p>\n<p>8.4 Demander la restriction du traitement de vos donn\u00e9es \u00e0 caract\u00e8re personnel<\/p>\n<p>8.5 Demander le transfert de vos donn\u00e9es \u00e0 caract\u00e8re personnel<\/p>\n<p>8.6 Opposition au traitement de vos donn\u00e9es \u00e0 caract\u00e8re personnel<\/p>\n<p>8.7 Objection \u00e0 la prise de d\u00e9cision automatis\u00e9e<\/p>\n<h3>9. Modifications de la pr\u00e9sente politique de protection de la vie priv\u00e9e<\/h3>\n<p>Nous pouvons \u00eatre amen\u00e9s \u00e0 modifier cette politique de confidentialit\u00e9 de temps \u00e0 autre. En cas de modifications importantes, nous publierons les mises \u00e0 jour sur notre site web et nos applications ou nous vous en informerons par courrier \u00e9lectronique. Cette politique de confidentialit\u00e9 a \u00e9t\u00e9 mise \u00e0 jour pour la derni\u00e8re fois le 4 septembre 2024.<\/p>\t\t\t\t\t\t\t\t<\/div>\n\t\t\t\t<\/div>\n\t\t\t\t\t<\/div>\n\t\t\t\t<\/div>\n\t\t\t\t<\/div>","protected":false},"excerpt":{"rendered":"<p>Here is kukirin-scooter-parts.com (hereinafter referred to as \u201cwe\u201d, \u201cus\u201d or \u201cKuKirin\u201d, &#8220;Site&#8221;), we are committed to protecting and respecting the privacy of your personal data. This privacy policy explains how your data is collected, used, transferred, and disclosed by KuKirin. It applies to data collected when you use our websites when you interact with us &#8230; <a title=\"Politique de confidentialit\u00e9\" class=\"read-more\" href=\"https:\/\/kukirin-scooter-parts.com\/fr\/privacy-policy\/\" aria-label=\"En savoir plus sur Privacy Policy\">Lire la suite<\/a><\/p>","protected":false},"author":1,"featured_media":0,"parent":0,"menu_order":0,"comment_status":"closed","ping_status":"open","template":"","meta":{"footnotes":""},"class_list":["post-3","page","type-page","status-publish"],"_links":{"self":[{"href":"https:\/\/kukirin-scooter-parts.com\/fr\/wp-json\/wp\/v2\/pages\/3","targetHints":{"allow":["GET"]}}],"collection":[{"href":"https:\/\/kukirin-scooter-parts.com\/fr\/wp-json\/wp\/v2\/pages"}],"about":[{"href":"https:\/\/kukirin-scooter-parts.com\/fr\/wp-json\/wp\/v2\/types\/page"}],"author":[{"embeddable":true,"href":"https:\/\/kukirin-scooter-parts.com\/fr\/wp-json\/wp\/v2\/users\/1"}],"replies":[{"embeddable":true,"href":"https:\/\/kukirin-scooter-parts.com\/fr\/wp-json\/wp\/v2\/comments?post=3"}],"version-history":[{"count":4,"href":"https:\/\/kukirin-scooter-parts.com\/fr\/wp-json\/wp\/v2\/pages\/3\/revisions"}],"predecessor-version":[{"id":92,"href":"https:\/\/kukirin-scooter-parts.com\/fr\/wp-json\/wp\/v2\/pages\/3\/revisions\/92"}],"wp:attachment":[{"href":"https:\/\/kukirin-scooter-parts.com\/fr\/wp-json\/wp\/v2\/media?parent=3"}],"curies":[{"name":"wp","href":"https:\/\/api.w.org\/{rel}","templated":true}]}}