{"id":69,"date":"2024-09-02T03:59:33","date_gmt":"2024-09-02T03:59:33","guid":{"rendered":"https:\/\/kukirin-scooter-parts.com\/?page_id=69"},"modified":"2024-09-02T08:23:12","modified_gmt":"2024-09-02T08:23:12","slug":"warranty-policy","status":"publish","type":"page","link":"https:\/\/kukirin-scooter-parts.com\/fi\/warranty-policy\/","title":{"rendered":"Takuuk\u00e4yt\u00e4nt\u00f6"},"content":{"rendered":"<div data-elementor-type=\"wp-page\" data-elementor-id=\"69\" class=\"elementor elementor-69\" data-elementor-post-type=\"page\">\n\t\t\t\t<div class=\"elementor-element elementor-element-438fa0d e-flex e-con-boxed e-con e-parent\" data-id=\"438fa0d\" data-element_type=\"container\" data-e-type=\"container\">\n\t\t\t\t\t<div class=\"e-con-inner\">\n\t\t\t\t<div class=\"elementor-element elementor-element-339e41b elementor-widget elementor-widget-text-editor\" data-id=\"339e41b\" data-element_type=\"widget\" data-e-type=\"widget\" data-widget_type=\"text-editor.default\">\n\t\t\t\t<div class=\"elementor-widget-container\">\n\t\t\t\t\t\t\t\t\t<p>Akku<\/p><p>KuKirin Scooter Parts tarjoaa 6 kuukauden takuun akun kanssa, jos akku todetaan vialliseksi, toimitamme korvaavan akun (akut) veloituksetta.<\/p><p>Kaikkiin akkujen ja akkupakettien takuuvaatimuksiin sovelletaan seuraavia ehtoja ja rajoituksia:<\/p><p>Ehdot ja rajoitukset<\/p><p>1. Akun on oltava sopivan kokoinen, rakenteeltaan ja kapasiteetiltaan sovellukseen sopiva. Jos sovellukseen ei k\u00e4ytet\u00e4 asianmukaista akkua, kaikki takuut raukeavat.<br \/>2. Akkua on k\u00e4sitelt\u00e4v\u00e4, varastoitava ja asennettava asianmukaisesti. Lopullinen asennus on saatettava p\u00e4\u00e4t\u00f6kseen viimeist\u00e4\u00e4n kahden kuukauden kuluttua vastaanottop\u00e4iv\u00e4st\u00e4.<br \/>3. Akkua on k\u00e4ytett\u00e4v\u00e4 yhdess\u00e4 virtarajoitteisen, vakioj\u00e4nnitteisen latausj\u00e4rjestelm\u00e4n kanssa, ja sit\u00e4 on muutoin k\u00e4ytett\u00e4v\u00e4 ja huollettava ohjeiden mukaisesti.<br \/>4. K\u00e4ytt\u00e4j\u00e4n on annettava KuKirin Scooter Parts -yhti\u00f6n edustajan tutkia akku l\u00e4hett\u00e4m\u00e4ll\u00e4 akut takaisin meille takuuvaatimuksen tutkimista varten.<br \/>5. Korvaavaan akkuun sovelletaan vain alkuper\u00e4isen akun takuun j\u00e4ljell\u00e4 olevaa k\u00e4ytt\u00e4m\u00e4t\u00f6nt\u00e4 osaa.<br \/>6. T\u00e4m\u00e4 takuu raukeaa, jos akkua on k\u00e4ytetty v\u00e4\u00e4rin, v\u00e4\u00e4rink\u00e4ytetty tai se on k\u00e4rsinyt n\u00e4kyvi\u00e4 fyysisi\u00e4 vaurioita, tai jos akku tulee k\u00e4ytt\u00f6kelvottomaksi tulipalon, romun, tulvan, j\u00e4\u00e4tymisen tai muun luonnonvoiman vuoksi.<br \/>7. Edell\u00e4 mainitut takuut korvaavat kaikki muut ilmaistut tai hiljaiset takuut, mukaan lukien rajoituksetta kaikki implisiittiset takuut myyntikelpoisuudesta tai sopivuudesta. KuKirin Scooter Parts ei miss\u00e4\u00e4n tapauksessa ole vastuussa mist\u00e4\u00e4n satunnaisista KuKirin Scooter Parts.com ei ole vastuussa mist\u00e4\u00e4n edell\u00e4 mainittujen laitteiden laatuun tai suorituskykyyn liittyvist\u00e4 vioista tai sopimusrikkomuksista mink\u00e4\u00e4n lainopillisen teorian nojalla.<br \/>8. N\u00e4m\u00e4 rajoitetut takuut koskevat alkuper\u00e4ist\u00e4 ostajaa (k\u00e4ytt\u00e4j\u00e4\u00e4), eik\u00e4 niit\u00e4 voi siirt\u00e4\u00e4.<br \/>9. K\u00e4ytt\u00e4j\u00e4n on viipym\u00e4tt\u00e4 ilmoitettava KuKirin Scooter Partsille, jos tuotteessa on v\u00e4itetty olevan vika.<\/p><p>Jos haluat tehd\u00e4 takuuvaatimuksen mink\u00e4 tahansa akun osalta, l\u00e4het\u00e4 meille s\u00e4hk\u00f6postia osoitteeseen info@kukirin-scooter-parts.com ja ilmoita seuraavat tiedot:<\/p><p>Nimi<br \/>Osoite<br \/>Tilausnumero<br \/>P\u00e4iv\u00e4m\u00e4\u00e4r\u00e4koodi leimattu akkuun<\/p><p>Muut kohteet<\/p><p>KuKirin Scooter Parts tarjoaa 12 kuukauden takuun muille tuotteille paitsi akulle.<br \/>Kaikkiin muita myym\u00e4l\u00e4tuotteita koskeviin takuuvaatimuksiin sovelletaan seuraavia ehtoja ja rajoituksia:<\/p><p>Ehdot ja rajoitukset<\/p><p>1. K\u00e4ytt\u00e4j\u00e4n on annettava KuKirin Scooter Parts -yhti\u00f6n edustajan tarkastaa tuote.<br \/>2. Korvaavaan tuotteeseen sovelletaan vain alkuper\u00e4isen tuotteen takuun j\u00e4ljell\u00e4 olevaa k\u00e4ytt\u00e4m\u00e4t\u00f6nt\u00e4 osaa.<br \/>3. T\u00e4m\u00e4 takuu raukeaa, jos tuotetta on k\u00e4ytetty v\u00e4\u00e4rin, v\u00e4\u00e4rink\u00e4ytetty tai se on k\u00e4rsinyt n\u00e4kyvi\u00e4 fyysisi\u00e4 vaurioita, tai jos se tulee k\u00e4ytt\u00f6kelvottomaksi tulipalon, romun, tulvan, j\u00e4\u00e4tymisen tai muun luonnonvoiman vuoksi.<br \/>4. Edell\u00e4 mainitut takuut korvaavat kaikki muut ilmaistut tai hiljaiset takuut, mukaan lukien rajoituksetta kaikki implisiittiset takuut myyntikelpoisuudesta tai sopivuudesta. KuKirin Scooter Parts ei miss\u00e4\u00e4n tapauksessa ole vastuussa mist\u00e4\u00e4n satunnaisista tai v\u00e4lillisist\u00e4 vahingoista tai menetyksist\u00e4. Kuten t\u00e4ss\u00e4 todetaan, KuKirin Scooter Parts ei ole vastuussa mist\u00e4\u00e4n edell\u00e4 mainittujen laitteiden laatuun tai suorituskykyyn liittyvist\u00e4 vioista tai sopimusrikkomuksista mink\u00e4\u00e4n lainopillisen teorian perusteella.<br \/>5. T\u00e4m\u00e4 rajoitettu takuu koskee alkuper\u00e4ist\u00e4 ostajaa (k\u00e4ytt\u00e4j\u00e4\u00e4), eik\u00e4 sit\u00e4 voi siirt\u00e4\u00e4.<br \/>6. K\u00e4ytt\u00e4j\u00e4n on viipym\u00e4tt\u00e4 ilmoitettava KuKirin Scooter Partsille, jos tuotteessa on v\u00e4itetty olevan vika.<br \/>7. Kaikki muut n\u00e4ihin osiin liittyv\u00e4t implisiittiset takuut, mukaan lukien, mutta ei rajoittuen, myyntikelpoisuus ja soveltuvuus tiettyyn tarkoitukseen, suljetaan pois. KuKirin Scooter Parts ei miss\u00e4\u00e4n tapauksessa ole vastuussa mist\u00e4\u00e4n satunnaisista tai v\u00e4lillisist\u00e4 vahingoista tai menetyksist\u00e4. Kuten t\u00e4ss\u00e4 todetaan, KuKirin Scooter Parts ei ole vastuussa mist\u00e4\u00e4n edell\u00e4 mainittujen laitteiden laatuun tai suorituskykyyn liittyvist\u00e4 vioista tai sopimusrikkomuksista mink\u00e4\u00e4n lainopillisen teorian perusteella.<\/p><p><b>Menettely<\/b><\/p><p>Jos haluat tehd\u00e4 takuuvaatimuksen, l\u00e4het\u00e4 meille s\u00e4hk\u00f6postia osoitteeseen info@kukirin-scooter-parts.com ja ilmoita yksityiskohtaiset tiedot ongelmista, joita sinulla on tuotteen kanssa.<\/p>\t\t\t\t\t\t\t\t<\/div>\n\t\t\t\t<\/div>\n\t\t\t\t\t<\/div>\n\t\t\t\t<\/div>\n\t\t\t\t<\/div>","protected":false},"excerpt":{"rendered":"<p>Akku KuKirin Scooter Parts tarjoaa 6 kuukauden takuun akun kanssa, jos akku todetaan vialliseksi, toimitamme korvaavan akun ilmaiseksi. Kaikkiin akun ja akkupaketin takuuvaatimuksiin sovelletaan seuraavia ehtoja ja rajoituksia: Ehdot ja rajoitukset 1. Akun on oltava oikean kokoinen, muotoinen ja kapasiteetiltaan sovellukseen sopiva. Vika ... <a title=\"Takuuk\u00e4yt\u00e4nt\u00f6\" class=\"read-more\" href=\"https:\/\/kukirin-scooter-parts.com\/fi\/warranty-policy\/\" aria-label=\"Lue lis\u00e4\u00e4 aiheesta Warranty Policy\">Lue lis\u00e4\u00e4<\/a><\/p>","protected":false},"author":1,"featured_media":0,"parent":0,"menu_order":0,"comment_status":"closed","ping_status":"closed","template":"","meta":{"footnotes":""},"class_list":["post-69","page","type-page","status-publish"],"_links":{"self":[{"href":"https:\/\/kukirin-scooter-parts.com\/fi\/wp-json\/wp\/v2\/pages\/69","targetHints":{"allow":["GET"]}}],"collection":[{"href":"https:\/\/kukirin-scooter-parts.com\/fi\/wp-json\/wp\/v2\/pages"}],"about":[{"href":"https:\/\/kukirin-scooter-parts.com\/fi\/wp-json\/wp\/v2\/types\/page"}],"author":[{"embeddable":true,"href":"https:\/\/kukirin-scooter-parts.com\/fi\/wp-json\/wp\/v2\/users\/1"}],"replies":[{"embeddable":true,"href":"https:\/\/kukirin-scooter-parts.com\/fi\/wp-json\/wp\/v2\/comments?post=69"}],"version-history":[{"count":4,"href":"https:\/\/kukirin-scooter-parts.com\/fi\/wp-json\/wp\/v2\/pages\/69\/revisions"}],"predecessor-version":[{"id":104,"href":"https:\/\/kukirin-scooter-parts.com\/fi\/wp-json\/wp\/v2\/pages\/69\/revisions\/104"}],"wp:attachment":[{"href":"https:\/\/kukirin-scooter-parts.com\/fi\/wp-json\/wp\/v2\/media?parent=69"}],"curies":[{"name":"wp","href":"https:\/\/api.w.org\/{rel}","templated":true}]}}