{"id":67,"date":"2024-09-02T03:57:53","date_gmt":"2024-09-02T03:57:53","guid":{"rendered":"https:\/\/kukirin-scooter-parts.com\/?page_id=67"},"modified":"2024-09-27T10:18:13","modified_gmt":"2024-09-27T10:18:13","slug":"shipping-delivery","status":"publish","type":"page","link":"https:\/\/kukirin-scooter-parts.com\/fi\/shipping-delivery\/","title":{"rendered":"Toimitus &amp; toimitus"},"content":{"rendered":"<div data-elementor-type=\"wp-page\" data-elementor-id=\"67\" class=\"elementor elementor-67\" data-elementor-post-type=\"page\">\n\t\t\t\t<div class=\"elementor-element elementor-element-df66abb e-flex e-con-boxed e-con e-parent\" data-id=\"df66abb\" data-element_type=\"container\" data-e-type=\"container\">\n\t\t\t\t\t<div class=\"e-con-inner\">\n\t\t\t\t<div class=\"elementor-element elementor-element-3920418 elementor-widget elementor-widget-text-editor\" data-id=\"3920418\" data-element_type=\"widget\" data-e-type=\"widget\" data-widget_type=\"text-editor.default\">\n\t\t\t\t<div class=\"elementor-widget-container\">\n\t\t\t\t\t\t\t\t\t<p>Toimitusmenetelm\u00e4t<br \/>Toimituksissamme k\u00e4yt\u00e4mme DPD-, UPS- ja GLS-varustamoita. L\u00e4het\u00e4mme asiakkaillemme toimitustiedot s\u00e4hk\u00f6postitse heti, kun toimitus on aloitettu, mukaan lukien toimitusp\u00e4iv\u00e4, seurantanumero ja seurantasivusto.<\/p><p>Toimitus alkaen<br \/>Paikalliset varastot Puolassa.<\/p><p>Toimitus osoitteeseen<br \/>Kaikki EU-maat lukuun ottamatta Kyprosta, Maltaa ja joitakin syrj\u00e4isi\u00e4 saaria.<\/p><p>Toimitusaika<\/p><p>Puolasta It\u00e4valtaan, Belgiaan, Bulgariaan, Kroatiaan, T\u0161ekkiin, Tanskaan, Viroon, Suomeen, Ranskaan, Saksaan, Kreikkaan, Unkariin, Irlantiin, Italiaan, Latviaan, Liettuaan, Luxemburgiin, Alankomaihin, Puolaan, Portugaliin, Romaniaan, Slovakiaan, Sloveniaan, Espanjaan, Ruotsiin ja Viroon kest\u00e4\u00e4 5-7 arkip\u00e4iv\u00e4\u00e4\uff08T\u00e4m\u00e4 toimitusaika on arvioitu, ja se voi viiv\u00e4sty\u00e4 eurooppalaisten juhlapyhien aikana.).<\/p><p>Huomautus\uff1a<\/p><p>Skootterin osien tuotteiden varastoa p\u00e4ivitet\u00e4\u00e4n usein, meill\u00e4 ei ole mahdollisuutta p\u00e4ivitt\u00e4\u00e4 kunkin osatuotteen varastoa ajoissa, jos v\u00e4lit\u00e4t vakavasti saapumisaikaa, ota yhteytt\u00e4 ennen tilauksen tekemist\u00e4, onko varastossa varastoa, ja p\u00e4\u00e4t\u00e4 sitten, onko tilata<\/p><p>Toimituskulut<\/p><p>Yli 35 euron arvoisten tilausten toimitus on ilmainen.Alle 35 euron arvoisten tilausten toimitusmaksu on 10 euroa per tilaus. Tuontiverot maksetaan, kun tavarat l\u00e4hetet\u00e4\u00e4n Puolan varastoon, sinun ei tarvitse maksaa tullimaksuja.<\/p>\t\t\t\t\t\t\t\t<\/div>\n\t\t\t\t<\/div>\n\t\t\t\t\t<\/div>\n\t\t\t\t<\/div>\n\t\t\t\t<\/div>","protected":false},"excerpt":{"rendered":"<p>Shipping methodsWe work with DPD, UPS and GLS shipping companies for our deliveries. We\u2019ll send the shipping information to our customers by emails as soon as the shipping is started, including the shipping date, the tracking number and the tracking site. Shipping fromThe local warehouses in Poland. Shipping toAll EU countries, except for Cyprus, Malta &#8230; <a title=\"Shipping &amp; Delivery\" class=\"read-more\" href=\"https:\/\/kukirin-scooter-parts.com\/fi\/shipping-delivery\/\" aria-label=\"Lue lis\u00e4\u00e4 aiheesta Shipping &amp; Delivery\">Lue lis\u00e4\u00e4<\/a><\/p>","protected":false},"author":1,"featured_media":0,"parent":0,"menu_order":0,"comment_status":"closed","ping_status":"closed","template":"","meta":{"footnotes":""},"class_list":["post-67","page","type-page","status-publish"],"_links":{"self":[{"href":"https:\/\/kukirin-scooter-parts.com\/fi\/wp-json\/wp\/v2\/pages\/67","targetHints":{"allow":["GET"]}}],"collection":[{"href":"https:\/\/kukirin-scooter-parts.com\/fi\/wp-json\/wp\/v2\/pages"}],"about":[{"href":"https:\/\/kukirin-scooter-parts.com\/fi\/wp-json\/wp\/v2\/types\/page"}],"author":[{"embeddable":true,"href":"https:\/\/kukirin-scooter-parts.com\/fi\/wp-json\/wp\/v2\/users\/1"}],"replies":[{"embeddable":true,"href":"https:\/\/kukirin-scooter-parts.com\/fi\/wp-json\/wp\/v2\/comments?post=67"}],"version-history":[{"count":10,"href":"https:\/\/kukirin-scooter-parts.com\/fi\/wp-json\/wp\/v2\/pages\/67\/revisions"}],"predecessor-version":[{"id":539,"href":"https:\/\/kukirin-scooter-parts.com\/fi\/wp-json\/wp\/v2\/pages\/67\/revisions\/539"}],"wp:attachment":[{"href":"https:\/\/kukirin-scooter-parts.com\/fi\/wp-json\/wp\/v2\/media?parent=67"}],"curies":[{"name":"wp","href":"https:\/\/api.w.org\/{rel}","templated":true}]}}