{"id":65,"date":"2024-09-02T03:55:17","date_gmt":"2024-09-02T03:55:17","guid":{"rendered":"https:\/\/kukirin-scooter-parts.com\/?page_id=65"},"modified":"2024-09-02T07:28:52","modified_gmt":"2024-09-02T07:28:52","slug":"terms-of-service","status":"publish","type":"page","link":"https:\/\/kukirin-scooter-parts.com\/fi\/terms-of-service\/","title":{"rendered":"K\u00e4ytt\u00f6ehdot"},"content":{"rendered":"<div data-elementor-type=\"wp-page\" data-elementor-id=\"65\" class=\"elementor elementor-65\" data-elementor-post-type=\"page\">\n\t\t\t\t<div class=\"elementor-element elementor-element-9797c62 e-flex e-con-boxed e-con e-parent\" data-id=\"9797c62\" data-element_type=\"container\" data-e-type=\"container\">\n\t\t\t\t\t<div class=\"e-con-inner\">\n\t\t\t\t<div class=\"elementor-element elementor-element-53fff2a elementor-widget elementor-widget-text-editor\" data-id=\"53fff2a\" data-element_type=\"widget\" data-e-type=\"widget\" data-widget_type=\"text-editor.default\">\n\t\t\t\t<div class=\"elementor-widget-container\">\n\t\t\t\t\t\t\t\t\t<p>Tervetuloa kukirin-scooter-parts.com! N\u00e4iss\u00e4 k\u00e4ytt\u00f6ehdoissa kuvataan ehdot, joita sovelletaan kukirin-scooter.com-sivuston k\u00e4ytt\u00e4miseen. T\u00e4m\u00e4 lausunto on oikeudellisesti sitova sopimus sinun, sivuston k\u00e4ytt\u00e4j\u00e4n (k\u00e4ytt\u00e4jien) (j\u00e4ljemp\u00e4n\u00e4 \"sin\u00e4\", \"j\u00e4sen\", \"asiakas\" tai \"k\u00e4ytt\u00e4j\u00e4\") ja kukirin-scooter.com:n (j\u00e4ljemp\u00e4n\u00e4 \"me\", \"meid\u00e4n\", \"meit\u00e4\" tai \"KuKirin\", \"sivusto\") v\u00e4lill\u00e4, Ole hyv\u00e4 ja lue n\u00e4m\u00e4 ehdot huolellisesti ennen kuin tilaat tuotteita sivustoltamme.<\/p><h2><strong><b>K\u00e4ytt\u00e4j\u00e4sopimus<\/b><\/strong><\/h2><p>K\u00e4ym\u00e4ll\u00e4, selaamalla tai k\u00e4ytt\u00e4m\u00e4ll\u00e4 t\u00e4t\u00e4 verkkosivustoa hyv\u00e4ksyt t\u00e4m\u00e4n verkkosivuston k\u00e4ytt\u00f6ehdot ja kaikki sovellettavat lait ja m\u00e4\u00e4r\u00e4ykset ja hyv\u00e4ksyt, ett\u00e4 olet vastuussa kaikkien sovellettavien paikallisten lakien noudattamisesta. Jos et hyv\u00e4ksy mit\u00e4\u00e4n n\u00e4ist\u00e4 ehdoista, sinua kiellet\u00e4\u00e4n k\u00e4ytt\u00e4m\u00e4st\u00e4 t\u00e4t\u00e4 verkkosivustoa. T\u00e4m\u00e4n verkkosivuston sis\u00e4lt\u00e4m\u00e4 materiaali on suojattu sovellettavien tekij\u00e4noikeus- ja tavaramerkkilakien nojalla. Tuotteemme ja palvelumme on suunnattu p\u00e4\u00e4asiassa aikuisille. Jos olet alaik\u00e4inen, takaa, ett\u00e4 vierailet sivustolla vanhemman tai laillisen huoltajan valvonnassa.<\/p><h3><strong><b>1. Sopimuksen ehto\u00a0<\/b><\/strong><\/h3><p>1.1 Edellytyksen\u00e4 Sivuston tai Palveluiden k\u00e4ytt\u00e4miselle ja k\u00e4ytt\u00e4miselle on, ett\u00e4 hyv\u00e4ksyt, ett\u00e4 noudatat kaikkia sovellettavia lakeja ja m\u00e4\u00e4r\u00e4yksi\u00e4 k\u00e4ytt\u00e4ess\u00e4si Sivustoa tai Palveluita.\u00a0<\/p><p>1.2 Sitoudut k\u00e4ytt\u00e4m\u00e4\u00e4n Sivustoa tai Palveluita ainoastaan omiin yksityisiin ja sis\u00e4isiin tarkoituksiisi. Sitoudut siihen, ett\u00e4 (a) et kopioi, j\u00e4ljenn\u00e4, lataa, julkaise uudelleen, myy, levit\u00e4 tai j\u00e4lleenmyyd\u00e4 mit\u00e4\u00e4n Palveluita tai mit\u00e4\u00e4n tietoja, teksti\u00e4, kuvia, grafiikkaa, videoleikkeit\u00e4, \u00e4\u00e4nt\u00e4, hakemistoja, tiedostoja, tietokantoja tai luetteloita jne., jotka ovat saatavilla Sivustolla tai sen kautta (\"Sivuston sis\u00e4lt\u00f6\"), ja (b) et kopioi, j\u00e4ljenn\u00e4, lataa, kokoa tai muuten k\u00e4yt\u00e4 Sivuston Sis\u00e4lt\u00f6\u00e4 KuKirinin kanssa kilpailevan liiketoiminnan harjoittamiseen tai Sivuston Sis\u00e4ll\u00f6n muulla tavoin kaupalliseen hy\u00f6dynt\u00e4miseen. Sivuston sis\u00e4ll\u00f6n systemaattinen hakeminen sivustolta kokoelman, koosteen, tietokannan tai hakemiston luomiseksi tai laatimiseksi suoraan tai ep\u00e4suorasti (joko robottien, h\u00e4m\u00e4h\u00e4kkien, automaattisten laitteiden tai manuaalisten prosessien avulla) ilman KuKirinin kirjallista lupaa on kielletty. Sivuston sis\u00e4ll\u00f6n tai materiaalin k\u00e4ytt\u00f6 mihin tahansa tarkoitukseen, jota ei ole nimenomaisesti sallittu n\u00e4iss\u00e4 ehdoissa, on kielletty.<br \/>\u00a0<\/p><p>1.3 Sinun on luettava KuKirinin tietosuojak\u00e4yt\u00e4nt\u00f6, joka s\u00e4\u00e4ntelee KuKirinin ja kumppaneidemme hallussa olevien K\u00e4ytt\u00e4jien henkil\u00f6tietojen suojaamista ja k\u00e4ytt\u00f6\u00e4. Suostut siihen, ett\u00e4 sinua koskevia henkil\u00f6tietojasi k\u00e4ytet\u00e4\u00e4n tietosuojak\u00e4yt\u00e4nn\u00f6n mukaisesti.\u00a0<\/p><p>1.4 KuKirin voi sallia K\u00e4ytt\u00e4jien p\u00e4\u00e4syn kolmansien osapuolten tarjoamiin sis\u00e4lt\u00f6ihin, tuotteisiin tai palveluihin hyperlinkkien (sanalinkkien, bannereiden, kanavien tai muiden linkkien muodossa), API:n tai muulla tavoin t\u00e4llaisten kolmansien osapuolten verkkosivustoille. K\u00e4ytt\u00e4j\u00e4\u00e4 varoitetaan lukemaan t\u00e4llaisten verkkosivustojen k\u00e4ytt\u00f6ehdot ja\/tai tietosuojak\u00e4yt\u00e4nn\u00f6t ennen Sivuston k\u00e4ytt\u00f6\u00e4. Tunnustat, ett\u00e4 KuKirin ei valvo t\u00e4llaisia kolmansien osapuolten verkkosivustoja, ei valvo niit\u00e4 eik\u00e4 ole vastuussa eik\u00e4 ole vastuussa kenellek\u00e4\u00e4n t\u00e4llaisista verkkosivustoista tai niiden sis\u00e4ll\u00f6st\u00e4, tuotteista tai palveluista, jotka ovat saatavilla t\u00e4llaisilla verkkosivustoilla.<\/p><p>1.5 Sitoudut olemaan ryhtym\u00e4tt\u00e4 mihink\u00e4\u00e4n toimiin KuKirinin ja\/tai muiden K\u00e4ytt\u00e4jien tietokonej\u00e4rjestelmien tai -verkkojen eheyden heikent\u00e4miseksi tai luvattoman p\u00e4\u00e4syn hankkimiseksi t\u00e4llaisiin tietokonej\u00e4rjestelmiin tai -verkkoihin.\u00a0<\/p><p>1.6 Sitoudut olemaan ryhtym\u00e4tt\u00e4 mihink\u00e4\u00e4n toimiin, jotka voivat heikent\u00e4\u00e4 KuKirinin palautej\u00e4rjestelm\u00e4n eheytt\u00e4, kuten j\u00e4tt\u00e4m\u00e4ll\u00e4 itsellesi positiivista palautetta toissijaisilla j\u00e4sentunnuksilla tai kolmansien osapuolten kautta tai j\u00e4tt\u00e4m\u00e4ll\u00e4 toiselle K\u00e4ytt\u00e4j\u00e4lle perustelematonta negatiivista palautetta.<\/p><h3><strong><b>2. K\u00e4ytt\u00e4j\u00e4n velvollisuudet\u00a0<\/b><\/strong><\/h3><p>2.1 K\u00e4ytt\u00e4j\u00e4n on rekister\u00f6idytt\u00e4v\u00e4 Sivustolle voidakseen k\u00e4ytt\u00e4\u00e4 joitakin Palveluja. Yksi K\u00e4ytt\u00e4j\u00e4 voi rekister\u00f6id\u00e4 Sivustolle vain yhden k\u00e4ytt\u00e4j\u00e4tilin, paitsi KuKirinin suostumuksella. KuKirin voi peruuttaa tai sulkea K\u00e4ytt\u00e4j\u00e4n tilin, jos KuKirinilla on syyt\u00e4 ep\u00e4ill\u00e4, ett\u00e4 K\u00e4ytt\u00e4j\u00e4 on samanaikaisesti rekister\u00f6inyt tai hallinnut kahta tai useampaa k\u00e4ytt\u00e4j\u00e4tili\u00e4. Lis\u00e4ksi KuKirin voi hyl\u00e4t\u00e4 K\u00e4ytt\u00e4j\u00e4n rekister\u00f6intihakemuksen mist\u00e4 tahansa syyst\u00e4.\u00a0<\/p><p>2.2 Rekister\u00f6itymisen yhteydess\u00e4 KuKirin antaa jokaiselle rekister\u00f6idylle k\u00e4ytt\u00e4j\u00e4lle k\u00e4ytt\u00e4j\u00e4tilin sek\u00e4 k\u00e4ytt\u00e4j\u00e4tunnuksen ja salasanan (rekister\u00f6idyn k\u00e4ytt\u00e4j\u00e4n on valittava j\u00e4lkimm\u00e4inen rekister\u00f6innin yhteydess\u00e4). Tilill\u00e4 voi olla verkkopohjainen s\u00e4hk\u00f6postitili, jossa on rajoitettu tallennustila, jotta k\u00e4ytt\u00e4j\u00e4 voi l\u00e4hett\u00e4\u00e4 tai vastaanottaa s\u00e4hk\u00f6posteja. Liittyess\u00e4si KuKirinin k\u00e4ytt\u00e4j\u00e4ksi annat KuKirinille luvan tallentaa ja k\u00e4ytt\u00e4\u00e4 tietojasi tietosuojak\u00e4yt\u00e4nn\u00f6n mukaisesti.\u00a0<\/p><p>2.3 K\u00e4ytt\u00e4j\u00e4tunnus ja salasana ovat yksil\u00f6llisi\u00e4 yhdelle tilille. Kukin k\u00e4ytt\u00e4j\u00e4 on yksin vastuussa k\u00e4ytt\u00e4j\u00e4tunnuksen ja salasanan luottamuksellisuudesta ja turvallisuudesta sek\u00e4 kaikista tilill\u00e4\u00e4n tapahtuvista toimista. Kukaan k\u00e4ytt\u00e4j\u00e4 ei saa jakaa, luovuttaa tai sallia k\u00e4ytt\u00e4j\u00e4tilin, k\u00e4ytt\u00e4j\u00e4tunnuksen tai salasanan k\u00e4ytt\u00f6\u00e4 toiselle henkil\u00f6lle oman liiketoimintayksik\u00f6n ulkopuolella. K\u00e4ytt\u00e4j\u00e4 sitoutuu ilmoittamaan KuKirinille v\u00e4litt\u00f6m\u00e4sti, jos h\u00e4n saa tietoonsa salasanansa tai k\u00e4ytt\u00e4j\u00e4tilins\u00e4 luvattoman k\u00e4yt\u00f6n tai mink\u00e4 tahansa muun tilins\u00e4 turvallisuuteen kohdistuvan rikkomuksen.\u00a0<\/p><p>2.4 K\u00e4ytt\u00e4j\u00e4 hyv\u00e4ksyy, ett\u00e4 kaikki tilill\u00e4 tapahtuvat toimet (mukaan lukien muun muassa yrityksen tai tuotteen tietojen l\u00e4hett\u00e4minen, lis\u00e4sopimusten tai s\u00e4\u00e4nt\u00f6jen hyv\u00e4ksyminen napsauttamalla, palvelujen tilaaminen tai maksaminen, s\u00e4hk\u00f6postien l\u00e4hett\u00e4minen s\u00e4hk\u00f6postitili\u00e4 k\u00e4ytt\u00e4en) katsotaan K\u00e4ytt\u00e4j\u00e4n valtuuttamiksi.\u00a0<\/p><p>2.5 K\u00e4ytt\u00e4j\u00e4 my\u00f6nt\u00e4\u00e4, ett\u00e4 tilisi jakaminen muiden henkil\u00f6iden kanssa tai useiden k\u00e4ytt\u00e4jien salliminen k\u00e4ytt\u00e4\u00e4 tili\u00e4si (yhdess\u00e4 \"monik\u00e4ytt\u00f6\") voi aiheuttaa korvaamatonta vahinkoa KuKirinille tai muille Sivuston k\u00e4ytt\u00e4jille. K\u00e4ytt\u00e4j\u00e4n on korvattava KuKirinille, tyt\u00e4ryhti\u00f6illemme, johtajillemme, ty\u00f6ntekij\u00f6illemme, asiamiehillemme ja edustajillemme kaikki tappiot tai vahingot (mukaan lukien mutta ei rajoittuen voitonmenetyksiin), joita h\u00e4n k\u00e4rsii tilisi moninkertaisen k\u00e4yt\u00f6n seurauksena. K\u00e4ytt\u00e4j\u00e4 hyv\u00e4ksyy my\u00f6s sen, ett\u00e4 jos tili\u00e4si k\u00e4ytet\u00e4\u00e4n useaan kertaan tai K\u00e4ytt\u00e4j\u00e4 ei pysty yll\u00e4pit\u00e4m\u00e4\u00e4n tilisi turvallisuutta, KuKirin ei ole vastuussa mist\u00e4\u00e4n tappioista tai vahingoista, jotka johtuvat t\u00e4llaisesta rikkomuksesta, ja sill\u00e4 on oikeus keskeytt\u00e4\u00e4 tai lopettaa K\u00e4ytt\u00e4j\u00e4n tili ilman vastuuta K\u00e4ytt\u00e4j\u00e4\u00e4 kohtaan.\u00a0<\/p><p>2.6 K\u00e4ytt\u00e4j\u00e4 takaa, ett\u00e4 KuKirin-tili\u00e4 rekister\u00f6idess\u00e4\u00e4n antamansa tiedot ovat tarkkoja, totuudenmukaisia, laillisia ja p\u00e4tevi\u00e4 ja ett\u00e4 ne kuuluvat ainoastaan h\u00e4nelle. K\u00e4ytt\u00e4j\u00e4t ovat yksin vastuussa KuKirinille antamiensa tietojen oikeellisuudesta, eik\u00e4 KuKirin ole vastuussa eik\u00e4 tarjoa mit\u00e4\u00e4n korvauksia virheellisten tietojen osalta.\u00a0<\/p><p>2.7 K\u00e4ytt\u00e4j\u00e4ll\u00e4 on mahdollisuus peruuttaa tilaus vain ennen toimitusta ottamalla yhteytt\u00e4 asiakaspalvelukeskukseemme. Ja KuKirin pid\u00e4tt\u00e4\u00e4 itsell\u00e4\u00e4n oikeuden peruuttaa tilauksen toimintastrategiaa varten etuk\u00e4teen ilmoittaen K\u00e4ytt\u00e4j\u00e4tilille. Kun tilaus on kuitenkin l\u00e4hetetty, tilausta ei voi peruuttaa, muuttaa tai hyvitt\u00e4\u00e4. Kun paketti on vastaanotettu, palautusk\u00e4yt\u00e4nt\u00f6mme astuu voimaan.\u00a0<\/p><p>2.8 K\u00e4ytt\u00e4j\u00e4ll\u00e4 on mahdollisuus tilata tai peruuttaa uutiskirjeen tilaus rekister\u00f6itymisen yhteydess\u00e4.\u00a0<\/p><p>2.9 K\u00e4ytt\u00e4j\u00e4 ymm\u00e4rt\u00e4\u00e4 ja hyv\u00e4ksyy, ett\u00e4 KuKirinilla on oikeus lopettaa kaikki tai osa palveluista v\u00e4liaikaisesti tai pysyv\u00e4sti milloin tahansa omien liiketoimintatarpeidensa mukaisesti (mukaan lukien, mutta ei rajoittuen tapauksiin, kuten KuKirinin k\u00e4ytt\u00f6ehtojen rikkominen, kohtuuttomat ja kohtuuttomat kommentit tai k\u00e4ytt\u00e4ytyminen KuKirinin tuotemerkin imagoa kohtaan).\u00a0\u00a0<\/p><p>2.10 Jos sinulla on huolenaiheita tai valituksia palvelustamme, l\u00e4het\u00e4 meille s\u00e4hk\u00f6postia suoraan osoitteeseen Ota yhteytt\u00e4. Sinulla on my\u00f6s oikeus tehd\u00e4 valitus virallisille viranomaisille. Arvostaisimme kuitenkin mahdollisuutta k\u00e4sitell\u00e4 huolenaiheesi ennen kuin k\u00e4\u00e4nnyt kolmansien osapuolten puoleen, joten ota ensisijaisesti yhteytt\u00e4 meihin.<\/p><h3><strong><b>3. K\u00e4ytt\u00f6ehdot\u00a0<\/b><\/strong><\/h3><p>3.1 Lisenssi<\/p><p>K\u00e4ytt\u00f6 Lupa on my\u00f6nnetty tilap\u00e4isesti ladata yksi kopio kukirin-scooter.com-sivuston materiaaleista (tiedoista tai ohjelmistoista) vain henkil\u00f6kohtaista ja ei-kaupallista v\u00e4liaikaista katselua varten. T\u00e4m\u00e4 on lisenssin my\u00f6nt\u00e4minen, ei omistusoikeuden siirto, ja t\u00e4m\u00e4n lisenssin nojalla et saa muuttaa tai kopioida materiaaleja, k\u00e4ytt\u00e4\u00e4 materiaaleja mihink\u00e4\u00e4n kaupalliseen tarkoitukseen tai mihink\u00e4\u00e4n julkiseen esitykseen (kaupalliseen tai ei-kaupalliseen) et saa yritt\u00e4\u00e4 purkaa tai k\u00e4\u00e4nteist\u00e4\u00e4 mit\u00e4\u00e4n kukirin-scooter.com-sivuston sis\u00e4lt\u00e4mi\u00e4 ohjelmistoja, poistaa tekij\u00e4noikeus- tai muita omistusoikeusmerkint\u00f6j\u00e4 materiaaleista etk\u00e4 voi siirt\u00e4\u00e4 materiaaleja toiselle henkil\u00f6lle tai \"peilata\" materiaaleja mihink\u00e4\u00e4n muuhun palvelimelle. T\u00e4m\u00e4 lisenssi p\u00e4\u00e4ttyy automaattisesti, jos rikot mit\u00e4 tahansa n\u00e4ist\u00e4 rajoituksista, ja kukirin-scooter.com voi irtisanoa sen milloin tahansa. Kun lopetat n\u00e4iden materiaalien katselun tai t\u00e4m\u00e4n lisenssin p\u00e4\u00e4ttymisen, sinun on tuhottava kaikki hallussasi olevat ladatut materiaalit, olivatpa ne sitten s\u00e4hk\u00f6isess\u00e4 tai painetussa muodossa.\u00a0<\/p><p>3.2 Vastuuvapauslauseke<\/p><p>Kukirin-scooter.com-sivuston materiaalit tarjotaan \"sellaisenaan\". kukirin-scooter.com ei anna mit\u00e4\u00e4n takuita, ilmaistuja tai oletettuja, ja t\u00e4ten se hylk\u00e4\u00e4 ja kielt\u00e4\u00e4 kaikki muut takuut, mukaan lukien rajoituksetta implisiittiset takuut tai ehdot myyntikelpoisuudesta, soveltuvuudesta tiettyyn tarkoitukseen tai immateriaalioikeuksien loukkaamattomuudesta.\u00a0<\/p><p>3.3 Rajoitukset<\/p><p>Kukirin-scooter.com tai sen toimittajat eiv\u00e4t miss\u00e4\u00e4n tapauksessa ole vastuussa mist\u00e4\u00e4n vahingoista (mukaan lukien rajoituksetta vahingot tietojen tai voiton menetyksest\u00e4 tai liiketoiminnan keskeytymisest\u00e4 johtuvista vahingoista), jotka aiheutuvat kukirin-scooter.com-sivuston materiaalien k\u00e4yt\u00f6st\u00e4 tai kyvytt\u00f6myydest\u00e4 k\u00e4ytt\u00e4\u00e4 niit\u00e4, vaikka kukirin-scooter.com tai kukirin-scooter.com:n valtuuttama edustaja olisi saanut suullisesti tai kirjallisesti tiedon t\u00e4llaisten vahinkojen mahdollisuudesta. Koska joillakin laink\u00e4ytt\u00f6alueilla ei sallita implisiittisten takuiden rajoituksia tai v\u00e4lillisten tai satunnaisten vahinkojen korvausvastuun rajoituksia, n\u00e4m\u00e4 rajoitukset eiv\u00e4t v\u00e4ltt\u00e4m\u00e4tt\u00e4 koske sinua.<\/p><p>3.4 Tarkistukset ja virheet<\/p><p>Kukirin-scooter.com -sivustolla esiintyv\u00e4 materiaali voi sis\u00e4lt\u00e4\u00e4 teknisi\u00e4, typografisia tai valokuvavirheit\u00e4. Kukirin-scooter.com ei my\u00f6sk\u00e4\u00e4n takaa, ett\u00e4 mik\u00e4\u00e4n sen verkkosivustolla olevista materiaaleista on tarkka, t\u00e4ydellinen tai ajankohtainen. Lis\u00e4ksi kukirin-scooter.com voi tehd\u00e4 muutoksia verkkosivuillaan oleviin materiaaleihin milloin tahansa ilman ennakkoilmoitusta. Kukirin-scooter.com ei my\u00f6sk\u00e4\u00e4n sitoudu p\u00e4ivitt\u00e4m\u00e4\u00e4n materiaalia.<\/p><p>3.5 Linkit<\/p><p>Verkkosivusto kukirin-scooter.com ei ole tarkistanut kaikkia verkkosivustoja, joihin on linkitetty sen Internet-sivusto, eik\u00e4 ole vastuussa mink\u00e4\u00e4n t\u00e4llaisen linkitetyn verkkosivuston sis\u00e4ll\u00f6st\u00e4. T\u00e4llaisten linkkien sis\u00e4llytt\u00e4minen ei tarkoita, ett\u00e4 kukirin-scooter.com hyv\u00e4ksyisi kyseist\u00e4 verkkosivustoa. T\u00e4llaisten linkitettyjen verkkosivustojen k\u00e4ytt\u00f6 tapahtuu k\u00e4ytt\u00e4j\u00e4n omalla vastuulla.<\/p><p>3.6 Verkkosivuston k\u00e4ytt\u00f6ehtojen muutokset<\/p><p>Verkkosivusto kukirin-scooter.com voi tarkistaa n\u00e4it\u00e4 verkkosivustonsa k\u00e4ytt\u00f6ehtoja milloin tahansa ilman ennakkoilmoitusta. K\u00e4ytt\u00e4m\u00e4ll\u00e4 t\u00e4t\u00e4 verkkosivustoa hyv\u00e4ksyt, ett\u00e4 sitoudut n\u00e4iden k\u00e4ytt\u00f6ehtojen kulloinkin voimassa olevaan versioon tai muihin oikeudenloukkauksiin. Lis\u00e4ksi kukirin-scooter.com ei takaa tai anna mit\u00e4\u00e4n vakuutuksia Internet-sivustollaan olevien aineistojen tarkkuudesta, todenn\u00e4k\u00f6isist\u00e4 tuloksista tai luotettavuudesta tai muulla tavoin t\u00e4llaisiin aineistoihin tai mihin tahansa muuhun verkkosivustoon, joka on linkitetty t\u00e4h\u00e4n verkkosivustoon, liittyv\u00e4st\u00e4 k\u00e4yt\u00f6st\u00e4.<\/p><h3>\u00a0<\/h3><h3>4. Sovellettava laki<\/h3><p>N\u00e4ihin k\u00e4ytt\u00f6ehtoihin ja mahdollisiin erillisiin sopimuksiin, joilla tarjoamme sinulle palvelua, sovelletaan Yhdistyneen kuningaskunnan lakeja ja niit\u00e4 tulkitaan niiden mukaisesti.<\/p>\t\t\t\t\t\t\t\t<\/div>\n\t\t\t\t<\/div>\n\t\t\t\t\t<\/div>\n\t\t\t\t<\/div>\n\t\t\t\t<\/div>","protected":false},"excerpt":{"rendered":"<p>Tervetuloa kukirin-scooter-parts.com! N\u00e4iss\u00e4 k\u00e4ytt\u00f6ehdoissa kuvataan ehdot, joita sovelletaan kukirin-scooter.com-sivuston k\u00e4ytt\u00e4miseen. T\u00e4m\u00e4 lausunto on oikeudellisesti sitova sopimus sinun kuin sivuston k\u00e4ytt\u00e4j\u00e4n (k\u00e4ytt\u00e4jien) (j\u00e4ljemp\u00e4n\u00e4 \"sin\u00e4\", \"j\u00e4sen\", \"asiakas\" tai \"k\u00e4ytt\u00e4j\u00e4\") ja kukirin-scooter.com:n (j\u00e4ljemp\u00e4n\u00e4 \"me\", \"meid\u00e4n\", ...) v\u00e4lill\u00e4. <a title=\"K\u00e4ytt\u00f6ehdot\" class=\"read-more\" href=\"https:\/\/kukirin-scooter-parts.com\/fi\/terms-of-service\/\" aria-label=\"Lue lis\u00e4\u00e4 aiheesta Terms of Service\">Lue lis\u00e4\u00e4<\/a><\/p>","protected":false},"author":1,"featured_media":0,"parent":0,"menu_order":0,"comment_status":"closed","ping_status":"closed","template":"","meta":{"footnotes":""},"class_list":["post-65","page","type-page","status-publish"],"_links":{"self":[{"href":"https:\/\/kukirin-scooter-parts.com\/fi\/wp-json\/wp\/v2\/pages\/65","targetHints":{"allow":["GET"]}}],"collection":[{"href":"https:\/\/kukirin-scooter-parts.com\/fi\/wp-json\/wp\/v2\/pages"}],"about":[{"href":"https:\/\/kukirin-scooter-parts.com\/fi\/wp-json\/wp\/v2\/types\/page"}],"author":[{"embeddable":true,"href":"https:\/\/kukirin-scooter-parts.com\/fi\/wp-json\/wp\/v2\/users\/1"}],"replies":[{"embeddable":true,"href":"https:\/\/kukirin-scooter-parts.com\/fi\/wp-json\/wp\/v2\/comments?post=65"}],"version-history":[{"count":4,"href":"https:\/\/kukirin-scooter-parts.com\/fi\/wp-json\/wp\/v2\/pages\/65\/revisions"}],"predecessor-version":[{"id":95,"href":"https:\/\/kukirin-scooter-parts.com\/fi\/wp-json\/wp\/v2\/pages\/65\/revisions\/95"}],"wp:attachment":[{"href":"https:\/\/kukirin-scooter-parts.com\/fi\/wp-json\/wp\/v2\/media?parent=65"}],"curies":[{"name":"wp","href":"https:\/\/api.w.org\/{rel}","templated":true}]}}