{"id":61,"date":"2024-09-02T03:53:01","date_gmt":"2024-09-02T03:53:01","guid":{"rendered":"https:\/\/kukirin-scooter-parts.com\/?page_id=61"},"modified":"2024-09-02T07:13:39","modified_gmt":"2024-09-02T07:13:39","slug":"about-us","status":"publish","type":"page","link":"https:\/\/kukirin-scooter-parts.com\/fi\/about-us\/","title":{"rendered":"Tietoa meist\u00e4"},"content":{"rendered":"<div data-elementor-type=\"wp-page\" data-elementor-id=\"61\" class=\"elementor elementor-61\" data-elementor-post-type=\"page\">\n\t\t\t\t<div class=\"elementor-element elementor-element-7594f32 e-flex e-con-boxed e-con e-parent\" data-id=\"7594f32\" data-element_type=\"container\" data-e-type=\"container\">\n\t\t\t\t\t<div class=\"e-con-inner\">\n\t\t\t\t<div class=\"elementor-element elementor-element-5c8e2ed elementor-widget elementor-widget-text-editor\" data-id=\"5c8e2ed\" data-element_type=\"widget\" data-e-type=\"widget\" data-widget_type=\"text-editor.default\">\n\t\t\t\t<div class=\"elementor-widget-container\">\n\t\t\t\t\t\t\t\t\t<p>kukirin-scooter-parts.com, luotettava l\u00e4hde virallisille Kukirin-skootterin varaosille ja tarvikkeille. Haluamme auttaa sinua pit\u00e4m\u00e4\u00e4n Kukirin-skootterisi parhaalla mahdollisella tavalla k\u00e4ynniss\u00e4 laadukkailla, alkuper\u00e4isill\u00e4 osilla.<\/p>\n<p>Koska olemme erikoistunut verkkokauppa, tied\u00e4mme, kuinka t\u00e4rke\u00e4\u00e4 on huoltaa autoasi erityisesti sit\u00e4 varten valmistetuilla osilla. Siksi tarjoamme vain virallisia Kukirin-varaosia ja varmistamme, ett\u00e4 kaikki meilt\u00e4 ostamasi osat t\u00e4ytt\u00e4v\u00e4t t\u00e4sm\u00e4lleen l\u00e4hdevalmistajan - Kukirinin tehtaan - asettamat standardit.<\/p>\n<p>Tavoitteenamme on tehd\u00e4 ostokokemuksestasi mahdollisimman sujuva tarjoamalla ensiluokkaista asiakaspalvelua, nopeaa toimitusta ja laajan tuotevalikoiman. Virallisena Kukirin-skootterin varaosien l\u00e4hteen\u00e4, halusitpa sitten vaihtaa osan tai tehd\u00e4 p\u00e4ivityksen, meilt\u00e4 l\u00f6yd\u00e4t kaiken, mit\u00e4 tarvitset pit\u00e4m\u00e4\u00e4n Kukirin-skootterisi huippukunnossa.<\/p>\n<p>Kiitos, ett\u00e4 valitsit KuKirinin. Olemme t\u00e4\u00e4ll\u00e4 tukemassa ratsastustasi, minne tahansa se sinut viekin.<\/p>\t\t\t\t\t\t\t\t<\/div>\n\t\t\t\t<\/div>\n\t\t\t\t\t<\/div>\n\t\t\t\t<\/div>\n\t\t\t\t<\/div>","protected":false},"excerpt":{"rendered":"<p>kukirin-scooter-parts.com, luotettava l\u00e4hde virallisille Kukirin-skootterin varaosille ja tarvikkeille. Haluamme auttaa sinua pit\u00e4m\u00e4\u00e4n Kukirin-skootterisi parhaalla mahdollisella tavalla k\u00e4ynniss\u00e4 laadukkailla, alkuper\u00e4isill\u00e4 osilla. Asialle omistautuneena verkkokauppana tied\u00e4mme, kuinka t\u00e4rke\u00e4\u00e4 on huoltaa ajokkiasi erityisesti sit\u00e4 varten valmistetuilla osilla. Siksi me ... <a title=\"Tietoa meist\u00e4\" class=\"read-more\" href=\"https:\/\/kukirin-scooter-parts.com\/fi\/about-us\/\" aria-label=\"Lue lis\u00e4\u00e4 aiheesta About Us\">Lue lis\u00e4\u00e4<\/a><\/p>","protected":false},"author":1,"featured_media":0,"parent":0,"menu_order":0,"comment_status":"closed","ping_status":"closed","template":"","meta":{"footnotes":""},"class_list":["post-61","page","type-page","status-publish"],"_links":{"self":[{"href":"https:\/\/kukirin-scooter-parts.com\/fi\/wp-json\/wp\/v2\/pages\/61","targetHints":{"allow":["GET"]}}],"collection":[{"href":"https:\/\/kukirin-scooter-parts.com\/fi\/wp-json\/wp\/v2\/pages"}],"about":[{"href":"https:\/\/kukirin-scooter-parts.com\/fi\/wp-json\/wp\/v2\/types\/page"}],"author":[{"embeddable":true,"href":"https:\/\/kukirin-scooter-parts.com\/fi\/wp-json\/wp\/v2\/users\/1"}],"replies":[{"embeddable":true,"href":"https:\/\/kukirin-scooter-parts.com\/fi\/wp-json\/wp\/v2\/comments?post=61"}],"version-history":[{"count":7,"href":"https:\/\/kukirin-scooter-parts.com\/fi\/wp-json\/wp\/v2\/pages\/61\/revisions"}],"predecessor-version":[{"id":83,"href":"https:\/\/kukirin-scooter-parts.com\/fi\/wp-json\/wp\/v2\/pages\/61\/revisions\/83"}],"wp:attachment":[{"href":"https:\/\/kukirin-scooter-parts.com\/fi\/wp-json\/wp\/v2\/media?parent=61"}],"curies":[{"name":"wp","href":"https:\/\/api.w.org\/{rel}","templated":true}]}}