{"id":3,"date":"2024-08-28T09:48:00","date_gmt":"2024-08-28T09:48:00","guid":{"rendered":"http:\/\/kukirin-scooter-parts.com\/?page_id=3"},"modified":"2024-09-02T07:25:46","modified_gmt":"2024-09-02T07:25:46","slug":"privacy-policy","status":"publish","type":"page","link":"https:\/\/kukirin-scooter-parts.com\/fi\/privacy-policy\/","title":{"rendered":"Tietosuojak\u00e4yt\u00e4nt\u00f6"},"content":{"rendered":"<div data-elementor-type=\"wp-page\" data-elementor-id=\"3\" class=\"elementor elementor-3\" data-elementor-post-type=\"page\">\n\t\t\t\t<div class=\"elementor-element elementor-element-250f5984 e-flex e-con-boxed e-con e-parent\" data-id=\"250f5984\" data-element_type=\"container\" data-e-type=\"container\">\n\t\t\t\t\t<div class=\"e-con-inner\">\n\t\t\t\t<div class=\"elementor-element elementor-element-2760fd46 elementor-widget elementor-widget-text-editor\" data-id=\"2760fd46\" data-element_type=\"widget\" data-e-type=\"widget\" data-widget_type=\"text-editor.default\">\n\t\t\t\t<div class=\"elementor-widget-container\">\n\t\t\t\t\t\t\t\t\t<p><\/p>\n<p>T\u00e4\u00e4ll\u00e4 on kukirin-scooter-parts.com (j\u00e4ljemp\u00e4n\u00e4 \"me\", \"meit\u00e4\" tai \"KuKirin\", \"Sivusto\"), olemme sitoutuneet suojelemaan ja kunnioittamaan henkil\u00f6tietojesi yksityisyytt\u00e4. T\u00e4m\u00e4 tietosuojak\u00e4yt\u00e4nt\u00f6 selitt\u00e4\u00e4, miten KuKirin ker\u00e4\u00e4, k\u00e4ytt\u00e4\u00e4, siirt\u00e4\u00e4 ja luovuttaa tietojasi. Sit\u00e4 sovelletaan tietoihin, joita ker\u00e4t\u00e4\u00e4n, kun k\u00e4yt\u00e4t verkkosivustoamme, kun olet kanssamme vuorovaikutuksessa sosiaalisen median, s\u00e4hk\u00f6postin tai puhelimen v\u00e4lityksell\u00e4 tai kun osallistut kilpailuihimme tai tapahtumiimme. Se kattaa:<\/p>\n<h2 class=\"wp-block-heading\"><strong>1. Sitoumuksemme sinua kohtaan\u00a0<\/strong><br \/><strong>2. Miten suojaamme tietojasi\u00a0\u00a0<\/strong><br \/><strong>3. Ker\u00e4\u00e4m\u00e4mme henkil\u00f6tiedot\u00a0<\/strong><br \/><strong>4. Miten ker\u00e4\u00e4mme tietojasi\u00a0<\/strong><br \/><strong>5. Miten k\u00e4yt\u00e4mme tietojasi\u00a0<\/strong><br \/><strong>6. Tietoa ev\u00e4steist\u00e4\u00a0<\/strong><br \/><strong>7. Miten jaamme tietojasi\u00a0<\/strong><br \/><strong>8. Oikeutesi henkil\u00f6tietoihisi\u00a0<\/strong><br \/><strong>9. Muutokset t\u00e4h\u00e4n tietosuojak\u00e4yt\u00e4nt\u00f6\u00f6n<\/strong><\/h2>\n<h3>1. Sitoumuksemme sinua kohtaan<\/h3>\n<h2 class=\"wp-block-heading\">Suhtaudumme henkil\u00f6tietojesi suojaamiseen vakavasti ja k\u00e4sittelemme henkil\u00f6tietojasi oikeudenmukaisesti, laillisesti ja avoimesti. T\u00e4ss\u00e4 tietosuojak\u00e4yt\u00e4nn\u00f6ss\u00e4 kuvataan, mit\u00e4 henkil\u00f6tietoja ker\u00e4\u00e4mme sinusta ja miten niit\u00e4 k\u00e4ytet\u00e4\u00e4n. Ker\u00e4\u00e4mme ja k\u00e4yt\u00e4mme henkil\u00f6tietojasi vain seuraaviin tarkoituksiin:<\/h2>\n<ul>\n<li>Parannamme palveluitamme;<\/li>\n<li>T\u00e4yt\u00e4mme oikeudelliset velvollisuutemme.<\/li>\n<\/ul>\n<h3>2. Miten suojaamme tietojasi<\/h3>\n<p>K\u00e4yt\u00f6ss\u00e4mme on asianmukaiset organisatoriset suojatoimet ja turvatoimet, joilla suojaamme tietojasi vahingossa tapahtuvalta h\u00e4vi\u00e4miselt\u00e4, k\u00e4yt\u00f6lt\u00e4, luvattomalta k\u00e4yt\u00f6lt\u00e4, muuttamiselta tai paljastamiselta. Selaimesi ja verkkosivustomme v\u00e4lisess\u00e4 viestinn\u00e4ss\u00e4 k\u00e4ytet\u00e4\u00e4n suojattua salattua yhteytt\u00e4 aina, kun on kyse henkil\u00f6tiedoistasi. Salaamme tietosi ja tallennamme ne suojatuille palvelimille, jotka ovat palomuurin takana. Edellyt\u00e4mme, ett\u00e4 kaikilla kolmansilla osapuolilla, jotka k\u00e4sittelev\u00e4t henkil\u00f6tietojasi puolestamme, on k\u00e4yt\u00f6ss\u00e4 turvatoimet tietojesi suojaamiseksi ja tietojen k\u00e4sittelemiseksi lain mukaisesti. Henkil\u00f6tietojen tietoturvaloukkauksen sattuessa ilmoitamme sinulle ja kaikille sovellettaville s\u00e4\u00e4d\u00f6ksille, kun laki niin vaatii.<\/p>\n<h3>3. Ker\u00e4\u00e4m\u00e4mme henkil\u00f6tiedot\u00a0<\/h3>\n<p>3.1 S\u00e4hk\u00f6postiosoite, mukaan lukien hyv\u00e4ksyttyjen kolmansien osapuolten kautta toimitettu s\u00e4hk\u00f6postiosoite.<\/p>\n<p>3.2 Toimitustiedot, mukaan lukien nimi, maa ja puhelinnumero. Kun meid\u00e4n on tallennettava tilaukseen liittyvi\u00e4 tietoja, sy\u00f6t\u00e4mme ne tietokantaamme SSL-salauksen avulla. Vaikka verkkosivustomme on suunniteltu yleis\u00f6lle, emme tietoisesti ker\u00e4\u00e4 tietoja lapsilta, joilla ei ole lupaa k\u00e4ytt\u00e4\u00e4 tai l\u00e4hett\u00e4\u00e4 tietoja verkkosivustolle.<\/p>\n<h3>4. Miten ker\u00e4\u00e4mme tietojasi<\/h3>\n<p>Voimme ker\u00e4t\u00e4 henkil\u00f6tietojasi seuraavilla tavoilla:\u00a0<\/p>\n<h2 class=\"wp-block-heading\">4.1 Suora vuorovaikutus: Voit antaa meille henkil\u00f6llisyys-, yhteys-, talous-, tapahtuma-, profiili-, markkinointi- ja viestint\u00e4tietojasi t\u00e4ytt\u00e4m\u00e4ll\u00e4 lomakkeita, sy\u00f6tt\u00e4m\u00e4ll\u00e4 tietoja verkossa tai olemalla yhteydess\u00e4 meihin postitse, puhelimitse, s\u00e4hk\u00f6postitse, puhelimitse tai muulla tavoin. T\u00e4h\u00e4n sis\u00e4ltyv\u00e4t henkil\u00f6tiedot, jotka annat esimerkiksi silloin, kun:<\/h2>\n<ul>\n<li>Luo tili verkkosivustollamme;\u00a0<\/li>\n<li>Tilaa uutiskirjeemme, keskustelupalstamme ja sosiaalisen median sivustot;<\/li>\n<li>T\u00e4yt\u00e4 vapaaehtoinen markkinatutkimuskysely;<\/li>\n<li>Ota meihin yhteytt\u00e4 tiedustellaksesi tai ilmoittaaksesi ongelmasta (puhelimitse, s\u00e4hk\u00f6postitse, sosiaalisessa mediassa tai viestipalvelussa);<\/li>\n<li>Kun kirjaudut verkkosivustollemme sosiaalisen median kautta.<\/li>\n<\/ul>\n<p>4.2 Ep\u00e4suorat vuorovaikutukset: Kun olet vuorovaikutuksessa verkkosivustomme kanssa, saatamme automaattisesti ker\u00e4t\u00e4 teknisi\u00e4 tietoja k\u00e4ytt\u00e4m\u00e4ll\u00e4 ev\u00e4steit\u00e4, palvelinlokeja ja muita vastaavia tekniikoita. Katso lis\u00e4tietoja kohdasta Tietoja ev\u00e4steist\u00e4.<\/p>\n<h2 class=\"wp-block-heading\">4.3 Kolmannet osapuolet: Kolmannet osapuolet: Saatamme saada henkil\u00f6tietojasi erilaisilta kolmansilta osapuolilta, mukaan lukien:\u00a0<\/h2>\n<ul>\n<li>liittyv\u00e4t kolmannet osapuolet, mukaan lukien analytiikan tarjoajat, kuten Google;\u00a0<\/li>\n<li>Kumppanuusverkostot, joiden kautta olet k\u00e4ytt\u00e4nyt verkkosivustoamme;<\/li>\n<li>Sosiaalisen median alustat, kun kirjaudut verkkosivustollemme k\u00e4ytt\u00e4en kyseisi\u00e4 sosiaalisen median alustoja.<\/li>\n<\/ul>\n<h3>5. Miten k\u00e4yt\u00e4mme tietojasi<\/h3>\n<p>Ker\u00e4\u00e4mme ja k\u00e4sittelemme henkil\u00f6tietojasi vain, jos meill\u00e4 on siihen laillinen peruste. Rekisterinpit\u00e4j\u00e4n\u00e4 henkil\u00f6tietojesi ker\u00e4\u00e4misen ja k\u00e4yt\u00f6n oikeusperuste vaihtelee sen mukaan, miten ja mihin tarkoitukseen olemme ne ker\u00e4nneet. Ker\u00e4\u00e4mme ja k\u00e4sittelemme henkil\u00f6tietojasi vain, jos meill\u00e4 on siihen laillinen peruste. Rekisterinpit\u00e4j\u00e4n\u00e4 henkil\u00f6tietojesi ker\u00e4\u00e4misen ja k\u00e4yt\u00f6n oikeusperusta vaihtelee sen mukaan, miten ja mihin tarkoitukseen ker\u00e4simme ne. Ker\u00e4\u00e4mme henkil\u00f6tietojasi vain silloin, kun:<\/p>\n<p>5.1 Meill\u00e4 on suostumuksesi siihen.<\/p>\n<p>5.2 Tarvitsemme henkil\u00f6tietojasi voidaksemme tehd\u00e4 kanssasi sopimuksen. Esimerkiksi k\u00e4sittelem\u00e4\u00e4n maksusi, t\u00e4ytt\u00e4m\u00e4\u00e4n tilauksesi tai tarjoamaan tilaukseen liittyv\u00e4\u00e4 asiakastukea.<\/p>\n<p>5.3 K\u00e4sittely on oikeutettujen etujemme mukaista, eiv\u00e4tk\u00e4 oikeutesi syrj\u00e4yt\u00e4 sit\u00e4.<\/p>\n<p>5.4 Meill\u00e4 on lakis\u00e4\u00e4teinen velvollisuus ker\u00e4t\u00e4 tai luovuttaa henkil\u00f6tietoja sinusta. KuKirin k\u00e4ytt\u00e4\u00e4 henkil\u00f6tietojasi useiden eri toimintojen tukemiseen. N\u00e4m\u00e4 toiminnot on lueteltu alla olevassa taulukossa yhdess\u00e4 k\u00e4ytettyjen tietotyyppien ja oikeusperustojen kanssa, joihin nojaudumme niit\u00e4 k\u00e4sitelless\u00e4mme, mukaan lukien tarvittaessa oikeutetut etumme. Huomaa, ett\u00e4 voimme k\u00e4sitell\u00e4 henkil\u00f6tietojasi useamman kuin yhden oikeusperustan nojalla, riippuen siit\u00e4, mihin toimintaan ne liittyv\u00e4t. Ota meihin yhteytt\u00e4, jos tarvitset lis\u00e4tietoja siit\u00e4, mihin oikeudelliseen perusteeseen henkil\u00f6tietojesi k\u00e4sittely perustuu, jos alla olevassa taulukossa on esitetty useampi kuin yksi peruste.\u00a0<\/p>\n<p>5.5 Luoda tili ja rekister\u00f6ity\u00e4 uudeksi asiakkaaksi (joko suoraan tai sosiaalisen median kautta).\u00a0<\/p>\n<p>5.6 Suhteemme hallinnoimiseksi sinuun, mukaan lukien pyyt\u00e4miesi tietojen, tuotteiden ja palveluiden tarjoaminen sinulle, palveluihimme, ehtoihimme tai tietosuojak\u00e4yt\u00e4nt\u00f6ihimme tehdyist\u00e4 muutoksista ilmoittaminen, pyyd\u00e4mme sinua j\u00e4tt\u00e4m\u00e4\u00e4n arvostelun tai osallistumaan kyselyyn.\u00a0<\/p>\n<p>5.7 Jotta voit osallistua kilpailuun, tapahtumaan, kyselyyn tai saada palkinnon.\u00a0<\/p>\n<p>5.8 Liiketoimintamme ja verkkosivustomme\/sovelluksemme hallinnoimiseksi, suojaamiseksi ja parantamiseksi, mukaan lukien vianm\u00e4\u00e4ritys, tietojen analysointi, testaus, j\u00e4rjestelm\u00e4n yll\u00e4pito, tuki, tietojen analysointi, raportointi ja tietojen is\u00e4nn\u00f6inti; oletusasetusten asettaminen sinulle, kuten kieli ja valuutta.\u00a0\u00a0<\/p>\n<p>5.9 Tarjotaksemme sinulle asianmukaista verkkosivuston sis\u00e4lt\u00f6\u00e4, verkkomainoksia ja tietoa sek\u00e4 mitataksemme tarjotun mainonnan tehokkuutta.\u00a0<\/p>\n<p>5.10 Tietoanalytiikan k\u00e4ytt\u00e4minen: verkkosivuston, tuotteiden, palveluiden, markkinoinnin, asiakassuhteiden ja kokemusten parantamiseen sek\u00e4 markkinatutkimus-, tilasto- ja kyselytarkoituksiin.\u00a0<\/p>\n<p>5.11 Suosittelemaan tuotteita, palveluita, alennuksia ja tarjouksia, jotka saattavat kiinnostaa sinua, mukaan lukien t\u00e4llaisten tietojen l\u00e4hett\u00e4minen sinulle s\u00e4hk\u00f6postitse, postitse tai tekstiviestill\u00e4.\u00a0<\/p>\n<p>5.12 Ilmoittaaksemme tai muistuttaaksemme sinua s\u00e4hk\u00f6postitse verkkosivujemme kautta suoritetusta teht\u00e4v\u00e4st\u00e4, joka on j\u00e4\u00e4nyt kesken, kuten keskener\u00e4isist\u00e4 tilauksista tai hyl\u00e4tyist\u00e4 koreista k\u00e4yt\u00e4mme henkil\u00f6tietojasi vain niihin tarkoituksiin, joita varten ker\u00e4simme ne, paitsi jos katsomme kohtuudella, ett\u00e4 meid\u00e4n on k\u00e4ytett\u00e4v\u00e4 niit\u00e4 muuhun syyhyn ja ett\u00e4 t\u00e4m\u00e4 syy on yhteensopiva alkuper\u00e4isen tarkoituksen kanssa. Jos haluamme k\u00e4ytt\u00e4\u00e4 henkil\u00f6tietojasi muuhun tarkoitukseen kuin siihen liittyv\u00e4\u00e4n tarkoitukseen, ilmoitamme siit\u00e4 sinulle ja kerromme, mik\u00e4 oikeusperusta antaa meille siihen mahdollisuuden. Voimme k\u00e4sitell\u00e4 henkil\u00f6tietoja ilman suostumustasi edell\u00e4 mainittujen s\u00e4\u00e4nt\u00f6jen mukaisesti, jos laki niin vaatii tai sallii. S\u00e4ilyt\u00e4mme henkil\u00f6tietojasi vain niin kauan kuin on tarpeen sen tarkoituksen (tarkoitusten) toteuttamiseksi ja lakis\u00e4\u00e4teisten velvoitteidemme t\u00e4ytt\u00e4miseksi. Lis\u00e4tietoja tietojen s\u00e4ilytysajoista on saatavilla pyynn\u00f6st\u00e4.\u00a0<\/p>\n<h3>6. Tietoa ev\u00e4steist\u00e4\u00a0<\/h3>\n<p>K\u00e4yt\u00e4mme \"ev\u00e4steit\u00e4\" tallentaaksemme sinua koskevia erityistietoja ja seurataksemme vierailujasi sivustolla joko tietokoneen tai mobiililaitteen kautta. Ei ole harvinaista, ett\u00e4 verkkosivustot k\u00e4ytt\u00e4v\u00e4t ev\u00e4steit\u00e4 parantaakseen k\u00e4vij\u00f6idens\u00e4 tunnistamista. \"Ev\u00e4ste\" on pieni m\u00e4\u00e4r\u00e4 tietoa, joka l\u00e4hetet\u00e4\u00e4n selaimeesi ja tallennetaan tietokoneesi tai mobiililaitteesi kiintolevylle. Jos et poista ev\u00e4stett\u00e4 k\u00e4yt\u00f6st\u00e4 tai poista sit\u00e4, joka kerta, kun k\u00e4yt\u00e4t samaa selainta tai mobiililaitetta Sivuston k\u00e4ytt\u00e4miseen, verkkopalvelimillemme ilmoitetaan vierailustasi Sivustolla, ja meill\u00e4 voi puolestaan olla tietoa vierailustasi ja k\u00e4ytt\u00f6tavoistasi.\u00a0\u00a0<\/p>\n<p>Ev\u00e4steiden avulla voimme muistaa tietosi, jotta sinun ei tarvitse sy\u00f6tt\u00e4\u00e4 niit\u00e4 uudelleen joka kerta, kun k\u00e4yt\u00e4t sivustoa. Lis\u00e4ksi k\u00e4yt\u00e4mme ev\u00e4steit\u00e4 hallinnoidaksemme Sivustomme turvallisuutta, ker\u00e4t\u00e4ksemme tietoa k\u00e4ytt\u00e4jien k\u00e4yt\u00f6st\u00e4, tutkiaksemme vierailutottumuksia ja harjoittaaksemme kiinnostukseen perustuvaa mainontaa, auttaaksemme yhteisty\u00f6kumppaneitamme seuraamaan k\u00e4ytt\u00e4jien k\u00e4yntej\u00e4 Sivustolla ja seurataksemme edistymist\u00e4 ja osallistumista kampanjoihin. N\u00e4it\u00e4 edell\u00e4 mainittuja lis\u00e4tarkoituksia varten voit m\u00e4\u00e4ritt\u00e4\u00e4, hyv\u00e4ksyt\u00e4\u00e4nk\u00f6 ev\u00e4steet ja miten ne hyv\u00e4ksyt\u00e4\u00e4n, m\u00e4\u00e4ritt\u00e4m\u00e4ll\u00e4 Sivuston k\u00e4ytt\u00e4m\u00e4si selaimen tietosuoja-asetuksen tai mobiililaitteesi tietosuoja-asetuksen. Jos muutat selaimen tietosuoja-asetusta, mobiililaitteesi jatkaa tietojen ker\u00e4\u00e4mist\u00e4, ellet muuta laitteen tietosuoja-asetusta ja p\u00e4invastoin. Tietyt Sivuston ominaisuudet ovat riippuvaisia ev\u00e4steist\u00e4.\u00a0<\/p>\n<p>Huomaa, ett\u00e4 jos p\u00e4\u00e4t\u00e4t est\u00e4\u00e4 ev\u00e4steiden k\u00e4yt\u00f6n, et ehk\u00e4 pysty kirjautumaan sis\u00e4\u00e4n tai k\u00e4ytt\u00e4m\u00e4\u00e4n kyseisi\u00e4 toimintoja, ja ev\u00e4steist\u00e4 riippuvaiset asetukset saattavat h\u00e4vit\u00e4.  K\u00e4yt\u00e4mme erilaisia analytiikka- ja kohdennetun mainonnan ty\u00f6kaluja n\u00e4ytt\u00e4\u00e4ksemme sinulle relevanttia verkkosivusis\u00e4lt\u00f6\u00e4 verkkosivustollamme ja verkkomainoksia muilla verkkosivustoilla ja sovelluksissa (kuten edell\u00e4 on kuvattu), toimittaaksemme sinulle relevanttia sis\u00e4lt\u00f6\u00e4 markkinointiviestinn\u00e4ss\u00e4 (soveltuvin osin) ja mitataksemme tarjotun mainonnan tehokkuutta.\u00a0<\/p>\n<p>K\u00e4yt\u00e4mme esimerkiksi Google Analyticsin kaltaisia ty\u00f6kaluja analysoidaksemme Googlen kiinnostukseen perustuvia mainostietoja ja\/tai kolmannen osapuolen yleis\u00f6tietoja (kuten ik\u00e4, siviilis\u00e4\u00e4ty, el\u00e4m\u00e4ntapahtuma, sukupuoli ja kiinnostuksen kohteet) markkinointikampanjoidemme, markkinointistrategioidemme ja verkkosivuston sis\u00e4ll\u00f6n kohdentamiseksi ja parantamiseksi. Saatamme k\u00e4ytt\u00e4\u00e4 my\u00f6s muiden kolmansien osapuolten, kuten Facebookin, tarjoamia ty\u00f6kaluja. Verkkosivustollamme voi olla linkkej\u00e4 kumppaniverkostojemme, mainostajien ja yhteisty\u00f6kumppaneidemme verkkosivustoille ja verkkosivustoilta tai sosiaalisen median alustoille. Jos seuraat linkki\u00e4 jollekin n\u00e4ist\u00e4 verkkosivustoista, ota huomioon, ett\u00e4 n\u00e4ill\u00e4 verkkosivustoilla on omat tietosuojak\u00e4yt\u00e4nt\u00f6ns\u00e4, emmek\u00e4 ota mit\u00e4\u00e4n vastuuta tai velvollisuutta n\u00e4ist\u00e4 k\u00e4yt\u00e4nn\u00f6ist\u00e4. Tarkista n\u00e4m\u00e4 k\u00e4yt\u00e4nn\u00f6t, ennen kuin l\u00e4het\u00e4t henkil\u00f6tietoja niiden verkkosivustoille.\u00a0<\/p>\n<h3>7. Miten jaamme tietojasi\u00a0<\/h3>\n<p>Emme myy, vuokraa, vaihda, lisensoi tai muulla tavoin luovuta tai jaa henkil\u00f6kohtaisia tai taloudellisia tietojasi kenellek\u00e4\u00e4n, paitsi seuraavissa erityistilanteissa:\u00a0\u00a0\u00a0\u00a0\u00a0<\/p>\n<p>7.1 Kolmannen osapuolen palveluntarjoajat: Kuten useimmat verkkokauppiaat, k\u00e4yt\u00e4mme toisinaan kolmannen osapuolen palveluntarjoajia suorittamaan tiettyj\u00e4 toimintoja puolestamme. Kaikki n\u00e4ille luovutetut tiedot ovat ainoastaan apuna palvelun tarjoamisessa. Annamme esimerkiksi nimesi, toimitusosoitteesi ja puhelinnumerosi DHL:n kaltaisille yhteisty\u00f6kumppaneille, jotta voimme taata tilauksesi toimituksen, ja saatamme k\u00e4ytt\u00e4\u00e4 asiaankuuluvia asiakastietojasi kolmannen osapuolen palvelun laadun valvomiseksi.\u00a0<\/p>\n<p>7.2 Lakis\u00e4\u00e4teinen vaatimus tietojen luovuttamisesta: Jos meit\u00e4 vaaditaan luovuttamaan tietoja, jos meid\u00e4t haastetaan oikeuteen, meille annetaan tuomioistuimen m\u00e4\u00e4r\u00e4ys tai jos lainvalvontaviranomaiset pyyt\u00e4v\u00e4t meit\u00e4 luovuttamaan tietoja tai jos laki muutoin velvoittaa meit\u00e4 luovuttamaan t\u00e4llaisia tietoja. Luovutamme henkil\u00f6tietoja my\u00f6s silloin, kun se on tarpeen laillisten oikeuksiemme suojaamiseksi tai k\u00e4ytt\u00f6ehtojemme ja muiden sopimusten noudattamisen valvomiseksi. Voimme esimerkiksi jakaa tietoja v\u00e4hent\u00e4\u00e4ksemme petosriski\u00e4 tai est\u00e4\u00e4ksemme sellaisten k\u00e4ytt\u00e4jien tekem\u00e4t petokset, jotka yritt\u00e4v\u00e4t petoksia tai muuta laitonta toimintaa sivustollamme.\u00a0<\/p>\n<p>7.3 Sulautuminen ja\/tai omaisuuden myynti: Emme tavallisesti myy, vaihda tai vuokraa henkil\u00f6tietoja muille yrityksille liiketoimintamme yhteydess\u00e4. On kuitenkin mahdollista, ett\u00e4 ostamme, fuusioidumme toisen yrityksen kanssa tai ett\u00e4 toinen yritys ostaa meid\u00e4t tai ett\u00e4 myymme osan tai kaikki omaisuutemme, jolloin henkil\u00f6tietosi voidaan luovuttaa toiselle yritykselle voimassa olevan tietosuojak\u00e4yt\u00e4nn\u00f6n mukaisesti.\u00a0<\/p>\n<p>7.4 Muut kuin henkil\u00f6kohtaisesti tunnistettavat tiedot: T\u00e4llaisia tietoja ovat esimerkiksi tietyn sivun p\u00e4ivitt\u00e4isten k\u00e4vij\u00f6iden m\u00e4\u00e4r\u00e4 tai tiettyn\u00e4 p\u00e4iv\u00e4n\u00e4 tehdyn tilauksen koko.<\/p>\n<h3>8. Oikeutesi henkil\u00f6tietoihisi\u00a0\u00a0<\/h3>\n<p>Sinulla on useita oikeuksia tietosuojalains\u00e4\u00e4d\u00e4nn\u00f6n nojalla. N\u00e4ihin kuuluu tietyiss\u00e4 olosuhteissa oikeus:<\/p>\n<p>8.1 Pyyd\u00e4 p\u00e4\u00e4sy\u00e4 henkil\u00f6tietoihisi<\/p>\n<p>8.2 Pyyd\u00e4 henkil\u00f6tietojesi korjaamista<\/p>\n<p>8.3 Pyyd\u00e4 henkil\u00f6tietojesi poistamista<\/p>\n<p>8.4 Pyyd\u00e4 henkil\u00f6tietojesi k\u00e4sittelyn rajoittamista<\/p>\n<p>8.5 Pyyd\u00e4 henkil\u00f6tietojesi siirtoa<\/p>\n<p>8.6 Vastustaa henkil\u00f6tietojesi k\u00e4sittely\u00e4<\/p>\n<p>8.7 Vastalause automatisoitua p\u00e4\u00e4t\u00f6ksentekoa vastaan<\/p>\n<h3>9. Muutokset t\u00e4h\u00e4n tietosuojak\u00e4yt\u00e4nt\u00f6\u00f6n<\/h3>\n<p>Voimme aika ajoin muuttaa t\u00e4t\u00e4 tietosuojak\u00e4yt\u00e4nt\u00f6\u00e4. Jos tehd\u00e4\u00e4n merkitt\u00e4vi\u00e4 muutoksia, julkaisemme p\u00e4ivitykset verkkosivustollamme ja sovelluksissamme tai ilmoitamme niist\u00e4 sinulle s\u00e4hk\u00f6postitse. Ja t\u00e4m\u00e4 tietosuojak\u00e4yt\u00e4nt\u00f6 on viimeksi p\u00e4ivitetty 4. syyskuuta 2024.<\/p>\t\t\t\t\t\t\t\t<\/div>\n\t\t\t\t<\/div>\n\t\t\t\t\t<\/div>\n\t\t\t\t<\/div>\n\t\t\t\t<\/div>","protected":false},"excerpt":{"rendered":"<p>T\u00e4\u00e4ll\u00e4 on kukirin-scooter-parts.com (j\u00e4ljemp\u00e4n\u00e4 \"me\", \"meit\u00e4\" tai \"KuKirin\", \"Sivusto\"), olemme sitoutuneet suojelemaan ja kunnioittamaan henkil\u00f6tietojesi yksityisyytt\u00e4. T\u00e4m\u00e4 tietosuojak\u00e4yt\u00e4nt\u00f6 selitt\u00e4\u00e4, miten KuKirin ker\u00e4\u00e4, k\u00e4ytt\u00e4\u00e4, siirt\u00e4\u00e4 ja luovuttaa tietojasi. Sit\u00e4 sovelletaan tietoihin, jotka ker\u00e4t\u00e4\u00e4n, kun k\u00e4yt\u00e4t verkkosivustoamme, kun olet vuorovaikutuksessa kanssamme ... <a title=\"Tietosuojak\u00e4yt\u00e4nt\u00f6\" class=\"read-more\" href=\"https:\/\/kukirin-scooter-parts.com\/fi\/privacy-policy\/\" aria-label=\"Lue lis\u00e4\u00e4 aiheesta Privacy Policy\">Lue lis\u00e4\u00e4<\/a><\/p>","protected":false},"author":1,"featured_media":0,"parent":0,"menu_order":0,"comment_status":"closed","ping_status":"open","template":"","meta":{"footnotes":""},"class_list":["post-3","page","type-page","status-publish"],"_links":{"self":[{"href":"https:\/\/kukirin-scooter-parts.com\/fi\/wp-json\/wp\/v2\/pages\/3","targetHints":{"allow":["GET"]}}],"collection":[{"href":"https:\/\/kukirin-scooter-parts.com\/fi\/wp-json\/wp\/v2\/pages"}],"about":[{"href":"https:\/\/kukirin-scooter-parts.com\/fi\/wp-json\/wp\/v2\/types\/page"}],"author":[{"embeddable":true,"href":"https:\/\/kukirin-scooter-parts.com\/fi\/wp-json\/wp\/v2\/users\/1"}],"replies":[{"embeddable":true,"href":"https:\/\/kukirin-scooter-parts.com\/fi\/wp-json\/wp\/v2\/comments?post=3"}],"version-history":[{"count":4,"href":"https:\/\/kukirin-scooter-parts.com\/fi\/wp-json\/wp\/v2\/pages\/3\/revisions"}],"predecessor-version":[{"id":92,"href":"https:\/\/kukirin-scooter-parts.com\/fi\/wp-json\/wp\/v2\/pages\/3\/revisions\/92"}],"wp:attachment":[{"href":"https:\/\/kukirin-scooter-parts.com\/fi\/wp-json\/wp\/v2\/media?parent=3"}],"curies":[{"name":"wp","href":"https:\/\/api.w.org\/{rel}","templated":true}]}}