{"id":11,"date":"2024-09-02T07:47:47","date_gmt":"2024-09-02T07:47:47","guid":{"rendered":"https:\/\/kukirin-scooter-parts.com\/?page_id=11"},"modified":"2024-09-02T07:47:48","modified_gmt":"2024-09-02T07:47:48","slug":"refund_returns","status":"publish","type":"page","link":"https:\/\/kukirin-scooter-parts.com\/fi\/refund_returns\/","title":{"rendered":"Palautus- ja palautusk\u00e4yt\u00e4nt\u00f6"},"content":{"rendered":"<div data-elementor-type=\"wp-page\" data-elementor-id=\"11\" class=\"elementor elementor-11\" data-elementor-post-type=\"page\">\n\t\t\t\t<div class=\"elementor-element elementor-element-7db694f0 e-flex e-con-boxed e-con e-parent\" data-id=\"7db694f0\" data-element_type=\"container\" data-e-type=\"container\">\n\t\t\t\t\t<div class=\"e-con-inner\">\n\t\t\t\t<div class=\"elementor-element elementor-element-17ba640e elementor-widget elementor-widget-text-editor\" data-id=\"17ba640e\" data-element_type=\"widget\" data-e-type=\"widget\" data-widget_type=\"text-editor.default\">\n\t\t\t\t<div class=\"elementor-widget-container\">\n\t\t\t\t\t\t\t\t\t\n<p>Jos pyyd\u00e4t hyvityst\u00e4 tai palautusta tilauksen tekemisen j\u00e4lkeen, tutustu seuraaviin palautus- ja hyvitysk\u00e4yt\u00e4nt\u00f6ihin.(Soveltamisala T\u00e4m\u00e4 k\u00e4yt\u00e4nt\u00f6 koskee kaikkia verkkosivuiltamme ostettuja tuotteita.)<\/p>\n<ul>\n<li>Palautus- ja palautusehdot<\/li>\n<\/ul>\n<p>Vahingoittuneet tai vialliset tuotteet: Jos saat tuotteen, joka on vahingoittunut tai viallinen, ota meihin yhteytt\u00e4 5 p\u00e4iv\u00e4n kuluessa tuotteen vastaanottamisesta.<br \/>V\u00e4\u00e4r\u00e4 tuote: Jos saamasi tuote ei vastaa tilaustasi, ota meihin yhteytt\u00e4 5 p\u00e4iv\u00e4n kuluessa tuotteen vastaanottamisesta ja j\u00e4rjest\u00e4 palautus tai vaihto.<\/p>\n<ul>\n<li>Tilanteet, jotka eiv\u00e4t oikeuta palautukseen tai hyvitykseen Seuraavat tilanteet eiv\u00e4t oikeuta palautukseen tai hyvitykseen:<\/li>\n<\/ul>\n<p>Skootterin osat kuuluvat erikoistavaroihin, eiv\u00e4t tue palautusta ja vaihtoa, jos ei ole laatuongelmia.<\/p>\n<ul>\n<li>Palautusprosessi<\/li>\n<\/ul>\n<p>Jos saat tuotteen, jossa on laatuongelmia tai jos saat v\u00e4\u00e4r\u00e4n tuotteen, ota meihin suoraan yhteytt\u00e4 ja ilmoita meille tilausnumerosi.<br \/>Paluukuljetusmaksut: Laatuongelmien vuoksi palautettujen tuotteiden palautusmaksut: Me maksamme palautuksen toimituskulut.<\/p>\n<ul>\n<li>Palautusprosessi<\/li>\n<\/ul>\n<p>Palautusmenetelm\u00e4: Palautusmenetelm\u00e4: Palautukset maksetaan alkuper\u00e4iseen maksutapaan ja suoritetaan 3-5 p\u00e4iv\u00e4n kuluessa.<br \/>Kun palautusprosessi alkaa, sen saapuminen kest\u00e4\u00e4 5-7 p\u00e4iv\u00e4\u00e4 pankistasi riippuen.<\/p>\n<ul>\n<li>Peruutus (Tuote on l\u00e4hetetty):<\/li>\n<\/ul>\n<p>Emme tue toimitettujen skootterin osien tilausten peruutuksia ja palautuksia.<\/p>\n<ul>\n<li>Ennakkotilausten peruutukset:<\/li>\n<\/ul>\n<p>Jos peruutat tilauksesi henkil\u00f6kohtaisista syist\u00e4 ennen sen l\u00e4hett\u00e4mist\u00e4, olet vastuussa kaikista ennakkotilauksista aiheutuneista kuluista.<\/p>\n<ul>\n<li>Tuotteelle, joka on ostettu muualta kuin osoitteesta kukirin-escooter.com:<\/li>\n<\/ul>\n<p>Emme voi tarjota ratkaisua tuotteisiin, joita ei ole ostettu t\u00e4lt\u00e4 sivustolta, joten ota yhteytt\u00e4 suoraan toimittajaanm<\/p>\n<ul>\n<li>Tarvitsetko apua?<\/li>\n<\/ul>\n<p>Jos sinulla on kysytt\u00e4v\u00e4\u00e4 tai tarvitset lis\u00e4apua, ota meihin yhteytt\u00e4: info@kukirin-scooter-parts.com.<\/p>\n<ul>\n<li>Politiikan p\u00e4ivitykset<\/li>\n<\/ul>\n<p>Pid\u00e4t\u00e4mme oikeuden p\u00e4ivitt\u00e4\u00e4 t\u00e4t\u00e4 k\u00e4yt\u00e4nt\u00f6\u00e4 milloin tahansa. Tarkista palautus- ja hyvitysk\u00e4yt\u00e4nn\u00f6n uusin versio ennen ostoksen tekemist\u00e4.<\/p>\n\t\t\t\t\t\t\t\t<\/div>\n\t\t\t\t<\/div>\n\t\t\t\t\t<\/div>\n\t\t\t\t<\/div>\n\t\t\t\t<\/div>","protected":false},"excerpt":{"rendered":"<p>Jos pyyd\u00e4t hyvityst\u00e4 tai palautusta tilauksen tekemisen j\u00e4lkeen, tutustu seuraaviin palautus- ja hyvitysk\u00e4yt\u00e4nt\u00f6ihin.(Soveltamisala T\u00e4m\u00e4 k\u00e4yt\u00e4nt\u00f6 koskee kaikkia verkkosivuiltamme ostettuja tuotteita.) Palautus- ja palautusehdot Vaurioituneet tai vialliset tuotteet: Jos saat tuotteen, joka on vahingoittunut tai viallinen, ota meihin yhteytt\u00e4 5 p\u00e4iv\u00e4n kuluessa ... <a title=\"Palautus- ja palautusk\u00e4yt\u00e4nt\u00f6\" class=\"read-more\" href=\"https:\/\/kukirin-scooter-parts.com\/fi\/refund_returns\/\" aria-label=\"Lue lis\u00e4\u00e4 aiheesta Refund and Returns Policy\">Lue lis\u00e4\u00e4<\/a><\/p>","protected":false},"author":1,"featured_media":0,"parent":0,"menu_order":0,"comment_status":"closed","ping_status":"closed","template":"","meta":{"footnotes":""},"class_list":["post-11","page","type-page","status-publish"],"_links":{"self":[{"href":"https:\/\/kukirin-scooter-parts.com\/fi\/wp-json\/wp\/v2\/pages\/11","targetHints":{"allow":["GET"]}}],"collection":[{"href":"https:\/\/kukirin-scooter-parts.com\/fi\/wp-json\/wp\/v2\/pages"}],"about":[{"href":"https:\/\/kukirin-scooter-parts.com\/fi\/wp-json\/wp\/v2\/types\/page"}],"author":[{"embeddable":true,"href":"https:\/\/kukirin-scooter-parts.com\/fi\/wp-json\/wp\/v2\/users\/1"}],"replies":[{"embeddable":true,"href":"https:\/\/kukirin-scooter-parts.com\/fi\/wp-json\/wp\/v2\/comments?post=11"}],"version-history":[{"count":4,"href":"https:\/\/kukirin-scooter-parts.com\/fi\/wp-json\/wp\/v2\/pages\/11\/revisions"}],"predecessor-version":[{"id":99,"href":"https:\/\/kukirin-scooter-parts.com\/fi\/wp-json\/wp\/v2\/pages\/11\/revisions\/99"}],"wp:attachment":[{"href":"https:\/\/kukirin-scooter-parts.com\/fi\/wp-json\/wp\/v2\/media?parent=11"}],"curies":[{"name":"wp","href":"https:\/\/api.w.org\/{rel}","templated":true}]}}